{"id":5646,"date":"2024-10-02T14:48:31","date_gmt":"2024-10-02T12:48:33","guid":{"rendered":"https:\/\/terrasse-mobile.net\/?page_id=5646"},"modified":"2025-11-25T16:27:28","modified_gmt":"2025-11-25T15:27:28","slug":"lames-millboard-terrasse-mobile-piscine","status":"publish","type":"page","link":"https:\/\/terrasse-mobile.net\/nl_nl\/revetements\/bois-composite\/lames-millboard-terrasse-mobile-piscine\/","title":{"rendered":"LAMES EN BOIS COMPOSITE MILLBOARD POUR TERRASSE MOBILE"},"content":{"rendered":"<p class=\"has-text-align-center\">Millboard terrasplanken zijn verkrijgbaar in twee afwerkingen:<\/p>\n\n\n\n<p class=\"has-text-align-center\">\u2013 GRAIN FIN, met een elegante nerf die perfect de massieve eik imiteert<br>\u2013 NATUURLIJKE GRAAN (of Rustiek) dat hout imiteert dat al door de tijd is uitgehold (drijfhout of versteend hout)<br>Voor elke afwerking bieden we verschillende kleuren aan om aan de meest originele en veeleisende projecten te kunnen voldoen.<\/p>\n\n\n\n<div class=\"wp-block-group\"><div class=\"wp-block-group__inner-container is-layout-constrained wp-block-group-is-layout-constrained\">\n<div class=\"wp-block-columns is-layout-flex wp-container-core-columns-is-layout-9d6595d7 wp-block-columns-is-layout-flex\">\n<div class=\"wp-block-column is-layout-flow wp-block-column-is-layout-flow\">\n<h2 class=\"wp-block-heading\">Wat zijn de kenmerken van een terrasplank van minerale hars?<\/h2>\n\n\n\n<p>Millboard terrasplanken zijn planken van mineraal hars, bestaande uit polyurethaan, glasvezel en synthetisch granulaat, bedekt met een laag Lasthane die een zeer realistisch houtaspect geeft.<br>Millboard-planken zijn perfect voor het cre\u00ebren van een mooi terras met een houtlook dat zeer sterk en duurzaam is. Het onderhoud van Millboard-terrasplanken is eenvoudig en voor iedereen haalbaar.<\/p>\n<\/div>\n\n\n\n<div class=\"wp-block-column is-layout-flow wp-block-column-is-layout-flow\">\n<figure class=\"wp-block-image size-full\"><img decoding=\"async\" width=\"828\" height=\"467\" src=\"https:\/\/terrasse-mobile.net\/wp-content\/uploads\/2024\/03\/resine-minerale-millboard-grain-fin-chene-ceruse-ambiance-piscine.jpeg\" alt=\"Terrasse en bois composite\" class=\"wp-image-4615\" style=\"aspect-ratio:3\/2;object-fit:cover\" srcset=\"https:\/\/terrasse-mobile.net\/wp-content\/uploads\/2024\/03\/resine-minerale-millboard-grain-fin-chene-ceruse-ambiance-piscine.jpeg 828w, https:\/\/terrasse-mobile.net\/wp-content\/uploads\/2024\/03\/resine-minerale-millboard-grain-fin-chene-ceruse-ambiance-piscine-300x169.jpeg 300w, https:\/\/terrasse-mobile.net\/wp-content\/uploads\/2024\/03\/resine-minerale-millboard-grain-fin-chene-ceruse-ambiance-piscine-768x433.jpeg 768w\" sizes=\"(max-width: 828px) 100vw, 828px\" \/><\/figure>\n<\/div>\n<\/div>\n<\/div><\/div>\n\n\n\n<div class=\"wp-block-group\"><div class=\"wp-block-group__inner-container is-layout-constrained wp-block-group-is-layout-constrained\">\n<div class=\"wp-block-columns is-layout-flex wp-container-core-columns-is-layout-9d6595d7 wp-block-columns-is-layout-flex\">\n<div class=\"wp-block-column is-layout-flow wp-block-column-is-layout-flow\">\n<figure class=\"wp-block-image size-full\"><img decoding=\"async\" width=\"599\" height=\"397\" src=\"https:\/\/terrasse-mobile.net\/wp-content\/uploads\/2024\/08\/REA-BERTAGNE-FINAL-09.jpg\" alt=\"Terrasse mobile en bois composite\" class=\"wp-image-5157\" style=\"aspect-ratio:3\/2;object-fit:cover\" srcset=\"https:\/\/terrasse-mobile.net\/wp-content\/uploads\/2024\/08\/REA-BERTAGNE-FINAL-09.jpg 599w, https:\/\/terrasse-mobile.net\/wp-content\/uploads\/2024\/08\/REA-BERTAGNE-FINAL-09-300x199.jpg 300w\" sizes=\"(max-width: 599px) 100vw, 599px\" \/><\/figure>\n\n\n\n<figure class=\"wp-block-image\"><img decoding=\"async\" src=\"https:\/\/terrasse-mobile.net\/wp-content\/uploads\/2024\/01\/grains-fin-chene-dore-piscine-debord.jpeg\" alt=\"composiet terrasplanken millboard\"\/><\/figure>\n<\/div>\n\n\n\n<div class=\"wp-block-column is-layout-flow wp-block-column-is-layout-flow\">\n<h2 class=\"wp-block-heading\">Wat zijn de voordelen van terrasplanken van minerale hars?<\/h2>\n\n\n\n<p>De planken voor mobiele terrassen van minerale hars zijn duurzaam en stabiel, de planken vervormen niet. De planken zijn ook zeer goed bestand tegen schokken en krassen die kunnen worden veroorzaakt door uw tuinmeubilair.<br>Millboard-planken produceren geen splinters, voorkomen de verspreiding van schadelijke insecten en rotten niet.<\/p>\n\n\n\n<h2 class=\"wp-block-heading\">Duurzame en recyclebare terrasplanken<\/h2>\n\n\n\n<p>Les lames pour terrasse mobile&nbsp;en r\u00e9sine min\u00e9rale ne grisent pas et gardent leur couleur, au soleil, comme \u00e0 l\u2019ombre.<\/p>\n\n\n\n<p>Millboard-planken zijn:&nbsp;<br>\u2013 Rotbestendig: geen groei van mos en klein onkruid<br>\u2013 Waterdicht: vloeistoffen dringen niet door in het mes en veroorzaken dus geen vlekken.<\/p>\n\n\n\n<p>De terrasplanken van Millboard minerale hars zijn milieuvriendelijk:<br>\u2013 weinig energie tijdens de productie<br>\u2013 lage CO2-uitstoot tijdens de productie<br>\u2013 gemaakt van recyclebare materialen.<\/p>\n<\/div>\n<\/div>\n\n\n\n<h2 class=\"wp-block-heading\"><\/h2>\n<\/div><\/div>\n\n\n\n<p class=\"has-text-align-center\">Millboard-planken bootsen hout perfect na en zijn ideaal voor prestigieuze mobiele terrassen. Ze passen perfect bij traditionele of moderne huizen. Ze kunnen worden ge\u00efnstalleerd (door de juiste balken te plaatsen) op natuurlijke grond, op oude bestrating, op waterdichte ondergronden, voor zwembaden of voor bedrijven.&nbsp;<\/p>\n\n\n\n<div class=\"wp-block-buttons is-content-justification-center is-layout-flex wp-container-core-buttons-is-layout-16018d1d wp-block-buttons-is-layout-flex\">\n<div class=\"wp-block-button is-style-outline is-style-outline--1\"><a class=\"wp-block-button__link has-small-font-size has-custom-font-size wp-element-button\" href=\"https:\/\/terrasse-mobile.net\/nl_nl\/mobiel-terras-op-maat\/configuraties\/\">ONTDEK SLIDEDECK CONFIGURATIES<\/a><\/div>\n<\/div>\n\n\n\n<p><\/p>","protected":false},"excerpt":{"rendered":"<p>Les lames de terrasse Millboard sont propos\u00e9es en deux finitions: &#8211; le GRAIN FIN, comportant un \u00e9l\u00e9gant veinage imitant parfaitement le Ch\u00eane Massif&#8211; le GRAIN NATUREL (ou Rustique) imitant un bois d\u00e9j\u00e0 creus\u00e9 par le temps (bois flott\u00e9 ou p\u00e9trifi\u00e9)Dans chaque finition, nous proposoons plusieurs couleurs pour r\u00e9pondre aux projets les plus originaux et les&#8230;<\/p>","protected":false},"author":1,"featured_media":3640,"parent":5496,"menu_order":52,"comment_status":"closed","ping_status":"closed","template":"","meta":{"_kad_post_transparent":"","_kad_post_title":"","_kad_post_layout":"","_kad_post_sidebar_id":"","_kad_post_content_style":"","_kad_post_vertical_padding":"","_kad_post_feature":"","_kad_post_feature_position":"","_kad_post_header":false,"_kad_post_footer":false,"_kad_post_classname":"","footnotes":""},"folder":[],"class_list":["post-5646","page","type-page","status-publish","has-post-thumbnail","hentry"],"yoast_head":"<!-- This site is optimized with the Yoast SEO plugin v27.4 - https:\/\/yoast.com\/product\/yoast-seo-wordpress\/ -->\n<title>Lames de terrasse Millboard pour terrasse mobile<\/title>\n<meta name=\"description\" content=\"La terrasse mobile pour piscine SlideDeck peut \u00eatre habill\u00e9e avec de belles lames en bois composite Millboard.\" \/>\n<meta name=\"robots\" content=\"index, follow, max-snippet:-1, max-image-preview:large, max-video-preview:-1\" \/>\n<link rel=\"canonical\" href=\"https:\/\/terrasse-mobile.net\/nl_nl\/bekledingen\/houtcomposiet\/lames-millboard-terrasse-mobile-piscine\/\" \/>\n<meta property=\"og:locale\" content=\"nl_NL\" \/>\n<meta property=\"og:type\" content=\"article\" \/>\n<meta property=\"og:title\" content=\"Lames de terrasse Millboard pour terrasse mobile\" \/>\n<meta property=\"og:description\" content=\"La terrasse mobile pour piscine SlideDeck peut \u00eatre habill\u00e9e avec de belles lames en bois composite Millboard.\" \/>\n<meta property=\"og:url\" content=\"https:\/\/terrasse-mobile.net\/nl_nl\/bekledingen\/houtcomposiet\/lames-millboard-terrasse-mobile-piscine\/\" \/>\n<meta property=\"og:site_name\" content=\"Terrasse mobile\" \/>\n<meta property=\"article:modified_time\" content=\"2025-11-25T15:27:28+00:00\" \/>\n<meta property=\"og:image\" content=\"https:\/\/terrasse-mobile.net\/wp-content\/uploads\/2024\/02\/REAL-SABOURAULT-PISCINE-2.jpg\" \/>\n\t<meta property=\"og:image:width\" content=\"2000\" \/>\n\t<meta property=\"og:image:height\" content=\"1500\" \/>\n\t<meta property=\"og:image:type\" content=\"image\/jpeg\" \/>\n<meta name=\"twitter:card\" content=\"summary_large_image\" \/>\n<meta name=\"twitter:label1\" content=\"Geschatte leestijd\" \/>\n\t<meta name=\"twitter:data1\" content=\"3 minuten\" \/>\n<script type=\"application\/ld+json\" class=\"yoast-schema-graph\">{\"@context\":\"https:\\\/\\\/schema.org\",\"@graph\":[{\"@type\":\"WebPage\",\"@id\":\"https:\\\/\\\/terrasse-mobile.net\\\/revetements\\\/bois-composite\\\/lames-millboard-terrasse-mobile-piscine\\\/\",\"url\":\"https:\\\/\\\/terrasse-mobile.net\\\/revetements\\\/bois-composite\\\/lames-millboard-terrasse-mobile-piscine\\\/\",\"name\":\"Lames de terrasse Millboard pour terrasse mobile\",\"isPartOf\":{\"@id\":\"https:\\\/\\\/terrasse-mobile.net\\\/#website\"},\"primaryImageOfPage\":{\"@id\":\"https:\\\/\\\/terrasse-mobile.net\\\/revetements\\\/bois-composite\\\/lames-millboard-terrasse-mobile-piscine\\\/#primaryimage\"},\"image\":{\"@id\":\"https:\\\/\\\/terrasse-mobile.net\\\/revetements\\\/bois-composite\\\/lames-millboard-terrasse-mobile-piscine\\\/#primaryimage\"},\"thumbnailUrl\":\"https:\\\/\\\/terrasse-mobile.net\\\/wp-content\\\/uploads\\\/2024\\\/02\\\/REAL-SABOURAULT-PISCINE-2.jpg\",\"datePublished\":\"2024-10-02T12:48:33+00:00\",\"dateModified\":\"2025-11-25T15:27:28+00:00\",\"description\":\"La terrasse mobile pour piscine SlideDeck peut \u00eatre habill\u00e9e avec de belles lames en bois composite Millboard.\",\"breadcrumb\":{\"@id\":\"https:\\\/\\\/terrasse-mobile.net\\\/revetements\\\/bois-composite\\\/lames-millboard-terrasse-mobile-piscine\\\/#breadcrumb\"},\"inLanguage\":\"nl-NL\",\"potentialAction\":[{\"@type\":\"ReadAction\",\"target\":[\"https:\\\/\\\/terrasse-mobile.net\\\/revetements\\\/bois-composite\\\/lames-millboard-terrasse-mobile-piscine\\\/\"]}]},{\"@type\":\"ImageObject\",\"inLanguage\":\"nl-NL\",\"@id\":\"https:\\\/\\\/terrasse-mobile.net\\\/revetements\\\/bois-composite\\\/lames-millboard-terrasse-mobile-piscine\\\/#primaryimage\",\"url\":\"https:\\\/\\\/terrasse-mobile.net\\\/wp-content\\\/uploads\\\/2024\\\/02\\\/REAL-SABOURAULT-PISCINE-2.jpg\",\"contentUrl\":\"https:\\\/\\\/terrasse-mobile.net\\\/wp-content\\\/uploads\\\/2024\\\/02\\\/REAL-SABOURAULT-PISCINE-2.jpg\",\"width\":2000,\"height\":1500,\"caption\":\"DCIM100MEDIADJI_0365.JPG\"},{\"@type\":\"BreadcrumbList\",\"@id\":\"https:\\\/\\\/terrasse-mobile.net\\\/revetements\\\/bois-composite\\\/lames-millboard-terrasse-mobile-piscine\\\/#breadcrumb\",\"itemListElement\":[{\"@type\":\"ListItem\",\"position\":1,\"name\":\"Accueil\",\"item\":\"https:\\\/\\\/terrasse-mobile.net\\\/\"},{\"@type\":\"ListItem\",\"position\":2,\"name\":\"LES REV\u00caTEMENTS POUR TERRASSE MOBILE SLIDEDECK\",\"item\":\"https:\\\/\\\/terrasse-mobile.net\\\/revetements\\\/\"},{\"@type\":\"ListItem\",\"position\":3,\"name\":\"LES BOIS COMPOSITES POUR TERRASSE MOBILE\",\"item\":\"https:\\\/\\\/terrasse-mobile.net\\\/revetements\\\/bois-composite\\\/\"},{\"@type\":\"ListItem\",\"position\":4,\"name\":\"LAMES EN BOIS COMPOSITE MILLBOARD POUR TERRASSE MOBILE\"}]},{\"@type\":\"WebSite\",\"@id\":\"https:\\\/\\\/terrasse-mobile.net\\\/#website\",\"url\":\"https:\\\/\\\/terrasse-mobile.net\\\/\",\"name\":\"Slidedeck\",\"description\":\"Construction sur mesure de terrasses mobiles en \u00cele-de-France\",\"publisher\":{\"@id\":\"https:\\\/\\\/terrasse-mobile.net\\\/#organization\"},\"potentialAction\":[{\"@type\":\"SearchAction\",\"target\":{\"@type\":\"EntryPoint\",\"urlTemplate\":\"https:\\\/\\\/terrasse-mobile.net\\\/?s={search_term_string}\"},\"query-input\":{\"@type\":\"PropertyValueSpecification\",\"valueRequired\":true,\"valueName\":\"search_term_string\"}}],\"inLanguage\":\"nl-NL\"},{\"@type\":\"Organization\",\"@id\":\"https:\\\/\\\/terrasse-mobile.net\\\/#organization\",\"name\":\"Slidedeck\",\"url\":\"https:\\\/\\\/terrasse-mobile.net\\\/\",\"logo\":{\"@type\":\"ImageObject\",\"inLanguage\":\"nl-NL\",\"@id\":\"https:\\\/\\\/terrasse-mobile.net\\\/#\\\/schema\\\/logo\\\/image\\\/\",\"url\":\"https:\\\/\\\/terrasse-mobile.net\\\/wp-content\\\/uploads\\\/2024\\\/01\\\/logo-slidedeck.jpg\",\"contentUrl\":\"https:\\\/\\\/terrasse-mobile.net\\\/wp-content\\\/uploads\\\/2024\\\/01\\\/logo-slidedeck.jpg\",\"width\":2000,\"height\":1103,\"caption\":\"Slidedeck\"},\"image\":{\"@id\":\"https:\\\/\\\/terrasse-mobile.net\\\/#\\\/schema\\\/logo\\\/image\\\/\"}}]}<\/script>\n<!-- \/ Yoast SEO plugin. -->","yoast_head_json":{"title":"Millboard terrasplanken voor mobiele terrassen","description":"La terrasse mobile pour piscine SlideDeck peut \u00eatre habill\u00e9e avec de belles lames en bois composite Millboard.","robots":{"index":"index","follow":"follow","max-snippet":"max-snippet:-1","max-image-preview":"max-image-preview:large","max-video-preview":"max-video-preview:-1"},"canonical":"https:\/\/terrasse-mobile.net\/nl_nl\/bekledingen\/houtcomposiet\/lames-millboard-terrasse-mobile-piscine\/","og_locale":"nl_NL","og_type":"article","og_title":"Lames de terrasse Millboard pour terrasse mobile","og_description":"La terrasse mobile pour piscine SlideDeck peut \u00eatre habill\u00e9e avec de belles lames en bois composite Millboard.","og_url":"https:\/\/terrasse-mobile.net\/nl_nl\/bekledingen\/houtcomposiet\/lames-millboard-terrasse-mobile-piscine\/","og_site_name":"Terrasse mobile","article_modified_time":"2025-11-25T15:27:28+00:00","og_image":[{"width":2000,"height":1500,"url":"https:\/\/terrasse-mobile.net\/wp-content\/uploads\/2024\/02\/REAL-SABOURAULT-PISCINE-2.jpg","type":"image\/jpeg"}],"twitter_card":"summary_large_image","twitter_misc":{"Geschatte leestijd":"3 minuten"},"schema":{"@context":"https:\/\/schema.org","@graph":[{"@type":"WebPage","@id":"https:\/\/terrasse-mobile.net\/revetements\/bois-composite\/lames-millboard-terrasse-mobile-piscine\/","url":"https:\/\/terrasse-mobile.net\/revetements\/bois-composite\/lames-millboard-terrasse-mobile-piscine\/","name":"Millboard terrasplanken voor mobiele terrassen","isPartOf":{"@id":"https:\/\/terrasse-mobile.net\/#website"},"primaryImageOfPage":{"@id":"https:\/\/terrasse-mobile.net\/revetements\/bois-composite\/lames-millboard-terrasse-mobile-piscine\/#primaryimage"},"image":{"@id":"https:\/\/terrasse-mobile.net\/revetements\/bois-composite\/lames-millboard-terrasse-mobile-piscine\/#primaryimage"},"thumbnailUrl":"https:\/\/terrasse-mobile.net\/wp-content\/uploads\/2024\/02\/REAL-SABOURAULT-PISCINE-2.jpg","datePublished":"2024-10-02T12:48:33+00:00","dateModified":"2025-11-25T15:27:28+00:00","description":"La terrasse mobile pour piscine SlideDeck peut \u00eatre habill\u00e9e avec de belles lames en bois composite Millboard.","breadcrumb":{"@id":"https:\/\/terrasse-mobile.net\/revetements\/bois-composite\/lames-millboard-terrasse-mobile-piscine\/#breadcrumb"},"inLanguage":"nl-NL","potentialAction":[{"@type":"ReadAction","target":["https:\/\/terrasse-mobile.net\/revetements\/bois-composite\/lames-millboard-terrasse-mobile-piscine\/"]}]},{"@type":"ImageObject","inLanguage":"nl-NL","@id":"https:\/\/terrasse-mobile.net\/revetements\/bois-composite\/lames-millboard-terrasse-mobile-piscine\/#primaryimage","url":"https:\/\/terrasse-mobile.net\/wp-content\/uploads\/2024\/02\/REAL-SABOURAULT-PISCINE-2.jpg","contentUrl":"https:\/\/terrasse-mobile.net\/wp-content\/uploads\/2024\/02\/REAL-SABOURAULT-PISCINE-2.jpg","width":2000,"height":1500,"caption":"DCIM100MEDIADJI_0365.JPG"},{"@type":"BreadcrumbList","@id":"https:\/\/terrasse-mobile.net\/revetements\/bois-composite\/lames-millboard-terrasse-mobile-piscine\/#breadcrumb","itemListElement":[{"@type":"ListItem","position":1,"name":"Accueil","item":"https:\/\/terrasse-mobile.net\/"},{"@type":"ListItem","position":2,"name":"LES REV\u00caTEMENTS POUR TERRASSE MOBILE SLIDEDECK","item":"https:\/\/terrasse-mobile.net\/revetements\/"},{"@type":"ListItem","position":3,"name":"LES BOIS COMPOSITES POUR TERRASSE MOBILE","item":"https:\/\/terrasse-mobile.net\/revetements\/bois-composite\/"},{"@type":"ListItem","position":4,"name":"LAMES EN BOIS COMPOSITE MILLBOARD POUR TERRASSE MOBILE"}]},{"@type":"WebSite","@id":"https:\/\/terrasse-mobile.net\/#website","url":"https:\/\/terrasse-mobile.net\/","name":"Slidedeck","description":"Op maat gemaakte verplaatsbare terrassen in de regio Parijs","publisher":{"@id":"https:\/\/terrasse-mobile.net\/#organization"},"potentialAction":[{"@type":"SearchAction","target":{"@type":"EntryPoint","urlTemplate":"https:\/\/terrasse-mobile.net\/?s={search_term_string}"},"query-input":{"@type":"PropertyValueSpecification","valueRequired":true,"valueName":"search_term_string"}}],"inLanguage":"nl-NL"},{"@type":"Organization","@id":"https:\/\/terrasse-mobile.net\/#organization","name":"Slidedeck","url":"https:\/\/terrasse-mobile.net\/","logo":{"@type":"ImageObject","inLanguage":"nl-NL","@id":"https:\/\/terrasse-mobile.net\/#\/schema\/logo\/image\/","url":"https:\/\/terrasse-mobile.net\/wp-content\/uploads\/2024\/01\/logo-slidedeck.jpg","contentUrl":"https:\/\/terrasse-mobile.net\/wp-content\/uploads\/2024\/01\/logo-slidedeck.jpg","width":2000,"height":1103,"caption":"Slidedeck"},"image":{"@id":"https:\/\/terrasse-mobile.net\/#\/schema\/logo\/image\/"}}]}},"_links":{"self":[{"href":"https:\/\/terrasse-mobile.net\/nl_nl\/wp-json\/wp\/v2\/pages\/5646","targetHints":{"allow":["GET"]}}],"collection":[{"href":"https:\/\/terrasse-mobile.net\/nl_nl\/wp-json\/wp\/v2\/pages"}],"about":[{"href":"https:\/\/terrasse-mobile.net\/nl_nl\/wp-json\/wp\/v2\/types\/page"}],"author":[{"embeddable":true,"href":"https:\/\/terrasse-mobile.net\/nl_nl\/wp-json\/wp\/v2\/users\/1"}],"replies":[{"embeddable":true,"href":"https:\/\/terrasse-mobile.net\/nl_nl\/wp-json\/wp\/v2\/comments?post=5646"}],"version-history":[{"count":8,"href":"https:\/\/terrasse-mobile.net\/nl_nl\/wp-json\/wp\/v2\/pages\/5646\/revisions"}],"predecessor-version":[{"id":7314,"href":"https:\/\/terrasse-mobile.net\/nl_nl\/wp-json\/wp\/v2\/pages\/5646\/revisions\/7314"}],"up":[{"embeddable":true,"href":"https:\/\/terrasse-mobile.net\/nl_nl\/wp-json\/wp\/v2\/pages\/5496"}],"wp:featuredmedia":[{"embeddable":true,"href":"https:\/\/terrasse-mobile.net\/nl_nl\/wp-json\/wp\/v2\/media\/3640"}],"wp:attachment":[{"href":"https:\/\/terrasse-mobile.net\/nl_nl\/wp-json\/wp\/v2\/media?parent=5646"}],"wp:term":[{"taxonomy":"folder","embeddable":true,"href":"https:\/\/terrasse-mobile.net\/nl_nl\/wp-json\/wp\/v2\/folder?post=5646"}],"curies":[{"name":"wp","href":"https:\/\/api.w.org\/{rel}","templated":true}]}}