{"id":5651,"date":"2024-10-02T14:48:31","date_gmt":"2024-10-02T12:48:38","guid":{"rendered":"https:\/\/terrasse-mobile.net\/?page_id=5651"},"modified":"2025-11-25T16:24:07","modified_gmt":"2025-11-25T15:24:07","slug":"timbertech-mobiel-houtcomposiet-terras","status":"publish","type":"page","link":"https:\/\/terrasse-mobile.net\/nl_nl\/revetements\/bois-composite\/terrasse-mobile-bois-composite-timbertech\/","title":{"rendered":"TIMBERTECH HOUTCOMPOSIET LATTEN VOOR MOBIELE TERRASSEN"},"content":{"rendered":"<p>Het Timbertech assortiment van houtcomposiet terrasplanken biedt kwaliteitsdekplanken met een 4-zijdige coating voor volledige bescherming van het oppervlak en een elegante stijl.<\/p>\n\n\n\n<div class=\"wp-block-group\"><div class=\"wp-block-group__inner-container is-layout-constrained wp-block-group-is-layout-constrained\">\n<div class=\"wp-block-columns is-layout-flex wp-container-core-columns-is-layout-9d6595d7 wp-block-columns-is-layout-flex\">\n<div class=\"wp-block-column is-layout-flow wp-block-column-is-layout-flow\">\n<h2 class=\"wp-block-heading\">Mobiele terrasplanken gemaakt van hoogwaardige grondstoffen<\/h2>\n\n\n\n<p>Houten composietterrasplanken worden meestal gemaakt van gerecycled houtmeel en synthetische materialen (polyethyleen, PVC, enz.). Het is belangrijk om te begrijpen dat je niet zomaar alle oude houtresten met alle oude kunststoffen kunt mengen om goede composietterrasplanken te maken. Kwaliteitsproducten met serieuze garanties (20 jaar, 25 jaar...) zijn ALTIJD het resultaat van uitgebreid onderzoek, worden vervaardigd met kwaliteitsgrondstoffen en volgen gecontroleerde productieprocessen.<\/p>\n<\/div>\n\n\n\n<div class=\"wp-block-column is-layout-flow wp-block-column-is-layout-flow\">\n<figure class=\"wp-block-image size-full\"><img decoding=\"async\" width=\"400\" height=\"400\" src=\"https:\/\/terrasse-mobile.net\/wp-content\/uploads\/2024\/03\/Deck-Color-Ideas-TimberTech-Whitewash-Cedar-Legacy-Collection-PRO-Decking-Poolside-Deck-Content.jpg\" alt=\"Prachtig zwembad\" class=\"wp-image-4624\" style=\"aspect-ratio:3\/2;object-fit:cover\" srcset=\"https:\/\/terrasse-mobile.net\/wp-content\/uploads\/2024\/03\/Deck-Color-Ideas-TimberTech-Whitewash-Cedar-Legacy-Collection-PRO-Decking-Poolside-Deck-Content.jpg 400w, https:\/\/terrasse-mobile.net\/wp-content\/uploads\/2024\/03\/Deck-Color-Ideas-TimberTech-Whitewash-Cedar-Legacy-Collection-PRO-Decking-Poolside-Deck-Content-300x300.jpg 300w, https:\/\/terrasse-mobile.net\/wp-content\/uploads\/2024\/03\/Deck-Color-Ideas-TimberTech-Whitewash-Cedar-Legacy-Collection-PRO-Decking-Poolside-Deck-Content-150x150.jpg 150w\" sizes=\"(max-width: 400px) 100vw, 400px\" \/><\/figure>\n<\/div>\n<\/div>\n<\/div><\/div>\n\n\n\n<div class=\"wp-block-group\"><div class=\"wp-block-group__inner-container is-layout-constrained wp-block-group-is-layout-constrained\">\n<div class=\"wp-block-columns is-layout-flex wp-container-core-columns-is-layout-9d6595d7 wp-block-columns-is-layout-flex\">\n<div class=\"wp-block-column is-layout-flow wp-block-column-is-layout-flow\">\n<figure class=\"wp-block-image size-full\"><img decoding=\"async\" width=\"572\" height=\"475\" src=\"https:\/\/terrasse-mobile.net\/wp-content\/uploads\/2024\/03\/Deck-Color-Ideas-TimberTech-Slate-Gray-Harvest-Collection-AZEK-Decking-Pool-Deck-Content-1.jpg\" alt=\"TIMBERTECH\" class=\"wp-image-4818\" style=\"aspect-ratio:3\/2;object-fit:cover\" srcset=\"https:\/\/terrasse-mobile.net\/wp-content\/uploads\/2024\/03\/Deck-Color-Ideas-TimberTech-Slate-Gray-Harvest-Collection-AZEK-Decking-Pool-Deck-Content-1.jpg 572w, https:\/\/terrasse-mobile.net\/wp-content\/uploads\/2024\/03\/Deck-Color-Ideas-TimberTech-Slate-Gray-Harvest-Collection-AZEK-Decking-Pool-Deck-Content-1-300x249.jpg 300w\" sizes=\"(max-width: 572px) 100vw, 572px\" \/><\/figure>\n<\/div>\n\n\n\n<div class=\"wp-block-column is-layout-flow wp-block-column-is-layout-flow\">\n<h2 class=\"wp-block-heading\">Robuuste, slijtvaste terrasplanken<\/h2>\n\n\n\n<p>Mobiele Timbertech-terrasplanken zijn gemaakt van composietmaterialen met een 4-zijdige waterdichte polymeerbescherming. Timbertech terrasplanken zijn bestand tegen weersinvloeden, vlekken, krassen en verbleken. Ze zijn ook bestand tegen schimmel en vocht.<\/p>\n\n\n\n<h2 class=\"wp-block-heading\">Een terras dat gemakkelijk te onderhouden is.<\/h2>\n\n\n\n<p>Timbertech schuifterrasplanken zijn snel en gemakkelijk te plaatsen. Het terras hoeft niet te worden gebeitst en heeft geen jaarlijks onderhoud nodig.<\/p>\n\n\n\n<h2 class=\"wp-block-heading\">Een terras dat 50 jaar gegarandeerd is.<\/h2>\n\n\n\n<p>Uw Timbertech terrasplanken hebben een garantie van 50 jaar tegen verkleuring en vlekken.<\/p>\n<\/div>\n<\/div>\n<\/div><\/div>\n\n\n\n<h2 class=\"wp-block-heading has-text-align-center\">Kies voor uitmuntendheid: Timbertech composietterrasdelen voor mobiele terrassen<\/h2>\n\n\n\n<p class=\"has-text-align-center\">Composietplanken moeten niet worden gekozen omdat ze goedkoper zijn, maar om hun inherente kwaliteiten: kleurstabiliteit, onderhoudsgemak, origineel uiterlijk, enz.<br>Timbertech schuifterrasplanken hebben een garantie van 25 jaar voor residentieel gebruik en zijn als eerste CTB-WPC gecertificeerd.<\/p>\n\n\n\n<p class=\"has-text-align-center\"><img decoding=\"async\" title=\"TimberTech Pro Pecan Deck TimberTech Pro Pecan Deck-Legacy-Pecan-TimberTech\" src=\"https:\/\/terrasse-mobile.net\/wp-content\/uploads\/elementor\/thumbs\/Deck-Color-Ideas-TimberTech-Pecan-Legacy-Collection-PRO-Decking-Pool-Deck-Content-qktl0w48nllosh8ob7rwxiup4f74t514b0qp60z8xs.jpg\" alt=\"Pecan dek met uitzicht op het strand Pecan dek met uitzicht op het strand\"><\/p>\n\n\n\n<div class=\"wp-block-buttons is-content-justification-center is-layout-flex wp-container-core-buttons-is-layout-16018d1d wp-block-buttons-is-layout-flex\">\n<div class=\"wp-block-button is-style-outline is-style-outline--1\"><a class=\"wp-block-button__link has-small-font-size has-text-align-center has-custom-font-size wp-element-button\" href=\"https:\/\/terrasse-mobile.net\/nl_nl\/mobiel-terras-op-maat\/configuraties\/\">ONTDEK SLIDEDECK CONFIGURATIES<\/a><\/div>\n<\/div>","protected":false},"excerpt":{"rendered":"<p>La gamme de lames de terrasse en bois composite Timbertech propose un platelage de qualit\u00e9 compos\u00e9 d&rsquo;un enrobage 4 faces offrant une protection compl\u00e8te des surfaces et un style \u00e9l\u00e9gant. Des lames pour terrasse mobile compos\u00e9es de mati\u00e8res premi\u00e8res de qualit\u00e9 Les lames pour terrasse mobile en bois composite sont constitu\u00e9es en g\u00e9n\u00e9ral de farine&#8230;<\/p>","protected":false},"author":1,"featured_media":3640,"parent":5496,"menu_order":51,"comment_status":"closed","ping_status":"closed","template":"","meta":{"_kad_post_transparent":"","_kad_post_title":"","_kad_post_layout":"","_kad_post_sidebar_id":"","_kad_post_content_style":"","_kad_post_vertical_padding":"","_kad_post_feature":"","_kad_post_feature_position":"","_kad_post_header":false,"_kad_post_footer":false,"_kad_post_classname":"","footnotes":""},"folder":[],"class_list":["post-5651","page","type-page","status-publish","has-post-thumbnail","hentry"],"yoast_head":"<!-- This site is optimized with the Yoast SEO plugin v27.4 - https:\/\/yoast.com\/product\/yoast-seo-wordpress\/ -->\n<title>Terrasse mobile de piscine avec bois composite Timbertech<\/title>\n<meta name=\"description\" content=\"La terrasse mobile pour piscine SlideDeck peut \u00eatre habill\u00e9e avec de belles lames en bois composite Timbertech.\" \/>\n<meta name=\"robots\" content=\"index, follow, max-snippet:-1, max-image-preview:large, max-video-preview:-1\" \/>\n<link rel=\"canonical\" href=\"https:\/\/terrasse-mobile.net\/nl_nl\/bekledingen\/houtcomposiet\/timbertech-mobiel-houtcomposiet-terras\/\" \/>\n<meta property=\"og:locale\" content=\"nl_NL\" \/>\n<meta property=\"og:type\" content=\"article\" \/>\n<meta property=\"og:title\" content=\"Terrasse mobile de piscine avec bois composite Timbertech\" \/>\n<meta property=\"og:description\" content=\"La terrasse mobile pour piscine SlideDeck peut \u00eatre habill\u00e9e avec de belles lames en bois composite Timbertech.\" \/>\n<meta property=\"og:url\" content=\"https:\/\/terrasse-mobile.net\/nl_nl\/bekledingen\/houtcomposiet\/timbertech-mobiel-houtcomposiet-terras\/\" \/>\n<meta property=\"og:site_name\" content=\"Terrasse mobile\" \/>\n<meta property=\"article:modified_time\" content=\"2025-11-25T15:24:07+00:00\" \/>\n<meta property=\"og:image\" content=\"https:\/\/terrasse-mobile.net\/wp-content\/uploads\/2024\/02\/REAL-SABOURAULT-PISCINE-2.jpg\" \/>\n\t<meta property=\"og:image:width\" content=\"2000\" \/>\n\t<meta property=\"og:image:height\" content=\"1500\" \/>\n\t<meta property=\"og:image:type\" content=\"image\/jpeg\" \/>\n<meta name=\"twitter:card\" content=\"summary_large_image\" \/>\n<meta name=\"twitter:label1\" content=\"Geschatte leestijd\" \/>\n\t<meta name=\"twitter:data1\" content=\"3 minuten\" \/>\n<script type=\"application\/ld+json\" class=\"yoast-schema-graph\">{\"@context\":\"https:\\\/\\\/schema.org\",\"@graph\":[{\"@type\":\"WebPage\",\"@id\":\"https:\\\/\\\/terrasse-mobile.net\\\/revetements\\\/bois-composite\\\/terrasse-mobile-bois-composite-timbertech\\\/\",\"url\":\"https:\\\/\\\/terrasse-mobile.net\\\/revetements\\\/bois-composite\\\/terrasse-mobile-bois-composite-timbertech\\\/\",\"name\":\"Terrasse mobile de piscine avec bois composite Timbertech\",\"isPartOf\":{\"@id\":\"https:\\\/\\\/terrasse-mobile.net\\\/#website\"},\"primaryImageOfPage\":{\"@id\":\"https:\\\/\\\/terrasse-mobile.net\\\/revetements\\\/bois-composite\\\/terrasse-mobile-bois-composite-timbertech\\\/#primaryimage\"},\"image\":{\"@id\":\"https:\\\/\\\/terrasse-mobile.net\\\/revetements\\\/bois-composite\\\/terrasse-mobile-bois-composite-timbertech\\\/#primaryimage\"},\"thumbnailUrl\":\"https:\\\/\\\/terrasse-mobile.net\\\/wp-content\\\/uploads\\\/2024\\\/02\\\/REAL-SABOURAULT-PISCINE-2.jpg\",\"datePublished\":\"2024-10-02T12:48:38+00:00\",\"dateModified\":\"2025-11-25T15:24:07+00:00\",\"description\":\"La terrasse mobile pour piscine SlideDeck peut \u00eatre habill\u00e9e avec de belles lames en bois composite Timbertech.\",\"breadcrumb\":{\"@id\":\"https:\\\/\\\/terrasse-mobile.net\\\/revetements\\\/bois-composite\\\/terrasse-mobile-bois-composite-timbertech\\\/#breadcrumb\"},\"inLanguage\":\"nl-NL\",\"potentialAction\":[{\"@type\":\"ReadAction\",\"target\":[\"https:\\\/\\\/terrasse-mobile.net\\\/revetements\\\/bois-composite\\\/terrasse-mobile-bois-composite-timbertech\\\/\"]}]},{\"@type\":\"ImageObject\",\"inLanguage\":\"nl-NL\",\"@id\":\"https:\\\/\\\/terrasse-mobile.net\\\/revetements\\\/bois-composite\\\/terrasse-mobile-bois-composite-timbertech\\\/#primaryimage\",\"url\":\"https:\\\/\\\/terrasse-mobile.net\\\/wp-content\\\/uploads\\\/2024\\\/02\\\/REAL-SABOURAULT-PISCINE-2.jpg\",\"contentUrl\":\"https:\\\/\\\/terrasse-mobile.net\\\/wp-content\\\/uploads\\\/2024\\\/02\\\/REAL-SABOURAULT-PISCINE-2.jpg\",\"width\":2000,\"height\":1500,\"caption\":\"DCIM100MEDIADJI_0365.JPG\"},{\"@type\":\"BreadcrumbList\",\"@id\":\"https:\\\/\\\/terrasse-mobile.net\\\/revetements\\\/bois-composite\\\/terrasse-mobile-bois-composite-timbertech\\\/#breadcrumb\",\"itemListElement\":[{\"@type\":\"ListItem\",\"position\":1,\"name\":\"Accueil\",\"item\":\"https:\\\/\\\/terrasse-mobile.net\\\/\"},{\"@type\":\"ListItem\",\"position\":2,\"name\":\"LES REV\u00caTEMENTS POUR TERRASSE MOBILE SLIDEDECK\",\"item\":\"https:\\\/\\\/terrasse-mobile.net\\\/revetements\\\/\"},{\"@type\":\"ListItem\",\"position\":3,\"name\":\"LES BOIS COMPOSITES POUR TERRASSE MOBILE\",\"item\":\"https:\\\/\\\/terrasse-mobile.net\\\/revetements\\\/bois-composite\\\/\"},{\"@type\":\"ListItem\",\"position\":4,\"name\":\"LAMES EN BOIS COMPOSITE TIMBERTECH POUR TERRASSE MOBILE\"}]},{\"@type\":\"WebSite\",\"@id\":\"https:\\\/\\\/terrasse-mobile.net\\\/#website\",\"url\":\"https:\\\/\\\/terrasse-mobile.net\\\/\",\"name\":\"Slidedeck\",\"description\":\"Construction sur mesure de terrasses mobiles en \u00cele-de-France\",\"publisher\":{\"@id\":\"https:\\\/\\\/terrasse-mobile.net\\\/#organization\"},\"potentialAction\":[{\"@type\":\"SearchAction\",\"target\":{\"@type\":\"EntryPoint\",\"urlTemplate\":\"https:\\\/\\\/terrasse-mobile.net\\\/?s={search_term_string}\"},\"query-input\":{\"@type\":\"PropertyValueSpecification\",\"valueRequired\":true,\"valueName\":\"search_term_string\"}}],\"inLanguage\":\"nl-NL\"},{\"@type\":\"Organization\",\"@id\":\"https:\\\/\\\/terrasse-mobile.net\\\/#organization\",\"name\":\"Slidedeck\",\"url\":\"https:\\\/\\\/terrasse-mobile.net\\\/\",\"logo\":{\"@type\":\"ImageObject\",\"inLanguage\":\"nl-NL\",\"@id\":\"https:\\\/\\\/terrasse-mobile.net\\\/#\\\/schema\\\/logo\\\/image\\\/\",\"url\":\"https:\\\/\\\/terrasse-mobile.net\\\/wp-content\\\/uploads\\\/2024\\\/01\\\/logo-slidedeck.jpg\",\"contentUrl\":\"https:\\\/\\\/terrasse-mobile.net\\\/wp-content\\\/uploads\\\/2024\\\/01\\\/logo-slidedeck.jpg\",\"width\":2000,\"height\":1103,\"caption\":\"Slidedeck\"},\"image\":{\"@id\":\"https:\\\/\\\/terrasse-mobile.net\\\/#\\\/schema\\\/logo\\\/image\\\/\"}}]}<\/script>\n<!-- \/ Yoast SEO plugin. -->","yoast_head_json":{"title":"Verrijdbaar zwembaddek met Timbertech composiethout","description":"Het mobiele zwembadterras SlideDeck kan worden bedekt met aantrekkelijke Timbertech composiet houten terrassen.","robots":{"index":"index","follow":"follow","max-snippet":"max-snippet:-1","max-image-preview":"max-image-preview:large","max-video-preview":"max-video-preview:-1"},"canonical":"https:\/\/terrasse-mobile.net\/nl_nl\/bekledingen\/houtcomposiet\/timbertech-mobiel-houtcomposiet-terras\/","og_locale":"nl_NL","og_type":"article","og_title":"Terrasse mobile de piscine avec bois composite Timbertech","og_description":"La terrasse mobile pour piscine SlideDeck peut \u00eatre habill\u00e9e avec de belles lames en bois composite Timbertech.","og_url":"https:\/\/terrasse-mobile.net\/nl_nl\/bekledingen\/houtcomposiet\/timbertech-mobiel-houtcomposiet-terras\/","og_site_name":"Terrasse mobile","article_modified_time":"2025-11-25T15:24:07+00:00","og_image":[{"width":2000,"height":1500,"url":"https:\/\/terrasse-mobile.net\/wp-content\/uploads\/2024\/02\/REAL-SABOURAULT-PISCINE-2.jpg","type":"image\/jpeg"}],"twitter_card":"summary_large_image","twitter_misc":{"Geschatte leestijd":"3 minuten"},"schema":{"@context":"https:\/\/schema.org","@graph":[{"@type":"WebPage","@id":"https:\/\/terrasse-mobile.net\/revetements\/bois-composite\/terrasse-mobile-bois-composite-timbertech\/","url":"https:\/\/terrasse-mobile.net\/revetements\/bois-composite\/terrasse-mobile-bois-composite-timbertech\/","name":"Verrijdbaar zwembaddek met Timbertech composiethout","isPartOf":{"@id":"https:\/\/terrasse-mobile.net\/#website"},"primaryImageOfPage":{"@id":"https:\/\/terrasse-mobile.net\/revetements\/bois-composite\/terrasse-mobile-bois-composite-timbertech\/#primaryimage"},"image":{"@id":"https:\/\/terrasse-mobile.net\/revetements\/bois-composite\/terrasse-mobile-bois-composite-timbertech\/#primaryimage"},"thumbnailUrl":"https:\/\/terrasse-mobile.net\/wp-content\/uploads\/2024\/02\/REAL-SABOURAULT-PISCINE-2.jpg","datePublished":"2024-10-02T12:48:38+00:00","dateModified":"2025-11-25T15:24:07+00:00","description":"Het mobiele zwembadterras SlideDeck kan worden bedekt met aantrekkelijke Timbertech composiet houten terrassen.","breadcrumb":{"@id":"https:\/\/terrasse-mobile.net\/revetements\/bois-composite\/terrasse-mobile-bois-composite-timbertech\/#breadcrumb"},"inLanguage":"nl-NL","potentialAction":[{"@type":"ReadAction","target":["https:\/\/terrasse-mobile.net\/revetements\/bois-composite\/terrasse-mobile-bois-composite-timbertech\/"]}]},{"@type":"ImageObject","inLanguage":"nl-NL","@id":"https:\/\/terrasse-mobile.net\/revetements\/bois-composite\/terrasse-mobile-bois-composite-timbertech\/#primaryimage","url":"https:\/\/terrasse-mobile.net\/wp-content\/uploads\/2024\/02\/REAL-SABOURAULT-PISCINE-2.jpg","contentUrl":"https:\/\/terrasse-mobile.net\/wp-content\/uploads\/2024\/02\/REAL-SABOURAULT-PISCINE-2.jpg","width":2000,"height":1500,"caption":"DCIM100MEDIADJI_0365.JPG"},{"@type":"BreadcrumbList","@id":"https:\/\/terrasse-mobile.net\/revetements\/bois-composite\/terrasse-mobile-bois-composite-timbertech\/#breadcrumb","itemListElement":[{"@type":"ListItem","position":1,"name":"Accueil","item":"https:\/\/terrasse-mobile.net\/"},{"@type":"ListItem","position":2,"name":"LES REV\u00caTEMENTS POUR TERRASSE MOBILE SLIDEDECK","item":"https:\/\/terrasse-mobile.net\/revetements\/"},{"@type":"ListItem","position":3,"name":"LES BOIS COMPOSITES POUR TERRASSE MOBILE","item":"https:\/\/terrasse-mobile.net\/revetements\/bois-composite\/"},{"@type":"ListItem","position":4,"name":"LAMES EN BOIS COMPOSITE TIMBERTECH POUR TERRASSE MOBILE"}]},{"@type":"WebSite","@id":"https:\/\/terrasse-mobile.net\/#website","url":"https:\/\/terrasse-mobile.net\/","name":"Slidedeck","description":"Op maat gemaakte verplaatsbare terrassen in de regio Parijs","publisher":{"@id":"https:\/\/terrasse-mobile.net\/#organization"},"potentialAction":[{"@type":"SearchAction","target":{"@type":"EntryPoint","urlTemplate":"https:\/\/terrasse-mobile.net\/?s={search_term_string}"},"query-input":{"@type":"PropertyValueSpecification","valueRequired":true,"valueName":"search_term_string"}}],"inLanguage":"nl-NL"},{"@type":"Organization","@id":"https:\/\/terrasse-mobile.net\/#organization","name":"Slidedeck","url":"https:\/\/terrasse-mobile.net\/","logo":{"@type":"ImageObject","inLanguage":"nl-NL","@id":"https:\/\/terrasse-mobile.net\/#\/schema\/logo\/image\/","url":"https:\/\/terrasse-mobile.net\/wp-content\/uploads\/2024\/01\/logo-slidedeck.jpg","contentUrl":"https:\/\/terrasse-mobile.net\/wp-content\/uploads\/2024\/01\/logo-slidedeck.jpg","width":2000,"height":1103,"caption":"Slidedeck"},"image":{"@id":"https:\/\/terrasse-mobile.net\/#\/schema\/logo\/image\/"}}]}},"_links":{"self":[{"href":"https:\/\/terrasse-mobile.net\/nl_nl\/wp-json\/wp\/v2\/pages\/5651","targetHints":{"allow":["GET"]}}],"collection":[{"href":"https:\/\/terrasse-mobile.net\/nl_nl\/wp-json\/wp\/v2\/pages"}],"about":[{"href":"https:\/\/terrasse-mobile.net\/nl_nl\/wp-json\/wp\/v2\/types\/page"}],"author":[{"embeddable":true,"href":"https:\/\/terrasse-mobile.net\/nl_nl\/wp-json\/wp\/v2\/users\/1"}],"replies":[{"embeddable":true,"href":"https:\/\/terrasse-mobile.net\/nl_nl\/wp-json\/wp\/v2\/comments?post=5651"}],"version-history":[{"count":6,"href":"https:\/\/terrasse-mobile.net\/nl_nl\/wp-json\/wp\/v2\/pages\/5651\/revisions"}],"predecessor-version":[{"id":7311,"href":"https:\/\/terrasse-mobile.net\/nl_nl\/wp-json\/wp\/v2\/pages\/5651\/revisions\/7311"}],"up":[{"embeddable":true,"href":"https:\/\/terrasse-mobile.net\/nl_nl\/wp-json\/wp\/v2\/pages\/5496"}],"wp:featuredmedia":[{"embeddable":true,"href":"https:\/\/terrasse-mobile.net\/nl_nl\/wp-json\/wp\/v2\/media\/3640"}],"wp:attachment":[{"href":"https:\/\/terrasse-mobile.net\/nl_nl\/wp-json\/wp\/v2\/media?parent=5651"}],"wp:term":[{"taxonomy":"folder","embeddable":true,"href":"https:\/\/terrasse-mobile.net\/nl_nl\/wp-json\/wp\/v2\/folder?post=5651"}],"curies":[{"name":"wp","href":"https:\/\/api.w.org\/{rel}","templated":true}]}}