{"id":1543,"date":"2024-01-24T18:17:44","date_gmt":"2024-01-24T17:17:17","guid":{"rendered":"https:\/\/terrasse-mobile.net\/?page_id=1543"},"modified":"2024-10-01T15:10:30","modified_gmt":"2024-10-01T13:10:30","slug":"revestimentos-naturais-antigos","status":"publish","type":"page","link":"https:\/\/terrasse-mobile.net\/pt\/revetements-old\/revetements-naturels-old\/","title":{"rendered":"LES REV\u00caTEMENTS HABILL\u00c9S POUR TERRASSE MOBILE old"},"content":{"rendered":"<h1>LES REV\u00caTEMENTS NATURELS POUR TERRASSE MOBILE<\/h1>\n<h2>\n\t\t\t\t\t\tREV\u00caTEMENTS ORIGINAUX POUR TERRASSE MOBILE<br \/>\n\t\t\t\t\t<\/h2>\n<p><em>Opte por um aspeto original para personalizar o seu SlideDeck<\/em><\/p>\n<p>                    <img decoding=\"async\" width=\"548\" height=\"445\" src=\"https:\/\/terrasse-mobile.net\/wp-content\/uploads\/2024\/01\/SLIDEDECK-GAZON-SYNTHETIQUE00001-copie-1.jpeg\" alt=\"RELVA ARTIFICIAL PARA TERRA\u00c7OS M\u00d3VEIS\" srcset=\"https:\/\/terrasse-mobile.net\/wp-content\/uploads\/2024\/01\/SLIDEDECK-GAZON-SYNTHETIQUE00001-copie-1.jpeg 548w, https:\/\/terrasse-mobile.net\/wp-content\/uploads\/2024\/01\/SLIDEDECK-GAZON-SYNTHETIQUE00001-copie-1-300x244.jpeg 300w\" sizes=\"(max-width: 548px) 100vw, 548px\" \/><\/p>\n<h3>\n                        RELVA ARTIFICIAL<br \/>\n                    <\/h3>\n<p>                        A relva sint\u00e9tica \u00e9 uma escolha original que d\u00e1 uma cor viva ao seu terra\u00e7o m\u00f3vel.<br \/>\n                    <img decoding=\"async\" width=\"548\" height=\"445\" src=\"https:\/\/terrasse-mobile.net\/wp-content\/uploads\/2024\/01\/piscine05-pose-16-9-detouree.jpeg\" alt=\"\" srcset=\"https:\/\/terrasse-mobile.net\/wp-content\/uploads\/2024\/01\/piscine05-pose-16-9-detouree.jpeg 548w, https:\/\/terrasse-mobile.net\/wp-content\/uploads\/2024\/01\/piscine05-pose-16-9-detouree-300x244.jpeg 300w\" sizes=\"(max-width: 548px) 100vw, 548px\" \/><\/p>\n<h3>\n                        A FOLHA DE PEDRA<br \/>\n                    <\/h3>\n<p>                        A folha de pedra \u00e9 um material resistente que d\u00e1 ao seu terra\u00e7o um efeito de pedra tradicional.<\/p>","protected":false},"excerpt":{"rendered":"<p>LES REV\u00caTEMENTS NATURELS POUR TERRASSE MOBILE REV\u00caTEMENTS ORIGINAUX POUR TERRASSE MOBILE Optez pour un habillage original pour personNaliser votre SlideDeck LE GAZON SYNTH\u00c9TIQUE Le gazon synth\u00e9rique est un choix original qui permet de donner une couleur vive \u00e0 votre terrasse mobile. LA FEUILLE DE PIERRE La feuille de pierre est un mat\u00e9riaux r\u00e9sistant permettant de&#8230;<\/p>","protected":false},"author":1,"featured_media":0,"parent":1445,"menu_order":3,"comment_status":"closed","ping_status":"closed","template":"","meta":{"_kad_post_transparent":"","_kad_post_title":"","_kad_post_layout":"","_kad_post_sidebar_id":"","_kad_post_content_style":"","_kad_post_vertical_padding":"","_kad_post_feature":"","_kad_post_feature_position":"","_kad_post_header":false,"_kad_post_footer":false,"_kad_post_classname":"","footnotes":""},"folder":[14],"class_list":["post-1543","page","type-page","status-publish","hentry"],"yoast_head":"<!-- This site is optimized with the Yoast SEO plugin v27.5 - https:\/\/yoast.com\/product\/yoast-seo-wordpress\/ -->\n<title>Les rev\u00eatements naturels pour terrasse coulissante de piscine<\/title>\n<meta name=\"robots\" content=\"index, follow, max-snippet:-1, max-image-preview:large, max-video-preview:-1\" \/>\n<link rel=\"canonical\" href=\"https:\/\/terrasse-mobile.net\/pt\/revestimentos-antigos\/revestimentos-naturais-antigos\/\" \/>\n<meta property=\"og:locale\" content=\"pt_PT\" \/>\n<meta property=\"og:type\" content=\"article\" \/>\n<meta property=\"og:title\" content=\"Les rev\u00eatements naturels pour terrasse coulissante de piscine\" \/>\n<meta property=\"og:description\" content=\"LES REV\u00caTEMENTS NATURELS POUR TERRASSE MOBILE REV\u00caTEMENTS ORIGINAUX POUR TERRASSE MOBILE Optez pour un habillage original pour personNaliser votre SlideDeck LE GAZON SYNTH\u00c9TIQUE Le gazon synth\u00e9rique est un choix original qui permet de donner une couleur vive \u00e0 votre terrasse mobile. LA FEUILLE DE PIERRE La feuille de pierre est un mat\u00e9riaux r\u00e9sistant permettant de...\" \/>\n<meta property=\"og:url\" content=\"https:\/\/terrasse-mobile.net\/pt\/revestimentos-antigos\/revestimentos-naturais-antigos\/\" \/>\n<meta property=\"og:site_name\" content=\"Terrasse mobile\" \/>\n<meta property=\"article:modified_time\" content=\"2024-10-01T13:10:30+00:00\" \/>\n<meta property=\"og:image\" content=\"https:\/\/terrasse-mobile.net\/wp-content\/uploads\/2024\/01\/SLIDEDECK-GAZON-SYNTHETIQUE00001-copie-1.jpeg\" \/>\n<meta name=\"twitter:card\" content=\"summary_large_image\" \/>\n<meta name=\"twitter:label1\" content=\"Tempo estimado de leitura\" \/>\n\t<meta name=\"twitter:data1\" content=\"1 minuto\" \/>\n<script type=\"application\/ld+json\" class=\"yoast-schema-graph\">{\"@context\":\"https:\\\/\\\/schema.org\",\"@graph\":[{\"@type\":\"WebPage\",\"@id\":\"https:\\\/\\\/terrasse-mobile.net\\\/revetements-old\\\/revetements-naturels-old\\\/\",\"url\":\"https:\\\/\\\/terrasse-mobile.net\\\/revetements-old\\\/revetements-naturels-old\\\/\",\"name\":\"Les rev\u00eatements naturels pour terrasse coulissante de piscine\",\"isPartOf\":{\"@id\":\"https:\\\/\\\/terrasse-mobile.net\\\/#website\"},\"primaryImageOfPage\":{\"@id\":\"https:\\\/\\\/terrasse-mobile.net\\\/revetements-old\\\/revetements-naturels-old\\\/#primaryimage\"},\"image\":{\"@id\":\"https:\\\/\\\/terrasse-mobile.net\\\/revetements-old\\\/revetements-naturels-old\\\/#primaryimage\"},\"thumbnailUrl\":\"https:\\\/\\\/terrasse-mobile.net\\\/wp-content\\\/uploads\\\/2024\\\/01\\\/SLIDEDECK-GAZON-SYNTHETIQUE00001-copie-1.jpeg\",\"datePublished\":\"2024-01-24T17:17:17+00:00\",\"dateModified\":\"2024-10-01T13:10:30+00:00\",\"breadcrumb\":{\"@id\":\"https:\\\/\\\/terrasse-mobile.net\\\/revetements-old\\\/revetements-naturels-old\\\/#breadcrumb\"},\"inLanguage\":\"pt-PT\",\"potentialAction\":[{\"@type\":\"ReadAction\",\"target\":[\"https:\\\/\\\/terrasse-mobile.net\\\/revetements-old\\\/revetements-naturels-old\\\/\"]}]},{\"@type\":\"ImageObject\",\"inLanguage\":\"pt-PT\",\"@id\":\"https:\\\/\\\/terrasse-mobile.net\\\/revetements-old\\\/revetements-naturels-old\\\/#primaryimage\",\"url\":\"https:\\\/\\\/terrasse-mobile.net\\\/wp-content\\\/uploads\\\/2024\\\/01\\\/SLIDEDECK-GAZON-SYNTHETIQUE00001-copie-1.jpeg\",\"contentUrl\":\"https:\\\/\\\/terrasse-mobile.net\\\/wp-content\\\/uploads\\\/2024\\\/01\\\/SLIDEDECK-GAZON-SYNTHETIQUE00001-copie-1.jpeg\"},{\"@type\":\"BreadcrumbList\",\"@id\":\"https:\\\/\\\/terrasse-mobile.net\\\/revetements-old\\\/revetements-naturels-old\\\/#breadcrumb\",\"itemListElement\":[{\"@type\":\"ListItem\",\"position\":1,\"name\":\"Accueil\",\"item\":\"https:\\\/\\\/terrasse-mobile.net\\\/\"},{\"@type\":\"ListItem\",\"position\":2,\"name\":\"LES REV\u00caTEMENTS SLIDEDECK OLD\",\"item\":\"https:\\\/\\\/terrasse-mobile.net\\\/revetements-old\\\/\"},{\"@type\":\"ListItem\",\"position\":3,\"name\":\"LES REV\u00caTEMENTS HABILL\u00c9S POUR TERRASSE MOBILE old\"}]},{\"@type\":\"WebSite\",\"@id\":\"https:\\\/\\\/terrasse-mobile.net\\\/#website\",\"url\":\"https:\\\/\\\/terrasse-mobile.net\\\/\",\"name\":\"Slidedeck\",\"description\":\"Construction sur mesure de terrasses mobiles en \u00cele-de-France\",\"publisher\":{\"@id\":\"https:\\\/\\\/terrasse-mobile.net\\\/#organization\"},\"potentialAction\":[{\"@type\":\"SearchAction\",\"target\":{\"@type\":\"EntryPoint\",\"urlTemplate\":\"https:\\\/\\\/terrasse-mobile.net\\\/?s={search_term_string}\"},\"query-input\":{\"@type\":\"PropertyValueSpecification\",\"valueRequired\":true,\"valueName\":\"search_term_string\"}}],\"inLanguage\":\"pt-PT\"},{\"@type\":\"Organization\",\"@id\":\"https:\\\/\\\/terrasse-mobile.net\\\/#organization\",\"name\":\"Slidedeck\",\"url\":\"https:\\\/\\\/terrasse-mobile.net\\\/\",\"logo\":{\"@type\":\"ImageObject\",\"inLanguage\":\"pt-PT\",\"@id\":\"https:\\\/\\\/terrasse-mobile.net\\\/#\\\/schema\\\/logo\\\/image\\\/\",\"url\":\"https:\\\/\\\/terrasse-mobile.net\\\/wp-content\\\/uploads\\\/2024\\\/01\\\/logo-slidedeck.jpg\",\"contentUrl\":\"https:\\\/\\\/terrasse-mobile.net\\\/wp-content\\\/uploads\\\/2024\\\/01\\\/logo-slidedeck.jpg\",\"width\":2000,\"height\":1103,\"caption\":\"Slidedeck\"},\"image\":{\"@id\":\"https:\\\/\\\/terrasse-mobile.net\\\/#\\\/schema\\\/logo\\\/image\\\/\"}}]}<\/script>\n<!-- \/ Yoast SEO plugin. -->","yoast_head_json":{"title":"Revestimentos naturais para decks de piscina deslizantes","robots":{"index":"index","follow":"follow","max-snippet":"max-snippet:-1","max-image-preview":"max-image-preview:large","max-video-preview":"max-video-preview:-1"},"canonical":"https:\/\/terrasse-mobile.net\/pt\/revestimentos-antigos\/revestimentos-naturais-antigos\/","og_locale":"pt_PT","og_type":"article","og_title":"Les rev\u00eatements naturels pour terrasse coulissante de piscine","og_description":"LES REV\u00caTEMENTS NATURELS POUR TERRASSE MOBILE REV\u00caTEMENTS ORIGINAUX POUR TERRASSE MOBILE Optez pour un habillage original pour personNaliser votre SlideDeck LE GAZON SYNTH\u00c9TIQUE Le gazon synth\u00e9rique est un choix original qui permet de donner une couleur vive \u00e0 votre terrasse mobile. LA FEUILLE DE PIERRE La feuille de pierre est un mat\u00e9riaux r\u00e9sistant permettant de...","og_url":"https:\/\/terrasse-mobile.net\/pt\/revestimentos-antigos\/revestimentos-naturais-antigos\/","og_site_name":"Terrasse mobile","article_modified_time":"2024-10-01T13:10:30+00:00","og_image":[{"url":"https:\/\/terrasse-mobile.net\/wp-content\/uploads\/2024\/01\/SLIDEDECK-GAZON-SYNTHETIQUE00001-copie-1.jpeg","type":"","width":"","height":""}],"twitter_card":"summary_large_image","twitter_misc":{"Tempo estimado de leitura":"1 minuto"},"schema":{"@context":"https:\/\/schema.org","@graph":[{"@type":"WebPage","@id":"https:\/\/terrasse-mobile.net\/revetements-old\/revetements-naturels-old\/","url":"https:\/\/terrasse-mobile.net\/revetements-old\/revetements-naturels-old\/","name":"Revestimentos naturais para decks de piscina deslizantes","isPartOf":{"@id":"https:\/\/terrasse-mobile.net\/#website"},"primaryImageOfPage":{"@id":"https:\/\/terrasse-mobile.net\/revetements-old\/revetements-naturels-old\/#primaryimage"},"image":{"@id":"https:\/\/terrasse-mobile.net\/revetements-old\/revetements-naturels-old\/#primaryimage"},"thumbnailUrl":"https:\/\/terrasse-mobile.net\/wp-content\/uploads\/2024\/01\/SLIDEDECK-GAZON-SYNTHETIQUE00001-copie-1.jpeg","datePublished":"2024-01-24T17:17:17+00:00","dateModified":"2024-10-01T13:10:30+00:00","breadcrumb":{"@id":"https:\/\/terrasse-mobile.net\/revetements-old\/revetements-naturels-old\/#breadcrumb"},"inLanguage":"pt-PT","potentialAction":[{"@type":"ReadAction","target":["https:\/\/terrasse-mobile.net\/revetements-old\/revetements-naturels-old\/"]}]},{"@type":"ImageObject","inLanguage":"pt-PT","@id":"https:\/\/terrasse-mobile.net\/revetements-old\/revetements-naturels-old\/#primaryimage","url":"https:\/\/terrasse-mobile.net\/wp-content\/uploads\/2024\/01\/SLIDEDECK-GAZON-SYNTHETIQUE00001-copie-1.jpeg","contentUrl":"https:\/\/terrasse-mobile.net\/wp-content\/uploads\/2024\/01\/SLIDEDECK-GAZON-SYNTHETIQUE00001-copie-1.jpeg"},{"@type":"BreadcrumbList","@id":"https:\/\/terrasse-mobile.net\/revetements-old\/revetements-naturels-old\/#breadcrumb","itemListElement":[{"@type":"ListItem","position":1,"name":"Accueil","item":"https:\/\/terrasse-mobile.net\/"},{"@type":"ListItem","position":2,"name":"LES REV\u00caTEMENTS SLIDEDECK OLD","item":"https:\/\/terrasse-mobile.net\/revetements-old\/"},{"@type":"ListItem","position":3,"name":"LES REV\u00caTEMENTS HABILL\u00c9S POUR TERRASSE MOBILE old"}]},{"@type":"WebSite","@id":"https:\/\/terrasse-mobile.net\/#website","url":"https:\/\/terrasse-mobile.net\/","name":"Slidedeck","description":"Terra\u00e7os m\u00f3veis constru\u00eddos \u00e0 medida na regi\u00e3o parisiense","publisher":{"@id":"https:\/\/terrasse-mobile.net\/#organization"},"potentialAction":[{"@type":"SearchAction","target":{"@type":"EntryPoint","urlTemplate":"https:\/\/terrasse-mobile.net\/?s={search_term_string}"},"query-input":{"@type":"PropertyValueSpecification","valueRequired":true,"valueName":"search_term_string"}}],"inLanguage":"pt-PT"},{"@type":"Organization","@id":"https:\/\/terrasse-mobile.net\/#organization","name":"Slidedeck","url":"https:\/\/terrasse-mobile.net\/","logo":{"@type":"ImageObject","inLanguage":"pt-PT","@id":"https:\/\/terrasse-mobile.net\/#\/schema\/logo\/image\/","url":"https:\/\/terrasse-mobile.net\/wp-content\/uploads\/2024\/01\/logo-slidedeck.jpg","contentUrl":"https:\/\/terrasse-mobile.net\/wp-content\/uploads\/2024\/01\/logo-slidedeck.jpg","width":2000,"height":1103,"caption":"Slidedeck"},"image":{"@id":"https:\/\/terrasse-mobile.net\/#\/schema\/logo\/image\/"}}]}},"_links":{"self":[{"href":"https:\/\/terrasse-mobile.net\/pt\/wp-json\/wp\/v2\/pages\/1543","targetHints":{"allow":["GET"]}}],"collection":[{"href":"https:\/\/terrasse-mobile.net\/pt\/wp-json\/wp\/v2\/pages"}],"about":[{"href":"https:\/\/terrasse-mobile.net\/pt\/wp-json\/wp\/v2\/types\/page"}],"author":[{"embeddable":true,"href":"https:\/\/terrasse-mobile.net\/pt\/wp-json\/wp\/v2\/users\/1"}],"replies":[{"embeddable":true,"href":"https:\/\/terrasse-mobile.net\/pt\/wp-json\/wp\/v2\/comments?post=1543"}],"version-history":[{"count":39,"href":"https:\/\/terrasse-mobile.net\/pt\/wp-json\/wp\/v2\/pages\/1543\/revisions"}],"predecessor-version":[{"id":5693,"href":"https:\/\/terrasse-mobile.net\/pt\/wp-json\/wp\/v2\/pages\/1543\/revisions\/5693"}],"up":[{"embeddable":true,"href":"https:\/\/terrasse-mobile.net\/pt\/wp-json\/wp\/v2\/pages\/1445"}],"wp:attachment":[{"href":"https:\/\/terrasse-mobile.net\/pt\/wp-json\/wp\/v2\/media?parent=1543"}],"wp:term":[{"taxonomy":"folder","embeddable":true,"href":"https:\/\/terrasse-mobile.net\/pt\/wp-json\/wp\/v2\/folder?post=1543"}],"curies":[{"name":"wp","href":"https:\/\/api.w.org\/{rel}","templated":true}]}}