{"id":1931,"date":"2024-01-25T17:07:44","date_gmt":"2024-01-25T16:07:36","guid":{"rendered":"https:\/\/terrasse-mobile.net\/?page_id=1931"},"modified":"2024-10-01T15:06:52","modified_gmt":"2024-10-01T13:06:52","slug":"terrasse-mobile-bois-kebony-old","status":"publish","type":"page","link":"https:\/\/terrasse-mobile.net\/pt\/revetements-old\/bois-exotique-old\/terrasse-mobile-bois-kebony-old\/","title":{"rendered":"BOIS EXOTIQUE KEBONY old"},"content":{"rendered":"<h1>Lames de terrasse en Kebony pour terrasse mobile<\/h1>\n<p><em>As t\u00e1buas de Kebony para decks m\u00f3veis s\u00e3o ideais. Mais leves, s\u00e3o mais f\u00e1ceis de transportar, instalar ...<\/em><\/p>\n<h2>T\u00e1buas de deck m\u00f3veis altamente dur\u00e1veis<\/h2>\n<p>As t\u00e1buas de deck Kebony foram concebidas para combinar a beleza natural com a durabilidade. Fabricadas a partir de madeiras dur\u00e1veis e tratadas com uma tecnologia patenteada que as torna mais resistentes \u00e0s intemp\u00e9ries e aos insectos, as t\u00e1buas Kebony s\u00e3o uma solu\u00e7\u00e3o elegante e pr\u00e1tica para o seu espa\u00e7o exterior.<br \/>Avec une gamme de teintes naturelles qui s&rsquo;harmonisent avec tous les styles de d\u00e9corations ext\u00e9rieures et un entretien minimal, les lames de terrasse en lame Kebony sont une option s\u00fbre et fiable pour votre projet de terrasse mobile.<\/p>\n<p>\t\t\t\t\t\t\t\t\t\t\t\t\t<img decoding=\"async\" src=\"https:\/\/terrasse-mobile.net\/wp-content\/uploads\/elementor\/thumbs\/1127-Medium-copie-qisaiqxke4402ynijtbtndnjrlgua7949o2wh0qur0.jpg\" title=\"1127-Medium copie\" alt=\"lmae de terra\u00e7o bois composite kebony\" loading=\"lazy\" \/>\t\t\t\t\t\t\t\t\t\t\t\t\t<\/p>\n<h2>T\u00e1buas de Kebony para deck: t\u00e1buas para um deck m\u00f3vel muito atrativo<\/h2>\n<p>O deck Kebony foi concebido para combinar a beleza natural com a durabilidade. Fabricadas a partir de madeiras dur\u00e1veis e tratadas com uma tecnologia patenteada que as torna mais resistentes \u00e0s intemp\u00e9ries e aos insectos, as t\u00e1buas de deck m\u00f3veis Kebony s\u00e3o uma solu\u00e7\u00e3o elegante e pr\u00e1tica para o seu espa\u00e7o exterior.<br \/>Avec une gamme de teintes naturelles qui s&rsquo;harmonisent avec tous les styles de d\u00e9corations ext\u00e9rieures et un entretien minimal, les lames de terrasse Kebony sont une option s\u00fbre et fiable pour votre projet de terrasse coulisante.<\/p>\n<p>As r\u00e9guas de deck m\u00f3veis Kebony oferecem uma alternativa ecol\u00f3gica e est\u00e9tica. S\u00e3o fabricadas a partir de madeira sustent\u00e1vel certificada e tratadas com tecnologia patenteada amiga do ambiente, oferecendo uma vida \u00fatil mais longa.<\/p>\n<p>Disponibles dans une gamme de teintes naturelles, les lames Kebony pour terrasse mobile offrent une beaut\u00e9 naturelle et chaleureuse qui s&rsquo;adapte \u00e0 tous les styles de d\u00e9coration ext\u00e9rieure.<\/p>\n<p>\t\t\t\t\t\t\t\t\t\t\t\t\t<img decoding=\"async\" width=\"800\" height=\"534\" src=\"https:\/\/terrasse-mobile.net\/wp-content\/uploads\/2024\/03\/real-kebony-ledge-mountain-deck-2-1024x683.jpg\" alt=\"kebony\" srcset=\"https:\/\/terrasse-mobile.net\/wp-content\/uploads\/2024\/03\/real-kebony-ledge-mountain-deck-2-1024x683.jpg 1024w, https:\/\/terrasse-mobile.net\/wp-content\/uploads\/2024\/03\/real-kebony-ledge-mountain-deck-2-300x200.jpg 300w, https:\/\/terrasse-mobile.net\/wp-content\/uploads\/2024\/03\/real-kebony-ledge-mountain-deck-2-768x512.jpg 768w, https:\/\/terrasse-mobile.net\/wp-content\/uploads\/2024\/03\/real-kebony-ledge-mountain-deck-2.jpg 1200w\" sizes=\"(max-width: 800px) 100vw, 800px\" \/>\t\t\t\t\t\t\t\t\t\t\t\t\t<\/p>\n<h2>Porqu\u00ea escolher as t\u00e1buas de deck Kebony?<\/h2>\n<p>As t\u00e1buas de deck m\u00f3veis Kebony s\u00e3o feitas de madeira sustent\u00e1vel certificada e tratada com tecnologia patenteada.<br \/>Les lames de terrasse Kebony sont disponibles dans une gamme de teintes naturelles et offrent une beaut\u00e9 naturelle et chaleureuse qui s&rsquo;harmonise avec tous les styles de d\u00e9coration ext\u00e9rieure.<br \/>Com uma manuten\u00e7\u00e3o m\u00ednima e uma resist\u00eancia acrescida, as t\u00e1buas de deck deslizantes Kebony s\u00e3o uma op\u00e7\u00e3o segura e fi\u00e1vel para o seu projeto de deck.<\/p>\n<p>\t\t\t\t\t\t\t\t\t\t\t\t\t<img decoding=\"async\" width=\"400\" height=\"267\" src=\"https:\/\/terrasse-mobile.net\/wp-content\/uploads\/2024\/01\/real-kebony-ledge-mountain-deck-9.jpeg\" alt=\"\" srcset=\"https:\/\/terrasse-mobile.net\/wp-content\/uploads\/2024\/01\/real-kebony-ledge-mountain-deck-9.jpeg 400w, https:\/\/terrasse-mobile.net\/wp-content\/uploads\/2024\/01\/real-kebony-ledge-mountain-deck-9-300x200.jpeg 300w\" sizes=\"(max-width: 400px) 100vw, 400px\" \/><br \/>\n\t\t\t<a href=\"https:\/\/terrasse-mobile.net\/pt\/configuracoes\/\"><br \/>\n\t\t\t\t\t\tDESCUBRA AS CONFIGURA\u00c7\u00d5ES DO SLIDEDECK<br \/>\n\t\t\t\t\t<\/a><\/p>","protected":false},"excerpt":{"rendered":"<p>Lames de terrasse en Kebony pour terrasse mobile Les lames Kebony pour terrasse mobile sont id\u00e9ales. Plus l\u00e9g\u00e8res, et donc plus faciles \u00e0 transporter, \u00e0 installer \u2026 Des lames de terrasse mobile de grande durabilit\u00e9 Les lames de terrasse Kebony sont con\u00e7ues pour allier beaut\u00e9 naturelle et durabilit\u00e9. Fabriqu\u00e9es \u00e0 partir de bois durables et&#8230;<\/p>","protected":false},"author":1,"featured_media":0,"parent":1466,"menu_order":3,"comment_status":"closed","ping_status":"closed","template":"","meta":{"_kad_post_transparent":"","_kad_post_title":"","_kad_post_layout":"","_kad_post_sidebar_id":"","_kad_post_content_style":"","_kad_post_vertical_padding":"","_kad_post_feature":"","_kad_post_feature_position":"","_kad_post_header":false,"_kad_post_footer":false,"_kad_post_classname":"","footnotes":""},"folder":[],"class_list":["post-1931","page","type-page","status-publish","hentry"],"yoast_head":"<!-- This site is optimized with the Yoast SEO plugin v27.5 - https:\/\/yoast.com\/product\/yoast-seo-wordpress\/ -->\n<title>Terrasse mobile, habill\u00e9e en bois Kebony<\/title>\n<meta name=\"robots\" content=\"index, follow, max-snippet:-1, max-image-preview:large, max-video-preview:-1\" \/>\n<link rel=\"canonical\" href=\"https:\/\/terrasse-mobile.net\/pt\/revestimentos-antigos\/madeira-exotica-antiga\/terrasse-mobile-bois-kebony-old\/\" \/>\n<meta property=\"og:locale\" content=\"pt_PT\" \/>\n<meta property=\"og:type\" content=\"article\" \/>\n<meta property=\"og:title\" content=\"Terrasse mobile, habill\u00e9e en bois Kebony\" \/>\n<meta property=\"og:description\" content=\"Lames de terrasse en Kebony pour terrasse mobile Les lames Kebony pour terrasse mobile sont id\u00e9ales. Plus l\u00e9g\u00e8res, et donc plus faciles \u00e0 transporter, \u00e0 installer \u2026 Des lames de terrasse mobile de grande durabilit\u00e9 Les lames de terrasse Kebony sont con\u00e7ues pour allier beaut\u00e9 naturelle et durabilit\u00e9. Fabriqu\u00e9es \u00e0 partir de bois durables et...\" \/>\n<meta property=\"og:url\" content=\"https:\/\/terrasse-mobile.net\/pt\/revestimentos-antigos\/madeira-exotica-antiga\/terrasse-mobile-bois-kebony-old\/\" \/>\n<meta property=\"og:site_name\" content=\"Terrasse mobile\" \/>\n<meta property=\"article:modified_time\" content=\"2024-10-01T13:06:52+00:00\" \/>\n<meta property=\"og:image\" content=\"https:\/\/terrasse-mobile.net\/wp-content\/uploads\/elementor\/thumbs\/1127-Medium-copie-qisaiqxke4402ynijtbtndnjrlgua7949o2wh0qur0.jpg\" \/>\n<meta name=\"twitter:card\" content=\"summary_large_image\" \/>\n<meta name=\"twitter:label1\" content=\"Tempo estimado de leitura\" \/>\n\t<meta name=\"twitter:data1\" content=\"3 minutos\" \/>\n<script type=\"application\/ld+json\" class=\"yoast-schema-graph\">{\"@context\":\"https:\\\/\\\/schema.org\",\"@graph\":[{\"@type\":\"WebPage\",\"@id\":\"https:\\\/\\\/terrasse-mobile.net\\\/revetements-old\\\/bois-exotique-old\\\/terrasse-mobile-bois-kebony-old\\\/\",\"url\":\"https:\\\/\\\/terrasse-mobile.net\\\/revetements-old\\\/bois-exotique-old\\\/terrasse-mobile-bois-kebony-old\\\/\",\"name\":\"Terrasse mobile, habill\u00e9e en bois Kebony\",\"isPartOf\":{\"@id\":\"https:\\\/\\\/terrasse-mobile.net\\\/#website\"},\"primaryImageOfPage\":{\"@id\":\"https:\\\/\\\/terrasse-mobile.net\\\/revetements-old\\\/bois-exotique-old\\\/terrasse-mobile-bois-kebony-old\\\/#primaryimage\"},\"image\":{\"@id\":\"https:\\\/\\\/terrasse-mobile.net\\\/revetements-old\\\/bois-exotique-old\\\/terrasse-mobile-bois-kebony-old\\\/#primaryimage\"},\"thumbnailUrl\":\"https:\\\/\\\/terrasse-mobile.net\\\/wp-content\\\/uploads\\\/elementor\\\/thumbs\\\/1127-Medium-copie-qisaiqxke4402ynijtbtndnjrlgua7949o2wh0qur0.jpg\",\"datePublished\":\"2024-01-25T16:07:36+00:00\",\"dateModified\":\"2024-10-01T13:06:52+00:00\",\"breadcrumb\":{\"@id\":\"https:\\\/\\\/terrasse-mobile.net\\\/revetements-old\\\/bois-exotique-old\\\/terrasse-mobile-bois-kebony-old\\\/#breadcrumb\"},\"inLanguage\":\"pt-PT\",\"potentialAction\":[{\"@type\":\"ReadAction\",\"target\":[\"https:\\\/\\\/terrasse-mobile.net\\\/revetements-old\\\/bois-exotique-old\\\/terrasse-mobile-bois-kebony-old\\\/\"]}]},{\"@type\":\"ImageObject\",\"inLanguage\":\"pt-PT\",\"@id\":\"https:\\\/\\\/terrasse-mobile.net\\\/revetements-old\\\/bois-exotique-old\\\/terrasse-mobile-bois-kebony-old\\\/#primaryimage\",\"url\":\"https:\\\/\\\/terrasse-mobile.net\\\/wp-content\\\/uploads\\\/elementor\\\/thumbs\\\/1127-Medium-copie-qisaiqxke4402ynijtbtndnjrlgua7949o2wh0qur0.jpg\",\"contentUrl\":\"https:\\\/\\\/terrasse-mobile.net\\\/wp-content\\\/uploads\\\/elementor\\\/thumbs\\\/1127-Medium-copie-qisaiqxke4402ynijtbtndnjrlgua7949o2wh0qur0.jpg\"},{\"@type\":\"BreadcrumbList\",\"@id\":\"https:\\\/\\\/terrasse-mobile.net\\\/revetements-old\\\/bois-exotique-old\\\/terrasse-mobile-bois-kebony-old\\\/#breadcrumb\",\"itemListElement\":[{\"@type\":\"ListItem\",\"position\":1,\"name\":\"Accueil\",\"item\":\"https:\\\/\\\/terrasse-mobile.net\\\/\"},{\"@type\":\"ListItem\",\"position\":2,\"name\":\"LES REV\u00caTEMENTS SLIDEDECK OLD\",\"item\":\"https:\\\/\\\/terrasse-mobile.net\\\/revetements-old\\\/\"},{\"@type\":\"ListItem\",\"position\":3,\"name\":\"LES BOIS EXOTIQUES old\",\"item\":\"https:\\\/\\\/terrasse-mobile.net\\\/revetements-old\\\/bois-exotique-old\\\/\"},{\"@type\":\"ListItem\",\"position\":4,\"name\":\"BOIS EXOTIQUE KEBONY old\"}]},{\"@type\":\"WebSite\",\"@id\":\"https:\\\/\\\/terrasse-mobile.net\\\/#website\",\"url\":\"https:\\\/\\\/terrasse-mobile.net\\\/\",\"name\":\"Slidedeck\",\"description\":\"Construction sur mesure de terrasses mobiles en \u00cele-de-France\",\"publisher\":{\"@id\":\"https:\\\/\\\/terrasse-mobile.net\\\/#organization\"},\"potentialAction\":[{\"@type\":\"SearchAction\",\"target\":{\"@type\":\"EntryPoint\",\"urlTemplate\":\"https:\\\/\\\/terrasse-mobile.net\\\/?s={search_term_string}\"},\"query-input\":{\"@type\":\"PropertyValueSpecification\",\"valueRequired\":true,\"valueName\":\"search_term_string\"}}],\"inLanguage\":\"pt-PT\"},{\"@type\":\"Organization\",\"@id\":\"https:\\\/\\\/terrasse-mobile.net\\\/#organization\",\"name\":\"Slidedeck\",\"url\":\"https:\\\/\\\/terrasse-mobile.net\\\/\",\"logo\":{\"@type\":\"ImageObject\",\"inLanguage\":\"pt-PT\",\"@id\":\"https:\\\/\\\/terrasse-mobile.net\\\/#\\\/schema\\\/logo\\\/image\\\/\",\"url\":\"https:\\\/\\\/terrasse-mobile.net\\\/wp-content\\\/uploads\\\/2024\\\/01\\\/logo-slidedeck.jpg\",\"contentUrl\":\"https:\\\/\\\/terrasse-mobile.net\\\/wp-content\\\/uploads\\\/2024\\\/01\\\/logo-slidedeck.jpg\",\"width\":2000,\"height\":1103,\"caption\":\"Slidedeck\"},\"image\":{\"@id\":\"https:\\\/\\\/terrasse-mobile.net\\\/#\\\/schema\\\/logo\\\/image\\\/\"}}]}<\/script>\n<!-- \/ Yoast SEO plugin. -->","yoast_head_json":{"title":"Terrasse mobile, habill\u00e9e en bois Kebony","robots":{"index":"index","follow":"follow","max-snippet":"max-snippet:-1","max-image-preview":"max-image-preview:large","max-video-preview":"max-video-preview:-1"},"canonical":"https:\/\/terrasse-mobile.net\/pt\/revestimentos-antigos\/madeira-exotica-antiga\/terrasse-mobile-bois-kebony-old\/","og_locale":"pt_PT","og_type":"article","og_title":"Terrasse mobile, habill\u00e9e en bois Kebony","og_description":"Lames de terrasse en Kebony pour terrasse mobile Les lames Kebony pour terrasse mobile sont id\u00e9ales. Plus l\u00e9g\u00e8res, et donc plus faciles \u00e0 transporter, \u00e0 installer \u2026 Des lames de terrasse mobile de grande durabilit\u00e9 Les lames de terrasse Kebony sont con\u00e7ues pour allier beaut\u00e9 naturelle et durabilit\u00e9. Fabriqu\u00e9es \u00e0 partir de bois durables et...","og_url":"https:\/\/terrasse-mobile.net\/pt\/revestimentos-antigos\/madeira-exotica-antiga\/terrasse-mobile-bois-kebony-old\/","og_site_name":"Terrasse mobile","article_modified_time":"2024-10-01T13:06:52+00:00","og_image":[{"url":"https:\/\/terrasse-mobile.net\/wp-content\/uploads\/elementor\/thumbs\/1127-Medium-copie-qisaiqxke4402ynijtbtndnjrlgua7949o2wh0qur0.jpg","type":"","width":"","height":""}],"twitter_card":"summary_large_image","twitter_misc":{"Tempo estimado de leitura":"3 minutos"},"schema":{"@context":"https:\/\/schema.org","@graph":[{"@type":"WebPage","@id":"https:\/\/terrasse-mobile.net\/revetements-old\/bois-exotique-old\/terrasse-mobile-bois-kebony-old\/","url":"https:\/\/terrasse-mobile.net\/revetements-old\/bois-exotique-old\/terrasse-mobile-bois-kebony-old\/","name":"Terrasse mobile, habill\u00e9e en bois Kebony","isPartOf":{"@id":"https:\/\/terrasse-mobile.net\/#website"},"primaryImageOfPage":{"@id":"https:\/\/terrasse-mobile.net\/revetements-old\/bois-exotique-old\/terrasse-mobile-bois-kebony-old\/#primaryimage"},"image":{"@id":"https:\/\/terrasse-mobile.net\/revetements-old\/bois-exotique-old\/terrasse-mobile-bois-kebony-old\/#primaryimage"},"thumbnailUrl":"https:\/\/terrasse-mobile.net\/wp-content\/uploads\/elementor\/thumbs\/1127-Medium-copie-qisaiqxke4402ynijtbtndnjrlgua7949o2wh0qur0.jpg","datePublished":"2024-01-25T16:07:36+00:00","dateModified":"2024-10-01T13:06:52+00:00","breadcrumb":{"@id":"https:\/\/terrasse-mobile.net\/revetements-old\/bois-exotique-old\/terrasse-mobile-bois-kebony-old\/#breadcrumb"},"inLanguage":"pt-PT","potentialAction":[{"@type":"ReadAction","target":["https:\/\/terrasse-mobile.net\/revetements-old\/bois-exotique-old\/terrasse-mobile-bois-kebony-old\/"]}]},{"@type":"ImageObject","inLanguage":"pt-PT","@id":"https:\/\/terrasse-mobile.net\/revetements-old\/bois-exotique-old\/terrasse-mobile-bois-kebony-old\/#primaryimage","url":"https:\/\/terrasse-mobile.net\/wp-content\/uploads\/elementor\/thumbs\/1127-Medium-copie-qisaiqxke4402ynijtbtndnjrlgua7949o2wh0qur0.jpg","contentUrl":"https:\/\/terrasse-mobile.net\/wp-content\/uploads\/elementor\/thumbs\/1127-Medium-copie-qisaiqxke4402ynijtbtndnjrlgua7949o2wh0qur0.jpg"},{"@type":"BreadcrumbList","@id":"https:\/\/terrasse-mobile.net\/revetements-old\/bois-exotique-old\/terrasse-mobile-bois-kebony-old\/#breadcrumb","itemListElement":[{"@type":"ListItem","position":1,"name":"Accueil","item":"https:\/\/terrasse-mobile.net\/"},{"@type":"ListItem","position":2,"name":"LES REV\u00caTEMENTS SLIDEDECK OLD","item":"https:\/\/terrasse-mobile.net\/revetements-old\/"},{"@type":"ListItem","position":3,"name":"LES BOIS EXOTIQUES old","item":"https:\/\/terrasse-mobile.net\/revetements-old\/bois-exotique-old\/"},{"@type":"ListItem","position":4,"name":"BOIS EXOTIQUE KEBONY old"}]},{"@type":"WebSite","@id":"https:\/\/terrasse-mobile.net\/#website","url":"https:\/\/terrasse-mobile.net\/","name":"Slidedeck","description":"Terra\u00e7os m\u00f3veis constru\u00eddos \u00e0 medida na regi\u00e3o parisiense","publisher":{"@id":"https:\/\/terrasse-mobile.net\/#organization"},"potentialAction":[{"@type":"SearchAction","target":{"@type":"EntryPoint","urlTemplate":"https:\/\/terrasse-mobile.net\/?s={search_term_string}"},"query-input":{"@type":"PropertyValueSpecification","valueRequired":true,"valueName":"search_term_string"}}],"inLanguage":"pt-PT"},{"@type":"Organization","@id":"https:\/\/terrasse-mobile.net\/#organization","name":"Slidedeck","url":"https:\/\/terrasse-mobile.net\/","logo":{"@type":"ImageObject","inLanguage":"pt-PT","@id":"https:\/\/terrasse-mobile.net\/#\/schema\/logo\/image\/","url":"https:\/\/terrasse-mobile.net\/wp-content\/uploads\/2024\/01\/logo-slidedeck.jpg","contentUrl":"https:\/\/terrasse-mobile.net\/wp-content\/uploads\/2024\/01\/logo-slidedeck.jpg","width":2000,"height":1103,"caption":"Slidedeck"},"image":{"@id":"https:\/\/terrasse-mobile.net\/#\/schema\/logo\/image\/"}}]}},"_links":{"self":[{"href":"https:\/\/terrasse-mobile.net\/pt\/wp-json\/wp\/v2\/pages\/1931","targetHints":{"allow":["GET"]}}],"collection":[{"href":"https:\/\/terrasse-mobile.net\/pt\/wp-json\/wp\/v2\/pages"}],"about":[{"href":"https:\/\/terrasse-mobile.net\/pt\/wp-json\/wp\/v2\/types\/page"}],"author":[{"embeddable":true,"href":"https:\/\/terrasse-mobile.net\/pt\/wp-json\/wp\/v2\/users\/1"}],"replies":[{"embeddable":true,"href":"https:\/\/terrasse-mobile.net\/pt\/wp-json\/wp\/v2\/comments?post=1931"}],"version-history":[{"count":30,"href":"https:\/\/terrasse-mobile.net\/pt\/wp-json\/wp\/v2\/pages\/1931\/revisions"}],"predecessor-version":[{"id":5687,"href":"https:\/\/terrasse-mobile.net\/pt\/wp-json\/wp\/v2\/pages\/1931\/revisions\/5687"}],"up":[{"embeddable":true,"href":"https:\/\/terrasse-mobile.net\/pt\/wp-json\/wp\/v2\/pages\/1466"}],"wp:attachment":[{"href":"https:\/\/terrasse-mobile.net\/pt\/wp-json\/wp\/v2\/media?parent=1931"}],"wp:term":[{"taxonomy":"folder","embeddable":true,"href":"https:\/\/terrasse-mobile.net\/pt\/wp-json\/wp\/v2\/folder?post=1931"}],"curies":[{"name":"wp","href":"https:\/\/api.w.org\/{rel}","templated":true}]}}