{"id":1947,"date":"2024-01-25T17:20:44","date_gmt":"2024-01-25T16:20:52","guid":{"rendered":"https:\/\/terrasse-mobile.net\/?page_id=1947"},"modified":"2024-10-01T15:07:56","modified_gmt":"2024-10-01T13:07:56","slug":"lames-millboard-terrase-mobile-piscine-old","status":"publish","type":"page","link":"https:\/\/terrasse-mobile.net\/pt\/revetements-old\/bois-composite-old\/lames-millboard-terrasse-mobile-piscine-old\/","title":{"rendered":"MILLBOARD DE MADEIRA COMPOSTA antigo"},"content":{"rendered":"<h1>L\u00e2minas de madeira composta para decks m\u00f3veis<\/h1>\n<p>O deck Millboard est\u00e1 dispon\u00edvel em dois acabamentos:<\/p>\n<p>- GR\u00c3O FINO, com um gr\u00e3o elegante que imita perfeitamente o carvalho maci\u00e7o<br \/>- NATURAL GRAIN (ou R\u00fastico) imitando madeira que j\u00e1 foi escavada pelo tempo (madeira \u00e0 deriva ou madeira petrificada)<br \/>Em cada acabamento, oferecemos v\u00e1rias cores para satisfazer os projectos mais originais e exigentes.<\/p>\n<h2>Quais s\u00e3o as carater\u00edsticas de uma placa de resina mineral para deck?<\/h2>\n<p>As placas de deck Millboard s\u00e3o placas de resina mineral feitas de poliuretano, fibra de vidro e agregados sint\u00e9ticos cobertos com uma camada de Lasthane para dar uma apar\u00eancia de madeira muito realista.<br \/>As t\u00e1buas Millboard s\u00e3o perfeitas para criar um deck de imita\u00e7\u00e3o de madeira bonito, altamente resistente e dur\u00e1vel. A manuten\u00e7\u00e3o do deck Millboard \u00e9 simples e f\u00e1cil.<\/p>\n<p>\t\t\t\t\t\t\t\t\t\t\t\t\t<img decoding=\"async\" src=\"https:\/\/terrasse-mobile.net\/wp-content\/uploads\/elementor\/thumbs\/resine-minerale-millboard-grain-fin-chene-ceruse-ambiance-piscine-qktksfkjr7efn89mkxvx0laisejtl72rhk64wqdwz0.jpeg\" title=\"resina-mineral-millboard-grain-fine-chene-glass-pool-ambiance\" alt=\"resina-mineral-millboard-grain-fine-chene-glass-pool-ambiance\" loading=\"lazy\" \/>\t\t\t\t\t\t\t\t\t\t\t\t\t<\/p>\n<h2>Quais s\u00e3o as vantagens dos decks de resina mineral?<\/h2>\n<p>As t\u00e1buas de resina mineral para decks s\u00e3o duradouras e est\u00e1veis, pelo que n\u00e3o se deformam. As t\u00e1buas s\u00e3o tamb\u00e9m muito resistentes aos choques e \u00e0s marcas provocadas pelo seu mobili\u00e1rio de jardim.<br \/>As l\u00e2minas de madeira de fresa n\u00e3o produzem farpas, impedem a multiplica\u00e7\u00e3o de insectos nocivos e n\u00e3o apodrecem.<\/p>\n<h2>T\u00e1buas de deck resistentes e recicl\u00e1veis<\/h2>\n<p>As ripas de resina mineral para decks m\u00f3veis n\u00e3o ficam cinzentas e mant\u00eam a sua cor tanto ao sol como \u00e0 sombra.<\/p>\n<p>As l\u00e2minas de cart\u00e3o s\u00e3o :\u00a0<br \/>- \u00c0 prova de podrid\u00e3o: sem prolifera\u00e7\u00e3o de musgo e de pequenas ervas daninhas<br \/>- \u00c0 prova de \u00e1gua: os l\u00edquidos n\u00e3o ficam presos na l\u00e2mina e n\u00e3o provocam manchas<\/p>\n<p>O deck de resina mineral Millboard \u00e9 amigo do ambiente:<br \/>- baixo consumo de energia durante o fabrico<br \/>- baixas emiss\u00f5es de carbono durante a produ\u00e7\u00e3o<br \/>- fabricados a partir de materiais recicl\u00e1veis.<\/p>\n<p>\t\t\t\t\t\t\t\t\t\t\t\t\t<img decoding=\"async\" width=\"800\" height=\"533\" src=\"https:\/\/terrasse-mobile.net\/wp-content\/uploads\/2024\/01\/grains-fin-chene-dore-piscine-debord.jpeg\" alt=\"t\u00e1buas de deck compostas de madeira\" srcset=\"https:\/\/terrasse-mobile.net\/wp-content\/uploads\/2024\/01\/grains-fin-chene-dore-piscine-debord.jpeg 800w, https:\/\/terrasse-mobile.net\/wp-content\/uploads\/2024\/01\/grains-fin-chene-dore-piscine-debord-300x200.jpeg 300w, https:\/\/terrasse-mobile.net\/wp-content\/uploads\/2024\/01\/grains-fin-chene-dore-piscine-debord-768x512.jpeg 768w\" sizes=\"(max-width: 800px) 100vw, 800px\" \/>\t\t\t\t\t\t\t\t\t\t\t\t\t<\/p>\n<p>As pranchas de Millboard imitam perfeitamente a madeira e s\u00e3o perfeitas para terra\u00e7os m\u00f3veis de prest\u00edgio, e s\u00e3o ideais para casas tradicionais ou contempor\u00e2neas. Podem ser instaladas (atrav\u00e9s da constru\u00e7\u00e3o de vigas adequadas) em terrenos naturais, em pavimentos antigos, em impermeabiliza\u00e7\u00f5es, em frente a piscinas ou para empresas.\u00a0<\/p>\n<p>\t\t\t\t\t\t\t\t\t\t\t\t\t<img decoding=\"async\" width=\"583\" height=\"312\" src=\"https:\/\/terrasse-mobile.net\/wp-content\/uploads\/2024\/03\/resine-minerale-millboard-grain-fin-chene-dore-ambiance-piscine-1.jpeg\" alt=\"\" srcset=\"https:\/\/terrasse-mobile.net\/wp-content\/uploads\/2024\/03\/resine-minerale-millboard-grain-fin-chene-dore-ambiance-piscine-1.jpeg 583w, https:\/\/terrasse-mobile.net\/wp-content\/uploads\/2024\/03\/resine-minerale-millboard-grain-fin-chene-dore-ambiance-piscine-1-300x161.jpeg 300w\" sizes=\"(max-width: 583px) 100vw, 583px\" \/><br \/>\n\t\t\t<a href=\"https:\/\/terrasse-mobile.net\/pt\/configuracoes\/\"><br \/>\n\t\t\t\t\t\tDESCUBRA AS CONFIGURA\u00c7\u00d5ES DO SLIDEDECK<br \/>\n\t\t\t\t\t<\/a><\/p>","protected":false},"excerpt":{"rendered":"<p>Lames en bois composite Millboard pour terrasse mobile Les lames de terrasse Millboard sont propos\u00e9es en deux finitions: &#8211; le GRAIN FIN, comportant un \u00e9l\u00e9gant veinage imitant parfaitement le Ch\u00eane Massif&#8211; le GRAIN NATUREL (ou Rustique) imitant un bois d\u00e9j\u00e0 creus\u00e9 par le temps (bois flott\u00e9 ou p\u00e9trifi\u00e9)Dans chaque finition, nous proposoons plusieurs couleurs pour&#8230;<\/p>","protected":false},"author":1,"featured_media":0,"parent":1479,"menu_order":0,"comment_status":"closed","ping_status":"closed","template":"","meta":{"_kad_post_transparent":"","_kad_post_title":"","_kad_post_layout":"","_kad_post_sidebar_id":"","_kad_post_content_style":"","_kad_post_vertical_padding":"","_kad_post_feature":"","_kad_post_feature_position":"","_kad_post_header":false,"_kad_post_footer":false,"_kad_post_classname":"","footnotes":""},"folder":[14],"class_list":["post-1947","page","type-page","status-publish","hentry"],"yoast_head":"<!-- This site is optimized with the Yoast SEO plugin v27.5 - https:\/\/yoast.com\/product\/yoast-seo-wordpress\/ -->\n<title>Lames de terrasse Millboard pour terrasse mobile<\/title>\n<meta name=\"robots\" content=\"index, follow, max-snippet:-1, max-image-preview:large, max-video-preview:-1\" \/>\n<link rel=\"canonical\" href=\"https:\/\/terrasse-mobile.net\/pt\/revestimentos-antigos\/composito-de-madeira-antigo\/lames-millboard-terrase-mobile-piscine-old\/\" \/>\n<meta property=\"og:locale\" content=\"pt_PT\" \/>\n<meta property=\"og:type\" content=\"article\" \/>\n<meta property=\"og:title\" content=\"Lames de terrasse Millboard pour terrasse mobile\" \/>\n<meta property=\"og:description\" content=\"Lames en bois composite Millboard pour terrasse mobile Les lames de terrasse Millboard sont propos\u00e9es en deux finitions: &#8211; le GRAIN FIN, comportant un \u00e9l\u00e9gant veinage imitant parfaitement le Ch\u00eane Massif&#8211; le GRAIN NATUREL (ou Rustique) imitant un bois d\u00e9j\u00e0 creus\u00e9 par le temps (bois flott\u00e9 ou p\u00e9trifi\u00e9)Dans chaque finition, nous proposoons plusieurs couleurs pour...\" \/>\n<meta property=\"og:url\" content=\"https:\/\/terrasse-mobile.net\/pt\/revestimentos-antigos\/composito-de-madeira-antigo\/lames-millboard-terrase-mobile-piscine-old\/\" \/>\n<meta property=\"og:site_name\" content=\"Terrasse mobile\" \/>\n<meta property=\"article:modified_time\" content=\"2024-10-01T13:07:56+00:00\" \/>\n<meta property=\"og:image\" content=\"https:\/\/terrasse-mobile.net\/wp-content\/uploads\/elementor\/thumbs\/resine-minerale-millboard-grain-fin-chene-ceruse-ambiance-piscine-qktksfkjr7efn89mkxvx0laisejtl72rhk64wqdwz0.jpeg\" \/>\n<meta name=\"twitter:card\" content=\"summary_large_image\" \/>\n<meta name=\"twitter:label1\" content=\"Tempo estimado de leitura\" \/>\n\t<meta name=\"twitter:data1\" content=\"3 minutos\" \/>\n<script type=\"application\/ld+json\" class=\"yoast-schema-graph\">{\"@context\":\"https:\\\/\\\/schema.org\",\"@graph\":[{\"@type\":\"WebPage\",\"@id\":\"https:\\\/\\\/terrasse-mobile.net\\\/revetements-old\\\/bois-composite-old\\\/lames-millboard-terrasse-mobile-piscine-old\\\/\",\"url\":\"https:\\\/\\\/terrasse-mobile.net\\\/revetements-old\\\/bois-composite-old\\\/lames-millboard-terrasse-mobile-piscine-old\\\/\",\"name\":\"Lames de terrasse Millboard pour terrasse mobile\",\"isPartOf\":{\"@id\":\"https:\\\/\\\/terrasse-mobile.net\\\/#website\"},\"primaryImageOfPage\":{\"@id\":\"https:\\\/\\\/terrasse-mobile.net\\\/revetements-old\\\/bois-composite-old\\\/lames-millboard-terrasse-mobile-piscine-old\\\/#primaryimage\"},\"image\":{\"@id\":\"https:\\\/\\\/terrasse-mobile.net\\\/revetements-old\\\/bois-composite-old\\\/lames-millboard-terrasse-mobile-piscine-old\\\/#primaryimage\"},\"thumbnailUrl\":\"https:\\\/\\\/terrasse-mobile.net\\\/wp-content\\\/uploads\\\/elementor\\\/thumbs\\\/resine-minerale-millboard-grain-fin-chene-ceruse-ambiance-piscine-qktksfkjr7efn89mkxvx0laisejtl72rhk64wqdwz0.jpeg\",\"datePublished\":\"2024-01-25T16:20:52+00:00\",\"dateModified\":\"2024-10-01T13:07:56+00:00\",\"breadcrumb\":{\"@id\":\"https:\\\/\\\/terrasse-mobile.net\\\/revetements-old\\\/bois-composite-old\\\/lames-millboard-terrasse-mobile-piscine-old\\\/#breadcrumb\"},\"inLanguage\":\"pt-PT\",\"potentialAction\":[{\"@type\":\"ReadAction\",\"target\":[\"https:\\\/\\\/terrasse-mobile.net\\\/revetements-old\\\/bois-composite-old\\\/lames-millboard-terrasse-mobile-piscine-old\\\/\"]}]},{\"@type\":\"ImageObject\",\"inLanguage\":\"pt-PT\",\"@id\":\"https:\\\/\\\/terrasse-mobile.net\\\/revetements-old\\\/bois-composite-old\\\/lames-millboard-terrasse-mobile-piscine-old\\\/#primaryimage\",\"url\":\"https:\\\/\\\/terrasse-mobile.net\\\/wp-content\\\/uploads\\\/elementor\\\/thumbs\\\/resine-minerale-millboard-grain-fin-chene-ceruse-ambiance-piscine-qktksfkjr7efn89mkxvx0laisejtl72rhk64wqdwz0.jpeg\",\"contentUrl\":\"https:\\\/\\\/terrasse-mobile.net\\\/wp-content\\\/uploads\\\/elementor\\\/thumbs\\\/resine-minerale-millboard-grain-fin-chene-ceruse-ambiance-piscine-qktksfkjr7efn89mkxvx0laisejtl72rhk64wqdwz0.jpeg\"},{\"@type\":\"BreadcrumbList\",\"@id\":\"https:\\\/\\\/terrasse-mobile.net\\\/revetements-old\\\/bois-composite-old\\\/lames-millboard-terrasse-mobile-piscine-old\\\/#breadcrumb\",\"itemListElement\":[{\"@type\":\"ListItem\",\"position\":1,\"name\":\"Accueil\",\"item\":\"https:\\\/\\\/terrasse-mobile.net\\\/\"},{\"@type\":\"ListItem\",\"position\":2,\"name\":\"LES REV\u00caTEMENTS SLIDEDECK OLD\",\"item\":\"https:\\\/\\\/terrasse-mobile.net\\\/revetements-old\\\/\"},{\"@type\":\"ListItem\",\"position\":3,\"name\":\"LES BOIS COMPOSITES old\",\"item\":\"https:\\\/\\\/terrasse-mobile.net\\\/revetements-old\\\/bois-composite-old\\\/\"},{\"@type\":\"ListItem\",\"position\":4,\"name\":\"BOIS COMPOSITE MILLBOARD old\"}]},{\"@type\":\"WebSite\",\"@id\":\"https:\\\/\\\/terrasse-mobile.net\\\/#website\",\"url\":\"https:\\\/\\\/terrasse-mobile.net\\\/\",\"name\":\"Slidedeck\",\"description\":\"Construction sur mesure de terrasses mobiles en \u00cele-de-France\",\"publisher\":{\"@id\":\"https:\\\/\\\/terrasse-mobile.net\\\/#organization\"},\"potentialAction\":[{\"@type\":\"SearchAction\",\"target\":{\"@type\":\"EntryPoint\",\"urlTemplate\":\"https:\\\/\\\/terrasse-mobile.net\\\/?s={search_term_string}\"},\"query-input\":{\"@type\":\"PropertyValueSpecification\",\"valueRequired\":true,\"valueName\":\"search_term_string\"}}],\"inLanguage\":\"pt-PT\"},{\"@type\":\"Organization\",\"@id\":\"https:\\\/\\\/terrasse-mobile.net\\\/#organization\",\"name\":\"Slidedeck\",\"url\":\"https:\\\/\\\/terrasse-mobile.net\\\/\",\"logo\":{\"@type\":\"ImageObject\",\"inLanguage\":\"pt-PT\",\"@id\":\"https:\\\/\\\/terrasse-mobile.net\\\/#\\\/schema\\\/logo\\\/image\\\/\",\"url\":\"https:\\\/\\\/terrasse-mobile.net\\\/wp-content\\\/uploads\\\/2024\\\/01\\\/logo-slidedeck.jpg\",\"contentUrl\":\"https:\\\/\\\/terrasse-mobile.net\\\/wp-content\\\/uploads\\\/2024\\\/01\\\/logo-slidedeck.jpg\",\"width\":2000,\"height\":1103,\"caption\":\"Slidedeck\"},\"image\":{\"@id\":\"https:\\\/\\\/terrasse-mobile.net\\\/#\\\/schema\\\/logo\\\/image\\\/\"}}]}<\/script>\n<!-- \/ Yoast SEO plugin. -->","yoast_head_json":{"title":"T\u00e1buas de deck de madeira para decks m\u00f3veis","robots":{"index":"index","follow":"follow","max-snippet":"max-snippet:-1","max-image-preview":"max-image-preview:large","max-video-preview":"max-video-preview:-1"},"canonical":"https:\/\/terrasse-mobile.net\/pt\/revestimentos-antigos\/composito-de-madeira-antigo\/lames-millboard-terrase-mobile-piscine-old\/","og_locale":"pt_PT","og_type":"article","og_title":"Lames de terrasse Millboard pour terrasse mobile","og_description":"Lames en bois composite Millboard pour terrasse mobile Les lames de terrasse Millboard sont propos\u00e9es en deux finitions: &#8211; le GRAIN FIN, comportant un \u00e9l\u00e9gant veinage imitant parfaitement le Ch\u00eane Massif&#8211; le GRAIN NATUREL (ou Rustique) imitant un bois d\u00e9j\u00e0 creus\u00e9 par le temps (bois flott\u00e9 ou p\u00e9trifi\u00e9)Dans chaque finition, nous proposoons plusieurs couleurs pour...","og_url":"https:\/\/terrasse-mobile.net\/pt\/revestimentos-antigos\/composito-de-madeira-antigo\/lames-millboard-terrase-mobile-piscine-old\/","og_site_name":"Terrasse mobile","article_modified_time":"2024-10-01T13:07:56+00:00","og_image":[{"url":"https:\/\/terrasse-mobile.net\/wp-content\/uploads\/elementor\/thumbs\/resine-minerale-millboard-grain-fin-chene-ceruse-ambiance-piscine-qktksfkjr7efn89mkxvx0laisejtl72rhk64wqdwz0.jpeg","type":"","width":"","height":""}],"twitter_card":"summary_large_image","twitter_misc":{"Tempo estimado de leitura":"3 minutos"},"schema":{"@context":"https:\/\/schema.org","@graph":[{"@type":"WebPage","@id":"https:\/\/terrasse-mobile.net\/revetements-old\/bois-composite-old\/lames-millboard-terrasse-mobile-piscine-old\/","url":"https:\/\/terrasse-mobile.net\/revetements-old\/bois-composite-old\/lames-millboard-terrasse-mobile-piscine-old\/","name":"T\u00e1buas de deck de madeira para decks m\u00f3veis","isPartOf":{"@id":"https:\/\/terrasse-mobile.net\/#website"},"primaryImageOfPage":{"@id":"https:\/\/terrasse-mobile.net\/revetements-old\/bois-composite-old\/lames-millboard-terrasse-mobile-piscine-old\/#primaryimage"},"image":{"@id":"https:\/\/terrasse-mobile.net\/revetements-old\/bois-composite-old\/lames-millboard-terrasse-mobile-piscine-old\/#primaryimage"},"thumbnailUrl":"https:\/\/terrasse-mobile.net\/wp-content\/uploads\/elementor\/thumbs\/resine-minerale-millboard-grain-fin-chene-ceruse-ambiance-piscine-qktksfkjr7efn89mkxvx0laisejtl72rhk64wqdwz0.jpeg","datePublished":"2024-01-25T16:20:52+00:00","dateModified":"2024-10-01T13:07:56+00:00","breadcrumb":{"@id":"https:\/\/terrasse-mobile.net\/revetements-old\/bois-composite-old\/lames-millboard-terrasse-mobile-piscine-old\/#breadcrumb"},"inLanguage":"pt-PT","potentialAction":[{"@type":"ReadAction","target":["https:\/\/terrasse-mobile.net\/revetements-old\/bois-composite-old\/lames-millboard-terrasse-mobile-piscine-old\/"]}]},{"@type":"ImageObject","inLanguage":"pt-PT","@id":"https:\/\/terrasse-mobile.net\/revetements-old\/bois-composite-old\/lames-millboard-terrasse-mobile-piscine-old\/#primaryimage","url":"https:\/\/terrasse-mobile.net\/wp-content\/uploads\/elementor\/thumbs\/resine-minerale-millboard-grain-fin-chene-ceruse-ambiance-piscine-qktksfkjr7efn89mkxvx0laisejtl72rhk64wqdwz0.jpeg","contentUrl":"https:\/\/terrasse-mobile.net\/wp-content\/uploads\/elementor\/thumbs\/resine-minerale-millboard-grain-fin-chene-ceruse-ambiance-piscine-qktksfkjr7efn89mkxvx0laisejtl72rhk64wqdwz0.jpeg"},{"@type":"BreadcrumbList","@id":"https:\/\/terrasse-mobile.net\/revetements-old\/bois-composite-old\/lames-millboard-terrasse-mobile-piscine-old\/#breadcrumb","itemListElement":[{"@type":"ListItem","position":1,"name":"Accueil","item":"https:\/\/terrasse-mobile.net\/"},{"@type":"ListItem","position":2,"name":"LES REV\u00caTEMENTS SLIDEDECK OLD","item":"https:\/\/terrasse-mobile.net\/revetements-old\/"},{"@type":"ListItem","position":3,"name":"LES BOIS COMPOSITES old","item":"https:\/\/terrasse-mobile.net\/revetements-old\/bois-composite-old\/"},{"@type":"ListItem","position":4,"name":"BOIS COMPOSITE MILLBOARD old"}]},{"@type":"WebSite","@id":"https:\/\/terrasse-mobile.net\/#website","url":"https:\/\/terrasse-mobile.net\/","name":"Slidedeck","description":"Terra\u00e7os m\u00f3veis constru\u00eddos \u00e0 medida na regi\u00e3o parisiense","publisher":{"@id":"https:\/\/terrasse-mobile.net\/#organization"},"potentialAction":[{"@type":"SearchAction","target":{"@type":"EntryPoint","urlTemplate":"https:\/\/terrasse-mobile.net\/?s={search_term_string}"},"query-input":{"@type":"PropertyValueSpecification","valueRequired":true,"valueName":"search_term_string"}}],"inLanguage":"pt-PT"},{"@type":"Organization","@id":"https:\/\/terrasse-mobile.net\/#organization","name":"Slidedeck","url":"https:\/\/terrasse-mobile.net\/","logo":{"@type":"ImageObject","inLanguage":"pt-PT","@id":"https:\/\/terrasse-mobile.net\/#\/schema\/logo\/image\/","url":"https:\/\/terrasse-mobile.net\/wp-content\/uploads\/2024\/01\/logo-slidedeck.jpg","contentUrl":"https:\/\/terrasse-mobile.net\/wp-content\/uploads\/2024\/01\/logo-slidedeck.jpg","width":2000,"height":1103,"caption":"Slidedeck"},"image":{"@id":"https:\/\/terrasse-mobile.net\/#\/schema\/logo\/image\/"}}]}},"_links":{"self":[{"href":"https:\/\/terrasse-mobile.net\/pt\/wp-json\/wp\/v2\/pages\/1947","targetHints":{"allow":["GET"]}}],"collection":[{"href":"https:\/\/terrasse-mobile.net\/pt\/wp-json\/wp\/v2\/pages"}],"about":[{"href":"https:\/\/terrasse-mobile.net\/pt\/wp-json\/wp\/v2\/types\/page"}],"author":[{"embeddable":true,"href":"https:\/\/terrasse-mobile.net\/pt\/wp-json\/wp\/v2\/users\/1"}],"replies":[{"embeddable":true,"href":"https:\/\/terrasse-mobile.net\/pt\/wp-json\/wp\/v2\/comments?post=1947"}],"version-history":[{"count":35,"href":"https:\/\/terrasse-mobile.net\/pt\/wp-json\/wp\/v2\/pages\/1947\/revisions"}],"predecessor-version":[{"id":5688,"href":"https:\/\/terrasse-mobile.net\/pt\/wp-json\/wp\/v2\/pages\/1947\/revisions\/5688"}],"up":[{"embeddable":true,"href":"https:\/\/terrasse-mobile.net\/pt\/wp-json\/wp\/v2\/pages\/1479"}],"wp:attachment":[{"href":"https:\/\/terrasse-mobile.net\/pt\/wp-json\/wp\/v2\/media?parent=1947"}],"wp:term":[{"taxonomy":"folder","embeddable":true,"href":"https:\/\/terrasse-mobile.net\/pt\/wp-json\/wp\/v2\/folder?post=1947"}],"curies":[{"name":"wp","href":"https:\/\/api.w.org\/{rel}","templated":true}]}}