{"id":2333,"date":"2024-02-01T10:58:50","date_gmt":"2024-02-01T09:58:44","guid":{"rendered":"https:\/\/terrasse-mobile.net\/?page_id=2333"},"modified":"2024-10-01T15:47:19","modified_gmt":"2024-10-01T13:47:19","slug":"terraco-deslizante-garantia-de-10-anos-antiga","status":"publish","type":"page","link":"https:\/\/terrasse-mobile.net\/pt\/installation-entretien-old\/terrasse-coulissante-garantie-10-ans-old\/","title":{"rendered":"INSTALA\u00c7\u00c3O DO TERRA\u00c7O M\u00d3VEL SLIDEDECK PELOS PROFISSIONAIS antigo"},"content":{"rendered":"<h1>O seu terra\u00e7o m\u00f3vel SlideDeck instalado por profissionais<\/h1>\n<p>O seu terra\u00e7o m\u00f3vel para piscina SlideDeck pode ser instalado pelos nossos profissionais. Aqui est\u00e1 um v\u00eddeo que explica a instala\u00e7\u00e3o DETALHADA do terra\u00e7o m\u00f3vel SlideDeck<\/p>\n<p>https:\/\/vimeo.com\/932896465?share=copy\t\t<\/p>\n<h2>Instala\u00e7\u00e3o das equipas Piscine Nature<\/h2>\n<p>SlideDeck foi concebido e desenvolvido pelas equipas de Piscine Nature, com sede em Chatou, em Yvelines. Podemos instalar o seu terra\u00e7o m\u00f3vel em toda a regi\u00e3o da Ile-de-France (nos departamentos 77, 78, 91, 92, 93, 94, 95 e 75). Para instalar o terra\u00e7o m\u00f3vel SlideDeck, \u00e9 necess\u00e1rio criar primeiro a pista. Este pode ser um terra\u00e7o de madeira ou de azulejos \u00e0 volta da piscina.<\/p>\n<p>Se o terra\u00e7o m\u00f3vel for deslocado sobre uma zona de terreno natural, normalmente em dire\u00e7\u00e3o ao jardim, ser\u00e1 necess\u00e1rio criar pistas para permitir que a piscina se desloque sem problemas. Em geral, estas pistas s\u00e3o criadas sob a forma de uma \u00absoleira\u00bb. Trata-se de um pequeno muro de bet\u00e3o que pode ser revestido com um deck ou azulejos. As calhas de rolamento s\u00e3o instaladas nesta soleira para garantir um movimento fi\u00e1vel. Estas soleiras podem ser instaladas pelo seu pedreiro.\u00a0<\/p>\n<p>Podemos, naturalmente, tratar de toda a instala\u00e7\u00e3o por si, ou seja<\/p>\n<ul>\n<li>Instalar as longarinas (e esperar que sequem), cobrir as longarinas com pavimento ou t\u00e1buas de deck<\/li>\n<li>Entregar o terra\u00e7o m\u00f3vel e construir a estrutura<\/li>\n<li>Instalar o revestimento: t\u00e1buas de deck em madeira ex\u00f3tica, comp\u00f3sito ou outros materiais.<\/li>\n<li>Finalmente, podemos instalar a motoriza\u00e7\u00e3o.<\/li>\n<\/ul>\n<p>Os nossos peritos est\u00e3o \u00e0 disposi\u00e7\u00e3o para realizar os trabalhos com os mais elevados padr\u00f5es de qualidade e dentro dos prazos.<\/p>\n<p>\t\t\t\t\t\t\t\t\t\t\t\t\t<img decoding=\"async\" width=\"743\" height=\"492\" src=\"https:\/\/terrasse-mobile.net\/wp-content\/uploads\/2024\/04\/SLIDEDECK-BERTAGNE00004.jpg\" alt=\"TERRA\u00c7O M\u00d3VEL COM PISCINA\" srcset=\"https:\/\/terrasse-mobile.net\/wp-content\/uploads\/2024\/04\/SLIDEDECK-BERTAGNE00004.jpg 743w, https:\/\/terrasse-mobile.net\/wp-content\/uploads\/2024\/04\/SLIDEDECK-BERTAGNE00004-300x199.jpg 300w\" sizes=\"(max-width: 743px) 100vw, 743px\" \/>\t\t\t\t\t\t\t\t\t\t\t\t\t<\/p>\n<h2>Um terra\u00e7o m\u00f3vel SlideDeck <br \/> fora da regi\u00e3o parisiense?<\/h2>\n<p>Se estiver fora da regi\u00e3o parisiense, ou se o seu terra\u00e7o m\u00f3vel tiver sido instalado por um construtor de piscinas, podemos entregar o nosso kit pronto a montar aos profissionais da sua escolha. Neste caso, a montagem pode ser efectuada pelo artes\u00e3o que trabalha para si. O nosso apoio t\u00e9cnico garante que a instala\u00e7\u00e3o seja efectuada nas melhores condi\u00e7\u00f5es poss\u00edveis.<\/p>\n<p>\t\t\t<a href=\"https:\/\/terrasse-mobile.net\/pt\/modelos\/\"><br \/>\n\t\t\t\t\t\tDESCUBRA AS GAMAS DE TERRA\u00c7OS M\u00d3VEIS SLIDEDECK<br \/>\n\t\t\t\t\t<\/a><\/p>","protected":false},"excerpt":{"rendered":"<p>Votre terrasse mobile SlideDeck install\u00e9e par des professionnels Votre terrasse mobile pour piscine SlideDeck peut \u00eatre install\u00e9e par nos professionnels. Voici une vid\u00e9o expliquant l&rsquo;installation D\u00c9TAILL\u00c9E de la terrasse mobile SlideDeck https:\/\/vimeo.com\/932896465?share=copy Installation par les \u00e9quipes Piscine Nature SlideDeck a \u00e9t\u00e9 con\u00e7u et d\u00e9velopp\u00e9 par les \u00e9quipes de Piscine Nature, install\u00e9 \u00e0 Chatou dans les&#8230;<\/p>","protected":false},"author":1,"featured_media":0,"parent":2653,"menu_order":0,"comment_status":"closed","ping_status":"closed","template":"","meta":{"_kad_post_transparent":"","_kad_post_title":"","_kad_post_layout":"","_kad_post_sidebar_id":"","_kad_post_content_style":"","_kad_post_vertical_padding":"","_kad_post_feature":"","_kad_post_feature_position":"","_kad_post_header":false,"_kad_post_footer":false,"_kad_post_classname":"","footnotes":""},"folder":[],"class_list":["post-2333","page","type-page","status-publish","hentry"],"yoast_head":"<!-- This site is optimized with the Yoast SEO plugin v27.5 - https:\/\/yoast.com\/product\/yoast-seo-wordpress\/ -->\n<title>Terrasse coulissante garantie 10 ans<\/title>\n<meta name=\"robots\" content=\"index, follow, max-snippet:-1, max-image-preview:large, max-video-preview:-1\" \/>\n<link rel=\"canonical\" href=\"https:\/\/terrasse-mobile.net\/pt\/instalacao-manutencao-antigo\/terraco-deslizante-garantia-de-10-anos-antiga\/\" \/>\n<meta property=\"og:locale\" content=\"pt_PT\" \/>\n<meta property=\"og:type\" content=\"article\" \/>\n<meta property=\"og:title\" content=\"Terrasse coulissante garantie 10 ans\" \/>\n<meta property=\"og:description\" content=\"Votre terrasse mobile SlideDeck install\u00e9e par des professionnels Votre terrasse mobile pour piscine SlideDeck peut \u00eatre install\u00e9e par nos professionnels. Voici une vid\u00e9o expliquant l&rsquo;installation D\u00c9TAILL\u00c9E de la terrasse mobile SlideDeck https:\/\/vimeo.com\/932896465?share=copy Installation par les \u00e9quipes Piscine Nature SlideDeck a \u00e9t\u00e9 con\u00e7u et d\u00e9velopp\u00e9 par les \u00e9quipes de Piscine Nature, install\u00e9 \u00e0 Chatou dans les...\" \/>\n<meta property=\"og:url\" content=\"https:\/\/terrasse-mobile.net\/pt\/instalacao-manutencao-antigo\/terraco-deslizante-garantia-de-10-anos-antiga\/\" \/>\n<meta property=\"og:site_name\" content=\"Terrasse mobile\" \/>\n<meta property=\"article:modified_time\" content=\"2024-10-01T13:47:19+00:00\" \/>\n<meta property=\"og:image\" content=\"https:\/\/terrasse-mobile.net\/wp-content\/uploads\/2024\/04\/SLIDEDECK-BERTAGNE00004.jpg\" \/>\n<meta name=\"twitter:card\" content=\"summary_large_image\" \/>\n<meta name=\"twitter:label1\" content=\"Tempo estimado de leitura\" \/>\n\t<meta name=\"twitter:data1\" content=\"3 minutos\" \/>\n<script type=\"application\/ld+json\" class=\"yoast-schema-graph\">{\"@context\":\"https:\\\/\\\/schema.org\",\"@graph\":[{\"@type\":\"WebPage\",\"@id\":\"https:\\\/\\\/terrasse-mobile.net\\\/installation-entretien-old\\\/terrasse-coulissante-garantie-10-ans-old\\\/\",\"url\":\"https:\\\/\\\/terrasse-mobile.net\\\/installation-entretien-old\\\/terrasse-coulissante-garantie-10-ans-old\\\/\",\"name\":\"Terrasse coulissante garantie 10 ans\",\"isPartOf\":{\"@id\":\"https:\\\/\\\/terrasse-mobile.net\\\/#website\"},\"primaryImageOfPage\":{\"@id\":\"https:\\\/\\\/terrasse-mobile.net\\\/installation-entretien-old\\\/terrasse-coulissante-garantie-10-ans-old\\\/#primaryimage\"},\"image\":{\"@id\":\"https:\\\/\\\/terrasse-mobile.net\\\/installation-entretien-old\\\/terrasse-coulissante-garantie-10-ans-old\\\/#primaryimage\"},\"thumbnailUrl\":\"https:\\\/\\\/terrasse-mobile.net\\\/wp-content\\\/uploads\\\/2024\\\/04\\\/SLIDEDECK-BERTAGNE00004.jpg\",\"datePublished\":\"2024-02-01T09:58:44+00:00\",\"dateModified\":\"2024-10-01T13:47:19+00:00\",\"breadcrumb\":{\"@id\":\"https:\\\/\\\/terrasse-mobile.net\\\/installation-entretien-old\\\/terrasse-coulissante-garantie-10-ans-old\\\/#breadcrumb\"},\"inLanguage\":\"pt-PT\",\"potentialAction\":[{\"@type\":\"ReadAction\",\"target\":[\"https:\\\/\\\/terrasse-mobile.net\\\/installation-entretien-old\\\/terrasse-coulissante-garantie-10-ans-old\\\/\"]}]},{\"@type\":\"ImageObject\",\"inLanguage\":\"pt-PT\",\"@id\":\"https:\\\/\\\/terrasse-mobile.net\\\/installation-entretien-old\\\/terrasse-coulissante-garantie-10-ans-old\\\/#primaryimage\",\"url\":\"https:\\\/\\\/terrasse-mobile.net\\\/wp-content\\\/uploads\\\/2024\\\/04\\\/SLIDEDECK-BERTAGNE00004.jpg\",\"contentUrl\":\"https:\\\/\\\/terrasse-mobile.net\\\/wp-content\\\/uploads\\\/2024\\\/04\\\/SLIDEDECK-BERTAGNE00004.jpg\"},{\"@type\":\"BreadcrumbList\",\"@id\":\"https:\\\/\\\/terrasse-mobile.net\\\/installation-entretien-old\\\/terrasse-coulissante-garantie-10-ans-old\\\/#breadcrumb\",\"itemListElement\":[{\"@type\":\"ListItem\",\"position\":1,\"name\":\"Accueil\",\"item\":\"https:\\\/\\\/terrasse-mobile.net\\\/\"},{\"@type\":\"ListItem\",\"position\":2,\"name\":\"INSTALLATION ET ENTRETIEN DE LA TERRASSE MOBILE SLIDEDECK old\",\"item\":\"https:\\\/\\\/terrasse-mobile.net\\\/installation-entretien-old\\\/\"},{\"@type\":\"ListItem\",\"position\":3,\"name\":\"INSTALLATION DE LA TERRASSE MOBILE SLIDEDECK PAR DES PROFESSIONNELS old\"}]},{\"@type\":\"WebSite\",\"@id\":\"https:\\\/\\\/terrasse-mobile.net\\\/#website\",\"url\":\"https:\\\/\\\/terrasse-mobile.net\\\/\",\"name\":\"Slidedeck\",\"description\":\"Construction sur mesure de terrasses mobiles en \u00cele-de-France\",\"publisher\":{\"@id\":\"https:\\\/\\\/terrasse-mobile.net\\\/#organization\"},\"potentialAction\":[{\"@type\":\"SearchAction\",\"target\":{\"@type\":\"EntryPoint\",\"urlTemplate\":\"https:\\\/\\\/terrasse-mobile.net\\\/?s={search_term_string}\"},\"query-input\":{\"@type\":\"PropertyValueSpecification\",\"valueRequired\":true,\"valueName\":\"search_term_string\"}}],\"inLanguage\":\"pt-PT\"},{\"@type\":\"Organization\",\"@id\":\"https:\\\/\\\/terrasse-mobile.net\\\/#organization\",\"name\":\"Slidedeck\",\"url\":\"https:\\\/\\\/terrasse-mobile.net\\\/\",\"logo\":{\"@type\":\"ImageObject\",\"inLanguage\":\"pt-PT\",\"@id\":\"https:\\\/\\\/terrasse-mobile.net\\\/#\\\/schema\\\/logo\\\/image\\\/\",\"url\":\"https:\\\/\\\/terrasse-mobile.net\\\/wp-content\\\/uploads\\\/2024\\\/01\\\/logo-slidedeck.jpg\",\"contentUrl\":\"https:\\\/\\\/terrasse-mobile.net\\\/wp-content\\\/uploads\\\/2024\\\/01\\\/logo-slidedeck.jpg\",\"width\":2000,\"height\":1103,\"caption\":\"Slidedeck\"},\"image\":{\"@id\":\"https:\\\/\\\/terrasse-mobile.net\\\/#\\\/schema\\\/logo\\\/image\\\/\"}}]}<\/script>\n<!-- \/ Yoast SEO plugin. -->","yoast_head_json":{"title":"P\u00e1tio deslizante com 10 anos de garantia","robots":{"index":"index","follow":"follow","max-snippet":"max-snippet:-1","max-image-preview":"max-image-preview:large","max-video-preview":"max-video-preview:-1"},"canonical":"https:\/\/terrasse-mobile.net\/pt\/instalacao-manutencao-antigo\/terraco-deslizante-garantia-de-10-anos-antiga\/","og_locale":"pt_PT","og_type":"article","og_title":"Terrasse coulissante garantie 10 ans","og_description":"Votre terrasse mobile SlideDeck install\u00e9e par des professionnels Votre terrasse mobile pour piscine SlideDeck peut \u00eatre install\u00e9e par nos professionnels. Voici une vid\u00e9o expliquant l&rsquo;installation D\u00c9TAILL\u00c9E de la terrasse mobile SlideDeck https:\/\/vimeo.com\/932896465?share=copy Installation par les \u00e9quipes Piscine Nature SlideDeck a \u00e9t\u00e9 con\u00e7u et d\u00e9velopp\u00e9 par les \u00e9quipes de Piscine Nature, install\u00e9 \u00e0 Chatou dans les...","og_url":"https:\/\/terrasse-mobile.net\/pt\/instalacao-manutencao-antigo\/terraco-deslizante-garantia-de-10-anos-antiga\/","og_site_name":"Terrasse mobile","article_modified_time":"2024-10-01T13:47:19+00:00","og_image":[{"url":"https:\/\/terrasse-mobile.net\/wp-content\/uploads\/2024\/04\/SLIDEDECK-BERTAGNE00004.jpg","type":"","width":"","height":""}],"twitter_card":"summary_large_image","twitter_misc":{"Tempo estimado de leitura":"3 minutos"},"schema":{"@context":"https:\/\/schema.org","@graph":[{"@type":"WebPage","@id":"https:\/\/terrasse-mobile.net\/installation-entretien-old\/terrasse-coulissante-garantie-10-ans-old\/","url":"https:\/\/terrasse-mobile.net\/installation-entretien-old\/terrasse-coulissante-garantie-10-ans-old\/","name":"P\u00e1tio deslizante com 10 anos de garantia","isPartOf":{"@id":"https:\/\/terrasse-mobile.net\/#website"},"primaryImageOfPage":{"@id":"https:\/\/terrasse-mobile.net\/installation-entretien-old\/terrasse-coulissante-garantie-10-ans-old\/#primaryimage"},"image":{"@id":"https:\/\/terrasse-mobile.net\/installation-entretien-old\/terrasse-coulissante-garantie-10-ans-old\/#primaryimage"},"thumbnailUrl":"https:\/\/terrasse-mobile.net\/wp-content\/uploads\/2024\/04\/SLIDEDECK-BERTAGNE00004.jpg","datePublished":"2024-02-01T09:58:44+00:00","dateModified":"2024-10-01T13:47:19+00:00","breadcrumb":{"@id":"https:\/\/terrasse-mobile.net\/installation-entretien-old\/terrasse-coulissante-garantie-10-ans-old\/#breadcrumb"},"inLanguage":"pt-PT","potentialAction":[{"@type":"ReadAction","target":["https:\/\/terrasse-mobile.net\/installation-entretien-old\/terrasse-coulissante-garantie-10-ans-old\/"]}]},{"@type":"ImageObject","inLanguage":"pt-PT","@id":"https:\/\/terrasse-mobile.net\/installation-entretien-old\/terrasse-coulissante-garantie-10-ans-old\/#primaryimage","url":"https:\/\/terrasse-mobile.net\/wp-content\/uploads\/2024\/04\/SLIDEDECK-BERTAGNE00004.jpg","contentUrl":"https:\/\/terrasse-mobile.net\/wp-content\/uploads\/2024\/04\/SLIDEDECK-BERTAGNE00004.jpg"},{"@type":"BreadcrumbList","@id":"https:\/\/terrasse-mobile.net\/installation-entretien-old\/terrasse-coulissante-garantie-10-ans-old\/#breadcrumb","itemListElement":[{"@type":"ListItem","position":1,"name":"Accueil","item":"https:\/\/terrasse-mobile.net\/"},{"@type":"ListItem","position":2,"name":"INSTALLATION ET ENTRETIEN DE LA TERRASSE MOBILE SLIDEDECK old","item":"https:\/\/terrasse-mobile.net\/installation-entretien-old\/"},{"@type":"ListItem","position":3,"name":"INSTALLATION DE LA TERRASSE MOBILE SLIDEDECK PAR DES PROFESSIONNELS old"}]},{"@type":"WebSite","@id":"https:\/\/terrasse-mobile.net\/#website","url":"https:\/\/terrasse-mobile.net\/","name":"Slidedeck","description":"Terra\u00e7os m\u00f3veis constru\u00eddos \u00e0 medida na regi\u00e3o parisiense","publisher":{"@id":"https:\/\/terrasse-mobile.net\/#organization"},"potentialAction":[{"@type":"SearchAction","target":{"@type":"EntryPoint","urlTemplate":"https:\/\/terrasse-mobile.net\/?s={search_term_string}"},"query-input":{"@type":"PropertyValueSpecification","valueRequired":true,"valueName":"search_term_string"}}],"inLanguage":"pt-PT"},{"@type":"Organization","@id":"https:\/\/terrasse-mobile.net\/#organization","name":"Slidedeck","url":"https:\/\/terrasse-mobile.net\/","logo":{"@type":"ImageObject","inLanguage":"pt-PT","@id":"https:\/\/terrasse-mobile.net\/#\/schema\/logo\/image\/","url":"https:\/\/terrasse-mobile.net\/wp-content\/uploads\/2024\/01\/logo-slidedeck.jpg","contentUrl":"https:\/\/terrasse-mobile.net\/wp-content\/uploads\/2024\/01\/logo-slidedeck.jpg","width":2000,"height":1103,"caption":"Slidedeck"},"image":{"@id":"https:\/\/terrasse-mobile.net\/#\/schema\/logo\/image\/"}}]}},"_links":{"self":[{"href":"https:\/\/terrasse-mobile.net\/pt\/wp-json\/wp\/v2\/pages\/2333","targetHints":{"allow":["GET"]}}],"collection":[{"href":"https:\/\/terrasse-mobile.net\/pt\/wp-json\/wp\/v2\/pages"}],"about":[{"href":"https:\/\/terrasse-mobile.net\/pt\/wp-json\/wp\/v2\/types\/page"}],"author":[{"embeddable":true,"href":"https:\/\/terrasse-mobile.net\/pt\/wp-json\/wp\/v2\/users\/1"}],"replies":[{"embeddable":true,"href":"https:\/\/terrasse-mobile.net\/pt\/wp-json\/wp\/v2\/comments?post=2333"}],"version-history":[{"count":47,"href":"https:\/\/terrasse-mobile.net\/pt\/wp-json\/wp\/v2\/pages\/2333\/revisions"}],"predecessor-version":[{"id":5714,"href":"https:\/\/terrasse-mobile.net\/pt\/wp-json\/wp\/v2\/pages\/2333\/revisions\/5714"}],"up":[{"embeddable":true,"href":"https:\/\/terrasse-mobile.net\/pt\/wp-json\/wp\/v2\/pages\/2653"}],"wp:attachment":[{"href":"https:\/\/terrasse-mobile.net\/pt\/wp-json\/wp\/v2\/media?parent=2333"}],"wp:term":[{"taxonomy":"folder","embeddable":true,"href":"https:\/\/terrasse-mobile.net\/pt\/wp-json\/wp\/v2\/folder?post=2333"}],"curies":[{"name":"wp","href":"https:\/\/api.w.org\/{rel}","templated":true}]}}