{"id":2353,"date":"2024-02-01T12:18:50","date_gmt":"2024-02-01T11:18:01","guid":{"rendered":"https:\/\/terrasse-mobile.net\/?page_id=2353"},"modified":"2024-10-01T15:50:16","modified_gmt":"2024-10-01T13:50:16","slug":"coberturas-deslizantes-para-piscinas-antigas","status":"publish","type":"page","link":"https:\/\/terrasse-mobile.net\/pt\/protections-piscine-old\/abris-coulissants-pour-piscine-old\/","title":{"rendered":"abrigos de piscina antigos"},"content":{"rendered":"<h1>Coberturas de piscina<\/h1>\n<p>\t\t\t\t\t\t\t\t\t\t\t\t\t<img decoding=\"async\" width=\"760\" height=\"530\" src=\"https:\/\/terrasse-mobile.net\/wp-content\/uploads\/2024\/02\/Abris-piscine-Nature-07.jpg\" alt=\"cercas para piscinas\" srcset=\"https:\/\/terrasse-mobile.net\/wp-content\/uploads\/2024\/02\/Abris-piscine-Nature-07.jpg 760w, https:\/\/terrasse-mobile.net\/wp-content\/uploads\/2024\/02\/Abris-piscine-Nature-07-300x209.jpg 300w\" sizes=\"(max-width: 760px) 100vw, 760px\" \/>\t\t\t\t\t\t\t\t\t\t\t\t\t<\/p>\n<h2>O recinto ideal para a piscina<br \/>\n<\/h2>\n<p>Um recinto de piscina \u00e9 um elemento de <strong style=\"font-size: 16px;\">seguran\u00e7a<\/strong> e <strong style=\"font-size: 16px;\">conforto<\/strong> para piscinas enterradas ou parcialmente enterradas. Existem v\u00e1rios tipos de cercas para piscinas: rectas, arredondadas, estrutura de madeira, pain\u00e9is de plexiglas, m\u00f3dulos deslizantes... Fa\u00e7a a sua escolha em fun\u00e7\u00e3o das suas necessidades e desejos.\u00a0<\/p>\n<p>Uma cobertura de piscina prolonga a \u00e9poca da piscina (mais ou menos em fun\u00e7\u00e3o da altura da cobertura) <strong>aumenta a temperatura da \u00e1gua e do ar<\/strong>, de forma simples e gratuita.<\/p>\n<p>Uma cobertura para piscina \u00e9 ideal para quem quer desfrutar da sua piscina independentemente das condi\u00e7\u00f5es climat\u00e9ricas. Quer seja baixa, m\u00e9dia ou alta, uma cobertura de piscina protege o acesso \u00e0 piscina e constitui uma barreira contra o sol. <strong>Prote\u00e7\u00e3o UV<\/strong>. A nossa gama de modelos oferece-lhe uma grande variedade de op\u00e7\u00f5es para encontrar o modelo certo para si.\u00a0<\/p>\n<p>Opt\u00e1mos por trabalhar com um l\u00edder de mercado, <strong>Aquacomet<\/strong>. As suas cercas para piscinas s\u00e3o fabricadas por pessoal altamente qualificado e experiente, com mais de 20 anos de experi\u00eancia, utilizando tecnologias avan\u00e7adas. A Aquacomet orgulha-se de manter a tradi\u00e7\u00e3o artesanal. A nossa gama de cerramentos para piscinas permite-lhe encontrar facilmente o cerramento para piscinas ideal para si. <strong>a estrutura correta para a sua casa e jardim<\/strong>, em termos de cor e design.<\/p>\n<p>\t\t\t\t\t\t\t\t\t\t\t\t\t<img decoding=\"async\" width=\"765\" height=\"574\" src=\"https:\/\/terrasse-mobile.net\/wp-content\/uploads\/2024\/02\/Abris-piscine-Nature-026.jpg\" alt=\"cercas para piscinas\" srcset=\"https:\/\/terrasse-mobile.net\/wp-content\/uploads\/2024\/02\/Abris-piscine-Nature-026.jpg 765w, https:\/\/terrasse-mobile.net\/wp-content\/uploads\/2024\/02\/Abris-piscine-Nature-026-300x225.jpg 300w\" sizes=\"(max-width: 765px) 100vw, 765px\" \/><br \/>\n\t\t\t\t\t\t\t\t\t\t\t\t\t<img decoding=\"async\" width=\"800\" height=\"534\" src=\"https:\/\/terrasse-mobile.net\/wp-content\/uploads\/2024\/02\/Abris-piscine-Nature-043-1.jpg\" alt=\"\" srcset=\"https:\/\/terrasse-mobile.net\/wp-content\/uploads\/2024\/02\/Abris-piscine-Nature-043-1.jpg 1000w, https:\/\/terrasse-mobile.net\/wp-content\/uploads\/2024\/02\/Abris-piscine-Nature-043-1-300x200.jpg 300w, https:\/\/terrasse-mobile.net\/wp-content\/uploads\/2024\/02\/Abris-piscine-Nature-043-1-768x512.jpg 768w\" sizes=\"(max-width: 800px) 100vw, 800px\" \/>\t\t\t\t\t\t\t\t\t\t\t\t\t<\/p>\n<h2>Um recinto de piscina preserva a qualidade da \u00e1gua<br \/>\n<\/h2>\n<p>Cobrir a sua piscina evita que as folhas mortas, o p\u00f3 e os insectos se depositem na \u00e1gua e interfiram com a nata\u00e7\u00e3o. Uma cobertura de piscina \u00e9 um <strong style=\"font-size: 16px;\">um verdadeiro escudo<\/strong> que lhe permite ter um <strong style=\"font-size: 16px;\">\u00e1gua limpa<\/strong> e <strong style=\"font-size: 16px;\">pr\u00f3prio<\/strong> em qualquer altura do ano. \u00c9 uma verdadeira vantagem que lhe permite dedicar <strong style=\"font-size: 16px;\">menos tempo e esfor\u00e7o gastos na manuten\u00e7\u00e3o<\/strong> da sua piscina, mantendo a \u00e1gua l\u00edmpida e azul, independentemente das condi\u00e7\u00f5es climat\u00e9ricas.<\/p>\n<h2>Uma cobertura de piscina mant\u00e9m a piscina quente<br \/>\n<\/h2>\n<p>\t\t\u00a0Uma cobertura de piscina tem a vantagem de manter a \u00e1gua da sua piscina \u00e0 temperatura correta, o que \u00e9 mais dif\u00edcil com uma piscina aberta no solo. Isolamento t\u00e9rmico <strong>evitar<\/strong> <strong>em<\/strong> <strong>efeito<\/strong> <strong>a<\/strong> <strong>perdas de calor<\/strong>, Isto deve-se ao facto de o ar por cima da piscina ficar confinado a um pequeno espa\u00e7o. Esta cobertura pode tamb\u00e9m ajudar a poupar alguns graus gra\u00e7as a um efeito de estufa. A cobertura para piscina oferece um conforto apreci\u00e1vel, permitindo poupar dinheiro. <strong>poupan\u00e7a de energia<\/strong> quando o outono chegar.\t\t<\/p>\n<h2>Um recinto de piscina significa menos evapora\u00e7\u00e3o<br \/>\n<\/h2>\n<p>Uma piscina ao ar livre perde uma percentagem significativa do seu volume de \u00e1gua todos os anos, devido \u00e0 evapora\u00e7\u00e3o do sol e do vento. Visitar <strong style=\"color: var( --e-global-color-b28222d ); font-family: var( --e-global-typography-690289a-font-family ), Sans-serif; font-size: var( --e-global-typography-690289a-font-size ); letter-spacing: var( --e-global-typography-690289a-letter-spacing ); word-spacing: var( --e-global-typography-690289a-word-spacing );\">proteger a sua piscina das correntes de ar<\/strong> e raios gra\u00e7as a um <strong style=\"color: var( --e-global-color-b28222d ); font-family: var( --e-global-typography-690289a-font-family ), Sans-serif; font-size: var( --e-global-typography-690289a-font-size ); letter-spacing: var( --e-global-typography-690289a-letter-spacing ); word-spacing: var( --e-global-typography-690289a-word-spacing );\">Filtro UV<\/strong>, Isto significa que pode limitar a perda de \u00e1gua e a evapora\u00e7\u00e3o, o que se traduz em poupan\u00e7as reais na sua fatura de \u00e1gua a longo prazo.<\/p>\n<p>\t\t\t<a href=\"https:\/\/piscines.oxatis.com\/types-abris-piscine.htm\"><br \/>\n\t\t\t\t\t\tSABER MAIS SOBRE AS CERCAS PARA PISCINAS<br \/>\n\t\t\t\t\t<\/a><\/p>","protected":false},"excerpt":{"rendered":"<p>Les abris pour piscine Les abris id\u00e9als pour piscine Un abri de piscine est un \u00e9l\u00e9ment de s\u00e9curit\u00e9 et de confort pour les piscines creus\u00e9es ou partiellement creus\u00e9es. Les types d\u2019abris de piscine sont nombreux : droit, arrondi, structure en bois, vitres en plexiglas, modules coulissants\u2026 Faites votre choix selon vos besoins et envies.\u00a0 L\u2019abri&#8230;<\/p>","protected":false},"author":1,"featured_media":0,"parent":2424,"menu_order":1,"comment_status":"closed","ping_status":"closed","template":"","meta":{"_kad_post_transparent":"","_kad_post_title":"","_kad_post_layout":"","_kad_post_sidebar_id":"","_kad_post_content_style":"","_kad_post_vertical_padding":"","_kad_post_feature":"","_kad_post_feature_position":"","_kad_post_header":false,"_kad_post_footer":false,"_kad_post_classname":"","footnotes":""},"folder":[],"class_list":["post-2353","page","type-page","status-publish","hentry"],"yoast_head":"<!-- This site is optimized with the Yoast SEO plugin v27.5 - https:\/\/yoast.com\/product\/yoast-seo-wordpress\/ -->\n<title>L&#039;abri couilssant pour piscine<\/title>\n<meta name=\"robots\" content=\"index, follow, max-snippet:-1, max-image-preview:large, max-video-preview:-1\" \/>\n<link rel=\"canonical\" href=\"https:\/\/terrasse-mobile.net\/pt\/proteccoes-piscine-old\/coberturas-deslizantes-para-piscinas-antigas\/\" \/>\n<meta property=\"og:locale\" content=\"pt_PT\" \/>\n<meta property=\"og:type\" content=\"article\" \/>\n<meta property=\"og:title\" content=\"L&#039;abri couilssant pour piscine\" \/>\n<meta property=\"og:description\" content=\"Les abris pour piscine Les abris id\u00e9als pour piscine Un abri de piscine est un \u00e9l\u00e9ment de s\u00e9curit\u00e9 et de confort pour les piscines creus\u00e9es ou partiellement creus\u00e9es. Les types d\u2019abris de piscine sont nombreux : droit, arrondi, structure en bois, vitres en plexiglas, modules coulissants\u2026 Faites votre choix selon vos besoins et envies.\u00a0 L\u2019abri...\" \/>\n<meta property=\"og:url\" content=\"https:\/\/terrasse-mobile.net\/pt\/proteccoes-piscine-old\/coberturas-deslizantes-para-piscinas-antigas\/\" \/>\n<meta property=\"og:site_name\" content=\"Terrasse mobile\" \/>\n<meta property=\"article:modified_time\" content=\"2024-10-01T13:50:16+00:00\" \/>\n<meta property=\"og:image\" content=\"https:\/\/terrasse-mobile.net\/wp-content\/uploads\/2024\/02\/Abris-piscine-Nature-07.jpg\" \/>\n<meta name=\"twitter:card\" content=\"summary_large_image\" \/>\n<meta name=\"twitter:label1\" content=\"Tempo estimado de leitura\" \/>\n\t<meta name=\"twitter:data1\" content=\"3 minutos\" \/>\n<script type=\"application\/ld+json\" class=\"yoast-schema-graph\">{\"@context\":\"https:\\\/\\\/schema.org\",\"@graph\":[{\"@type\":\"WebPage\",\"@id\":\"https:\\\/\\\/terrasse-mobile.net\\\/protections-piscine-old\\\/abris-coulissants-pour-piscine-old\\\/\",\"url\":\"https:\\\/\\\/terrasse-mobile.net\\\/protections-piscine-old\\\/abris-coulissants-pour-piscine-old\\\/\",\"name\":\"L'abri couilssant pour piscine\",\"isPartOf\":{\"@id\":\"https:\\\/\\\/terrasse-mobile.net\\\/#website\"},\"primaryImageOfPage\":{\"@id\":\"https:\\\/\\\/terrasse-mobile.net\\\/protections-piscine-old\\\/abris-coulissants-pour-piscine-old\\\/#primaryimage\"},\"image\":{\"@id\":\"https:\\\/\\\/terrasse-mobile.net\\\/protections-piscine-old\\\/abris-coulissants-pour-piscine-old\\\/#primaryimage\"},\"thumbnailUrl\":\"https:\\\/\\\/terrasse-mobile.net\\\/wp-content\\\/uploads\\\/2024\\\/02\\\/Abris-piscine-Nature-07.jpg\",\"datePublished\":\"2024-02-01T11:18:01+00:00\",\"dateModified\":\"2024-10-01T13:50:16+00:00\",\"breadcrumb\":{\"@id\":\"https:\\\/\\\/terrasse-mobile.net\\\/protections-piscine-old\\\/abris-coulissants-pour-piscine-old\\\/#breadcrumb\"},\"inLanguage\":\"pt-PT\",\"potentialAction\":[{\"@type\":\"ReadAction\",\"target\":[\"https:\\\/\\\/terrasse-mobile.net\\\/protections-piscine-old\\\/abris-coulissants-pour-piscine-old\\\/\"]}]},{\"@type\":\"ImageObject\",\"inLanguage\":\"pt-PT\",\"@id\":\"https:\\\/\\\/terrasse-mobile.net\\\/protections-piscine-old\\\/abris-coulissants-pour-piscine-old\\\/#primaryimage\",\"url\":\"https:\\\/\\\/terrasse-mobile.net\\\/wp-content\\\/uploads\\\/2024\\\/02\\\/Abris-piscine-Nature-07.jpg\",\"contentUrl\":\"https:\\\/\\\/terrasse-mobile.net\\\/wp-content\\\/uploads\\\/2024\\\/02\\\/Abris-piscine-Nature-07.jpg\"},{\"@type\":\"BreadcrumbList\",\"@id\":\"https:\\\/\\\/terrasse-mobile.net\\\/protections-piscine-old\\\/abris-coulissants-pour-piscine-old\\\/#breadcrumb\",\"itemListElement\":[{\"@type\":\"ListItem\",\"position\":1,\"name\":\"Accueil\",\"item\":\"https:\\\/\\\/terrasse-mobile.net\\\/\"},{\"@type\":\"ListItem\",\"position\":2,\"name\":\"LES AUTRES SOLUTIONS DE COUVERTURE DE PISCINE old\",\"item\":\"https:\\\/\\\/terrasse-mobile.net\\\/protections-piscine-old\\\/\"},{\"@type\":\"ListItem\",\"position\":3,\"name\":\"LES ABRIS POUR PISCINE old\"}]},{\"@type\":\"WebSite\",\"@id\":\"https:\\\/\\\/terrasse-mobile.net\\\/#website\",\"url\":\"https:\\\/\\\/terrasse-mobile.net\\\/\",\"name\":\"Slidedeck\",\"description\":\"Construction sur mesure de terrasses mobiles en \u00cele-de-France\",\"publisher\":{\"@id\":\"https:\\\/\\\/terrasse-mobile.net\\\/#organization\"},\"potentialAction\":[{\"@type\":\"SearchAction\",\"target\":{\"@type\":\"EntryPoint\",\"urlTemplate\":\"https:\\\/\\\/terrasse-mobile.net\\\/?s={search_term_string}\"},\"query-input\":{\"@type\":\"PropertyValueSpecification\",\"valueRequired\":true,\"valueName\":\"search_term_string\"}}],\"inLanguage\":\"pt-PT\"},{\"@type\":\"Organization\",\"@id\":\"https:\\\/\\\/terrasse-mobile.net\\\/#organization\",\"name\":\"Slidedeck\",\"url\":\"https:\\\/\\\/terrasse-mobile.net\\\/\",\"logo\":{\"@type\":\"ImageObject\",\"inLanguage\":\"pt-PT\",\"@id\":\"https:\\\/\\\/terrasse-mobile.net\\\/#\\\/schema\\\/logo\\\/image\\\/\",\"url\":\"https:\\\/\\\/terrasse-mobile.net\\\/wp-content\\\/uploads\\\/2024\\\/01\\\/logo-slidedeck.jpg\",\"contentUrl\":\"https:\\\/\\\/terrasse-mobile.net\\\/wp-content\\\/uploads\\\/2024\\\/01\\\/logo-slidedeck.jpg\",\"width\":2000,\"height\":1103,\"caption\":\"Slidedeck\"},\"image\":{\"@id\":\"https:\\\/\\\/terrasse-mobile.net\\\/#\\\/schema\\\/logo\\\/image\\\/\"}}]}<\/script>\n<!-- \/ Yoast SEO plugin. -->","yoast_head_json":{"title":"Recinto de piscina almofadado","robots":{"index":"index","follow":"follow","max-snippet":"max-snippet:-1","max-image-preview":"max-image-preview:large","max-video-preview":"max-video-preview:-1"},"canonical":"https:\/\/terrasse-mobile.net\/pt\/proteccoes-piscine-old\/coberturas-deslizantes-para-piscinas-antigas\/","og_locale":"pt_PT","og_type":"article","og_title":"L'abri couilssant pour piscine","og_description":"Les abris pour piscine Les abris id\u00e9als pour piscine Un abri de piscine est un \u00e9l\u00e9ment de s\u00e9curit\u00e9 et de confort pour les piscines creus\u00e9es ou partiellement creus\u00e9es. Les types d\u2019abris de piscine sont nombreux : droit, arrondi, structure en bois, vitres en plexiglas, modules coulissants\u2026 Faites votre choix selon vos besoins et envies.\u00a0 L\u2019abri...","og_url":"https:\/\/terrasse-mobile.net\/pt\/proteccoes-piscine-old\/coberturas-deslizantes-para-piscinas-antigas\/","og_site_name":"Terrasse mobile","article_modified_time":"2024-10-01T13:50:16+00:00","og_image":[{"url":"https:\/\/terrasse-mobile.net\/wp-content\/uploads\/2024\/02\/Abris-piscine-Nature-07.jpg","type":"","width":"","height":""}],"twitter_card":"summary_large_image","twitter_misc":{"Tempo estimado de leitura":"3 minutos"},"schema":{"@context":"https:\/\/schema.org","@graph":[{"@type":"WebPage","@id":"https:\/\/terrasse-mobile.net\/protections-piscine-old\/abris-coulissants-pour-piscine-old\/","url":"https:\/\/terrasse-mobile.net\/protections-piscine-old\/abris-coulissants-pour-piscine-old\/","name":"Recinto de piscina almofadado","isPartOf":{"@id":"https:\/\/terrasse-mobile.net\/#website"},"primaryImageOfPage":{"@id":"https:\/\/terrasse-mobile.net\/protections-piscine-old\/abris-coulissants-pour-piscine-old\/#primaryimage"},"image":{"@id":"https:\/\/terrasse-mobile.net\/protections-piscine-old\/abris-coulissants-pour-piscine-old\/#primaryimage"},"thumbnailUrl":"https:\/\/terrasse-mobile.net\/wp-content\/uploads\/2024\/02\/Abris-piscine-Nature-07.jpg","datePublished":"2024-02-01T11:18:01+00:00","dateModified":"2024-10-01T13:50:16+00:00","breadcrumb":{"@id":"https:\/\/terrasse-mobile.net\/protections-piscine-old\/abris-coulissants-pour-piscine-old\/#breadcrumb"},"inLanguage":"pt-PT","potentialAction":[{"@type":"ReadAction","target":["https:\/\/terrasse-mobile.net\/protections-piscine-old\/abris-coulissants-pour-piscine-old\/"]}]},{"@type":"ImageObject","inLanguage":"pt-PT","@id":"https:\/\/terrasse-mobile.net\/protections-piscine-old\/abris-coulissants-pour-piscine-old\/#primaryimage","url":"https:\/\/terrasse-mobile.net\/wp-content\/uploads\/2024\/02\/Abris-piscine-Nature-07.jpg","contentUrl":"https:\/\/terrasse-mobile.net\/wp-content\/uploads\/2024\/02\/Abris-piscine-Nature-07.jpg"},{"@type":"BreadcrumbList","@id":"https:\/\/terrasse-mobile.net\/protections-piscine-old\/abris-coulissants-pour-piscine-old\/#breadcrumb","itemListElement":[{"@type":"ListItem","position":1,"name":"Accueil","item":"https:\/\/terrasse-mobile.net\/"},{"@type":"ListItem","position":2,"name":"LES AUTRES SOLUTIONS DE COUVERTURE DE PISCINE old","item":"https:\/\/terrasse-mobile.net\/protections-piscine-old\/"},{"@type":"ListItem","position":3,"name":"LES ABRIS POUR PISCINE old"}]},{"@type":"WebSite","@id":"https:\/\/terrasse-mobile.net\/#website","url":"https:\/\/terrasse-mobile.net\/","name":"Slidedeck","description":"Terra\u00e7os m\u00f3veis constru\u00eddos \u00e0 medida na regi\u00e3o parisiense","publisher":{"@id":"https:\/\/terrasse-mobile.net\/#organization"},"potentialAction":[{"@type":"SearchAction","target":{"@type":"EntryPoint","urlTemplate":"https:\/\/terrasse-mobile.net\/?s={search_term_string}"},"query-input":{"@type":"PropertyValueSpecification","valueRequired":true,"valueName":"search_term_string"}}],"inLanguage":"pt-PT"},{"@type":"Organization","@id":"https:\/\/terrasse-mobile.net\/#organization","name":"Slidedeck","url":"https:\/\/terrasse-mobile.net\/","logo":{"@type":"ImageObject","inLanguage":"pt-PT","@id":"https:\/\/terrasse-mobile.net\/#\/schema\/logo\/image\/","url":"https:\/\/terrasse-mobile.net\/wp-content\/uploads\/2024\/01\/logo-slidedeck.jpg","contentUrl":"https:\/\/terrasse-mobile.net\/wp-content\/uploads\/2024\/01\/logo-slidedeck.jpg","width":2000,"height":1103,"caption":"Slidedeck"},"image":{"@id":"https:\/\/terrasse-mobile.net\/#\/schema\/logo\/image\/"}}]}},"_links":{"self":[{"href":"https:\/\/terrasse-mobile.net\/pt\/wp-json\/wp\/v2\/pages\/2353","targetHints":{"allow":["GET"]}}],"collection":[{"href":"https:\/\/terrasse-mobile.net\/pt\/wp-json\/wp\/v2\/pages"}],"about":[{"href":"https:\/\/terrasse-mobile.net\/pt\/wp-json\/wp\/v2\/types\/page"}],"author":[{"embeddable":true,"href":"https:\/\/terrasse-mobile.net\/pt\/wp-json\/wp\/v2\/users\/1"}],"replies":[{"embeddable":true,"href":"https:\/\/terrasse-mobile.net\/pt\/wp-json\/wp\/v2\/comments?post=2353"}],"version-history":[{"count":26,"href":"https:\/\/terrasse-mobile.net\/pt\/wp-json\/wp\/v2\/pages\/2353\/revisions"}],"predecessor-version":[{"id":5720,"href":"https:\/\/terrasse-mobile.net\/pt\/wp-json\/wp\/v2\/pages\/2353\/revisions\/5720"}],"up":[{"embeddable":true,"href":"https:\/\/terrasse-mobile.net\/pt\/wp-json\/wp\/v2\/pages\/2424"}],"wp:attachment":[{"href":"https:\/\/terrasse-mobile.net\/pt\/wp-json\/wp\/v2\/media?parent=2353"}],"wp:term":[{"taxonomy":"folder","embeddable":true,"href":"https:\/\/terrasse-mobile.net\/pt\/wp-json\/wp\/v2\/folder?post=2353"}],"curies":[{"name":"wp","href":"https:\/\/api.w.org\/{rel}","templated":true}]}}