{"id":4101,"date":"2024-03-04T15:39:50","date_gmt":"2024-03-04T14:39:43","guid":{"rendered":"https:\/\/terrasse-mobile.net\/?page_id=4101"},"modified":"2024-10-01T15:20:21","modified_gmt":"2024-10-01T13:20:21","slug":"terrasse-mobile-piscine-eclairage-integre-old","status":"publish","type":"page","link":"https:\/\/terrasse-mobile.net\/pt\/options-old\/terrasse-mobile-piscine-eclairage-integre-old\/","title":{"rendered":"TERRASSE MOBILE POUR PISCINE AVEC \u00c9CLAIRAGE INT\u00c9GR\u00c9 old"},"content":{"rendered":"<h1> TERRASSE MOBILE POUR PISCINE <br \/>AVEC ECLAIRAGE INT\u00c9GR\u00c9<\/h1>\n<p>\t\t\t<a href=\"https:\/\/terrasse-mobile.net\/pt\/personnaliser-terrasse-mobile\/\"><br \/>\n\t\t\t\t\t\tDESCOBRIR O DECK M\u00d3VEL SLIDEDECK<br \/>\n\t\t\t\t\t<\/a><\/p>","protected":false},"excerpt":{"rendered":"<p>TERRASSE MOBILE POUR PISCINE AVEC ECLAIRAGE INT\u00c9GR\u00c9 D\u00c9COUVREZ LE REV\u00caTEMENTS DE TERRASSES MOBILES SLIDEDECK<\/p>","protected":false},"author":1,"featured_media":0,"parent":1489,"menu_order":3,"comment_status":"closed","ping_status":"closed","template":"","meta":{"_kad_post_transparent":"","_kad_post_title":"","_kad_post_layout":"","_kad_post_sidebar_id":"","_kad_post_content_style":"","_kad_post_vertical_padding":"","_kad_post_feature":"","_kad_post_feature_position":"","_kad_post_header":false,"_kad_post_footer":false,"_kad_post_classname":"","footnotes":""},"folder":[],"class_list":["post-4101","page","type-page","status-publish","hentry"],"yoast_head":"<!-- This site is optimized with the Yoast SEO plugin v27.5 - https:\/\/yoast.com\/product\/yoast-seo-wordpress\/ -->\n<title>Comment construire une terrasse mobile pour piscine ?<\/title>\n<meta name=\"robots\" content=\"index, follow, max-snippet:-1, max-image-preview:large, max-video-preview:-1\" \/>\n<link rel=\"canonical\" href=\"https:\/\/terrasse-mobile.net\/pt\/opcoes-antigas\/terrasse-mobile-piscine-eclairage-integre-old\/\" \/>\n<meta property=\"og:locale\" content=\"pt_PT\" \/>\n<meta property=\"og:type\" content=\"article\" \/>\n<meta property=\"og:title\" content=\"Comment construire une terrasse mobile pour piscine ?\" \/>\n<meta property=\"og:description\" content=\"TERRASSE MOBILE POUR PISCINE AVEC ECLAIRAGE INT\u00c9GR\u00c9 D\u00c9COUVREZ LE REV\u00caTEMENTS DE TERRASSES MOBILES SLIDEDECK\" \/>\n<meta property=\"og:url\" content=\"https:\/\/terrasse-mobile.net\/pt\/opcoes-antigas\/terrasse-mobile-piscine-eclairage-integre-old\/\" \/>\n<meta property=\"og:site_name\" content=\"Terrasse mobile\" \/>\n<meta property=\"article:modified_time\" content=\"2024-10-01T13:20:21+00:00\" \/>\n<meta name=\"twitter:card\" content=\"summary_large_image\" \/>\n<meta name=\"twitter:label1\" content=\"Tempo estimado de leitura\" \/>\n\t<meta name=\"twitter:data1\" content=\"1 minuto\" \/>\n<script type=\"application\/ld+json\" class=\"yoast-schema-graph\">{\"@context\":\"https:\\\/\\\/schema.org\",\"@graph\":[{\"@type\":\"WebPage\",\"@id\":\"https:\\\/\\\/terrasse-mobile.net\\\/options-old\\\/terrasse-mobile-piscine-eclairage-integre-old\\\/\",\"url\":\"https:\\\/\\\/terrasse-mobile.net\\\/options-old\\\/terrasse-mobile-piscine-eclairage-integre-old\\\/\",\"name\":\"Comment construire une terrasse mobile pour piscine ?\",\"isPartOf\":{\"@id\":\"https:\\\/\\\/terrasse-mobile.net\\\/#website\"},\"datePublished\":\"2024-03-04T14:39:43+00:00\",\"dateModified\":\"2024-10-01T13:20:21+00:00\",\"breadcrumb\":{\"@id\":\"https:\\\/\\\/terrasse-mobile.net\\\/options-old\\\/terrasse-mobile-piscine-eclairage-integre-old\\\/#breadcrumb\"},\"inLanguage\":\"pt-PT\",\"potentialAction\":[{\"@type\":\"ReadAction\",\"target\":[\"https:\\\/\\\/terrasse-mobile.net\\\/options-old\\\/terrasse-mobile-piscine-eclairage-integre-old\\\/\"]}]},{\"@type\":\"BreadcrumbList\",\"@id\":\"https:\\\/\\\/terrasse-mobile.net\\\/options-old\\\/terrasse-mobile-piscine-eclairage-integre-old\\\/#breadcrumb\",\"itemListElement\":[{\"@type\":\"ListItem\",\"position\":1,\"name\":\"Accueil\",\"item\":\"https:\\\/\\\/terrasse-mobile.net\\\/\"},{\"@type\":\"ListItem\",\"position\":2,\"name\":\"LES OPTIONS POUR TERRASSE MOBILE old\",\"item\":\"https:\\\/\\\/terrasse-mobile.net\\\/options-old\\\/\"},{\"@type\":\"ListItem\",\"position\":3,\"name\":\"TERRASSE MOBILE POUR PISCINE AVEC \u00c9CLAIRAGE INT\u00c9GR\u00c9 old\"}]},{\"@type\":\"WebSite\",\"@id\":\"https:\\\/\\\/terrasse-mobile.net\\\/#website\",\"url\":\"https:\\\/\\\/terrasse-mobile.net\\\/\",\"name\":\"Slidedeck\",\"description\":\"Construction sur mesure de terrasses mobiles en \u00cele-de-France\",\"publisher\":{\"@id\":\"https:\\\/\\\/terrasse-mobile.net\\\/#organization\"},\"potentialAction\":[{\"@type\":\"SearchAction\",\"target\":{\"@type\":\"EntryPoint\",\"urlTemplate\":\"https:\\\/\\\/terrasse-mobile.net\\\/?s={search_term_string}\"},\"query-input\":{\"@type\":\"PropertyValueSpecification\",\"valueRequired\":true,\"valueName\":\"search_term_string\"}}],\"inLanguage\":\"pt-PT\"},{\"@type\":\"Organization\",\"@id\":\"https:\\\/\\\/terrasse-mobile.net\\\/#organization\",\"name\":\"Slidedeck\",\"url\":\"https:\\\/\\\/terrasse-mobile.net\\\/\",\"logo\":{\"@type\":\"ImageObject\",\"inLanguage\":\"pt-PT\",\"@id\":\"https:\\\/\\\/terrasse-mobile.net\\\/#\\\/schema\\\/logo\\\/image\\\/\",\"url\":\"https:\\\/\\\/terrasse-mobile.net\\\/wp-content\\\/uploads\\\/2024\\\/01\\\/logo-slidedeck.jpg\",\"contentUrl\":\"https:\\\/\\\/terrasse-mobile.net\\\/wp-content\\\/uploads\\\/2024\\\/01\\\/logo-slidedeck.jpg\",\"width\":2000,\"height\":1103,\"caption\":\"Slidedeck\"},\"image\":{\"@id\":\"https:\\\/\\\/terrasse-mobile.net\\\/#\\\/schema\\\/logo\\\/image\\\/\"}}]}<\/script>\n<!-- \/ Yoast SEO plugin. -->","yoast_head_json":{"title":"Como se constr\u00f3i um terra\u00e7o m\u00f3vel para a piscina?","robots":{"index":"index","follow":"follow","max-snippet":"max-snippet:-1","max-image-preview":"max-image-preview:large","max-video-preview":"max-video-preview:-1"},"canonical":"https:\/\/terrasse-mobile.net\/pt\/opcoes-antigas\/terrasse-mobile-piscine-eclairage-integre-old\/","og_locale":"pt_PT","og_type":"article","og_title":"Comment construire une terrasse mobile pour piscine ?","og_description":"TERRASSE MOBILE POUR PISCINE AVEC ECLAIRAGE INT\u00c9GR\u00c9 D\u00c9COUVREZ LE REV\u00caTEMENTS DE TERRASSES MOBILES SLIDEDECK","og_url":"https:\/\/terrasse-mobile.net\/pt\/opcoes-antigas\/terrasse-mobile-piscine-eclairage-integre-old\/","og_site_name":"Terrasse mobile","article_modified_time":"2024-10-01T13:20:21+00:00","twitter_card":"summary_large_image","twitter_misc":{"Tempo estimado de leitura":"1 minuto"},"schema":{"@context":"https:\/\/schema.org","@graph":[{"@type":"WebPage","@id":"https:\/\/terrasse-mobile.net\/options-old\/terrasse-mobile-piscine-eclairage-integre-old\/","url":"https:\/\/terrasse-mobile.net\/options-old\/terrasse-mobile-piscine-eclairage-integre-old\/","name":"Como se constr\u00f3i um terra\u00e7o m\u00f3vel para a piscina?","isPartOf":{"@id":"https:\/\/terrasse-mobile.net\/#website"},"datePublished":"2024-03-04T14:39:43+00:00","dateModified":"2024-10-01T13:20:21+00:00","breadcrumb":{"@id":"https:\/\/terrasse-mobile.net\/options-old\/terrasse-mobile-piscine-eclairage-integre-old\/#breadcrumb"},"inLanguage":"pt-PT","potentialAction":[{"@type":"ReadAction","target":["https:\/\/terrasse-mobile.net\/options-old\/terrasse-mobile-piscine-eclairage-integre-old\/"]}]},{"@type":"BreadcrumbList","@id":"https:\/\/terrasse-mobile.net\/options-old\/terrasse-mobile-piscine-eclairage-integre-old\/#breadcrumb","itemListElement":[{"@type":"ListItem","position":1,"name":"Accueil","item":"https:\/\/terrasse-mobile.net\/"},{"@type":"ListItem","position":2,"name":"LES OPTIONS POUR TERRASSE MOBILE old","item":"https:\/\/terrasse-mobile.net\/options-old\/"},{"@type":"ListItem","position":3,"name":"TERRASSE MOBILE POUR PISCINE AVEC \u00c9CLAIRAGE INT\u00c9GR\u00c9 old"}]},{"@type":"WebSite","@id":"https:\/\/terrasse-mobile.net\/#website","url":"https:\/\/terrasse-mobile.net\/","name":"Slidedeck","description":"Terra\u00e7os m\u00f3veis constru\u00eddos \u00e0 medida na regi\u00e3o parisiense","publisher":{"@id":"https:\/\/terrasse-mobile.net\/#organization"},"potentialAction":[{"@type":"SearchAction","target":{"@type":"EntryPoint","urlTemplate":"https:\/\/terrasse-mobile.net\/?s={search_term_string}"},"query-input":{"@type":"PropertyValueSpecification","valueRequired":true,"valueName":"search_term_string"}}],"inLanguage":"pt-PT"},{"@type":"Organization","@id":"https:\/\/terrasse-mobile.net\/#organization","name":"Slidedeck","url":"https:\/\/terrasse-mobile.net\/","logo":{"@type":"ImageObject","inLanguage":"pt-PT","@id":"https:\/\/terrasse-mobile.net\/#\/schema\/logo\/image\/","url":"https:\/\/terrasse-mobile.net\/wp-content\/uploads\/2024\/01\/logo-slidedeck.jpg","contentUrl":"https:\/\/terrasse-mobile.net\/wp-content\/uploads\/2024\/01\/logo-slidedeck.jpg","width":2000,"height":1103,"caption":"Slidedeck"},"image":{"@id":"https:\/\/terrasse-mobile.net\/#\/schema\/logo\/image\/"}}]}},"_links":{"self":[{"href":"https:\/\/terrasse-mobile.net\/pt\/wp-json\/wp\/v2\/pages\/4101","targetHints":{"allow":["GET"]}}],"collection":[{"href":"https:\/\/terrasse-mobile.net\/pt\/wp-json\/wp\/v2\/pages"}],"about":[{"href":"https:\/\/terrasse-mobile.net\/pt\/wp-json\/wp\/v2\/types\/page"}],"author":[{"embeddable":true,"href":"https:\/\/terrasse-mobile.net\/pt\/wp-json\/wp\/v2\/users\/1"}],"replies":[{"embeddable":true,"href":"https:\/\/terrasse-mobile.net\/pt\/wp-json\/wp\/v2\/comments?post=4101"}],"version-history":[{"count":5,"href":"https:\/\/terrasse-mobile.net\/pt\/wp-json\/wp\/v2\/pages\/4101\/revisions"}],"predecessor-version":[{"id":5698,"href":"https:\/\/terrasse-mobile.net\/pt\/wp-json\/wp\/v2\/pages\/4101\/revisions\/5698"}],"up":[{"embeddable":true,"href":"https:\/\/terrasse-mobile.net\/pt\/wp-json\/wp\/v2\/pages\/1489"}],"wp:attachment":[{"href":"https:\/\/terrasse-mobile.net\/pt\/wp-json\/wp\/v2\/media?parent=4101"}],"wp:term":[{"taxonomy":"folder","embeddable":true,"href":"https:\/\/terrasse-mobile.net\/pt\/wp-json\/wp\/v2\/folder?post=4101"}],"curies":[{"name":"wp","href":"https:\/\/api.w.org\/{rel}","templated":true}]}}