{"id":4795,"date":"2024-03-12T16:09:50","date_gmt":"2024-03-12T15:09:01","guid":{"rendered":"https:\/\/terrasse-mobile.net\/?page_id=4795"},"modified":"2024-10-01T15:28:47","modified_gmt":"2024-10-01T13:28:47","slug":"terraco-movel-spa-jacuzzi-antigo","status":"publish","type":"page","link":"https:\/\/terrasse-mobile.net\/pt\/terrasse-mobile-spa-jacuzzi-old\/","title":{"rendered":"TERRA\u00c7O M\u00d3VEL PARA PISCINAS E JACUZZIS antigo"},"content":{"rendered":"<h1>Decks m\u00f3veis para spas e jacuzzis<\/h1>\n<p><em>O deck m\u00f3vel SlideDeck \u00e9 ideal para piscinas, mas tamb\u00e9m para spas e jacuzzis ...<\/em><\/p>\n<h2>Conserva\u00e7\u00e3o do calor da \u00e1gua<\/h2>\n<p>Mesmo no inverno, com tempo frio ou \u00e0 noite, pode desfrutar do seu spa ou jacuzzi durante todo o ano gra\u00e7as aos decks m\u00f3veis SlideDeck. O isolamento t\u00e9rmico assegura uma excelente conserva\u00e7\u00e3o do calor da \u00e1gua, o que constitui uma vantagem consider\u00e1vel do SlideDeck.<\/p>\n<h2>Um terra\u00e7o m\u00f3vel com for\u00e7a extra<\/h2>\n<p>Os nossos terra\u00e7os m\u00f3veis s\u00e3o concebidos para durar ao longo do tempo e para resistir \u00e0s intemp\u00e9ries. Utilizamos os melhores materiais poss\u00edveis para combinar est\u00e9tica, efici\u00eancia e resist\u00eancia. Os terra\u00e7os m\u00f3veis SlideDeck t\u00eam uma garantia vital\u00edcia m\u00ednima de 10 anos.<\/p>\n<p>\t\t\t\t\t\t\t\t\t\t\t\t\t<img decoding=\"async\" width=\"643\" height=\"487\" src=\"https:\/\/terrasse-mobile.net\/wp-content\/uploads\/2024\/03\/New-Project-11.jpg\" alt=\"terra\u00e7o m\u00f3vel com spa\" srcset=\"https:\/\/terrasse-mobile.net\/wp-content\/uploads\/2024\/03\/New-Project-11.jpg 643w, https:\/\/terrasse-mobile.net\/wp-content\/uploads\/2024\/03\/New-Project-11-300x227.jpg 300w\" sizes=\"(max-width: 643px) 100vw, 643px\" \/><br \/>\n\t\t\t\t\t\t\t\t\t\t\t\t\t<img decoding=\"async\" width=\"500\" height=\"375\" src=\"https:\/\/terrasse-mobile.net\/wp-content\/uploads\/2024\/03\/roll-deck-setting.jpg\" alt=\"terra\u00e7o m\u00f3vel para jacuzzi\" srcset=\"https:\/\/terrasse-mobile.net\/wp-content\/uploads\/2024\/03\/roll-deck-setting.jpg 500w, https:\/\/terrasse-mobile.net\/wp-content\/uploads\/2024\/03\/roll-deck-setting-300x225.jpg 300w\" sizes=\"(max-width: 500px) 100vw, 500px\" \/>\t\t\t\t\t\t\t\t\t\t\t\t\t<\/p>\n<h2>Um terra\u00e7o m\u00f3vel que se adapta \u00e0s suas dimens\u00f5es<\/h2>\n<p>Sabemos que cada piscina, spa ou jacuzzi \u00e9 diferente. Algumas delas podem mesmo ter formas at\u00edpicas. O terra\u00e7o m\u00f3vel SlideDeck \u00e9 feito \u00e0 medida e pode, portanto, ser adaptado a todas as formas de piscina.\u00a0<\/p>\n<h2>Uma est\u00e9tica \u00fanica<\/h2>\n<p>Construir um deck m\u00f3vel SlideDeck sobre o seu spa ou jacuzzi n\u00e3o s\u00f3 acrescenta espa\u00e7o real ao seu jardim, como tamb\u00e9m \u00e9 uma pe\u00e7a excecional de mobili\u00e1rio de exterior, com um revestimento que pode ser personalizado de acordo com os seus gostos;\u00a0<\/p>\n<p>\t\t\t<a href=\"https:\/\/terrasse-mobile.net\/pt\/configuracoes\/\"><br \/>\n\t\t\t\t\t\tDESCUBRA AS CONFIGURA\u00c7\u00d5ES DOS TERRA\u00c7OS M\u00d3VEIS SLIDEDECK<br \/>\n\t\t\t\t\t<\/a><\/p>","protected":false},"excerpt":{"rendered":"<p>La terrasse mobile pour spas et jacuzzis La terrasse mobile SlideDeck est id\u00e9ale pour les piscines, mais \u00e9galement pour les spas et jacuzzis &#8230; Conservation de la chaleur de l&rsquo;eau M\u00eame pendant l&rsquo;hiver, en temps frais, ou bien la nuit, il est possible de profiter de votre spa ou de votre jacuzzi toute l&rsquo;ann\u00e9e gr\u00e2ce&#8230;<\/p>","protected":false},"author":1,"featured_media":0,"parent":0,"menu_order":11,"comment_status":"closed","ping_status":"closed","template":"","meta":{"_kad_post_transparent":"","_kad_post_title":"","_kad_post_layout":"","_kad_post_sidebar_id":"","_kad_post_content_style":"","_kad_post_vertical_padding":"","_kad_post_feature":"","_kad_post_feature_position":"","_kad_post_header":false,"_kad_post_footer":false,"_kad_post_classname":"","footnotes":""},"folder":[],"class_list":["post-4795","page","type-page","status-publish","hentry"],"yoast_head":"<!-- This site is optimized with the Yoast SEO plugin v27.5 - https:\/\/yoast.com\/product\/yoast-seo-wordpress\/ -->\n<title>Comment construire une terrasse mobile pour piscine ?<\/title>\n<meta name=\"robots\" content=\"index, follow, max-snippet:-1, max-image-preview:large, max-video-preview:-1\" \/>\n<link rel=\"canonical\" href=\"https:\/\/terrasse-mobile.net\/pt\/terraco-movel-spa-jacuzzi-antigo\/\" \/>\n<meta property=\"og:locale\" content=\"pt_PT\" \/>\n<meta property=\"og:type\" content=\"article\" \/>\n<meta property=\"og:title\" content=\"Comment construire une terrasse mobile pour piscine ?\" \/>\n<meta property=\"og:description\" content=\"La terrasse mobile pour spas et jacuzzis La terrasse mobile SlideDeck est id\u00e9ale pour les piscines, mais \u00e9galement pour les spas et jacuzzis &#8230; Conservation de la chaleur de l&rsquo;eau M\u00eame pendant l&rsquo;hiver, en temps frais, ou bien la nuit, il est possible de profiter de votre spa ou de votre jacuzzi toute l&rsquo;ann\u00e9e gr\u00e2ce...\" \/>\n<meta property=\"og:url\" content=\"https:\/\/terrasse-mobile.net\/pt\/terraco-movel-spa-jacuzzi-antigo\/\" \/>\n<meta property=\"og:site_name\" content=\"Terrasse mobile\" \/>\n<meta property=\"article:modified_time\" content=\"2024-10-01T13:28:47+00:00\" \/>\n<meta property=\"og:image\" content=\"https:\/\/terrasse-mobile.net\/wp-content\/uploads\/2024\/03\/New-Project-11.jpg\" \/>\n<meta name=\"twitter:card\" content=\"summary_large_image\" \/>\n<meta name=\"twitter:label1\" content=\"Tempo estimado de leitura\" \/>\n\t<meta name=\"twitter:data1\" content=\"2 minutos\" \/>\n<script type=\"application\/ld+json\" class=\"yoast-schema-graph\">{\"@context\":\"https:\\\/\\\/schema.org\",\"@graph\":[{\"@type\":\"WebPage\",\"@id\":\"https:\\\/\\\/terrasse-mobile.net\\\/terrasse-mobile-spa-jacuzzi-old\\\/\",\"url\":\"https:\\\/\\\/terrasse-mobile.net\\\/terrasse-mobile-spa-jacuzzi-old\\\/\",\"name\":\"Comment construire une terrasse mobile pour piscine ?\",\"isPartOf\":{\"@id\":\"https:\\\/\\\/terrasse-mobile.net\\\/#website\"},\"primaryImageOfPage\":{\"@id\":\"https:\\\/\\\/terrasse-mobile.net\\\/terrasse-mobile-spa-jacuzzi-old\\\/#primaryimage\"},\"image\":{\"@id\":\"https:\\\/\\\/terrasse-mobile.net\\\/terrasse-mobile-spa-jacuzzi-old\\\/#primaryimage\"},\"thumbnailUrl\":\"https:\\\/\\\/terrasse-mobile.net\\\/wp-content\\\/uploads\\\/2024\\\/03\\\/New-Project-11.jpg\",\"datePublished\":\"2024-03-12T15:09:01+00:00\",\"dateModified\":\"2024-10-01T13:28:47+00:00\",\"breadcrumb\":{\"@id\":\"https:\\\/\\\/terrasse-mobile.net\\\/terrasse-mobile-spa-jacuzzi-old\\\/#breadcrumb\"},\"inLanguage\":\"pt-PT\",\"potentialAction\":[{\"@type\":\"ReadAction\",\"target\":[\"https:\\\/\\\/terrasse-mobile.net\\\/terrasse-mobile-spa-jacuzzi-old\\\/\"]}]},{\"@type\":\"ImageObject\",\"inLanguage\":\"pt-PT\",\"@id\":\"https:\\\/\\\/terrasse-mobile.net\\\/terrasse-mobile-spa-jacuzzi-old\\\/#primaryimage\",\"url\":\"https:\\\/\\\/terrasse-mobile.net\\\/wp-content\\\/uploads\\\/2024\\\/03\\\/New-Project-11.jpg\",\"contentUrl\":\"https:\\\/\\\/terrasse-mobile.net\\\/wp-content\\\/uploads\\\/2024\\\/03\\\/New-Project-11.jpg\"},{\"@type\":\"BreadcrumbList\",\"@id\":\"https:\\\/\\\/terrasse-mobile.net\\\/terrasse-mobile-spa-jacuzzi-old\\\/#breadcrumb\",\"itemListElement\":[{\"@type\":\"ListItem\",\"position\":1,\"name\":\"Accueil\",\"item\":\"https:\\\/\\\/terrasse-mobile.net\\\/\"},{\"@type\":\"ListItem\",\"position\":2,\"name\":\"TERRASSE MOBILE POUR SPAS ET JACUZZIS old\"}]},{\"@type\":\"WebSite\",\"@id\":\"https:\\\/\\\/terrasse-mobile.net\\\/#website\",\"url\":\"https:\\\/\\\/terrasse-mobile.net\\\/\",\"name\":\"Slidedeck\",\"description\":\"Construction sur mesure de terrasses mobiles en \u00cele-de-France\",\"publisher\":{\"@id\":\"https:\\\/\\\/terrasse-mobile.net\\\/#organization\"},\"potentialAction\":[{\"@type\":\"SearchAction\",\"target\":{\"@type\":\"EntryPoint\",\"urlTemplate\":\"https:\\\/\\\/terrasse-mobile.net\\\/?s={search_term_string}\"},\"query-input\":{\"@type\":\"PropertyValueSpecification\",\"valueRequired\":true,\"valueName\":\"search_term_string\"}}],\"inLanguage\":\"pt-PT\"},{\"@type\":\"Organization\",\"@id\":\"https:\\\/\\\/terrasse-mobile.net\\\/#organization\",\"name\":\"Slidedeck\",\"url\":\"https:\\\/\\\/terrasse-mobile.net\\\/\",\"logo\":{\"@type\":\"ImageObject\",\"inLanguage\":\"pt-PT\",\"@id\":\"https:\\\/\\\/terrasse-mobile.net\\\/#\\\/schema\\\/logo\\\/image\\\/\",\"url\":\"https:\\\/\\\/terrasse-mobile.net\\\/wp-content\\\/uploads\\\/2024\\\/01\\\/logo-slidedeck.jpg\",\"contentUrl\":\"https:\\\/\\\/terrasse-mobile.net\\\/wp-content\\\/uploads\\\/2024\\\/01\\\/logo-slidedeck.jpg\",\"width\":2000,\"height\":1103,\"caption\":\"Slidedeck\"},\"image\":{\"@id\":\"https:\\\/\\\/terrasse-mobile.net\\\/#\\\/schema\\\/logo\\\/image\\\/\"}}]}<\/script>\n<!-- \/ Yoast SEO plugin. -->","yoast_head_json":{"title":"Como se constr\u00f3i um terra\u00e7o m\u00f3vel para a piscina?","robots":{"index":"index","follow":"follow","max-snippet":"max-snippet:-1","max-image-preview":"max-image-preview:large","max-video-preview":"max-video-preview:-1"},"canonical":"https:\/\/terrasse-mobile.net\/pt\/terraco-movel-spa-jacuzzi-antigo\/","og_locale":"pt_PT","og_type":"article","og_title":"Comment construire une terrasse mobile pour piscine ?","og_description":"La terrasse mobile pour spas et jacuzzis La terrasse mobile SlideDeck est id\u00e9ale pour les piscines, mais \u00e9galement pour les spas et jacuzzis &#8230; Conservation de la chaleur de l&rsquo;eau M\u00eame pendant l&rsquo;hiver, en temps frais, ou bien la nuit, il est possible de profiter de votre spa ou de votre jacuzzi toute l&rsquo;ann\u00e9e gr\u00e2ce...","og_url":"https:\/\/terrasse-mobile.net\/pt\/terraco-movel-spa-jacuzzi-antigo\/","og_site_name":"Terrasse mobile","article_modified_time":"2024-10-01T13:28:47+00:00","og_image":[{"url":"https:\/\/terrasse-mobile.net\/wp-content\/uploads\/2024\/03\/New-Project-11.jpg","type":"","width":"","height":""}],"twitter_card":"summary_large_image","twitter_misc":{"Tempo estimado de leitura":"2 minutos"},"schema":{"@context":"https:\/\/schema.org","@graph":[{"@type":"WebPage","@id":"https:\/\/terrasse-mobile.net\/terrasse-mobile-spa-jacuzzi-old\/","url":"https:\/\/terrasse-mobile.net\/terrasse-mobile-spa-jacuzzi-old\/","name":"Como se constr\u00f3i um terra\u00e7o m\u00f3vel para a piscina?","isPartOf":{"@id":"https:\/\/terrasse-mobile.net\/#website"},"primaryImageOfPage":{"@id":"https:\/\/terrasse-mobile.net\/terrasse-mobile-spa-jacuzzi-old\/#primaryimage"},"image":{"@id":"https:\/\/terrasse-mobile.net\/terrasse-mobile-spa-jacuzzi-old\/#primaryimage"},"thumbnailUrl":"https:\/\/terrasse-mobile.net\/wp-content\/uploads\/2024\/03\/New-Project-11.jpg","datePublished":"2024-03-12T15:09:01+00:00","dateModified":"2024-10-01T13:28:47+00:00","breadcrumb":{"@id":"https:\/\/terrasse-mobile.net\/terrasse-mobile-spa-jacuzzi-old\/#breadcrumb"},"inLanguage":"pt-PT","potentialAction":[{"@type":"ReadAction","target":["https:\/\/terrasse-mobile.net\/terrasse-mobile-spa-jacuzzi-old\/"]}]},{"@type":"ImageObject","inLanguage":"pt-PT","@id":"https:\/\/terrasse-mobile.net\/terrasse-mobile-spa-jacuzzi-old\/#primaryimage","url":"https:\/\/terrasse-mobile.net\/wp-content\/uploads\/2024\/03\/New-Project-11.jpg","contentUrl":"https:\/\/terrasse-mobile.net\/wp-content\/uploads\/2024\/03\/New-Project-11.jpg"},{"@type":"BreadcrumbList","@id":"https:\/\/terrasse-mobile.net\/terrasse-mobile-spa-jacuzzi-old\/#breadcrumb","itemListElement":[{"@type":"ListItem","position":1,"name":"Accueil","item":"https:\/\/terrasse-mobile.net\/"},{"@type":"ListItem","position":2,"name":"TERRASSE MOBILE POUR SPAS ET JACUZZIS old"}]},{"@type":"WebSite","@id":"https:\/\/terrasse-mobile.net\/#website","url":"https:\/\/terrasse-mobile.net\/","name":"Slidedeck","description":"Terra\u00e7os m\u00f3veis constru\u00eddos \u00e0 medida na regi\u00e3o parisiense","publisher":{"@id":"https:\/\/terrasse-mobile.net\/#organization"},"potentialAction":[{"@type":"SearchAction","target":{"@type":"EntryPoint","urlTemplate":"https:\/\/terrasse-mobile.net\/?s={search_term_string}"},"query-input":{"@type":"PropertyValueSpecification","valueRequired":true,"valueName":"search_term_string"}}],"inLanguage":"pt-PT"},{"@type":"Organization","@id":"https:\/\/terrasse-mobile.net\/#organization","name":"Slidedeck","url":"https:\/\/terrasse-mobile.net\/","logo":{"@type":"ImageObject","inLanguage":"pt-PT","@id":"https:\/\/terrasse-mobile.net\/#\/schema\/logo\/image\/","url":"https:\/\/terrasse-mobile.net\/wp-content\/uploads\/2024\/01\/logo-slidedeck.jpg","contentUrl":"https:\/\/terrasse-mobile.net\/wp-content\/uploads\/2024\/01\/logo-slidedeck.jpg","width":2000,"height":1103,"caption":"Slidedeck"},"image":{"@id":"https:\/\/terrasse-mobile.net\/#\/schema\/logo\/image\/"}}]}},"_links":{"self":[{"href":"https:\/\/terrasse-mobile.net\/pt\/wp-json\/wp\/v2\/pages\/4795","targetHints":{"allow":["GET"]}}],"collection":[{"href":"https:\/\/terrasse-mobile.net\/pt\/wp-json\/wp\/v2\/pages"}],"about":[{"href":"https:\/\/terrasse-mobile.net\/pt\/wp-json\/wp\/v2\/types\/page"}],"author":[{"embeddable":true,"href":"https:\/\/terrasse-mobile.net\/pt\/wp-json\/wp\/v2\/users\/1"}],"replies":[{"embeddable":true,"href":"https:\/\/terrasse-mobile.net\/pt\/wp-json\/wp\/v2\/comments?post=4795"}],"version-history":[{"count":27,"href":"https:\/\/terrasse-mobile.net\/pt\/wp-json\/wp\/v2\/pages\/4795\/revisions"}],"predecessor-version":[{"id":5700,"href":"https:\/\/terrasse-mobile.net\/pt\/wp-json\/wp\/v2\/pages\/4795\/revisions\/5700"}],"wp:attachment":[{"href":"https:\/\/terrasse-mobile.net\/pt\/wp-json\/wp\/v2\/media?parent=4795"}],"wp:term":[{"taxonomy":"folder","embeddable":true,"href":"https:\/\/terrasse-mobile.net\/pt\/wp-json\/wp\/v2\/folder?post=4795"}],"curies":[{"name":"wp","href":"https:\/\/api.w.org\/{rel}","templated":true}]}}