{"id":5416,"date":"2024-09-20T12:45:31","date_gmt":"2024-09-20T10:45:59","guid":{"rendered":"https:\/\/terrasse-mobile.net\/?page_id=5416"},"modified":"2025-11-25T15:26:56","modified_gmt":"2025-11-25T14:26:56","slug":"kit-terraco-movel-ile-de-france","status":"publish","type":"page","link":"https:\/\/terrasse-mobile.net\/pt\/slidedeck\/terrasse-mobile-ile-de-france\/terrasse-mobile-en-kit-ile-de-france\/","title":{"rendered":"A EQUIPA DO SLIDEDECK"},"content":{"rendered":"<h2 class=\"wp-block-heading has-text-align-center\"><em>Especialistas em decks m\u00f3veis para piscinas<\/em><\/h2>\n\n\n\n<div class=\"wp-block-group\"><div class=\"wp-block-group__inner-container is-layout-constrained wp-block-group-is-layout-constrained\">\n<div class=\"wp-block-columns is-layout-flex wp-container-core-columns-is-layout-837ca0ef wp-block-columns-is-layout-flex\" style=\"padding-top:var(--wp--preset--spacing--60)\">\n<div class=\"wp-block-column is-layout-flow wp-block-column-is-layout-flow\"><div class=\"wp-block-image\">\n<figure class=\"aligncenter size-full\"><img decoding=\"async\" width=\"293\" height=\"293\" src=\"https:\/\/terrasse-mobile.net\/wp-content\/uploads\/2024\/01\/olivier-kaufman.png\" alt=\"\" class=\"wp-image-118\" srcset=\"https:\/\/terrasse-mobile.net\/wp-content\/uploads\/2024\/01\/olivier-kaufman.png 293w, https:\/\/terrasse-mobile.net\/wp-content\/uploads\/2024\/01\/olivier-kaufman-150x150.png 150w\" sizes=\"(max-width: 293px) 100vw, 293px\" \/><\/figure>\n<\/div>\n\n\n<p class=\"has-text-align-center\">Olivier Kaufman, criador do SlideDeck<\/p>\n<\/div>\n\n\n\n<div class=\"wp-block-column is-layout-flow wp-block-column-is-layout-flow\" style=\"flex-basis:800px\">\n<h2 class=\"wp-block-heading has-medium-font-size\">SlideDeck, a divis\u00e3o especial de terra\u00e7os m\u00f3veis da Piscine Nature<\/h2>\n\n\n\n<p style=\"font-size:18px\">Piscine Nature constr\u00f3i piscinas de qualidade na regi\u00e3o parisiense. Em particular, constru\u00edmos piscinas de bet\u00e3o armado equipadas com sistemas de prote\u00e7\u00e3o topo de gama, tais como pisos m\u00f3veis (da marca l\u00edder mundial Aqualift) e persianas submersas de alta qualidade.<\/p>\n\n\n\n<p style=\"font-size:18px\">Desenvolvemos o SlideDeck, o <strong><mark style=\"background-color:rgba(0, 0, 0, 0)\" class=\"has-inline-color has-theme-palette-1-color\">terra\u00e7o m\u00f3vel de qualidade<\/mark><\/strong> para responder \u00e0s exig\u00eancias dos nossos clientes que procuram uma esplanada m\u00f3vel personalizada que seja simultaneamente <strong><mark style=\"background-color:rgba(0, 0, 0, 0)\" class=\"has-inline-color has-theme-palette-1-color\">fi\u00e1vel<\/mark><\/strong>, muito <strong><mark style=\"background-color:rgba(0, 0, 0, 0)\" class=\"has-inline-color has-theme-palette-1-color\">s\u00f3lido<\/mark><\/strong> e <strong><mark style=\"background-color:rgba(0, 0, 0, 0)\" class=\"has-inline-color has-theme-palette-1-color\">est\u00e9tica<\/mark><\/strong>.<\/p>\n\n\n\n<h2 class=\"wp-block-heading\">A nossa esplanada m\u00f3vel personalizada<\/h2>\n\n\n\n<p style=\"font-size:18px\">Damos \u00eanfase ao aspeto \"por medida\", porque cada piscina \u00e9 diferente, e orgulhamo-nos de poder personalizar tanto as dimens\u00f5es do terra\u00e7o m\u00f3vel como o seu revestimento, bem como as op\u00e7\u00f5es de motoriza\u00e7\u00e3o e de isolamento t\u00e9rmico.<\/p>\n<\/div>\n<\/div>\n<\/div><\/div>\n\n\n<div class=\"wp-block-image\">\n<figure class=\"aligncenter\"><img decoding=\"async\" src=\"https:\/\/terrasse-mobile.net\/wp-content\/uploads\/2024\/01\/EQUIPE-TERRASSE-NATURE.jpg\" alt=\"Foto da nossa equipa de terra\u00e7os m\u00f3veis\"\/><\/figure>\n<\/div>","protected":false},"excerpt":{"rendered":"<p>Les sp\u00e9cialistes de la terrasse mobile pour piscine Olivier Kaufman, cr\u00e9ateur de SlideDeck SlideDeck, la division sp\u00e9ciale terrasse mobile de la soci\u00e9t\u00e9 Piscine Nature Piscine Nature r\u00e9alise des piscines de qualit\u00e9 en \u00cele-de-France. Nous r\u00e9alisons en particulier des piscines en b\u00e9ton arm\u00e9 \u00e9quip\u00e9es de syst\u00e8mes de protection haut de gamme tels que les fonds mobiles&#8230;<\/p>","protected":false},"author":1,"featured_media":3640,"parent":5771,"menu_order":4,"comment_status":"closed","ping_status":"closed","template":"","meta":{"_kad_post_transparent":"","_kad_post_title":"","_kad_post_layout":"","_kad_post_sidebar_id":"","_kad_post_content_style":"","_kad_post_vertical_padding":"","_kad_post_feature":"","_kad_post_feature_position":"","_kad_post_header":false,"_kad_post_footer":false,"_kad_post_classname":"","footnotes":""},"folder":[],"class_list":["post-5416","page","type-page","status-publish","has-post-thumbnail","hentry"],"yoast_head":"<!-- This site is optimized with the Yoast SEO plugin v27.4 - https:\/\/yoast.com\/product\/yoast-seo-wordpress\/ -->\n<title>Constructeurs de terrasses mobiles pour piscine en kit<\/title>\n<meta name=\"description\" content=\"SlideDeck est une division de Piscine Nature, sp\u00e9cialis\u00e9e dans la construction et l&#039;installation de terrasses mobiles pour piscine.\" \/>\n<meta name=\"robots\" content=\"index, follow, max-snippet:-1, max-image-preview:large, max-video-preview:-1\" \/>\n<link rel=\"canonical\" href=\"https:\/\/terrasse-mobile.net\/pt\/deck-deslizante\/terraco-movel-ile-de-france\/kit-terraco-movel-ile-de-france\/\" \/>\n<meta property=\"og:locale\" content=\"pt_PT\" \/>\n<meta property=\"og:type\" content=\"article\" \/>\n<meta property=\"og:title\" content=\"Constructeurs de terrasses mobiles pour piscine en kit\" \/>\n<meta property=\"og:description\" content=\"SlideDeck est une division de Piscine Nature, sp\u00e9cialis\u00e9e dans la construction et l&#039;installation de terrasses mobiles pour piscine.\" \/>\n<meta property=\"og:url\" content=\"https:\/\/terrasse-mobile.net\/pt\/deck-deslizante\/terraco-movel-ile-de-france\/kit-terraco-movel-ile-de-france\/\" \/>\n<meta property=\"og:site_name\" content=\"Terrasse mobile\" \/>\n<meta property=\"article:modified_time\" content=\"2025-11-25T14:26:56+00:00\" \/>\n<meta property=\"og:image\" content=\"https:\/\/terrasse-mobile.net\/wp-content\/uploads\/2024\/02\/REAL-SABOURAULT-PISCINE-2.jpg\" \/>\n\t<meta property=\"og:image:width\" content=\"2000\" \/>\n\t<meta property=\"og:image:height\" content=\"1500\" \/>\n\t<meta property=\"og:image:type\" content=\"image\/jpeg\" \/>\n<meta name=\"twitter:card\" content=\"summary_large_image\" \/>\n<meta name=\"twitter:label1\" content=\"Tempo estimado de leitura\" \/>\n\t<meta name=\"twitter:data1\" content=\"2 minutos\" \/>\n<script type=\"application\/ld+json\" class=\"yoast-schema-graph\">{\"@context\":\"https:\\\/\\\/schema.org\",\"@graph\":[{\"@type\":\"WebPage\",\"@id\":\"https:\\\/\\\/terrasse-mobile.net\\\/slidedeck\\\/terrasse-mobile-ile-de-france\\\/terrasse-mobile-en-kit-ile-de-france\\\/\",\"url\":\"https:\\\/\\\/terrasse-mobile.net\\\/slidedeck\\\/terrasse-mobile-ile-de-france\\\/terrasse-mobile-en-kit-ile-de-france\\\/\",\"name\":\"Constructeurs de terrasses mobiles pour piscine en kit\",\"isPartOf\":{\"@id\":\"https:\\\/\\\/terrasse-mobile.net\\\/#website\"},\"primaryImageOfPage\":{\"@id\":\"https:\\\/\\\/terrasse-mobile.net\\\/slidedeck\\\/terrasse-mobile-ile-de-france\\\/terrasse-mobile-en-kit-ile-de-france\\\/#primaryimage\"},\"image\":{\"@id\":\"https:\\\/\\\/terrasse-mobile.net\\\/slidedeck\\\/terrasse-mobile-ile-de-france\\\/terrasse-mobile-en-kit-ile-de-france\\\/#primaryimage\"},\"thumbnailUrl\":\"https:\\\/\\\/terrasse-mobile.net\\\/wp-content\\\/uploads\\\/2024\\\/02\\\/REAL-SABOURAULT-PISCINE-2.jpg\",\"datePublished\":\"2024-09-20T10:45:59+00:00\",\"dateModified\":\"2025-11-25T14:26:56+00:00\",\"description\":\"SlideDeck est une division de Piscine Nature, sp\u00e9cialis\u00e9e dans la construction et l'installation de terrasses mobiles pour piscine.\",\"breadcrumb\":{\"@id\":\"https:\\\/\\\/terrasse-mobile.net\\\/slidedeck\\\/terrasse-mobile-ile-de-france\\\/terrasse-mobile-en-kit-ile-de-france\\\/#breadcrumb\"},\"inLanguage\":\"pt-PT\",\"potentialAction\":[{\"@type\":\"ReadAction\",\"target\":[\"https:\\\/\\\/terrasse-mobile.net\\\/slidedeck\\\/terrasse-mobile-ile-de-france\\\/terrasse-mobile-en-kit-ile-de-france\\\/\"]}]},{\"@type\":\"ImageObject\",\"inLanguage\":\"pt-PT\",\"@id\":\"https:\\\/\\\/terrasse-mobile.net\\\/slidedeck\\\/terrasse-mobile-ile-de-france\\\/terrasse-mobile-en-kit-ile-de-france\\\/#primaryimage\",\"url\":\"https:\\\/\\\/terrasse-mobile.net\\\/wp-content\\\/uploads\\\/2024\\\/02\\\/REAL-SABOURAULT-PISCINE-2.jpg\",\"contentUrl\":\"https:\\\/\\\/terrasse-mobile.net\\\/wp-content\\\/uploads\\\/2024\\\/02\\\/REAL-SABOURAULT-PISCINE-2.jpg\",\"width\":2000,\"height\":1500,\"caption\":\"DCIM100MEDIADJI_0365.JPG\"},{\"@type\":\"BreadcrumbList\",\"@id\":\"https:\\\/\\\/terrasse-mobile.net\\\/slidedeck\\\/terrasse-mobile-ile-de-france\\\/terrasse-mobile-en-kit-ile-de-france\\\/#breadcrumb\",\"itemListElement\":[{\"@type\":\"ListItem\",\"position\":1,\"name\":\"Accueil\",\"item\":\"https:\\\/\\\/terrasse-mobile.net\\\/\"},{\"@type\":\"ListItem\",\"position\":2,\"name\":\"SLIDEDECK\",\"item\":\"https:\\\/\\\/terrasse-mobile.net\\\/slidedeck\\\/\"},{\"@type\":\"ListItem\",\"position\":3,\"name\":\"D\u00c9COUVREZ LA TERRASSE MOBILE SLIDEDECK\",\"item\":\"https:\\\/\\\/terrasse-mobile.net\\\/slidedeck\\\/terrasse-mobile-ile-de-france\\\/\"},{\"@type\":\"ListItem\",\"position\":4,\"name\":\"L&rsquo;\u00c9QUIPE SLIDEDECK\"}]},{\"@type\":\"WebSite\",\"@id\":\"https:\\\/\\\/terrasse-mobile.net\\\/#website\",\"url\":\"https:\\\/\\\/terrasse-mobile.net\\\/\",\"name\":\"Slidedeck\",\"description\":\"Construction sur mesure de terrasses mobiles en \u00cele-de-France\",\"publisher\":{\"@id\":\"https:\\\/\\\/terrasse-mobile.net\\\/#organization\"},\"potentialAction\":[{\"@type\":\"SearchAction\",\"target\":{\"@type\":\"EntryPoint\",\"urlTemplate\":\"https:\\\/\\\/terrasse-mobile.net\\\/?s={search_term_string}\"},\"query-input\":{\"@type\":\"PropertyValueSpecification\",\"valueRequired\":true,\"valueName\":\"search_term_string\"}}],\"inLanguage\":\"pt-PT\"},{\"@type\":\"Organization\",\"@id\":\"https:\\\/\\\/terrasse-mobile.net\\\/#organization\",\"name\":\"Slidedeck\",\"url\":\"https:\\\/\\\/terrasse-mobile.net\\\/\",\"logo\":{\"@type\":\"ImageObject\",\"inLanguage\":\"pt-PT\",\"@id\":\"https:\\\/\\\/terrasse-mobile.net\\\/#\\\/schema\\\/logo\\\/image\\\/\",\"url\":\"https:\\\/\\\/terrasse-mobile.net\\\/wp-content\\\/uploads\\\/2024\\\/01\\\/logo-slidedeck.jpg\",\"contentUrl\":\"https:\\\/\\\/terrasse-mobile.net\\\/wp-content\\\/uploads\\\/2024\\\/01\\\/logo-slidedeck.jpg\",\"width\":2000,\"height\":1103,\"caption\":\"Slidedeck\"},\"image\":{\"@id\":\"https:\\\/\\\/terrasse-mobile.net\\\/#\\\/schema\\\/logo\\\/image\\\/\"}}]}<\/script>\n<!-- \/ Yoast SEO plugin. -->","yoast_head_json":{"title":"Construtores de terra\u00e7os m\u00f3veis para piscinas em kit","description":"SlideDeck \u00e9 uma divis\u00e3o da Piscine Nature, especializada na constru\u00e7\u00e3o e instala\u00e7\u00e3o de decks m\u00f3veis para piscinas.","robots":{"index":"index","follow":"follow","max-snippet":"max-snippet:-1","max-image-preview":"max-image-preview:large","max-video-preview":"max-video-preview:-1"},"canonical":"https:\/\/terrasse-mobile.net\/pt\/deck-deslizante\/terraco-movel-ile-de-france\/kit-terraco-movel-ile-de-france\/","og_locale":"pt_PT","og_type":"article","og_title":"Constructeurs de terrasses mobiles pour piscine en kit","og_description":"SlideDeck est une division de Piscine Nature, sp\u00e9cialis\u00e9e dans la construction et l'installation de terrasses mobiles pour piscine.","og_url":"https:\/\/terrasse-mobile.net\/pt\/deck-deslizante\/terraco-movel-ile-de-france\/kit-terraco-movel-ile-de-france\/","og_site_name":"Terrasse mobile","article_modified_time":"2025-11-25T14:26:56+00:00","og_image":[{"width":2000,"height":1500,"url":"https:\/\/terrasse-mobile.net\/wp-content\/uploads\/2024\/02\/REAL-SABOURAULT-PISCINE-2.jpg","type":"image\/jpeg"}],"twitter_card":"summary_large_image","twitter_misc":{"Tempo estimado de leitura":"2 minutos"},"schema":{"@context":"https:\/\/schema.org","@graph":[{"@type":"WebPage","@id":"https:\/\/terrasse-mobile.net\/slidedeck\/terrasse-mobile-ile-de-france\/terrasse-mobile-en-kit-ile-de-france\/","url":"https:\/\/terrasse-mobile.net\/slidedeck\/terrasse-mobile-ile-de-france\/terrasse-mobile-en-kit-ile-de-france\/","name":"Construtores de terra\u00e7os m\u00f3veis para piscinas em kit","isPartOf":{"@id":"https:\/\/terrasse-mobile.net\/#website"},"primaryImageOfPage":{"@id":"https:\/\/terrasse-mobile.net\/slidedeck\/terrasse-mobile-ile-de-france\/terrasse-mobile-en-kit-ile-de-france\/#primaryimage"},"image":{"@id":"https:\/\/terrasse-mobile.net\/slidedeck\/terrasse-mobile-ile-de-france\/terrasse-mobile-en-kit-ile-de-france\/#primaryimage"},"thumbnailUrl":"https:\/\/terrasse-mobile.net\/wp-content\/uploads\/2024\/02\/REAL-SABOURAULT-PISCINE-2.jpg","datePublished":"2024-09-20T10:45:59+00:00","dateModified":"2025-11-25T14:26:56+00:00","description":"SlideDeck \u00e9 uma divis\u00e3o da Piscine Nature, especializada na constru\u00e7\u00e3o e instala\u00e7\u00e3o de decks m\u00f3veis para piscinas.","breadcrumb":{"@id":"https:\/\/terrasse-mobile.net\/slidedeck\/terrasse-mobile-ile-de-france\/terrasse-mobile-en-kit-ile-de-france\/#breadcrumb"},"inLanguage":"pt-PT","potentialAction":[{"@type":"ReadAction","target":["https:\/\/terrasse-mobile.net\/slidedeck\/terrasse-mobile-ile-de-france\/terrasse-mobile-en-kit-ile-de-france\/"]}]},{"@type":"ImageObject","inLanguage":"pt-PT","@id":"https:\/\/terrasse-mobile.net\/slidedeck\/terrasse-mobile-ile-de-france\/terrasse-mobile-en-kit-ile-de-france\/#primaryimage","url":"https:\/\/terrasse-mobile.net\/wp-content\/uploads\/2024\/02\/REAL-SABOURAULT-PISCINE-2.jpg","contentUrl":"https:\/\/terrasse-mobile.net\/wp-content\/uploads\/2024\/02\/REAL-SABOURAULT-PISCINE-2.jpg","width":2000,"height":1500,"caption":"DCIM100MEDIADJI_0365.JPG"},{"@type":"BreadcrumbList","@id":"https:\/\/terrasse-mobile.net\/slidedeck\/terrasse-mobile-ile-de-france\/terrasse-mobile-en-kit-ile-de-france\/#breadcrumb","itemListElement":[{"@type":"ListItem","position":1,"name":"Accueil","item":"https:\/\/terrasse-mobile.net\/"},{"@type":"ListItem","position":2,"name":"SLIDEDECK","item":"https:\/\/terrasse-mobile.net\/slidedeck\/"},{"@type":"ListItem","position":3,"name":"D\u00c9COUVREZ LA TERRASSE MOBILE SLIDEDECK","item":"https:\/\/terrasse-mobile.net\/slidedeck\/terrasse-mobile-ile-de-france\/"},{"@type":"ListItem","position":4,"name":"L&rsquo;\u00c9QUIPE SLIDEDECK"}]},{"@type":"WebSite","@id":"https:\/\/terrasse-mobile.net\/#website","url":"https:\/\/terrasse-mobile.net\/","name":"Slidedeck","description":"Terra\u00e7os m\u00f3veis constru\u00eddos \u00e0 medida na regi\u00e3o parisiense","publisher":{"@id":"https:\/\/terrasse-mobile.net\/#organization"},"potentialAction":[{"@type":"SearchAction","target":{"@type":"EntryPoint","urlTemplate":"https:\/\/terrasse-mobile.net\/?s={search_term_string}"},"query-input":{"@type":"PropertyValueSpecification","valueRequired":true,"valueName":"search_term_string"}}],"inLanguage":"pt-PT"},{"@type":"Organization","@id":"https:\/\/terrasse-mobile.net\/#organization","name":"Slidedeck","url":"https:\/\/terrasse-mobile.net\/","logo":{"@type":"ImageObject","inLanguage":"pt-PT","@id":"https:\/\/terrasse-mobile.net\/#\/schema\/logo\/image\/","url":"https:\/\/terrasse-mobile.net\/wp-content\/uploads\/2024\/01\/logo-slidedeck.jpg","contentUrl":"https:\/\/terrasse-mobile.net\/wp-content\/uploads\/2024\/01\/logo-slidedeck.jpg","width":2000,"height":1103,"caption":"Slidedeck"},"image":{"@id":"https:\/\/terrasse-mobile.net\/#\/schema\/logo\/image\/"}}]}},"_links":{"self":[{"href":"https:\/\/terrasse-mobile.net\/pt\/wp-json\/wp\/v2\/pages\/5416","targetHints":{"allow":["GET"]}}],"collection":[{"href":"https:\/\/terrasse-mobile.net\/pt\/wp-json\/wp\/v2\/pages"}],"about":[{"href":"https:\/\/terrasse-mobile.net\/pt\/wp-json\/wp\/v2\/types\/page"}],"author":[{"embeddable":true,"href":"https:\/\/terrasse-mobile.net\/pt\/wp-json\/wp\/v2\/users\/1"}],"replies":[{"embeddable":true,"href":"https:\/\/terrasse-mobile.net\/pt\/wp-json\/wp\/v2\/comments?post=5416"}],"version-history":[{"count":12,"href":"https:\/\/terrasse-mobile.net\/pt\/wp-json\/wp\/v2\/pages\/5416\/revisions"}],"predecessor-version":[{"id":7260,"href":"https:\/\/terrasse-mobile.net\/pt\/wp-json\/wp\/v2\/pages\/5416\/revisions\/7260"}],"up":[{"embeddable":true,"href":"https:\/\/terrasse-mobile.net\/pt\/wp-json\/wp\/v2\/pages\/5771"}],"wp:featuredmedia":[{"embeddable":true,"href":"https:\/\/terrasse-mobile.net\/pt\/wp-json\/wp\/v2\/media\/3640"}],"wp:attachment":[{"href":"https:\/\/terrasse-mobile.net\/pt\/wp-json\/wp\/v2\/media?parent=5416"}],"wp:term":[{"taxonomy":"folder","embeddable":true,"href":"https:\/\/terrasse-mobile.net\/pt\/wp-json\/wp\/v2\/folder?post=5416"}],"curies":[{"name":"wp","href":"https:\/\/api.w.org\/{rel}","templated":true}]}}