{"id":5449,"date":"2024-10-02T14:50:31","date_gmt":"2024-10-02T12:50:01","guid":{"rendered":"https:\/\/terrasse-mobile.net\/?page_id=5449"},"modified":"2025-11-25T15:35:28","modified_gmt":"2025-11-25T14:35:28","slug":"funcionamento-do-deck-de-piscina-movel","status":"publish","type":"page","link":"https:\/\/terrasse-mobile.net\/pt\/slidedeck\/terrasse-mobile-ile-de-france\/fonctionnement-terrasse-mobile-piscine\/","title":{"rendered":"COMO FUNCIONA O SLIDEDECK MOBILE TERRACE?"},"content":{"rendered":"<p><\/p>\n\n\n\n<div class=\"wp-block-group\"><div class=\"wp-block-group__inner-container is-layout-constrained wp-block-group-is-layout-constrained\">\n<div class=\"wp-block-columns is-layout-flex wp-container-core-columns-is-layout-9d6595d7 wp-block-columns-is-layout-flex\">\n<div class=\"wp-block-column is-layout-flow wp-block-column-is-layout-flow\">\n<figure class=\"wp-block-image size-full\"><img decoding=\"async\" width=\"600\" height=\"397\" src=\"https:\/\/terrasse-mobile.net\/wp-content\/uploads\/2024\/11\/46-Isolant-mise-en-place-au-fur-mesure.jpg\" alt=\"Criar o terra\u00e7o m\u00f3vel SlideDeck\" class=\"wp-image-6269\" style=\"aspect-ratio:3\/2;object-fit:cover\" srcset=\"https:\/\/terrasse-mobile.net\/wp-content\/uploads\/2024\/11\/46-Isolant-mise-en-place-au-fur-mesure.jpg 600w, https:\/\/terrasse-mobile.net\/wp-content\/uploads\/2024\/11\/46-Isolant-mise-en-place-au-fur-mesure-300x199.jpg 300w, https:\/\/terrasse-mobile.net\/wp-content\/uploads\/2024\/11\/46-Isolant-mise-en-place-au-fur-mesure-50x33.jpg 50w\" sizes=\"(max-width: 600px) 100vw, 600px\" \/><\/figure>\n\n\n\n<h2 class=\"wp-block-heading\">Op\u00e7\u00f5es de deck m\u00f3vel SlideDeck<\/h2>\n\n\n\n<p>Consoante o tamanho, o terra\u00e7o m\u00f3vel SlideDeck assenta sobre uma ou duas calhas arredondadas para uma orienta\u00e7\u00e3o perfeita e um movimento suave. No que diz respeito ao isolamento t\u00e9rmico, fizemos tudo o que estava ao nosso alcance:<\/p>\n\n\n\n<ul class=\"wp-block-list\">\n<li>Escovas de qualidade nos bordos para limitar a infiltra\u00e7\u00e3o de ar (e sujidade)<\/li>\n\n\n\n<li>Folhas de PVC especialmente cortadas para deslizar entre as t\u00e1buas do conv\u00e9s, para evitar a perda de calor entre as t\u00e1buas.<\/li>\n\n\n\n<li>Para o isolamento t\u00e9rmico, fornecemos pain\u00e9is de espuma de poliuretano com um coeficiente de resist\u00eancia t\u00e9rmica de R = 2,2.<\/li>\n<\/ul>\n\n\n\n<p>Assim, o seu terra\u00e7o m\u00f3vel oferece um desempenho t\u00e9rmico excecional, mantendo a piscina quente e limitando o consumo de energia.<\/p>\n<\/div>\n\n\n\n<div class=\"wp-block-column is-layout-flow wp-block-column-is-layout-flow\">\n<h2 class=\"wp-block-heading\">SlideDeck \u00e9 a refer\u00eancia em sistemas de decks m\u00f3veis para piscinas.<\/h2>\n\n\n\n<p>SlideDeck \u00e9 a refer\u00eancia em sistemas de decks m\u00f3veis para piscinas. Para cada parte do SlideDeck, selecion\u00e1mos os melhores componentes e as solu\u00e7\u00f5es mais fi\u00e1veis e comprovadas. <\/p>\n\n\n\n<p>Antes de mais, o Slidedeck tem uma estrutura robusta constru\u00edda em a\u00e7o inoxid\u00e1vel e tubos de alum\u00ednio. <\/p>\n\n\n\n<p>Para cada pe\u00e7a, escolhemos os componentes mais fi\u00e1veis e duradouros: <\/p>\n\n\n\n<ul class=\"wp-block-list\">\n<li>As juntas s\u00e3o rebitadas com rebites estruturais de 6 mm, com uma resist\u00eancia unit\u00e1ria de 600 kg.<\/li>\n<\/ul>\n\n\n\n<ul class=\"wp-block-list\">\n<li>As rodas s\u00e3o de a\u00e7o inoxid\u00e1vel ou de poliamida. Os rolamentos de esferas tamb\u00e9m s\u00e3o sempre em a\u00e7o inoxid\u00e1vel. <\/li>\n<\/ul>\n\n\n\n<ul class=\"wp-block-list\">\n<li>Todas as juntas s\u00e3o soldadas mecanicamente e fabricadas em a\u00e7o inoxid\u00e1vel (Inox 304). <\/li>\n<\/ul>\n\n\n\n<ul class=\"wp-block-list\">\n<li>As escovas perif\u00e9ricas s\u00e3o fabricadas em Fran\u00e7a pelo especialista em escovas para a ind\u00fastria e para os recintos de piscinas.<\/li>\n<\/ul>\n\n\n\n<div class=\"wp-block-buttons is-content-justification-center is-layout-flex wp-container-core-buttons-is-layout-16018d1d wp-block-buttons-is-layout-flex\">\n<div class=\"wp-block-button is-style-fill\"><a class=\"wp-block-button__link has-white-color has-text-color has-background has-link-color has-small-font-size has-custom-font-size wp-element-button\" href=\"https:\/\/terrasse-mobile.net\/pt\/esplanada-movel-por-medida\/modelos\/terraco-movel-piscina-personalizada\/\" style=\"background-color:#3579a4\">Descubra a personaliza\u00e7\u00e3o do SlideDeck<\/a><\/div>\n<\/div>\n<\/div>\n<\/div>\n<\/div><\/div>\n\n\n\n<div class=\"wp-block-group\"><div class=\"wp-block-group__inner-container is-layout-constrained wp-block-group-is-layout-constrained\">\n<div class=\"wp-block-columns is-layout-flex wp-container-core-columns-is-layout-9d6595d7 wp-block-columns-is-layout-flex\">\n<div class=\"wp-block-column is-layout-flow wp-block-column-is-layout-flow\">\n<figure class=\"wp-block-image size-full\"><img decoding=\"async\" width=\"700\" height=\"525\" src=\"https:\/\/terrasse-mobile.net\/wp-content\/uploads\/2024\/03\/BERTAGNE-CONSTRUCTION-GROS-PLANS00002.jpeg\" alt=\"escova m\u00f3vel para terra\u00e7o\" class=\"wp-image-4722\" style=\"aspect-ratio:3\/2;object-fit:cover\" srcset=\"https:\/\/terrasse-mobile.net\/wp-content\/uploads\/2024\/03\/BERTAGNE-CONSTRUCTION-GROS-PLANS00002.jpeg 700w, https:\/\/terrasse-mobile.net\/wp-content\/uploads\/2024\/03\/BERTAGNE-CONSTRUCTION-GROS-PLANS00002-300x225.jpeg 300w\" sizes=\"(max-width: 700px) 100vw, 700px\" \/><\/figure>\n\n\n\n<figure class=\"wp-block-image size-large\"><img decoding=\"async\" width=\"1024\" height=\"678\" src=\"https:\/\/terrasse-mobile.net\/wp-content\/uploads\/2024\/01\/rea-montain00003-3-1024x678.jpg\" alt=\"TERRA\u00c7O M\u00d3VEL EM MADEIRA\" class=\"wp-image-361\" srcset=\"https:\/\/terrasse-mobile.net\/wp-content\/uploads\/2024\/01\/rea-montain00003-3-1024x678.jpg 1024w, https:\/\/terrasse-mobile.net\/wp-content\/uploads\/2024\/01\/rea-montain00003-3-300x199.jpg 300w, https:\/\/terrasse-mobile.net\/wp-content\/uploads\/2024\/01\/rea-montain00003-3-768x509.jpg 768w, https:\/\/terrasse-mobile.net\/wp-content\/uploads\/2024\/01\/rea-montain00003-3-1536x1017.jpg 1536w, https:\/\/terrasse-mobile.net\/wp-content\/uploads\/2024\/01\/rea-montain00003-3-2048x1356.jpg 2048w\" sizes=\"(max-width: 1024px) 100vw, 1024px\" \/><\/figure>\n<\/div>\n\n\n\n<div class=\"wp-block-column is-layout-flow wp-block-column-is-layout-flow\">\n<h2 class=\"wp-block-heading\">Decks m\u00f3veis SlideDeck<\/h2>\n\n\n\n<p>Para a motoriza\u00e7\u00e3o, propomos um sistema de rodas motorizadas ultra-eficaz, alimentado por uma bateria e uma c\u00e9lula fotovoltaica. Sem necessidade de liga\u00e7\u00e3o \u00e0 corrente, sem alimenta\u00e7\u00e3o el\u00e9ctrica perto da piscina.<\/p>\n\n\n\n<p>Por fim, oferecemos uma escolha de revestimentos de qualidade:<\/p>\n\n\n\n<ul class=\"wp-block-list\">\n<li>T\u00e1buas de terra\u00e7o em madeira ex\u00f3tica<\/li>\n\n\n\n<li>T\u00e1buas de madeira para deck<\/li>\n\n\n\n<li>L\u00e2minas de resina mineral para decks<\/li>\n\n\n\n<li>L\u00e2minas de alum\u00ednio para decks<\/li>\n\n\n\n<li>Relva sint\u00e9tica<\/li>\n\n\n\n<li>Folha de pedra.<\/li>\n<\/ul>\n\n\n\n<p>Podemos adaptar-nos a pedidos espec\u00edficos e realizar projectos especiais.<\/p>\n\n\n\n<p>Toda a estrutura \u00e9 pr\u00e9-montada na oficina e meticulosamente embalada para uma montagem r\u00e1pida nas suas instala\u00e7\u00f5es.<\/p>\n\n\n\n<p>Um terra\u00e7o m\u00f3vel de 18 m2 pode ser instalado em 3 horas por duas pessoas (excluindo a cobertura).<\/p>\n<\/div>\n<\/div>\n<\/div><\/div>","protected":false},"excerpt":{"rendered":"<p>Les options pour terrasse mobile SlideDeck Selon les dimensions, la terrasse mobile SlideDeck circule sur un ou deux rails arrondis pour un parfait guidage et un mouvement tout en douceur. Pour la partie isolation thermique, nous avons mis le paquet : Ainsi, votre terrasse mobile pr\u00e9sente une performance thermique exceptionnelle, permettant de conserver la chaleur&#8230;<\/p>","protected":false},"author":1,"featured_media":3640,"parent":5771,"menu_order":7,"comment_status":"closed","ping_status":"closed","template":"","meta":{"_kad_post_transparent":"","_kad_post_title":"","_kad_post_layout":"","_kad_post_sidebar_id":"","_kad_post_content_style":"","_kad_post_vertical_padding":"","_kad_post_feature":"","_kad_post_feature_position":"","_kad_post_header":false,"_kad_post_footer":false,"_kad_post_classname":"","footnotes":""},"folder":[],"class_list":["post-5449","page","type-page","status-publish","has-post-thumbnail","hentry"],"yoast_head":"<!-- This site is optimized with the Yoast SEO plugin v27.3 - https:\/\/yoast.com\/product\/yoast-seo-wordpress\/ -->\n<title>Comment fonctionne la terrasse mobile d&#039;une piscine ?<\/title>\n<meta name=\"description\" content=\"La terrasse mobile pour piscine SlideDeck est tr\u00e8s facile d&#039;utilisation. Elle peut \u00eatre manuelle ou motoris\u00e9e.\" \/>\n<meta name=\"robots\" content=\"index, follow, max-snippet:-1, max-image-preview:large, max-video-preview:-1\" \/>\n<link rel=\"canonical\" href=\"https:\/\/terrasse-mobile.net\/pt\/deck-deslizante\/terraco-movel-ile-de-france\/funcionamento-do-deck-de-piscina-movel\/\" \/>\n<meta property=\"og:locale\" content=\"pt_PT\" \/>\n<meta property=\"og:type\" content=\"article\" \/>\n<meta property=\"og:title\" content=\"Comment fonctionne la terrasse mobile d&#039;une piscine ?\" \/>\n<meta property=\"og:description\" content=\"La terrasse mobile pour piscine SlideDeck est tr\u00e8s facile d&#039;utilisation. Elle peut \u00eatre manuelle ou motoris\u00e9e.\" \/>\n<meta property=\"og:url\" content=\"https:\/\/terrasse-mobile.net\/pt\/deck-deslizante\/terraco-movel-ile-de-france\/funcionamento-do-deck-de-piscina-movel\/\" \/>\n<meta property=\"og:site_name\" content=\"Terrasse mobile\" \/>\n<meta property=\"article:modified_time\" content=\"2025-11-25T14:35:28+00:00\" \/>\n<meta property=\"og:image\" content=\"https:\/\/terrasse-mobile.net\/wp-content\/uploads\/2024\/02\/REAL-SABOURAULT-PISCINE-2.jpg\" \/>\n\t<meta property=\"og:image:width\" content=\"2000\" \/>\n\t<meta property=\"og:image:height\" content=\"1500\" \/>\n\t<meta property=\"og:image:type\" content=\"image\/jpeg\" \/>\n<meta name=\"twitter:card\" content=\"summary_large_image\" \/>\n<meta name=\"twitter:label1\" content=\"Tempo estimado de leitura\" \/>\n\t<meta name=\"twitter:data1\" content=\"3 minutos\" \/>\n<script type=\"application\/ld+json\" class=\"yoast-schema-graph\">{\"@context\":\"https:\\\/\\\/schema.org\",\"@graph\":[{\"@type\":\"WebPage\",\"@id\":\"https:\\\/\\\/terrasse-mobile.net\\\/slidedeck\\\/terrasse-mobile-ile-de-france\\\/fonctionnement-terrasse-mobile-piscine\\\/\",\"url\":\"https:\\\/\\\/terrasse-mobile.net\\\/slidedeck\\\/terrasse-mobile-ile-de-france\\\/fonctionnement-terrasse-mobile-piscine\\\/\",\"name\":\"Comment fonctionne la terrasse mobile d'une piscine ?\",\"isPartOf\":{\"@id\":\"https:\\\/\\\/terrasse-mobile.net\\\/#website\"},\"primaryImageOfPage\":{\"@id\":\"https:\\\/\\\/terrasse-mobile.net\\\/slidedeck\\\/terrasse-mobile-ile-de-france\\\/fonctionnement-terrasse-mobile-piscine\\\/#primaryimage\"},\"image\":{\"@id\":\"https:\\\/\\\/terrasse-mobile.net\\\/slidedeck\\\/terrasse-mobile-ile-de-france\\\/fonctionnement-terrasse-mobile-piscine\\\/#primaryimage\"},\"thumbnailUrl\":\"https:\\\/\\\/terrasse-mobile.net\\\/wp-content\\\/uploads\\\/2024\\\/02\\\/REAL-SABOURAULT-PISCINE-2.jpg\",\"datePublished\":\"2024-10-02T12:50:01+00:00\",\"dateModified\":\"2025-11-25T14:35:28+00:00\",\"description\":\"La terrasse mobile pour piscine SlideDeck est tr\u00e8s facile d'utilisation. Elle peut \u00eatre manuelle ou motoris\u00e9e.\",\"breadcrumb\":{\"@id\":\"https:\\\/\\\/terrasse-mobile.net\\\/slidedeck\\\/terrasse-mobile-ile-de-france\\\/fonctionnement-terrasse-mobile-piscine\\\/#breadcrumb\"},\"inLanguage\":\"pt-PT\",\"potentialAction\":[{\"@type\":\"ReadAction\",\"target\":[\"https:\\\/\\\/terrasse-mobile.net\\\/slidedeck\\\/terrasse-mobile-ile-de-france\\\/fonctionnement-terrasse-mobile-piscine\\\/\"]}]},{\"@type\":\"ImageObject\",\"inLanguage\":\"pt-PT\",\"@id\":\"https:\\\/\\\/terrasse-mobile.net\\\/slidedeck\\\/terrasse-mobile-ile-de-france\\\/fonctionnement-terrasse-mobile-piscine\\\/#primaryimage\",\"url\":\"https:\\\/\\\/terrasse-mobile.net\\\/wp-content\\\/uploads\\\/2024\\\/02\\\/REAL-SABOURAULT-PISCINE-2.jpg\",\"contentUrl\":\"https:\\\/\\\/terrasse-mobile.net\\\/wp-content\\\/uploads\\\/2024\\\/02\\\/REAL-SABOURAULT-PISCINE-2.jpg\",\"width\":2000,\"height\":1500,\"caption\":\"DCIM100MEDIADJI_0365.JPG\"},{\"@type\":\"BreadcrumbList\",\"@id\":\"https:\\\/\\\/terrasse-mobile.net\\\/slidedeck\\\/terrasse-mobile-ile-de-france\\\/fonctionnement-terrasse-mobile-piscine\\\/#breadcrumb\",\"itemListElement\":[{\"@type\":\"ListItem\",\"position\":1,\"name\":\"Accueil\",\"item\":\"https:\\\/\\\/terrasse-mobile.net\\\/\"},{\"@type\":\"ListItem\",\"position\":2,\"name\":\"SLIDEDECK\",\"item\":\"https:\\\/\\\/terrasse-mobile.net\\\/slidedeck\\\/\"},{\"@type\":\"ListItem\",\"position\":3,\"name\":\"D\u00c9COUVREZ LA TERRASSE MOBILE SLIDEDECK\",\"item\":\"https:\\\/\\\/terrasse-mobile.net\\\/slidedeck\\\/terrasse-mobile-ile-de-france\\\/\"},{\"@type\":\"ListItem\",\"position\":4,\"name\":\"COMMENT FONCTIONNE LA TERRASSE MOBILE SLIDEDECK ?\"}]},{\"@type\":\"WebSite\",\"@id\":\"https:\\\/\\\/terrasse-mobile.net\\\/#website\",\"url\":\"https:\\\/\\\/terrasse-mobile.net\\\/\",\"name\":\"Slidedeck\",\"description\":\"Construction sur mesure de terrasses mobiles en \u00cele-de-France\",\"publisher\":{\"@id\":\"https:\\\/\\\/terrasse-mobile.net\\\/#organization\"},\"potentialAction\":[{\"@type\":\"SearchAction\",\"target\":{\"@type\":\"EntryPoint\",\"urlTemplate\":\"https:\\\/\\\/terrasse-mobile.net\\\/?s={search_term_string}\"},\"query-input\":{\"@type\":\"PropertyValueSpecification\",\"valueRequired\":true,\"valueName\":\"search_term_string\"}}],\"inLanguage\":\"pt-PT\"},{\"@type\":\"Organization\",\"@id\":\"https:\\\/\\\/terrasse-mobile.net\\\/#organization\",\"name\":\"Slidedeck\",\"url\":\"https:\\\/\\\/terrasse-mobile.net\\\/\",\"logo\":{\"@type\":\"ImageObject\",\"inLanguage\":\"pt-PT\",\"@id\":\"https:\\\/\\\/terrasse-mobile.net\\\/#\\\/schema\\\/logo\\\/image\\\/\",\"url\":\"https:\\\/\\\/terrasse-mobile.net\\\/wp-content\\\/uploads\\\/2024\\\/01\\\/logo-slidedeck.jpg\",\"contentUrl\":\"https:\\\/\\\/terrasse-mobile.net\\\/wp-content\\\/uploads\\\/2024\\\/01\\\/logo-slidedeck.jpg\",\"width\":2000,\"height\":1103,\"caption\":\"Slidedeck\"},\"image\":{\"@id\":\"https:\\\/\\\/terrasse-mobile.net\\\/#\\\/schema\\\/logo\\\/image\\\/\"}}]}<\/script>\n<!-- \/ Yoast SEO plugin. -->","yoast_head_json":{"title":"Como funciona um deck de piscina m\u00f3vel?","description":"O deck de piscina m\u00f3vel SlideDeck \u00e9 muito f\u00e1cil de utilizar. Pode ser manual ou motorizado.","robots":{"index":"index","follow":"follow","max-snippet":"max-snippet:-1","max-image-preview":"max-image-preview:large","max-video-preview":"max-video-preview:-1"},"canonical":"https:\/\/terrasse-mobile.net\/pt\/deck-deslizante\/terraco-movel-ile-de-france\/funcionamento-do-deck-de-piscina-movel\/","og_locale":"pt_PT","og_type":"article","og_title":"Comment fonctionne la terrasse mobile d'une piscine ?","og_description":"La terrasse mobile pour piscine SlideDeck est tr\u00e8s facile d'utilisation. Elle peut \u00eatre manuelle ou motoris\u00e9e.","og_url":"https:\/\/terrasse-mobile.net\/pt\/deck-deslizante\/terraco-movel-ile-de-france\/funcionamento-do-deck-de-piscina-movel\/","og_site_name":"Terrasse mobile","article_modified_time":"2025-11-25T14:35:28+00:00","og_image":[{"width":2000,"height":1500,"url":"https:\/\/terrasse-mobile.net\/wp-content\/uploads\/2024\/02\/REAL-SABOURAULT-PISCINE-2.jpg","type":"image\/jpeg"}],"twitter_card":"summary_large_image","twitter_misc":{"Tempo estimado de leitura":"3 minutos"},"schema":{"@context":"https:\/\/schema.org","@graph":[{"@type":"WebPage","@id":"https:\/\/terrasse-mobile.net\/slidedeck\/terrasse-mobile-ile-de-france\/fonctionnement-terrasse-mobile-piscine\/","url":"https:\/\/terrasse-mobile.net\/slidedeck\/terrasse-mobile-ile-de-france\/fonctionnement-terrasse-mobile-piscine\/","name":"Como funciona um deck de piscina m\u00f3vel?","isPartOf":{"@id":"https:\/\/terrasse-mobile.net\/#website"},"primaryImageOfPage":{"@id":"https:\/\/terrasse-mobile.net\/slidedeck\/terrasse-mobile-ile-de-france\/fonctionnement-terrasse-mobile-piscine\/#primaryimage"},"image":{"@id":"https:\/\/terrasse-mobile.net\/slidedeck\/terrasse-mobile-ile-de-france\/fonctionnement-terrasse-mobile-piscine\/#primaryimage"},"thumbnailUrl":"https:\/\/terrasse-mobile.net\/wp-content\/uploads\/2024\/02\/REAL-SABOURAULT-PISCINE-2.jpg","datePublished":"2024-10-02T12:50:01+00:00","dateModified":"2025-11-25T14:35:28+00:00","description":"O deck de piscina m\u00f3vel SlideDeck \u00e9 muito f\u00e1cil de utilizar. Pode ser manual ou motorizado.","breadcrumb":{"@id":"https:\/\/terrasse-mobile.net\/slidedeck\/terrasse-mobile-ile-de-france\/fonctionnement-terrasse-mobile-piscine\/#breadcrumb"},"inLanguage":"pt-PT","potentialAction":[{"@type":"ReadAction","target":["https:\/\/terrasse-mobile.net\/slidedeck\/terrasse-mobile-ile-de-france\/fonctionnement-terrasse-mobile-piscine\/"]}]},{"@type":"ImageObject","inLanguage":"pt-PT","@id":"https:\/\/terrasse-mobile.net\/slidedeck\/terrasse-mobile-ile-de-france\/fonctionnement-terrasse-mobile-piscine\/#primaryimage","url":"https:\/\/terrasse-mobile.net\/wp-content\/uploads\/2024\/02\/REAL-SABOURAULT-PISCINE-2.jpg","contentUrl":"https:\/\/terrasse-mobile.net\/wp-content\/uploads\/2024\/02\/REAL-SABOURAULT-PISCINE-2.jpg","width":2000,"height":1500,"caption":"DCIM100MEDIADJI_0365.JPG"},{"@type":"BreadcrumbList","@id":"https:\/\/terrasse-mobile.net\/slidedeck\/terrasse-mobile-ile-de-france\/fonctionnement-terrasse-mobile-piscine\/#breadcrumb","itemListElement":[{"@type":"ListItem","position":1,"name":"Accueil","item":"https:\/\/terrasse-mobile.net\/"},{"@type":"ListItem","position":2,"name":"SLIDEDECK","item":"https:\/\/terrasse-mobile.net\/slidedeck\/"},{"@type":"ListItem","position":3,"name":"D\u00c9COUVREZ LA TERRASSE MOBILE SLIDEDECK","item":"https:\/\/terrasse-mobile.net\/slidedeck\/terrasse-mobile-ile-de-france\/"},{"@type":"ListItem","position":4,"name":"COMMENT FONCTIONNE LA TERRASSE MOBILE SLIDEDECK ?"}]},{"@type":"WebSite","@id":"https:\/\/terrasse-mobile.net\/#website","url":"https:\/\/terrasse-mobile.net\/","name":"Slidedeck","description":"Terra\u00e7os m\u00f3veis constru\u00eddos \u00e0 medida na regi\u00e3o parisiense","publisher":{"@id":"https:\/\/terrasse-mobile.net\/#organization"},"potentialAction":[{"@type":"SearchAction","target":{"@type":"EntryPoint","urlTemplate":"https:\/\/terrasse-mobile.net\/?s={search_term_string}"},"query-input":{"@type":"PropertyValueSpecification","valueRequired":true,"valueName":"search_term_string"}}],"inLanguage":"pt-PT"},{"@type":"Organization","@id":"https:\/\/terrasse-mobile.net\/#organization","name":"Slidedeck","url":"https:\/\/terrasse-mobile.net\/","logo":{"@type":"ImageObject","inLanguage":"pt-PT","@id":"https:\/\/terrasse-mobile.net\/#\/schema\/logo\/image\/","url":"https:\/\/terrasse-mobile.net\/wp-content\/uploads\/2024\/01\/logo-slidedeck.jpg","contentUrl":"https:\/\/terrasse-mobile.net\/wp-content\/uploads\/2024\/01\/logo-slidedeck.jpg","width":2000,"height":1103,"caption":"Slidedeck"},"image":{"@id":"https:\/\/terrasse-mobile.net\/#\/schema\/logo\/image\/"}}]}},"_links":{"self":[{"href":"https:\/\/terrasse-mobile.net\/pt\/wp-json\/wp\/v2\/pages\/5449","targetHints":{"allow":["GET"]}}],"collection":[{"href":"https:\/\/terrasse-mobile.net\/pt\/wp-json\/wp\/v2\/pages"}],"about":[{"href":"https:\/\/terrasse-mobile.net\/pt\/wp-json\/wp\/v2\/types\/page"}],"author":[{"embeddable":true,"href":"https:\/\/terrasse-mobile.net\/pt\/wp-json\/wp\/v2\/users\/1"}],"replies":[{"embeddable":true,"href":"https:\/\/terrasse-mobile.net\/pt\/wp-json\/wp\/v2\/comments?post=5449"}],"version-history":[{"count":17,"href":"https:\/\/terrasse-mobile.net\/pt\/wp-json\/wp\/v2\/pages\/5449\/revisions"}],"predecessor-version":[{"id":7267,"href":"https:\/\/terrasse-mobile.net\/pt\/wp-json\/wp\/v2\/pages\/5449\/revisions\/7267"}],"up":[{"embeddable":true,"href":"https:\/\/terrasse-mobile.net\/pt\/wp-json\/wp\/v2\/pages\/5771"}],"wp:featuredmedia":[{"embeddable":true,"href":"https:\/\/terrasse-mobile.net\/pt\/wp-json\/wp\/v2\/media\/3640"}],"wp:attachment":[{"href":"https:\/\/terrasse-mobile.net\/pt\/wp-json\/wp\/v2\/media?parent=5449"}],"wp:term":[{"taxonomy":"folder","embeddable":true,"href":"https:\/\/terrasse-mobile.net\/pt\/wp-json\/wp\/v2\/folder?post=5449"}],"curies":[{"name":"wp","href":"https:\/\/api.w.org\/{rel}","templated":true}]}}