{"id":5493,"date":"2024-10-02T14:48:31","date_gmt":"2024-10-02T12:48:27","guid":{"rendered":"https:\/\/terrasse-mobile.net\/?page_id=5493"},"modified":"2025-11-25T16:37:16","modified_gmt":"2025-11-25T15:37:16","slug":"terraco-movel-para-piscina-com-laminas-de-aluminio","status":"publish","type":"page","link":"https:\/\/terrasse-mobile.net\/pt\/revetements\/terrasse-mobile-piscine-avec-lames-aluminium\/","title":{"rendered":"T\u00c1BUAS DE DECK DE ALUM\u00cdNIO M\u00d3VEIS XTREMDECK"},"content":{"rendered":"<h2 class=\"wp-block-heading\">Decks m\u00f3veis f\u00e1ceis de instalar<\/h2>\n\n\n\n<p class=\"has-text-align-center\">O deck de alum\u00ednio XTremDeck \u00e9 muito f\u00e1cil de instalar na estrutura do seu deck m\u00f3vel utilizando os clipes invis\u00edveis fornecidos. O deck de alum\u00ednio XTremDeck pode ser instalado muito rapidamente, sem necessidade de qualquer compet\u00eancia espec\u00edfica.<\/p>\n\n\n\n<p><em><mark style=\"background-color:rgba(0, 0, 0, 0)\" class=\"has-inline-color has-theme-palette-1-color\"><a href=\"https:\/\/terrasse-etanche.com\/lame-terrasse-aluminium-ininflammable\">Para saber mais sobre os nossos decks de alum\u00ednio, clique aqui.<\/a><\/mark><\/em><\/p>\n\n\n<div class=\"wp-block-image\">\n<figure class=\"aligncenter size-full is-resized\"><img decoding=\"async\" width=\"599\" height=\"397\" src=\"https:\/\/terrasse-mobile.net\/wp-content\/uploads\/2024\/11\/xtremdeck-fixation-hybride-partie-courante-09.jpg\" alt=\"L\u00e2minas de alum\u00ednio para decks e terra\u00e7os m\u00f3veis\" class=\"wp-image-6478\" style=\"width:484px;height:auto\" srcset=\"https:\/\/terrasse-mobile.net\/wp-content\/uploads\/2024\/11\/xtremdeck-fixation-hybride-partie-courante-09.jpg 599w, https:\/\/terrasse-mobile.net\/wp-content\/uploads\/2024\/11\/xtremdeck-fixation-hybride-partie-courante-09-300x199.jpg 300w, https:\/\/terrasse-mobile.net\/wp-content\/uploads\/2024\/11\/xtremdeck-fixation-hybride-partie-courante-09-50x33.jpg 50w\" sizes=\"(max-width: 599px) 100vw, 599px\" \/><\/figure>\n<\/div>\n\n\n<h2 class=\"wp-block-heading\">S\u00e3o ideais para terra\u00e7os m\u00f3veis?<\/h2>\n\n\n\n<div class=\"wp-block-group\"><div class=\"wp-block-group__inner-container is-layout-constrained wp-block-group-is-layout-constrained\">\n<div class=\"wp-block-columns is-layout-flex wp-container-core-columns-is-layout-9d6595d7 wp-block-columns-is-layout-flex\">\n<div class=\"wp-block-column is-layout-flow wp-block-column-is-layout-flow\">\n<div class=\"wp-block-group\"><div class=\"wp-block-group__inner-container is-layout-constrained wp-block-group-is-layout-constrained\">\n<div class=\"wp-block-columns is-layout-flex wp-container-core-columns-is-layout-9d6595d7 wp-block-columns-is-layout-flex\">\n<div class=\"wp-block-column is-layout-flow wp-block-column-is-layout-flow\" style=\"flex-basis:100%\">\n<p>As t\u00e1buas de alum\u00ednio para deck s\u00e3o a escolha ideal para decorar um terra\u00e7o m\u00f3vel, gra\u00e7as \u00e0s suas carater\u00edsticas espec\u00edficas que satisfazem as necessidades particulares deste tipo de design de exterior.<\/p>\n<\/div>\n<\/div>\n<\/div><\/div>\n\n\n\n<p>Em primeiro lugar, o <strong>leveza<\/strong> do alum\u00ednio torna-o um material <strong>ideal para terra\u00e7os m\u00f3veis<\/strong>. O alum\u00ednio \u00e9 significativamente mais <strong>luz<\/strong> do que outros materiais de constru\u00e7\u00e3o, como a madeira ou o bet\u00e3o, o que facilita a desloca\u00e7\u00e3o da plataforma m\u00f3vel e reduz a carga estrutural, essencial para garantir uma longa vida \u00fatil. <strong>mobilidade f\u00e1cil<\/strong>.<\/p>\n\n\n\n<p>Al\u00e9m disso, o alum\u00ednio n\u00e3o absorve o calor, pelo que n\u00e3o queima os p\u00e9s nos dias de sol.<\/p>\n<\/div>\n\n\n\n<div class=\"wp-block-column is-layout-flow wp-block-column-is-layout-flow\">\n<figure class=\"wp-block-image size-full\"><img decoding=\"async\" width=\"800\" height=\"530\" src=\"https:\/\/terrasse-mobile.net\/wp-content\/uploads\/2024\/11\/DSC_0416.jpg\" alt=\"L\u00e2minas de alum\u00ednio\" class=\"wp-image-6241\" srcset=\"https:\/\/terrasse-mobile.net\/wp-content\/uploads\/2024\/11\/DSC_0416.jpg 800w, https:\/\/terrasse-mobile.net\/wp-content\/uploads\/2024\/11\/DSC_0416-300x199.jpg 300w, https:\/\/terrasse-mobile.net\/wp-content\/uploads\/2024\/11\/DSC_0416-768x509.jpg 768w, https:\/\/terrasse-mobile.net\/wp-content\/uploads\/2024\/11\/DSC_0416-50x33.jpg 50w\" sizes=\"(max-width: 800px) 100vw, 800px\" \/><\/figure>\n<\/div>\n<\/div>\n<\/div><\/div>\n\n\n\n<div class=\"wp-block-group\"><div class=\"wp-block-group__inner-container is-layout-constrained wp-block-group-is-layout-constrained\">\n<h2 class=\"wp-block-heading has-text-align-center\">T\u00e1buas de deck m\u00f3veis resistentes<\/h2>\n\n\n\n<p>La <strong>resist\u00eancia \u00e0 corros\u00e3o<\/strong> O alum\u00ednio \u00e9 tamb\u00e9m uma vantagem importante, especialmente em ambientes exteriores expostos aos elementos. T\u00e1buas de alum\u00ednio para decks <strong>n\u00e3o enferrujam<\/strong>, N\u00e3o se degradam e mant\u00eam a sua integridade estrutural face \u00e0 humidade, \u00e0s chuvas frequentes e \u00e0s varia\u00e7\u00f5es clim\u00e1ticas, garantindo uma durabilidade a longo prazo.<\/p>\n\n\n\n<p class=\"has-text-align-left\"><strong>Facilidade de manuten\u00e7\u00e3o<\/strong> \u00e9 outra vantagem fundamental. As l\u00e2minas de alum\u00ednio requerem geralmente uma manuten\u00e7\u00e3o m\u00ednima, como a limpeza peri\u00f3dica, para manter o seu aspeto e funcionalidade. Isto \u00e9 particularmente vantajoso para os terra\u00e7os m\u00f3veis, que podem ser deslocados frequentemente e requerem materiais de baixa manuten\u00e7\u00e3o.<\/p>\n\n\n\n<div class=\"wp-block-columns is-layout-flex wp-container-core-columns-is-layout-9d6595d7 wp-block-columns-is-layout-flex\">\n<div class=\"wp-block-column is-layout-flow wp-block-column-is-layout-flow\">\n<figure class=\"wp-block-image size-full\"><img decoding=\"async\" width=\"599\" height=\"397\" src=\"https:\/\/terrasse-mobile.net\/wp-content\/uploads\/2024\/11\/xtremdeck-fixation-hybride-partie-courante-05.jpg\" alt=\"\" class=\"wp-image-6476\" srcset=\"https:\/\/terrasse-mobile.net\/wp-content\/uploads\/2024\/11\/xtremdeck-fixation-hybride-partie-courante-05.jpg 599w, https:\/\/terrasse-mobile.net\/wp-content\/uploads\/2024\/11\/xtremdeck-fixation-hybride-partie-courante-05-300x199.jpg 300w, https:\/\/terrasse-mobile.net\/wp-content\/uploads\/2024\/11\/xtremdeck-fixation-hybride-partie-courante-05-50x33.jpg 50w\" sizes=\"(max-width: 599px) 100vw, 599px\" \/><\/figure>\n<\/div>\n\n\n\n<div class=\"wp-block-column is-layout-flow wp-block-column-is-layout-flow\">\n<figure class=\"wp-block-image size-full\"><img decoding=\"async\" width=\"599\" height=\"397\" src=\"https:\/\/terrasse-mobile.net\/wp-content\/uploads\/2024\/11\/metadeck-fixation-sur-lambourde-bois-04.jpg\" alt=\"\" class=\"wp-image-6477\" srcset=\"https:\/\/terrasse-mobile.net\/wp-content\/uploads\/2024\/11\/metadeck-fixation-sur-lambourde-bois-04.jpg 599w, https:\/\/terrasse-mobile.net\/wp-content\/uploads\/2024\/11\/metadeck-fixation-sur-lambourde-bois-04-300x199.jpg 300w, https:\/\/terrasse-mobile.net\/wp-content\/uploads\/2024\/11\/metadeck-fixation-sur-lambourde-bois-04-50x33.jpg 50w\" sizes=\"(max-width: 599px) 100vw, 599px\" \/><\/figure>\n<\/div>\n<\/div>\n<\/div><\/div>","protected":false},"excerpt":{"rendered":"<p>Des lames de terrasse mobile faciles \u00e0 installer La lame de terrasse en aluminium XTremDeck s&rsquo;installe tre\u0300s simplement sur la structure de votre terrasse mobile avec des clips invisibles fournis. La lame en aluminium XTremDeck peut e\u0302tre mise en oeuvre tre\u0300s rapidement, sans comp\u00e9tences particulie\u0300res Pour en savoir + sur nos lames de terrasse en&#8230;<\/p>","protected":false},"author":1,"featured_media":3640,"parent":5488,"menu_order":56,"comment_status":"closed","ping_status":"closed","template":"","meta":{"_kad_post_transparent":"","_kad_post_title":"","_kad_post_layout":"","_kad_post_sidebar_id":"","_kad_post_content_style":"","_kad_post_vertical_padding":"","_kad_post_feature":"","_kad_post_feature_position":"","_kad_post_header":false,"_kad_post_footer":false,"_kad_post_classname":"","footnotes":""},"folder":[],"class_list":["post-5493","page","type-page","status-publish","has-post-thumbnail","hentry"],"yoast_head":"<!-- This site is optimized with the Yoast SEO plugin v27.4 - https:\/\/yoast.com\/product\/yoast-seo-wordpress\/ -->\n<title>Rev\u00eatement de terrasse mobile pour piscine en aluminium<\/title>\n<meta name=\"description\" content=\"La terrasse mobile pour piscine SlideDeck peut \u00eatre habill\u00e9e avec de belles lames en aluminium XtremDeck.\" \/>\n<meta name=\"robots\" content=\"index, follow, max-snippet:-1, max-image-preview:large, max-video-preview:-1\" \/>\n<link rel=\"canonical\" href=\"https:\/\/terrasse-mobile.net\/pt\/revestimentos\/terraco-movel-para-piscina-com-laminas-de-aluminio\/\" \/>\n<meta property=\"og:locale\" content=\"pt_PT\" \/>\n<meta property=\"og:type\" content=\"article\" \/>\n<meta property=\"og:title\" content=\"Rev\u00eatement de terrasse mobile pour piscine en aluminium\" \/>\n<meta property=\"og:description\" content=\"La terrasse mobile pour piscine SlideDeck peut \u00eatre habill\u00e9e avec de belles lames en aluminium XtremDeck.\" \/>\n<meta property=\"og:url\" content=\"https:\/\/terrasse-mobile.net\/pt\/revestimentos\/terraco-movel-para-piscina-com-laminas-de-aluminio\/\" \/>\n<meta property=\"og:site_name\" content=\"Terrasse mobile\" \/>\n<meta property=\"article:modified_time\" content=\"2025-11-25T15:37:16+00:00\" \/>\n<meta property=\"og:image\" content=\"https:\/\/terrasse-mobile.net\/wp-content\/uploads\/2024\/02\/REAL-SABOURAULT-PISCINE-2.jpg\" \/>\n\t<meta property=\"og:image:width\" content=\"2000\" \/>\n\t<meta property=\"og:image:height\" content=\"1500\" \/>\n\t<meta property=\"og:image:type\" content=\"image\/jpeg\" \/>\n<meta name=\"twitter:card\" content=\"summary_large_image\" \/>\n<meta name=\"twitter:label1\" content=\"Tempo estimado de leitura\" \/>\n\t<meta name=\"twitter:data1\" content=\"3 minutos\" \/>\n<script type=\"application\/ld+json\" class=\"yoast-schema-graph\">{\"@context\":\"https:\\\/\\\/schema.org\",\"@graph\":[{\"@type\":\"WebPage\",\"@id\":\"https:\\\/\\\/terrasse-mobile.net\\\/revetements\\\/terrasse-mobile-piscine-avec-lames-aluminium\\\/\",\"url\":\"https:\\\/\\\/terrasse-mobile.net\\\/revetements\\\/terrasse-mobile-piscine-avec-lames-aluminium\\\/\",\"name\":\"Rev\u00eatement de terrasse mobile pour piscine en aluminium\",\"isPartOf\":{\"@id\":\"https:\\\/\\\/terrasse-mobile.net\\\/#website\"},\"primaryImageOfPage\":{\"@id\":\"https:\\\/\\\/terrasse-mobile.net\\\/revetements\\\/terrasse-mobile-piscine-avec-lames-aluminium\\\/#primaryimage\"},\"image\":{\"@id\":\"https:\\\/\\\/terrasse-mobile.net\\\/revetements\\\/terrasse-mobile-piscine-avec-lames-aluminium\\\/#primaryimage\"},\"thumbnailUrl\":\"https:\\\/\\\/terrasse-mobile.net\\\/wp-content\\\/uploads\\\/2024\\\/02\\\/REAL-SABOURAULT-PISCINE-2.jpg\",\"datePublished\":\"2024-10-02T12:48:27+00:00\",\"dateModified\":\"2025-11-25T15:37:16+00:00\",\"description\":\"La terrasse mobile pour piscine SlideDeck peut \u00eatre habill\u00e9e avec de belles lames en aluminium XtremDeck.\",\"breadcrumb\":{\"@id\":\"https:\\\/\\\/terrasse-mobile.net\\\/revetements\\\/terrasse-mobile-piscine-avec-lames-aluminium\\\/#breadcrumb\"},\"inLanguage\":\"pt-PT\",\"potentialAction\":[{\"@type\":\"ReadAction\",\"target\":[\"https:\\\/\\\/terrasse-mobile.net\\\/revetements\\\/terrasse-mobile-piscine-avec-lames-aluminium\\\/\"]}]},{\"@type\":\"ImageObject\",\"inLanguage\":\"pt-PT\",\"@id\":\"https:\\\/\\\/terrasse-mobile.net\\\/revetements\\\/terrasse-mobile-piscine-avec-lames-aluminium\\\/#primaryimage\",\"url\":\"https:\\\/\\\/terrasse-mobile.net\\\/wp-content\\\/uploads\\\/2024\\\/02\\\/REAL-SABOURAULT-PISCINE-2.jpg\",\"contentUrl\":\"https:\\\/\\\/terrasse-mobile.net\\\/wp-content\\\/uploads\\\/2024\\\/02\\\/REAL-SABOURAULT-PISCINE-2.jpg\",\"width\":2000,\"height\":1500,\"caption\":\"DCIM100MEDIADJI_0365.JPG\"},{\"@type\":\"BreadcrumbList\",\"@id\":\"https:\\\/\\\/terrasse-mobile.net\\\/revetements\\\/terrasse-mobile-piscine-avec-lames-aluminium\\\/#breadcrumb\",\"itemListElement\":[{\"@type\":\"ListItem\",\"position\":1,\"name\":\"Accueil\",\"item\":\"https:\\\/\\\/terrasse-mobile.net\\\/\"},{\"@type\":\"ListItem\",\"position\":2,\"name\":\"LES REV\u00caTEMENTS POUR TERRASSE MOBILE SLIDEDECK\",\"item\":\"https:\\\/\\\/terrasse-mobile.net\\\/revetements\\\/\"},{\"@type\":\"ListItem\",\"position\":3,\"name\":\"LAMES DE TERRASSE MOBILE EN ALUMINIUM XTREMDECK\"}]},{\"@type\":\"WebSite\",\"@id\":\"https:\\\/\\\/terrasse-mobile.net\\\/#website\",\"url\":\"https:\\\/\\\/terrasse-mobile.net\\\/\",\"name\":\"Slidedeck\",\"description\":\"Construction sur mesure de terrasses mobiles en \u00cele-de-France\",\"publisher\":{\"@id\":\"https:\\\/\\\/terrasse-mobile.net\\\/#organization\"},\"potentialAction\":[{\"@type\":\"SearchAction\",\"target\":{\"@type\":\"EntryPoint\",\"urlTemplate\":\"https:\\\/\\\/terrasse-mobile.net\\\/?s={search_term_string}\"},\"query-input\":{\"@type\":\"PropertyValueSpecification\",\"valueRequired\":true,\"valueName\":\"search_term_string\"}}],\"inLanguage\":\"pt-PT\"},{\"@type\":\"Organization\",\"@id\":\"https:\\\/\\\/terrasse-mobile.net\\\/#organization\",\"name\":\"Slidedeck\",\"url\":\"https:\\\/\\\/terrasse-mobile.net\\\/\",\"logo\":{\"@type\":\"ImageObject\",\"inLanguage\":\"pt-PT\",\"@id\":\"https:\\\/\\\/terrasse-mobile.net\\\/#\\\/schema\\\/logo\\\/image\\\/\",\"url\":\"https:\\\/\\\/terrasse-mobile.net\\\/wp-content\\\/uploads\\\/2024\\\/01\\\/logo-slidedeck.jpg\",\"contentUrl\":\"https:\\\/\\\/terrasse-mobile.net\\\/wp-content\\\/uploads\\\/2024\\\/01\\\/logo-slidedeck.jpg\",\"width\":2000,\"height\":1103,\"caption\":\"Slidedeck\"},\"image\":{\"@id\":\"https:\\\/\\\/terrasse-mobile.net\\\/#\\\/schema\\\/logo\\\/image\\\/\"}}]}<\/script>\n<!-- \/ Yoast SEO plugin. -->","yoast_head_json":{"title":"Pavimento m\u00f3vel para piscinas de alum\u00ednio","description":"O deck de piscina m\u00f3vel SlideDeck pode ser coberto com as atractivas ripas de alum\u00ednio XtremDeck.","robots":{"index":"index","follow":"follow","max-snippet":"max-snippet:-1","max-image-preview":"max-image-preview:large","max-video-preview":"max-video-preview:-1"},"canonical":"https:\/\/terrasse-mobile.net\/pt\/revestimentos\/terraco-movel-para-piscina-com-laminas-de-aluminio\/","og_locale":"pt_PT","og_type":"article","og_title":"Rev\u00eatement de terrasse mobile pour piscine en aluminium","og_description":"La terrasse mobile pour piscine SlideDeck peut \u00eatre habill\u00e9e avec de belles lames en aluminium XtremDeck.","og_url":"https:\/\/terrasse-mobile.net\/pt\/revestimentos\/terraco-movel-para-piscina-com-laminas-de-aluminio\/","og_site_name":"Terrasse mobile","article_modified_time":"2025-11-25T15:37:16+00:00","og_image":[{"width":2000,"height":1500,"url":"https:\/\/terrasse-mobile.net\/wp-content\/uploads\/2024\/02\/REAL-SABOURAULT-PISCINE-2.jpg","type":"image\/jpeg"}],"twitter_card":"summary_large_image","twitter_misc":{"Tempo estimado de leitura":"3 minutos"},"schema":{"@context":"https:\/\/schema.org","@graph":[{"@type":"WebPage","@id":"https:\/\/terrasse-mobile.net\/revetements\/terrasse-mobile-piscine-avec-lames-aluminium\/","url":"https:\/\/terrasse-mobile.net\/revetements\/terrasse-mobile-piscine-avec-lames-aluminium\/","name":"Pavimento m\u00f3vel para piscinas de alum\u00ednio","isPartOf":{"@id":"https:\/\/terrasse-mobile.net\/#website"},"primaryImageOfPage":{"@id":"https:\/\/terrasse-mobile.net\/revetements\/terrasse-mobile-piscine-avec-lames-aluminium\/#primaryimage"},"image":{"@id":"https:\/\/terrasse-mobile.net\/revetements\/terrasse-mobile-piscine-avec-lames-aluminium\/#primaryimage"},"thumbnailUrl":"https:\/\/terrasse-mobile.net\/wp-content\/uploads\/2024\/02\/REAL-SABOURAULT-PISCINE-2.jpg","datePublished":"2024-10-02T12:48:27+00:00","dateModified":"2025-11-25T15:37:16+00:00","description":"O deck de piscina m\u00f3vel SlideDeck pode ser coberto com as atractivas ripas de alum\u00ednio XtremDeck.","breadcrumb":{"@id":"https:\/\/terrasse-mobile.net\/revetements\/terrasse-mobile-piscine-avec-lames-aluminium\/#breadcrumb"},"inLanguage":"pt-PT","potentialAction":[{"@type":"ReadAction","target":["https:\/\/terrasse-mobile.net\/revetements\/terrasse-mobile-piscine-avec-lames-aluminium\/"]}]},{"@type":"ImageObject","inLanguage":"pt-PT","@id":"https:\/\/terrasse-mobile.net\/revetements\/terrasse-mobile-piscine-avec-lames-aluminium\/#primaryimage","url":"https:\/\/terrasse-mobile.net\/wp-content\/uploads\/2024\/02\/REAL-SABOURAULT-PISCINE-2.jpg","contentUrl":"https:\/\/terrasse-mobile.net\/wp-content\/uploads\/2024\/02\/REAL-SABOURAULT-PISCINE-2.jpg","width":2000,"height":1500,"caption":"DCIM100MEDIADJI_0365.JPG"},{"@type":"BreadcrumbList","@id":"https:\/\/terrasse-mobile.net\/revetements\/terrasse-mobile-piscine-avec-lames-aluminium\/#breadcrumb","itemListElement":[{"@type":"ListItem","position":1,"name":"Accueil","item":"https:\/\/terrasse-mobile.net\/"},{"@type":"ListItem","position":2,"name":"LES REV\u00caTEMENTS POUR TERRASSE MOBILE SLIDEDECK","item":"https:\/\/terrasse-mobile.net\/revetements\/"},{"@type":"ListItem","position":3,"name":"LAMES DE TERRASSE MOBILE EN ALUMINIUM XTREMDECK"}]},{"@type":"WebSite","@id":"https:\/\/terrasse-mobile.net\/#website","url":"https:\/\/terrasse-mobile.net\/","name":"Slidedeck","description":"Terra\u00e7os m\u00f3veis constru\u00eddos \u00e0 medida na regi\u00e3o parisiense","publisher":{"@id":"https:\/\/terrasse-mobile.net\/#organization"},"potentialAction":[{"@type":"SearchAction","target":{"@type":"EntryPoint","urlTemplate":"https:\/\/terrasse-mobile.net\/?s={search_term_string}"},"query-input":{"@type":"PropertyValueSpecification","valueRequired":true,"valueName":"search_term_string"}}],"inLanguage":"pt-PT"},{"@type":"Organization","@id":"https:\/\/terrasse-mobile.net\/#organization","name":"Slidedeck","url":"https:\/\/terrasse-mobile.net\/","logo":{"@type":"ImageObject","inLanguage":"pt-PT","@id":"https:\/\/terrasse-mobile.net\/#\/schema\/logo\/image\/","url":"https:\/\/terrasse-mobile.net\/wp-content\/uploads\/2024\/01\/logo-slidedeck.jpg","contentUrl":"https:\/\/terrasse-mobile.net\/wp-content\/uploads\/2024\/01\/logo-slidedeck.jpg","width":2000,"height":1103,"caption":"Slidedeck"},"image":{"@id":"https:\/\/terrasse-mobile.net\/#\/schema\/logo\/image\/"}}]}},"_links":{"self":[{"href":"https:\/\/terrasse-mobile.net\/pt\/wp-json\/wp\/v2\/pages\/5493","targetHints":{"allow":["GET"]}}],"collection":[{"href":"https:\/\/terrasse-mobile.net\/pt\/wp-json\/wp\/v2\/pages"}],"about":[{"href":"https:\/\/terrasse-mobile.net\/pt\/wp-json\/wp\/v2\/types\/page"}],"author":[{"embeddable":true,"href":"https:\/\/terrasse-mobile.net\/pt\/wp-json\/wp\/v2\/users\/1"}],"replies":[{"embeddable":true,"href":"https:\/\/terrasse-mobile.net\/pt\/wp-json\/wp\/v2\/comments?post=5493"}],"version-history":[{"count":12,"href":"https:\/\/terrasse-mobile.net\/pt\/wp-json\/wp\/v2\/pages\/5493\/revisions"}],"predecessor-version":[{"id":7325,"href":"https:\/\/terrasse-mobile.net\/pt\/wp-json\/wp\/v2\/pages\/5493\/revisions\/7325"}],"up":[{"embeddable":true,"href":"https:\/\/terrasse-mobile.net\/pt\/wp-json\/wp\/v2\/pages\/5488"}],"wp:featuredmedia":[{"embeddable":true,"href":"https:\/\/terrasse-mobile.net\/pt\/wp-json\/wp\/v2\/media\/3640"}],"wp:attachment":[{"href":"https:\/\/terrasse-mobile.net\/pt\/wp-json\/wp\/v2\/media?parent=5493"}],"wp:term":[{"taxonomy":"folder","embeddable":true,"href":"https:\/\/terrasse-mobile.net\/pt\/wp-json\/wp\/v2\/folder?post=5493"}],"curies":[{"name":"wp","href":"https:\/\/api.w.org\/{rel}","templated":true}]}}