{"id":5501,"date":"2024-10-02T14:49:17","date_gmt":"2024-10-02T12:49:17","guid":{"rendered":"https:\/\/terrasse-mobile.net\/?page_id=5501"},"modified":"2025-11-25T16:20:14","modified_gmt":"2025-11-25T15:20:14","slug":"madeira-exotica","status":"publish","type":"page","link":"https:\/\/terrasse-mobile.net\/pt\/revetements\/bois-exotique\/","title":{"rendered":"MADEIRAS EX\u00d3TICAS PARA DECKS M\u00d3VEIS"},"content":{"rendered":"<p class=\"has-text-align-center\"><em>Escolha a madeira ex\u00f3tica mais adequada para si ...<\/em><\/p>\n\n\n\n<div class=\"wp-block-group\"><div class=\"wp-block-group__inner-container is-layout-constrained wp-block-group-is-layout-constrained\">\n<div class=\"wp-block-columns is-layout-flex wp-container-core-columns-is-layout-9d6595d7 wp-block-columns-is-layout-flex\">\n<div class=\"wp-block-column is-layout-flow wp-block-column-is-layout-flow\">\n<div class=\"wp-block-columns is-layout-flex wp-container-core-columns-is-layout-9d6595d7 wp-block-columns-is-layout-flex\">\n<div class=\"wp-block-column is-layout-flow wp-block-column-is-layout-flow\"><div class=\"wp-block-image is-style-default\">\n<figure class=\"aligncenter size-full\"><a href=\"https:\/\/terrasse-mobile.net\/pt\/esplanada-movel-por-medida\/revestimentos\/madeira-exotica\/revetement-terrasse-mobile-piscine-lames-cumaru\/\"><img decoding=\"async\" width=\"575\" height=\"470\" src=\"https:\/\/terrasse-mobile.net\/wp-content\/uploads\/2024\/01\/LAMES-DE-TERRASSE-EN-CUMARU-02-copie.jpg\" alt=\"T\u00c1BUA DE DECK DE CUMARU\" class=\"wp-image-1468\" style=\"object-fit:cover\" srcset=\"https:\/\/terrasse-mobile.net\/wp-content\/uploads\/2024\/01\/LAMES-DE-TERRASSE-EN-CUMARU-02-copie.jpg 575w, https:\/\/terrasse-mobile.net\/wp-content\/uploads\/2024\/01\/LAMES-DE-TERRASSE-EN-CUMARU-02-copie-300x245.jpg 300w\" sizes=\"(max-width: 575px) 100vw, 575px\" \/><\/a><\/figure>\n<\/div>\n\n\n<h2 class=\"wp-block-heading has-text-align-center\" style=\"font-size:15px\"><a href=\"https:\/\/terrasse-mobile.net\/pt\/esplanada-movel-por-medida\/revestimentos\/madeira-exotica\/revetement-terrasse-mobile-piscine-lames-cumaru\/\">MADEIRA EX\u00d3TICA CUMARU <\/a>PARA DECKS M\u00d3VEIS<\/h2>\n\n\n\n<p class=\"has-text-align-center\">O Cumaru \u00e9 uma madeira ex\u00f3tica da mais alta qualidade ...<\/p>\n\n\n\n<p><\/p>\n<\/div>\n\n\n\n<div class=\"wp-block-column is-layout-flow wp-block-column-is-layout-flow\"><div class=\"wp-block-image is-style-default\">\n<figure class=\"aligncenter size-full\"><a href=\"https:\/\/terrasse-mobile.net\/pt\/esplanada-movel-por-medida\/revestimentos\/madeira-exotica\/habillage-terrasse-mobile-piscine-bois-exotique-afrormosia\/\"><img decoding=\"async\" width=\"574\" height=\"470\" src=\"https:\/\/terrasse-mobile.net\/wp-content\/uploads\/2024\/01\/LAMES-DE-TERRASSE-EN-AFRORMOSIA-05-copie.jpg\" alt=\"T\u00c1BUA DE TERRA\u00c7O EM AFRORMOSIA\" class=\"wp-image-1453\" srcset=\"https:\/\/terrasse-mobile.net\/wp-content\/uploads\/2024\/01\/LAMES-DE-TERRASSE-EN-AFRORMOSIA-05-copie.jpg 574w, https:\/\/terrasse-mobile.net\/wp-content\/uploads\/2024\/01\/LAMES-DE-TERRASSE-EN-AFRORMOSIA-05-copie-300x246.jpg 300w\" sizes=\"(max-width: 574px) 100vw, 574px\" \/><\/a><\/figure>\n<\/div>\n\n\n<h2 class=\"wp-block-heading has-text-align-center\" style=\"font-size:15px\"><a href=\"https:\/\/terrasse-mobile.net\/pt\/esplanada-movel-por-medida\/revestimentos\/madeira-exotica\/habillage-terrasse-mobile-piscine-bois-exotique-afrormosia\/\">MADEIRA EX\u00d3TICA DE AFRORMOSIA<br>PARA DECKS M\u00d3VEIS<\/a><\/h2>\n\n\n\n<p class=\"has-text-align-center\">Descubra a Afrormosia, uma madeira ex\u00f3tica muito resistente ...<\/p>\n<\/div>\n<\/div>\n<\/div>\n\n\n\n<div class=\"wp-block-column is-layout-flow wp-block-column-is-layout-flow\">\n<div class=\"wp-block-columns is-layout-flex wp-container-core-columns-is-layout-9d6595d7 wp-block-columns-is-layout-flex\">\n<div class=\"wp-block-column is-layout-flow wp-block-column-is-layout-flow\"><div class=\"wp-block-image is-style-default\">\n<figure class=\"aligncenter size-full\"><a href=\"https:\/\/terrasse-mobile.net\/pt\/esplanada-movel-por-medida\/revestimentos\/madeira-exotica\/terraco-movel-de-madeira-com-ripas-de-madeira-padouk\/\"><img decoding=\"async\" width=\"575\" height=\"471\" src=\"https:\/\/terrasse-mobile.net\/wp-content\/uploads\/2024\/01\/lame-padouk-hd-big.jpg\" alt=\"PLACA DE TERRA\u00c7O PADOUK\" class=\"wp-image-1469\" srcset=\"https:\/\/terrasse-mobile.net\/wp-content\/uploads\/2024\/01\/lame-padouk-hd-big.jpg 575w, https:\/\/terrasse-mobile.net\/wp-content\/uploads\/2024\/01\/lame-padouk-hd-big-300x246.jpg 300w\" sizes=\"(max-width: 575px) 100vw, 575px\" \/><\/a><\/figure>\n<\/div>\n\n\n<h2 class=\"wp-block-heading has-text-align-center\" style=\"font-size:15px\"><a href=\"https:\/\/terrasse-mobile.net\/pt\/esplanada-movel-por-medida\/revestimentos\/madeira-exotica\/terraco-movel-de-madeira-com-ripas-de-madeira-padouk\/\">MADEIRA EX\u00d3TICA DE PADOUK PARA DECKS M\u00d3VEIS<\/a><\/h2>\n\n\n\n<p class=\"has-text-align-center\">Descubra uma madeira ex\u00f3tica \u00fanica: Padouk ...<\/p>\n<\/div>\n\n\n\n<div class=\"wp-block-column is-layout-flow wp-block-column-is-layout-flow\"><div class=\"wp-block-image is-style-default\">\n<figure class=\"aligncenter size-full\"><a href=\"https:\/\/terrasse-mobile.net\/pt\/esplanada-movel-por-medida\/revestimentos\/madeira-exotica\/terraco-movel-de-madeira-kebony\/\"><img decoding=\"async\" width=\"574\" height=\"467\" src=\"https:\/\/terrasse-mobile.net\/wp-content\/uploads\/2024\/01\/1127-Medium-copie.jpg\" alt=\"lmae de terra\u00e7o bois composite kebony\" class=\"wp-image-1455\" srcset=\"https:\/\/terrasse-mobile.net\/wp-content\/uploads\/2024\/01\/1127-Medium-copie.jpg 574w, https:\/\/terrasse-mobile.net\/wp-content\/uploads\/2024\/01\/1127-Medium-copie-300x244.jpg 300w\" sizes=\"(max-width: 574px) 100vw, 574px\" \/><\/a><\/figure>\n<\/div>\n\n\n<h2 class=\"wp-block-heading has-text-align-center\" style=\"font-size:15px\"><a href=\"https:\/\/terrasse-mobile.net\/pt\/esplanada-movel-por-medida\/revestimentos\/madeira-exotica\/terraco-movel-de-madeira-kebony\/\">MADEIRA DE KEBONY<\/a> PARA TERRA\u00c7O M\u00d3VEL SLIDEDECK<\/h2>\n\n\n\n<p class=\"has-text-align-center\">A madeira de Kebony \u00e9 um comp\u00f3sito de madeira resistente e altamente est\u00e9tico<\/p>\n<\/div>\n<\/div>\n<\/div>\n<\/div>\n<\/div><\/div>","protected":false},"excerpt":{"rendered":"<p>Choisissez un bois exotique qui vous correspond &#8230; BOIS EXOTIQUE CUMARU POUR TERRASSE MOBILE Le Cumaru est un bois exotique de qualit\u00e9 &#8230; BOIS EXOTIQUE AFRORMOSIAPOUR TERRASSE MOBILE D\u00e9couvrez l&rsquo;Afrormosia, un bois exotique tr\u00e8s r\u00e9sistant &#8230; BOIS EXOTIQUE PADOUK POUR TERRASSE MOBILE D\u00e9couvrez un bois exotique et unique : le Padouk &#8230; BOIS KEBONY POUR&#8230;<\/p>","protected":false},"author":1,"featured_media":3640,"parent":5488,"menu_order":45,"comment_status":"closed","ping_status":"closed","template":"","meta":{"_kad_post_transparent":"","_kad_post_title":"","_kad_post_layout":"","_kad_post_sidebar_id":"","_kad_post_content_style":"","_kad_post_vertical_padding":"","_kad_post_feature":"","_kad_post_feature_position":"","_kad_post_header":false,"_kad_post_footer":false,"_kad_post_classname":"","footnotes":""},"folder":[],"class_list":["post-5501","page","type-page","status-publish","has-post-thumbnail","hentry"],"yoast_head":"<!-- This site is optimized with the Yoast SEO plugin v27.3 - https:\/\/yoast.com\/product\/yoast-seo-wordpress\/ -->\n<title>Les bois exotiques pour terrasse mobile<\/title>\n<meta name=\"description\" content=\"La terrasse mobile pour piscine SlideDeck peut \u00eatre habill\u00e9e avec diff\u00e9rents types de bois exotiques (Cumaru, Padouk ...)\" \/>\n<meta name=\"robots\" content=\"index, follow, max-snippet:-1, max-image-preview:large, max-video-preview:-1\" \/>\n<link rel=\"canonical\" href=\"https:\/\/terrasse-mobile.net\/pt\/revestimentos\/madeira-exotica\/\" \/>\n<meta property=\"og:locale\" content=\"pt_PT\" \/>\n<meta property=\"og:type\" content=\"article\" \/>\n<meta property=\"og:title\" content=\"Les bois exotiques pour terrasse mobile\" \/>\n<meta property=\"og:description\" content=\"La terrasse mobile pour piscine SlideDeck peut \u00eatre habill\u00e9e avec diff\u00e9rents types de bois exotiques (Cumaru, Padouk ...)\" \/>\n<meta property=\"og:url\" content=\"https:\/\/terrasse-mobile.net\/pt\/revestimentos\/madeira-exotica\/\" \/>\n<meta property=\"og:site_name\" content=\"Terrasse mobile\" \/>\n<meta property=\"article:modified_time\" content=\"2025-11-25T15:20:14+00:00\" \/>\n<meta property=\"og:image\" content=\"https:\/\/terrasse-mobile.net\/wp-content\/uploads\/2024\/02\/REAL-SABOURAULT-PISCINE-2.jpg\" \/>\n\t<meta property=\"og:image:width\" content=\"2000\" \/>\n\t<meta property=\"og:image:height\" content=\"1500\" \/>\n\t<meta property=\"og:image:type\" content=\"image\/jpeg\" \/>\n<meta name=\"twitter:card\" content=\"summary_large_image\" \/>\n<meta name=\"twitter:label1\" content=\"Tempo estimado de leitura\" \/>\n\t<meta name=\"twitter:data1\" content=\"2 minutos\" \/>\n<script type=\"application\/ld+json\" class=\"yoast-schema-graph\">{\"@context\":\"https:\\\/\\\/schema.org\",\"@graph\":[{\"@type\":\"WebPage\",\"@id\":\"https:\\\/\\\/terrasse-mobile.net\\\/revetements\\\/bois-exotique\\\/\",\"url\":\"https:\\\/\\\/terrasse-mobile.net\\\/revetements\\\/bois-exotique\\\/\",\"name\":\"Les bois exotiques pour terrasse mobile\",\"isPartOf\":{\"@id\":\"https:\\\/\\\/terrasse-mobile.net\\\/#website\"},\"primaryImageOfPage\":{\"@id\":\"https:\\\/\\\/terrasse-mobile.net\\\/revetements\\\/bois-exotique\\\/#primaryimage\"},\"image\":{\"@id\":\"https:\\\/\\\/terrasse-mobile.net\\\/revetements\\\/bois-exotique\\\/#primaryimage\"},\"thumbnailUrl\":\"https:\\\/\\\/terrasse-mobile.net\\\/wp-content\\\/uploads\\\/2024\\\/02\\\/REAL-SABOURAULT-PISCINE-2.jpg\",\"datePublished\":\"2024-10-02T12:49:17+00:00\",\"dateModified\":\"2025-11-25T15:20:14+00:00\",\"description\":\"La terrasse mobile pour piscine SlideDeck peut \u00eatre habill\u00e9e avec diff\u00e9rents types de bois exotiques (Cumaru, Padouk ...)\",\"breadcrumb\":{\"@id\":\"https:\\\/\\\/terrasse-mobile.net\\\/revetements\\\/bois-exotique\\\/#breadcrumb\"},\"inLanguage\":\"pt-PT\",\"potentialAction\":[{\"@type\":\"ReadAction\",\"target\":[\"https:\\\/\\\/terrasse-mobile.net\\\/revetements\\\/bois-exotique\\\/\"]}]},{\"@type\":\"ImageObject\",\"inLanguage\":\"pt-PT\",\"@id\":\"https:\\\/\\\/terrasse-mobile.net\\\/revetements\\\/bois-exotique\\\/#primaryimage\",\"url\":\"https:\\\/\\\/terrasse-mobile.net\\\/wp-content\\\/uploads\\\/2024\\\/02\\\/REAL-SABOURAULT-PISCINE-2.jpg\",\"contentUrl\":\"https:\\\/\\\/terrasse-mobile.net\\\/wp-content\\\/uploads\\\/2024\\\/02\\\/REAL-SABOURAULT-PISCINE-2.jpg\",\"width\":2000,\"height\":1500,\"caption\":\"DCIM100MEDIADJI_0365.JPG\"},{\"@type\":\"BreadcrumbList\",\"@id\":\"https:\\\/\\\/terrasse-mobile.net\\\/revetements\\\/bois-exotique\\\/#breadcrumb\",\"itemListElement\":[{\"@type\":\"ListItem\",\"position\":1,\"name\":\"Accueil\",\"item\":\"https:\\\/\\\/terrasse-mobile.net\\\/\"},{\"@type\":\"ListItem\",\"position\":2,\"name\":\"LES REV\u00caTEMENTS POUR TERRASSE MOBILE SLIDEDECK\",\"item\":\"https:\\\/\\\/terrasse-mobile.net\\\/revetements\\\/\"},{\"@type\":\"ListItem\",\"position\":3,\"name\":\"LES BOIS EXOTIQUES POUR TERRASSE MOBILE\"}]},{\"@type\":\"WebSite\",\"@id\":\"https:\\\/\\\/terrasse-mobile.net\\\/#website\",\"url\":\"https:\\\/\\\/terrasse-mobile.net\\\/\",\"name\":\"Slidedeck\",\"description\":\"Construction sur mesure de terrasses mobiles en \u00cele-de-France\",\"publisher\":{\"@id\":\"https:\\\/\\\/terrasse-mobile.net\\\/#organization\"},\"potentialAction\":[{\"@type\":\"SearchAction\",\"target\":{\"@type\":\"EntryPoint\",\"urlTemplate\":\"https:\\\/\\\/terrasse-mobile.net\\\/?s={search_term_string}\"},\"query-input\":{\"@type\":\"PropertyValueSpecification\",\"valueRequired\":true,\"valueName\":\"search_term_string\"}}],\"inLanguage\":\"pt-PT\"},{\"@type\":\"Organization\",\"@id\":\"https:\\\/\\\/terrasse-mobile.net\\\/#organization\",\"name\":\"Slidedeck\",\"url\":\"https:\\\/\\\/terrasse-mobile.net\\\/\",\"logo\":{\"@type\":\"ImageObject\",\"inLanguage\":\"pt-PT\",\"@id\":\"https:\\\/\\\/terrasse-mobile.net\\\/#\\\/schema\\\/logo\\\/image\\\/\",\"url\":\"https:\\\/\\\/terrasse-mobile.net\\\/wp-content\\\/uploads\\\/2024\\\/01\\\/logo-slidedeck.jpg\",\"contentUrl\":\"https:\\\/\\\/terrasse-mobile.net\\\/wp-content\\\/uploads\\\/2024\\\/01\\\/logo-slidedeck.jpg\",\"width\":2000,\"height\":1103,\"caption\":\"Slidedeck\"},\"image\":{\"@id\":\"https:\\\/\\\/terrasse-mobile.net\\\/#\\\/schema\\\/logo\\\/image\\\/\"}}]}<\/script>\n<!-- \/ Yoast SEO plugin. -->","yoast_head_json":{"title":"Madeiras ex\u00f3ticas para decks m\u00f3veis","description":"O deck de piscina m\u00f3vel SlideDeck pode ser revestido com diferentes tipos de madeira ex\u00f3tica (Cumaru, Padouk, etc.).","robots":{"index":"index","follow":"follow","max-snippet":"max-snippet:-1","max-image-preview":"max-image-preview:large","max-video-preview":"max-video-preview:-1"},"canonical":"https:\/\/terrasse-mobile.net\/pt\/revestimentos\/madeira-exotica\/","og_locale":"pt_PT","og_type":"article","og_title":"Les bois exotiques pour terrasse mobile","og_description":"La terrasse mobile pour piscine SlideDeck peut \u00eatre habill\u00e9e avec diff\u00e9rents types de bois exotiques (Cumaru, Padouk ...)","og_url":"https:\/\/terrasse-mobile.net\/pt\/revestimentos\/madeira-exotica\/","og_site_name":"Terrasse mobile","article_modified_time":"2025-11-25T15:20:14+00:00","og_image":[{"width":2000,"height":1500,"url":"https:\/\/terrasse-mobile.net\/wp-content\/uploads\/2024\/02\/REAL-SABOURAULT-PISCINE-2.jpg","type":"image\/jpeg"}],"twitter_card":"summary_large_image","twitter_misc":{"Tempo estimado de leitura":"2 minutos"},"schema":{"@context":"https:\/\/schema.org","@graph":[{"@type":"WebPage","@id":"https:\/\/terrasse-mobile.net\/revetements\/bois-exotique\/","url":"https:\/\/terrasse-mobile.net\/revetements\/bois-exotique\/","name":"Madeiras ex\u00f3ticas para decks m\u00f3veis","isPartOf":{"@id":"https:\/\/terrasse-mobile.net\/#website"},"primaryImageOfPage":{"@id":"https:\/\/terrasse-mobile.net\/revetements\/bois-exotique\/#primaryimage"},"image":{"@id":"https:\/\/terrasse-mobile.net\/revetements\/bois-exotique\/#primaryimage"},"thumbnailUrl":"https:\/\/terrasse-mobile.net\/wp-content\/uploads\/2024\/02\/REAL-SABOURAULT-PISCINE-2.jpg","datePublished":"2024-10-02T12:49:17+00:00","dateModified":"2025-11-25T15:20:14+00:00","description":"O deck de piscina m\u00f3vel SlideDeck pode ser revestido com diferentes tipos de madeira ex\u00f3tica (Cumaru, Padouk, etc.).","breadcrumb":{"@id":"https:\/\/terrasse-mobile.net\/revetements\/bois-exotique\/#breadcrumb"},"inLanguage":"pt-PT","potentialAction":[{"@type":"ReadAction","target":["https:\/\/terrasse-mobile.net\/revetements\/bois-exotique\/"]}]},{"@type":"ImageObject","inLanguage":"pt-PT","@id":"https:\/\/terrasse-mobile.net\/revetements\/bois-exotique\/#primaryimage","url":"https:\/\/terrasse-mobile.net\/wp-content\/uploads\/2024\/02\/REAL-SABOURAULT-PISCINE-2.jpg","contentUrl":"https:\/\/terrasse-mobile.net\/wp-content\/uploads\/2024\/02\/REAL-SABOURAULT-PISCINE-2.jpg","width":2000,"height":1500,"caption":"DCIM100MEDIADJI_0365.JPG"},{"@type":"BreadcrumbList","@id":"https:\/\/terrasse-mobile.net\/revetements\/bois-exotique\/#breadcrumb","itemListElement":[{"@type":"ListItem","position":1,"name":"Accueil","item":"https:\/\/terrasse-mobile.net\/"},{"@type":"ListItem","position":2,"name":"LES REV\u00caTEMENTS POUR TERRASSE MOBILE SLIDEDECK","item":"https:\/\/terrasse-mobile.net\/revetements\/"},{"@type":"ListItem","position":3,"name":"LES BOIS EXOTIQUES POUR TERRASSE MOBILE"}]},{"@type":"WebSite","@id":"https:\/\/terrasse-mobile.net\/#website","url":"https:\/\/terrasse-mobile.net\/","name":"Slidedeck","description":"Terra\u00e7os m\u00f3veis constru\u00eddos \u00e0 medida na regi\u00e3o parisiense","publisher":{"@id":"https:\/\/terrasse-mobile.net\/#organization"},"potentialAction":[{"@type":"SearchAction","target":{"@type":"EntryPoint","urlTemplate":"https:\/\/terrasse-mobile.net\/?s={search_term_string}"},"query-input":{"@type":"PropertyValueSpecification","valueRequired":true,"valueName":"search_term_string"}}],"inLanguage":"pt-PT"},{"@type":"Organization","@id":"https:\/\/terrasse-mobile.net\/#organization","name":"Slidedeck","url":"https:\/\/terrasse-mobile.net\/","logo":{"@type":"ImageObject","inLanguage":"pt-PT","@id":"https:\/\/terrasse-mobile.net\/#\/schema\/logo\/image\/","url":"https:\/\/terrasse-mobile.net\/wp-content\/uploads\/2024\/01\/logo-slidedeck.jpg","contentUrl":"https:\/\/terrasse-mobile.net\/wp-content\/uploads\/2024\/01\/logo-slidedeck.jpg","width":2000,"height":1103,"caption":"Slidedeck"},"image":{"@id":"https:\/\/terrasse-mobile.net\/#\/schema\/logo\/image\/"}}]}},"_links":{"self":[{"href":"https:\/\/terrasse-mobile.net\/pt\/wp-json\/wp\/v2\/pages\/5501","targetHints":{"allow":["GET"]}}],"collection":[{"href":"https:\/\/terrasse-mobile.net\/pt\/wp-json\/wp\/v2\/pages"}],"about":[{"href":"https:\/\/terrasse-mobile.net\/pt\/wp-json\/wp\/v2\/types\/page"}],"author":[{"embeddable":true,"href":"https:\/\/terrasse-mobile.net\/pt\/wp-json\/wp\/v2\/users\/1"}],"replies":[{"embeddable":true,"href":"https:\/\/terrasse-mobile.net\/pt\/wp-json\/wp\/v2\/comments?post=5501"}],"version-history":[{"count":10,"href":"https:\/\/terrasse-mobile.net\/pt\/wp-json\/wp\/v2\/pages\/5501\/revisions"}],"predecessor-version":[{"id":7307,"href":"https:\/\/terrasse-mobile.net\/pt\/wp-json\/wp\/v2\/pages\/5501\/revisions\/7307"}],"up":[{"embeddable":true,"href":"https:\/\/terrasse-mobile.net\/pt\/wp-json\/wp\/v2\/pages\/5488"}],"wp:featuredmedia":[{"embeddable":true,"href":"https:\/\/terrasse-mobile.net\/pt\/wp-json\/wp\/v2\/media\/3640"}],"wp:attachment":[{"href":"https:\/\/terrasse-mobile.net\/pt\/wp-json\/wp\/v2\/media?parent=5501"}],"wp:term":[{"taxonomy":"folder","embeddable":true,"href":"https:\/\/terrasse-mobile.net\/pt\/wp-json\/wp\/v2\/folder?post=5501"}],"curies":[{"name":"wp","href":"https:\/\/api.w.org\/{rel}","templated":true}]}}