{"id":5518,"date":"2024-10-02T14:47:31","date_gmt":"2024-10-02T12:47:17","guid":{"rendered":"https:\/\/terrasse-mobile.net\/?page_id=5518"},"modified":"2025-11-25T16:11:23","modified_gmt":"2025-11-25T15:11:23","slug":"terrasse-mobile-piscine-lame-de-finition","status":"publish","type":"page","link":"https:\/\/terrasse-mobile.net\/pt\/terrasse-mobile-sur-mesure\/options\/terrasse-mobile-piscine-lame-de-finition\/","title":{"rendered":"LAMES DE FINITION POUR VOTRE TERRASSE MOBILE DE PISCINE"},"content":{"rendered":"<p class=\"has-text-align-center\"><a href=\"https:\/\/terrasse-mobile.net\/pt\/esplanada-movel-por-medida\/opcoes\/\"><br>DESCUBRA OUTRAS OP\u00c7\u00d5ES PARA O SEU TERRA\u00c7O M\u00d3VEL<br><\/a><\/p>\n\n\n\n<div class=\"wp-block-group\"><div class=\"wp-block-group__inner-container is-layout-constrained wp-block-group-is-layout-constrained\">\n<div class=\"wp-block-columns is-layout-flex wp-container-core-columns-is-layout-9d6595d7 wp-block-columns-is-layout-flex\">\n<div class=\"wp-block-column is-layout-flow wp-block-column-is-layout-flow\">\n<figure class=\"wp-block-image size-full\"><img decoding=\"async\" width=\"600\" height=\"397\" src=\"https:\/\/terrasse-mobile.net\/wp-content\/uploads\/2024\/11\/REA-TERR-MOB-FINEL-01.jpg\" alt=\"Terrasse SlideDeck ferm\u00e9e\" class=\"wp-image-6281\" style=\"aspect-ratio:1.5;object-fit:cover\" srcset=\"https:\/\/terrasse-mobile.net\/wp-content\/uploads\/2024\/11\/REA-TERR-MOB-FINEL-01.jpg 600w, https:\/\/terrasse-mobile.net\/wp-content\/uploads\/2024\/11\/REA-TERR-MOB-FINEL-01-300x199.jpg 300w, https:\/\/terrasse-mobile.net\/wp-content\/uploads\/2024\/11\/REA-TERR-MOB-FINEL-01-50x33.jpg 50w\" sizes=\"(max-width: 600px) 100vw, 600px\" \/><\/figure>\n<\/div>\n\n\n\n<div class=\"wp-block-column is-layout-flow wp-block-column-is-layout-flow\">\n<h2 class=\"wp-block-heading\">Une finition parfaite<\/h2>\n\n\n\n<p>Chez Terrasse Nature, nous sommes sp\u00e9cialis\u00e9s dans la construction de terrasses en bois depuis 15 ans, et nous aimons r\u00e9aliser de belles terrasses avec les plus belles finitions possibles.<\/p>\n\n\n\n<p>En particulier, nous proposons, en option, l&rsquo;installation d&rsquo;une lame de finition : il s&rsquo;agit de cet \u00e9l\u00e9gant bandeau qui fait le tour de la terrasse en bois, install\u00e9 sur la terrasse mobile, avec une belle coupe d&rsquo;onglet (coupe \u00e0 45 degr\u00e9s \u00e0 chaque angle).<\/p>\n<\/div>\n<\/div>\n<\/div><\/div>\n\n\n\n<div class=\"wp-block-group\"><div class=\"wp-block-group__inner-container is-layout-constrained wp-block-group-is-layout-constrained\">\n<div class=\"wp-block-columns is-layout-flex wp-container-core-columns-is-layout-9d6595d7 wp-block-columns-is-layout-flex\">\n<div class=\"wp-block-column is-layout-flow wp-block-column-is-layout-flow\">\n<h2 class=\"wp-block-heading\">Une mise en oeuvre technique<\/h2>\n\n\n\n<p>Pour installer cette lame de finition, nous devons installer une poutre en aluminium suppl\u00e9mentaire.<\/p>\n\n\n\n<p>Voici le d\u00e9tail en image de la mise en oeuvre de ce deuxi\u00e8me tube en aluminium qui permet de supporter l&rsquo;extr\u00e9mit\u00e9 des lames de terrasse et la lame de finition.<\/p>\n<\/div>\n<\/div>\n<\/div><\/div>\n\n\n\n<div class=\"wp-block-columns is-layout-flex wp-container-core-columns-is-layout-9d6595d7 wp-block-columns-is-layout-flex\">\n<div class=\"wp-block-column is-layout-flow wp-block-column-is-layout-flow\">\n<figure class=\"wp-block-image size-full\"><img decoding=\"async\" width=\"600\" height=\"397\" src=\"https:\/\/terrasse-mobile.net\/wp-content\/uploads\/2024\/11\/16-double-poutre-mise-en-placeJPG.jpg\" alt=\"Photos de mise en oeuvre de la terrasse mobile\" class=\"wp-image-6394\" srcset=\"https:\/\/terrasse-mobile.net\/wp-content\/uploads\/2024\/11\/16-double-poutre-mise-en-placeJPG.jpg 600w, https:\/\/terrasse-mobile.net\/wp-content\/uploads\/2024\/11\/16-double-poutre-mise-en-placeJPG-300x199.jpg 300w, https:\/\/terrasse-mobile.net\/wp-content\/uploads\/2024\/11\/16-double-poutre-mise-en-placeJPG-50x33.jpg 50w\" sizes=\"(max-width: 600px) 100vw, 600px\" \/><\/figure>\n<\/div>\n\n\n\n<div class=\"wp-block-column is-layout-flow wp-block-column-is-layout-flow\">\n<figure class=\"wp-block-image size-full\"><img decoding=\"async\" width=\"600\" height=\"397\" src=\"https:\/\/terrasse-mobile.net\/wp-content\/uploads\/2024\/11\/DSC_0001.jpg\" alt=\"\" class=\"wp-image-6395\" srcset=\"https:\/\/terrasse-mobile.net\/wp-content\/uploads\/2024\/11\/DSC_0001.jpg 600w, https:\/\/terrasse-mobile.net\/wp-content\/uploads\/2024\/11\/DSC_0001-300x199.jpg 300w, https:\/\/terrasse-mobile.net\/wp-content\/uploads\/2024\/11\/DSC_0001-50x33.jpg 50w\" sizes=\"(max-width: 600px) 100vw, 600px\" \/><\/figure>\n<\/div>\n\n\n\n<div class=\"wp-block-column is-layout-flow wp-block-column-is-layout-flow\">\n<figure class=\"wp-block-image size-full\"><img decoding=\"async\" width=\"600\" height=\"397\" src=\"https:\/\/terrasse-mobile.net\/wp-content\/uploads\/2024\/11\/73-coupe-extremite-lames.jpeg\" alt=\"\" class=\"wp-image-6393\" srcset=\"https:\/\/terrasse-mobile.net\/wp-content\/uploads\/2024\/11\/73-coupe-extremite-lames.jpeg 600w, https:\/\/terrasse-mobile.net\/wp-content\/uploads\/2024\/11\/73-coupe-extremite-lames-300x199.jpeg 300w, https:\/\/terrasse-mobile.net\/wp-content\/uploads\/2024\/11\/73-coupe-extremite-lames-50x33.jpeg 50w\" sizes=\"(max-width: 600px) 100vw, 600px\" \/><\/figure>\n<\/div>\n<\/div>\n\n\n\n<div class=\"wp-block-columns is-layout-flex wp-container-core-columns-is-layout-9d6595d7 wp-block-columns-is-layout-flex\">\n<div class=\"wp-block-column is-layout-flow wp-block-column-is-layout-flow\"><div class=\"wp-block-image\">\n<figure class=\"aligncenter size-full is-resized\"><img decoding=\"async\" width=\"600\" height=\"397\" src=\"https:\/\/terrasse-mobile.net\/wp-content\/uploads\/2024\/11\/REA-BERTAGNE-FINAL-08-2-3.jpg\" alt=\"\" class=\"wp-image-6404\" style=\"width:295px;height:auto\" srcset=\"https:\/\/terrasse-mobile.net\/wp-content\/uploads\/2024\/11\/REA-BERTAGNE-FINAL-08-2-3.jpg 600w, https:\/\/terrasse-mobile.net\/wp-content\/uploads\/2024\/11\/REA-BERTAGNE-FINAL-08-2-3-300x199.jpg 300w, https:\/\/terrasse-mobile.net\/wp-content\/uploads\/2024\/11\/REA-BERTAGNE-FINAL-08-2-3-50x33.jpg 50w\" sizes=\"(max-width: 600px) 100vw, 600px\" \/><\/figure>\n<\/div><\/div>\n\n\n\n<div class=\"wp-block-column is-layout-flow wp-block-column-is-layout-flow\">\n<figure class=\"wp-block-video\"><video height=\"1080\" style=\"aspect-ratio: 1920 \/ 1080;\" width=\"1920\" autoplay loop muted src=\"https:\/\/terrasse-mobile.net\/wp-content\/uploads\/2024\/11\/VIDEO-COUPE-.mov\"><\/video><\/figure>\n<\/div>\n\n\n\n<div class=\"wp-block-column is-layout-flow wp-block-column-is-layout-flow\"><div class=\"wp-block-image\">\n<figure class=\"aligncenter size-full is-resized\"><img decoding=\"async\" width=\"600\" height=\"397\" src=\"https:\/\/terrasse-mobile.net\/wp-content\/uploads\/2024\/11\/REA-TERR-MOB-FINEL-01-1.jpg\" alt=\"\" class=\"wp-image-6286\" style=\"width:301px;height:auto\" srcset=\"https:\/\/terrasse-mobile.net\/wp-content\/uploads\/2024\/11\/REA-TERR-MOB-FINEL-01-1.jpg 600w, https:\/\/terrasse-mobile.net\/wp-content\/uploads\/2024\/11\/REA-TERR-MOB-FINEL-01-1-300x199.jpg 300w, https:\/\/terrasse-mobile.net\/wp-content\/uploads\/2024\/11\/REA-TERR-MOB-FINEL-01-1-50x33.jpg 50w\" sizes=\"(max-width: 600px) 100vw, 600px\" \/><\/figure>\n<\/div><\/div>\n<\/div>\n\n\n\n<p><\/p>","protected":false},"excerpt":{"rendered":"<p>D\u00c9COUVREZ LES AUTRES OPTIONS POUR VOTRE TERRASSE MOBILE Une finition parfaite Chez Terrasse Nature, nous sommes sp\u00e9cialis\u00e9s dans la construction de terrasses en bois depuis 15 ans, et nous aimons r\u00e9aliser de belles terrasses avec les plus belles finitions possibles. En particulier, nous proposons, en option, l&rsquo;installation d&rsquo;une lame de finition : il s&rsquo;agit de&#8230;<\/p>","protected":false},"author":1,"featured_media":3640,"parent":5509,"menu_order":40,"comment_status":"closed","ping_status":"closed","template":"","meta":{"_kad_post_transparent":"","_kad_post_title":"","_kad_post_layout":"","_kad_post_sidebar_id":"","_kad_post_content_style":"","_kad_post_vertical_padding":"","_kad_post_feature":"","_kad_post_feature_position":"","_kad_post_header":false,"_kad_post_footer":false,"_kad_post_classname":"","footnotes":""},"folder":[],"class_list":["post-5518","page","type-page","status-publish","has-post-thumbnail","hentry"],"yoast_head":"<!-- This site is optimized with the Yoast SEO plugin v27.4 - https:\/\/yoast.com\/product\/yoast-seo-wordpress\/ -->\n<title>Lames de finition pour terrasse mobile de piscine<\/title>\n<meta name=\"description\" content=\"La terrasse mobile pour piscine SlideDeck peut \u00eatre \u00e9quip\u00e9e de plusieurs options dont les belles lames de finition\" \/>\n<meta name=\"robots\" content=\"index, follow, max-snippet:-1, max-image-preview:large, max-video-preview:-1\" \/>\n<link rel=\"canonical\" href=\"https:\/\/terrasse-mobile.net\/pt\/esplanada-movel-por-medida\/opcoes\/terrasse-mobile-piscine-lame-de-finition\/\" \/>\n<meta property=\"og:locale\" content=\"pt_PT\" \/>\n<meta property=\"og:type\" content=\"article\" \/>\n<meta property=\"og:title\" content=\"Lames de finition pour terrasse mobile de piscine\" \/>\n<meta property=\"og:description\" content=\"La terrasse mobile pour piscine SlideDeck peut \u00eatre \u00e9quip\u00e9e de plusieurs options dont les belles lames de finition\" \/>\n<meta property=\"og:url\" content=\"https:\/\/terrasse-mobile.net\/pt\/esplanada-movel-por-medida\/opcoes\/terrasse-mobile-piscine-lame-de-finition\/\" \/>\n<meta property=\"og:site_name\" content=\"Terrasse mobile\" \/>\n<meta property=\"article:modified_time\" content=\"2025-11-25T15:11:23+00:00\" \/>\n<meta property=\"og:image\" content=\"https:\/\/terrasse-mobile.net\/wp-content\/uploads\/2024\/02\/REAL-SABOURAULT-PISCINE-2.jpg\" \/>\n\t<meta property=\"og:image:width\" content=\"2000\" \/>\n\t<meta property=\"og:image:height\" content=\"1500\" \/>\n\t<meta property=\"og:image:type\" content=\"image\/jpeg\" \/>\n<meta name=\"twitter:card\" content=\"summary_large_image\" \/>\n<meta name=\"twitter:label1\" content=\"Tempo estimado de leitura\" \/>\n\t<meta name=\"twitter:data1\" content=\"3 minutos\" \/>\n<script type=\"application\/ld+json\" class=\"yoast-schema-graph\">{\"@context\":\"https:\\\/\\\/schema.org\",\"@graph\":[{\"@type\":\"WebPage\",\"@id\":\"https:\\\/\\\/terrasse-mobile.net\\\/terrasse-mobile-sur-mesure\\\/options\\\/terrasse-mobile-piscine-lame-de-finition\\\/\",\"url\":\"https:\\\/\\\/terrasse-mobile.net\\\/terrasse-mobile-sur-mesure\\\/options\\\/terrasse-mobile-piscine-lame-de-finition\\\/\",\"name\":\"Lames de finition pour terrasse mobile de piscine\",\"isPartOf\":{\"@id\":\"https:\\\/\\\/terrasse-mobile.net\\\/#website\"},\"primaryImageOfPage\":{\"@id\":\"https:\\\/\\\/terrasse-mobile.net\\\/terrasse-mobile-sur-mesure\\\/options\\\/terrasse-mobile-piscine-lame-de-finition\\\/#primaryimage\"},\"image\":{\"@id\":\"https:\\\/\\\/terrasse-mobile.net\\\/terrasse-mobile-sur-mesure\\\/options\\\/terrasse-mobile-piscine-lame-de-finition\\\/#primaryimage\"},\"thumbnailUrl\":\"https:\\\/\\\/terrasse-mobile.net\\\/wp-content\\\/uploads\\\/2024\\\/02\\\/REAL-SABOURAULT-PISCINE-2.jpg\",\"datePublished\":\"2024-10-02T12:47:17+00:00\",\"dateModified\":\"2025-11-25T15:11:23+00:00\",\"description\":\"La terrasse mobile pour piscine SlideDeck peut \u00eatre \u00e9quip\u00e9e de plusieurs options dont les belles lames de finition\",\"breadcrumb\":{\"@id\":\"https:\\\/\\\/terrasse-mobile.net\\\/terrasse-mobile-sur-mesure\\\/options\\\/terrasse-mobile-piscine-lame-de-finition\\\/#breadcrumb\"},\"inLanguage\":\"pt-PT\",\"potentialAction\":[{\"@type\":\"ReadAction\",\"target\":[\"https:\\\/\\\/terrasse-mobile.net\\\/terrasse-mobile-sur-mesure\\\/options\\\/terrasse-mobile-piscine-lame-de-finition\\\/\"]}]},{\"@type\":\"ImageObject\",\"inLanguage\":\"pt-PT\",\"@id\":\"https:\\\/\\\/terrasse-mobile.net\\\/terrasse-mobile-sur-mesure\\\/options\\\/terrasse-mobile-piscine-lame-de-finition\\\/#primaryimage\",\"url\":\"https:\\\/\\\/terrasse-mobile.net\\\/wp-content\\\/uploads\\\/2024\\\/02\\\/REAL-SABOURAULT-PISCINE-2.jpg\",\"contentUrl\":\"https:\\\/\\\/terrasse-mobile.net\\\/wp-content\\\/uploads\\\/2024\\\/02\\\/REAL-SABOURAULT-PISCINE-2.jpg\",\"width\":2000,\"height\":1500,\"caption\":\"DCIM100MEDIADJI_0365.JPG\"},{\"@type\":\"BreadcrumbList\",\"@id\":\"https:\\\/\\\/terrasse-mobile.net\\\/terrasse-mobile-sur-mesure\\\/options\\\/terrasse-mobile-piscine-lame-de-finition\\\/#breadcrumb\",\"itemListElement\":[{\"@type\":\"ListItem\",\"position\":1,\"name\":\"Accueil\",\"item\":\"https:\\\/\\\/terrasse-mobile.net\\\/\"},{\"@type\":\"ListItem\",\"position\":2,\"name\":\"LA TERRASSE MOBILE SUR-MESURE POUR PISCINE\",\"item\":\"https:\\\/\\\/terrasse-mobile.net\\\/terrasse-mobile-sur-mesure\\\/\"},{\"@type\":\"ListItem\",\"position\":3,\"name\":\"LES OPTIONS POUR VOTRE TERRASSE MOBILE POUR PISCINE\",\"item\":\"https:\\\/\\\/terrasse-mobile.net\\\/terrasse-mobile-sur-mesure\\\/options\\\/\"},{\"@type\":\"ListItem\",\"position\":4,\"name\":\"LAMES DE FINITION POUR VOTRE TERRASSE MOBILE DE PISCINE\"}]},{\"@type\":\"WebSite\",\"@id\":\"https:\\\/\\\/terrasse-mobile.net\\\/#website\",\"url\":\"https:\\\/\\\/terrasse-mobile.net\\\/\",\"name\":\"Slidedeck\",\"description\":\"Construction sur mesure de terrasses mobiles en \u00cele-de-France\",\"publisher\":{\"@id\":\"https:\\\/\\\/terrasse-mobile.net\\\/#organization\"},\"potentialAction\":[{\"@type\":\"SearchAction\",\"target\":{\"@type\":\"EntryPoint\",\"urlTemplate\":\"https:\\\/\\\/terrasse-mobile.net\\\/?s={search_term_string}\"},\"query-input\":{\"@type\":\"PropertyValueSpecification\",\"valueRequired\":true,\"valueName\":\"search_term_string\"}}],\"inLanguage\":\"pt-PT\"},{\"@type\":\"Organization\",\"@id\":\"https:\\\/\\\/terrasse-mobile.net\\\/#organization\",\"name\":\"Slidedeck\",\"url\":\"https:\\\/\\\/terrasse-mobile.net\\\/\",\"logo\":{\"@type\":\"ImageObject\",\"inLanguage\":\"pt-PT\",\"@id\":\"https:\\\/\\\/terrasse-mobile.net\\\/#\\\/schema\\\/logo\\\/image\\\/\",\"url\":\"https:\\\/\\\/terrasse-mobile.net\\\/wp-content\\\/uploads\\\/2024\\\/01\\\/logo-slidedeck.jpg\",\"contentUrl\":\"https:\\\/\\\/terrasse-mobile.net\\\/wp-content\\\/uploads\\\/2024\\\/01\\\/logo-slidedeck.jpg\",\"width\":2000,\"height\":1103,\"caption\":\"Slidedeck\"},\"image\":{\"@id\":\"https:\\\/\\\/terrasse-mobile.net\\\/#\\\/schema\\\/logo\\\/image\\\/\"}}]}<\/script>\n<!-- \/ Yoast SEO plugin. -->","yoast_head_json":{"title":"Lames de finition pour terrasse mobile de piscine","description":"La terrasse mobile pour piscine SlideDeck peut \u00eatre \u00e9quip\u00e9e de plusieurs options dont les belles lames de finition","robots":{"index":"index","follow":"follow","max-snippet":"max-snippet:-1","max-image-preview":"max-image-preview:large","max-video-preview":"max-video-preview:-1"},"canonical":"https:\/\/terrasse-mobile.net\/pt\/esplanada-movel-por-medida\/opcoes\/terrasse-mobile-piscine-lame-de-finition\/","og_locale":"pt_PT","og_type":"article","og_title":"Lames de finition pour terrasse mobile de piscine","og_description":"La terrasse mobile pour piscine SlideDeck peut \u00eatre \u00e9quip\u00e9e de plusieurs options dont les belles lames de finition","og_url":"https:\/\/terrasse-mobile.net\/pt\/esplanada-movel-por-medida\/opcoes\/terrasse-mobile-piscine-lame-de-finition\/","og_site_name":"Terrasse mobile","article_modified_time":"2025-11-25T15:11:23+00:00","og_image":[{"width":2000,"height":1500,"url":"https:\/\/terrasse-mobile.net\/wp-content\/uploads\/2024\/02\/REAL-SABOURAULT-PISCINE-2.jpg","type":"image\/jpeg"}],"twitter_card":"summary_large_image","twitter_misc":{"Tempo estimado de leitura":"3 minutos"},"schema":{"@context":"https:\/\/schema.org","@graph":[{"@type":"WebPage","@id":"https:\/\/terrasse-mobile.net\/terrasse-mobile-sur-mesure\/options\/terrasse-mobile-piscine-lame-de-finition\/","url":"https:\/\/terrasse-mobile.net\/terrasse-mobile-sur-mesure\/options\/terrasse-mobile-piscine-lame-de-finition\/","name":"Lames de finition pour terrasse mobile de piscine","isPartOf":{"@id":"https:\/\/terrasse-mobile.net\/#website"},"primaryImageOfPage":{"@id":"https:\/\/terrasse-mobile.net\/terrasse-mobile-sur-mesure\/options\/terrasse-mobile-piscine-lame-de-finition\/#primaryimage"},"image":{"@id":"https:\/\/terrasse-mobile.net\/terrasse-mobile-sur-mesure\/options\/terrasse-mobile-piscine-lame-de-finition\/#primaryimage"},"thumbnailUrl":"https:\/\/terrasse-mobile.net\/wp-content\/uploads\/2024\/02\/REAL-SABOURAULT-PISCINE-2.jpg","datePublished":"2024-10-02T12:47:17+00:00","dateModified":"2025-11-25T15:11:23+00:00","description":"La terrasse mobile pour piscine SlideDeck peut \u00eatre \u00e9quip\u00e9e de plusieurs options dont les belles lames de finition","breadcrumb":{"@id":"https:\/\/terrasse-mobile.net\/terrasse-mobile-sur-mesure\/options\/terrasse-mobile-piscine-lame-de-finition\/#breadcrumb"},"inLanguage":"pt-PT","potentialAction":[{"@type":"ReadAction","target":["https:\/\/terrasse-mobile.net\/terrasse-mobile-sur-mesure\/options\/terrasse-mobile-piscine-lame-de-finition\/"]}]},{"@type":"ImageObject","inLanguage":"pt-PT","@id":"https:\/\/terrasse-mobile.net\/terrasse-mobile-sur-mesure\/options\/terrasse-mobile-piscine-lame-de-finition\/#primaryimage","url":"https:\/\/terrasse-mobile.net\/wp-content\/uploads\/2024\/02\/REAL-SABOURAULT-PISCINE-2.jpg","contentUrl":"https:\/\/terrasse-mobile.net\/wp-content\/uploads\/2024\/02\/REAL-SABOURAULT-PISCINE-2.jpg","width":2000,"height":1500,"caption":"DCIM100MEDIADJI_0365.JPG"},{"@type":"BreadcrumbList","@id":"https:\/\/terrasse-mobile.net\/terrasse-mobile-sur-mesure\/options\/terrasse-mobile-piscine-lame-de-finition\/#breadcrumb","itemListElement":[{"@type":"ListItem","position":1,"name":"Accueil","item":"https:\/\/terrasse-mobile.net\/"},{"@type":"ListItem","position":2,"name":"LA TERRASSE MOBILE SUR-MESURE POUR PISCINE","item":"https:\/\/terrasse-mobile.net\/terrasse-mobile-sur-mesure\/"},{"@type":"ListItem","position":3,"name":"LES OPTIONS POUR VOTRE TERRASSE MOBILE POUR PISCINE","item":"https:\/\/terrasse-mobile.net\/terrasse-mobile-sur-mesure\/options\/"},{"@type":"ListItem","position":4,"name":"LAMES DE FINITION POUR VOTRE TERRASSE MOBILE DE PISCINE"}]},{"@type":"WebSite","@id":"https:\/\/terrasse-mobile.net\/#website","url":"https:\/\/terrasse-mobile.net\/","name":"Slidedeck","description":"Terra\u00e7os m\u00f3veis constru\u00eddos \u00e0 medida na regi\u00e3o parisiense","publisher":{"@id":"https:\/\/terrasse-mobile.net\/#organization"},"potentialAction":[{"@type":"SearchAction","target":{"@type":"EntryPoint","urlTemplate":"https:\/\/terrasse-mobile.net\/?s={search_term_string}"},"query-input":{"@type":"PropertyValueSpecification","valueRequired":true,"valueName":"search_term_string"}}],"inLanguage":"pt-PT"},{"@type":"Organization","@id":"https:\/\/terrasse-mobile.net\/#organization","name":"Slidedeck","url":"https:\/\/terrasse-mobile.net\/","logo":{"@type":"ImageObject","inLanguage":"pt-PT","@id":"https:\/\/terrasse-mobile.net\/#\/schema\/logo\/image\/","url":"https:\/\/terrasse-mobile.net\/wp-content\/uploads\/2024\/01\/logo-slidedeck.jpg","contentUrl":"https:\/\/terrasse-mobile.net\/wp-content\/uploads\/2024\/01\/logo-slidedeck.jpg","width":2000,"height":1103,"caption":"Slidedeck"},"image":{"@id":"https:\/\/terrasse-mobile.net\/#\/schema\/logo\/image\/"}}]}},"_links":{"self":[{"href":"https:\/\/terrasse-mobile.net\/pt\/wp-json\/wp\/v2\/pages\/5518","targetHints":{"allow":["GET"]}}],"collection":[{"href":"https:\/\/terrasse-mobile.net\/pt\/wp-json\/wp\/v2\/pages"}],"about":[{"href":"https:\/\/terrasse-mobile.net\/pt\/wp-json\/wp\/v2\/types\/page"}],"author":[{"embeddable":true,"href":"https:\/\/terrasse-mobile.net\/pt\/wp-json\/wp\/v2\/users\/1"}],"replies":[{"embeddable":true,"href":"https:\/\/terrasse-mobile.net\/pt\/wp-json\/wp\/v2\/comments?post=5518"}],"version-history":[{"count":20,"href":"https:\/\/terrasse-mobile.net\/pt\/wp-json\/wp\/v2\/pages\/5518\/revisions"}],"predecessor-version":[{"id":7299,"href":"https:\/\/terrasse-mobile.net\/pt\/wp-json\/wp\/v2\/pages\/5518\/revisions\/7299"}],"up":[{"embeddable":true,"href":"https:\/\/terrasse-mobile.net\/pt\/wp-json\/wp\/v2\/pages\/5509"}],"wp:featuredmedia":[{"embeddable":true,"href":"https:\/\/terrasse-mobile.net\/pt\/wp-json\/wp\/v2\/media\/3640"}],"wp:attachment":[{"href":"https:\/\/terrasse-mobile.net\/pt\/wp-json\/wp\/v2\/media?parent=5518"}],"wp:term":[{"taxonomy":"folder","embeddable":true,"href":"https:\/\/terrasse-mobile.net\/pt\/wp-json\/wp\/v2\/folder?post=5518"}],"curies":[{"name":"wp","href":"https:\/\/api.w.org\/{rel}","templated":true}]}}