{"id":5553,"date":"2024-10-02T14:46:31","date_gmt":"2024-10-02T12:46:32","guid":{"rendered":"https:\/\/terrasse-mobile.net\/?page_id=5553"},"modified":"2025-11-25T15:52:15","modified_gmt":"2025-11-25T14:52:15","slug":"terraco-movel-assimetrico-em-duas-partes","status":"publish","type":"page","link":"https:\/\/terrasse-mobile.net\/pt\/terrasse-mobile-sur-mesure\/configurations\/terrasse-mobile-deux-parties-asymetriques\/","title":{"rendered":"O TERRA\u00c7O M\u00d3VEL EM DUAS SEC\u00c7\u00d5ES ASSIM\u00c9TRICAS AO LONGO DO COMPRIMENTO"},"content":{"rendered":"<div class=\"wp-block-group\"><div class=\"wp-block-group__inner-container is-layout-constrained wp-block-group-is-layout-constrained\">\n<div class=\"wp-block-columns is-layout-flex wp-container-core-columns-is-layout-9d6595d7 wp-block-columns-is-layout-flex\">\n<div class=\"wp-block-column is-layout-flow wp-block-column-is-layout-flow\">\n<h2 class=\"wp-block-heading\">Um terra\u00e7o m\u00f3vel para uma piscina original<\/h2>\n\n\n\n<p>Trata-se de uma varia\u00e7\u00e3o da configura\u00e7\u00e3o sim\u00e9trica do terra\u00e7o m\u00f3vel.<\/p>\n\n\n\n<p>Esta configura\u00e7\u00e3o \u00e9 particularmente pr\u00e1tica se o espa\u00e7o de cada lado da sua piscina for irregular. Ter\u00e1 dois tabuleiros de tamanhos diferentes. Um tabuleiro pode deslocar-se para a esquerda e o outro para a direita. As duas partes deslizam para um lado e para o outro, revelando a sua piscina.<\/p>\n\n\n\n<h2 class=\"wp-block-heading\">O terra\u00e7o m\u00f3vel perfeito para um jardim com configura\u00e7\u00f5es especiais<\/h2>\n\n\n\n<p>Nesta configura\u00e7\u00e3o, as partes superiores do terra\u00e7o m\u00f3vel deslizam longitudinalmente. A particularidade \u00e9 que as duas partes do terra\u00e7o podem ser de tamanhos diferentes. Se tiver restri\u00e7\u00f5es quanto ao posicionamento da sua piscina no seu jardim, este tipo de terra\u00e7o m\u00f3vel \u00e9 ideal.<\/p>\n<\/div>\n\n\n\n<div class=\"wp-block-column is-layout-flow wp-block-column-is-layout-flow\">\n<figure class=\"wp-block-image size-full\"><img decoding=\"async\" width=\"800\" height=\"507\" src=\"https:\/\/terrasse-mobile.net\/wp-content\/uploads\/2025\/03\/223D-ASYMETRIQUE.png\" alt=\"Terra\u00e7o m\u00f3vel para as pistas da piscina\" class=\"wp-image-6777\" style=\"aspect-ratio:3\/2;object-fit:cover\" srcset=\"https:\/\/terrasse-mobile.net\/wp-content\/uploads\/2025\/03\/223D-ASYMETRIQUE.png 800w, https:\/\/terrasse-mobile.net\/wp-content\/uploads\/2025\/03\/223D-ASYMETRIQUE-300x190.png 300w, https:\/\/terrasse-mobile.net\/wp-content\/uploads\/2025\/03\/223D-ASYMETRIQUE-768x487.png 768w, https:\/\/terrasse-mobile.net\/wp-content\/uploads\/2025\/03\/223D-ASYMETRIQUE-50x32.png 50w\" sizes=\"(max-width: 800px) 100vw, 800px\" \/><\/figure>\n\n\n\n<div class=\"wp-block-buttons is-content-justification-center is-layout-flex wp-container-core-buttons-is-layout-16018d1d wp-block-buttons-is-layout-flex\">\n<div class=\"wp-block-button is-style-fill\"><a class=\"wp-block-button__link has-white-color has-text-color has-background has-link-color has-small-font-size has-custom-font-size wp-element-button\" href=\"https:\/\/terrasse-mobile.net\/pt\/esplanada-movel-por-medida\/configuracoes\/\" style=\"background-color:#3579a4\">Descubra outras configura\u00e7\u00f5es do SlideDeck<\/a><\/div>\n<\/div>\n<\/div>\n<\/div>\n<\/div><\/div>\n\n\n\n<p><\/p>","protected":false},"excerpt":{"rendered":"<p>Une terrasse mobile pour piscine originale Il s&rsquo;agit d&rsquo;une d\u00e9clinaison de la configuration de terrasse mobile sym\u00e9trique. Cette configuration est particuli\u00e8rement pratique si l&rsquo;espace de part et d&rsquo;autre de votre piscine est in\u00e9gal. Vous aurez donc deux plateaux de tailles diff\u00e9rentes. Un plateau pourra se d\u00e9placer vers la gauche, et l&rsquo;autre se d\u00e9placera vers la&#8230;<\/p>","protected":false},"author":1,"featured_media":3640,"parent":5532,"menu_order":32,"comment_status":"closed","ping_status":"closed","template":"","meta":{"_kad_post_transparent":"","_kad_post_title":"","_kad_post_layout":"","_kad_post_sidebar_id":"","_kad_post_content_style":"","_kad_post_vertical_padding":"","_kad_post_feature":"","_kad_post_feature_position":"","_kad_post_header":false,"_kad_post_footer":false,"_kad_post_classname":"","footnotes":""},"folder":[],"class_list":["post-5553","page","type-page","status-publish","has-post-thumbnail","hentry"],"yoast_head":"<!-- This site is optimized with the Yoast SEO plugin v27.4 - https:\/\/yoast.com\/product\/yoast-seo-wordpress\/ -->\n<title>La terrasse mobile en deux parties asym\u00e9triques<\/title>\n<meta name=\"description\" content=\"La terrasse mobile en deux parties asym\u00e9triques est souvent requise lorsque que l&#039;espace disponible est compliqu\u00e9 \u00e0 exploiter.\" \/>\n<meta name=\"robots\" content=\"index, follow, max-snippet:-1, max-image-preview:large, max-video-preview:-1\" \/>\n<link rel=\"canonical\" href=\"https:\/\/terrasse-mobile.net\/pt\/esplanada-movel-por-medida\/configuracoes\/terraco-movel-assimetrico-em-duas-partes\/\" \/>\n<meta property=\"og:locale\" content=\"pt_PT\" \/>\n<meta property=\"og:type\" content=\"article\" \/>\n<meta property=\"og:title\" content=\"La terrasse mobile en deux parties asym\u00e9triques\" \/>\n<meta property=\"og:description\" content=\"La terrasse mobile en deux parties asym\u00e9triques est souvent requise lorsque que l&#039;espace disponible est compliqu\u00e9 \u00e0 exploiter.\" \/>\n<meta property=\"og:url\" content=\"https:\/\/terrasse-mobile.net\/pt\/esplanada-movel-por-medida\/configuracoes\/terraco-movel-assimetrico-em-duas-partes\/\" \/>\n<meta property=\"og:site_name\" content=\"Terrasse mobile\" \/>\n<meta property=\"article:modified_time\" content=\"2025-11-25T14:52:15+00:00\" \/>\n<meta property=\"og:image\" content=\"https:\/\/terrasse-mobile.net\/wp-content\/uploads\/2024\/02\/REAL-SABOURAULT-PISCINE-2.jpg\" \/>\n\t<meta property=\"og:image:width\" content=\"2000\" \/>\n\t<meta property=\"og:image:height\" content=\"1500\" \/>\n\t<meta property=\"og:image:type\" content=\"image\/jpeg\" \/>\n<meta name=\"twitter:card\" content=\"summary_large_image\" \/>\n<meta name=\"twitter:label1\" content=\"Tempo estimado de leitura\" \/>\n\t<meta name=\"twitter:data1\" content=\"2 minutos\" \/>\n<script type=\"application\/ld+json\" class=\"yoast-schema-graph\">{\"@context\":\"https:\\\/\\\/schema.org\",\"@graph\":[{\"@type\":\"WebPage\",\"@id\":\"https:\\\/\\\/terrasse-mobile.net\\\/terrasse-mobile-sur-mesure\\\/configurations\\\/terrasse-mobile-deux-parties-asymetriques\\\/\",\"url\":\"https:\\\/\\\/terrasse-mobile.net\\\/terrasse-mobile-sur-mesure\\\/configurations\\\/terrasse-mobile-deux-parties-asymetriques\\\/\",\"name\":\"La terrasse mobile en deux parties asym\u00e9triques\",\"isPartOf\":{\"@id\":\"https:\\\/\\\/terrasse-mobile.net\\\/#website\"},\"primaryImageOfPage\":{\"@id\":\"https:\\\/\\\/terrasse-mobile.net\\\/terrasse-mobile-sur-mesure\\\/configurations\\\/terrasse-mobile-deux-parties-asymetriques\\\/#primaryimage\"},\"image\":{\"@id\":\"https:\\\/\\\/terrasse-mobile.net\\\/terrasse-mobile-sur-mesure\\\/configurations\\\/terrasse-mobile-deux-parties-asymetriques\\\/#primaryimage\"},\"thumbnailUrl\":\"https:\\\/\\\/terrasse-mobile.net\\\/wp-content\\\/uploads\\\/2024\\\/02\\\/REAL-SABOURAULT-PISCINE-2.jpg\",\"datePublished\":\"2024-10-02T12:46:32+00:00\",\"dateModified\":\"2025-11-25T14:52:15+00:00\",\"description\":\"La terrasse mobile en deux parties asym\u00e9triques est souvent requise lorsque que l'espace disponible est compliqu\u00e9 \u00e0 exploiter.\",\"breadcrumb\":{\"@id\":\"https:\\\/\\\/terrasse-mobile.net\\\/terrasse-mobile-sur-mesure\\\/configurations\\\/terrasse-mobile-deux-parties-asymetriques\\\/#breadcrumb\"},\"inLanguage\":\"pt-PT\",\"potentialAction\":[{\"@type\":\"ReadAction\",\"target\":[\"https:\\\/\\\/terrasse-mobile.net\\\/terrasse-mobile-sur-mesure\\\/configurations\\\/terrasse-mobile-deux-parties-asymetriques\\\/\"]}]},{\"@type\":\"ImageObject\",\"inLanguage\":\"pt-PT\",\"@id\":\"https:\\\/\\\/terrasse-mobile.net\\\/terrasse-mobile-sur-mesure\\\/configurations\\\/terrasse-mobile-deux-parties-asymetriques\\\/#primaryimage\",\"url\":\"https:\\\/\\\/terrasse-mobile.net\\\/wp-content\\\/uploads\\\/2024\\\/02\\\/REAL-SABOURAULT-PISCINE-2.jpg\",\"contentUrl\":\"https:\\\/\\\/terrasse-mobile.net\\\/wp-content\\\/uploads\\\/2024\\\/02\\\/REAL-SABOURAULT-PISCINE-2.jpg\",\"width\":2000,\"height\":1500,\"caption\":\"DCIM100MEDIADJI_0365.JPG\"},{\"@type\":\"BreadcrumbList\",\"@id\":\"https:\\\/\\\/terrasse-mobile.net\\\/terrasse-mobile-sur-mesure\\\/configurations\\\/terrasse-mobile-deux-parties-asymetriques\\\/#breadcrumb\",\"itemListElement\":[{\"@type\":\"ListItem\",\"position\":1,\"name\":\"Accueil\",\"item\":\"https:\\\/\\\/terrasse-mobile.net\\\/\"},{\"@type\":\"ListItem\",\"position\":2,\"name\":\"LA TERRASSE MOBILE SUR-MESURE POUR PISCINE\",\"item\":\"https:\\\/\\\/terrasse-mobile.net\\\/terrasse-mobile-sur-mesure\\\/\"},{\"@type\":\"ListItem\",\"position\":3,\"name\":\"LES CONFIGURATIONS DE TERRASSE MOBILE SLIDEDECK\",\"item\":\"https:\\\/\\\/terrasse-mobile.net\\\/terrasse-mobile-sur-mesure\\\/configurations\\\/\"},{\"@type\":\"ListItem\",\"position\":4,\"name\":\"LA TERRASSE MOBILE EN DEUX PARTIES ASYM\u00c9TRIQUES SUR LA LONGUEUR\"}]},{\"@type\":\"WebSite\",\"@id\":\"https:\\\/\\\/terrasse-mobile.net\\\/#website\",\"url\":\"https:\\\/\\\/terrasse-mobile.net\\\/\",\"name\":\"Slidedeck\",\"description\":\"Construction sur mesure de terrasses mobiles en \u00cele-de-France\",\"publisher\":{\"@id\":\"https:\\\/\\\/terrasse-mobile.net\\\/#organization\"},\"potentialAction\":[{\"@type\":\"SearchAction\",\"target\":{\"@type\":\"EntryPoint\",\"urlTemplate\":\"https:\\\/\\\/terrasse-mobile.net\\\/?s={search_term_string}\"},\"query-input\":{\"@type\":\"PropertyValueSpecification\",\"valueRequired\":true,\"valueName\":\"search_term_string\"}}],\"inLanguage\":\"pt-PT\"},{\"@type\":\"Organization\",\"@id\":\"https:\\\/\\\/terrasse-mobile.net\\\/#organization\",\"name\":\"Slidedeck\",\"url\":\"https:\\\/\\\/terrasse-mobile.net\\\/\",\"logo\":{\"@type\":\"ImageObject\",\"inLanguage\":\"pt-PT\",\"@id\":\"https:\\\/\\\/terrasse-mobile.net\\\/#\\\/schema\\\/logo\\\/image\\\/\",\"url\":\"https:\\\/\\\/terrasse-mobile.net\\\/wp-content\\\/uploads\\\/2024\\\/01\\\/logo-slidedeck.jpg\",\"contentUrl\":\"https:\\\/\\\/terrasse-mobile.net\\\/wp-content\\\/uploads\\\/2024\\\/01\\\/logo-slidedeck.jpg\",\"width\":2000,\"height\":1103,\"caption\":\"Slidedeck\"},\"image\":{\"@id\":\"https:\\\/\\\/terrasse-mobile.net\\\/#\\\/schema\\\/logo\\\/image\\\/\"}}]}<\/script>\n<!-- \/ Yoast SEO plugin. -->","yoast_head_json":{"title":"O terra\u00e7o m\u00f3vel em duas partes assim\u00e9tricas","description":"O terra\u00e7o m\u00f3vel em duas partes assim\u00e9tricas \u00e9 muitas vezes necess\u00e1rio quando o espa\u00e7o dispon\u00edvel \u00e9 complicado de explorar.","robots":{"index":"index","follow":"follow","max-snippet":"max-snippet:-1","max-image-preview":"max-image-preview:large","max-video-preview":"max-video-preview:-1"},"canonical":"https:\/\/terrasse-mobile.net\/pt\/esplanada-movel-por-medida\/configuracoes\/terraco-movel-assimetrico-em-duas-partes\/","og_locale":"pt_PT","og_type":"article","og_title":"La terrasse mobile en deux parties asym\u00e9triques","og_description":"La terrasse mobile en deux parties asym\u00e9triques est souvent requise lorsque que l'espace disponible est compliqu\u00e9 \u00e0 exploiter.","og_url":"https:\/\/terrasse-mobile.net\/pt\/esplanada-movel-por-medida\/configuracoes\/terraco-movel-assimetrico-em-duas-partes\/","og_site_name":"Terrasse mobile","article_modified_time":"2025-11-25T14:52:15+00:00","og_image":[{"width":2000,"height":1500,"url":"https:\/\/terrasse-mobile.net\/wp-content\/uploads\/2024\/02\/REAL-SABOURAULT-PISCINE-2.jpg","type":"image\/jpeg"}],"twitter_card":"summary_large_image","twitter_misc":{"Tempo estimado de leitura":"2 minutos"},"schema":{"@context":"https:\/\/schema.org","@graph":[{"@type":"WebPage","@id":"https:\/\/terrasse-mobile.net\/terrasse-mobile-sur-mesure\/configurations\/terrasse-mobile-deux-parties-asymetriques\/","url":"https:\/\/terrasse-mobile.net\/terrasse-mobile-sur-mesure\/configurations\/terrasse-mobile-deux-parties-asymetriques\/","name":"O terra\u00e7o m\u00f3vel em duas partes assim\u00e9tricas","isPartOf":{"@id":"https:\/\/terrasse-mobile.net\/#website"},"primaryImageOfPage":{"@id":"https:\/\/terrasse-mobile.net\/terrasse-mobile-sur-mesure\/configurations\/terrasse-mobile-deux-parties-asymetriques\/#primaryimage"},"image":{"@id":"https:\/\/terrasse-mobile.net\/terrasse-mobile-sur-mesure\/configurations\/terrasse-mobile-deux-parties-asymetriques\/#primaryimage"},"thumbnailUrl":"https:\/\/terrasse-mobile.net\/wp-content\/uploads\/2024\/02\/REAL-SABOURAULT-PISCINE-2.jpg","datePublished":"2024-10-02T12:46:32+00:00","dateModified":"2025-11-25T14:52:15+00:00","description":"O terra\u00e7o m\u00f3vel em duas partes assim\u00e9tricas \u00e9 muitas vezes necess\u00e1rio quando o espa\u00e7o dispon\u00edvel \u00e9 complicado de explorar.","breadcrumb":{"@id":"https:\/\/terrasse-mobile.net\/terrasse-mobile-sur-mesure\/configurations\/terrasse-mobile-deux-parties-asymetriques\/#breadcrumb"},"inLanguage":"pt-PT","potentialAction":[{"@type":"ReadAction","target":["https:\/\/terrasse-mobile.net\/terrasse-mobile-sur-mesure\/configurations\/terrasse-mobile-deux-parties-asymetriques\/"]}]},{"@type":"ImageObject","inLanguage":"pt-PT","@id":"https:\/\/terrasse-mobile.net\/terrasse-mobile-sur-mesure\/configurations\/terrasse-mobile-deux-parties-asymetriques\/#primaryimage","url":"https:\/\/terrasse-mobile.net\/wp-content\/uploads\/2024\/02\/REAL-SABOURAULT-PISCINE-2.jpg","contentUrl":"https:\/\/terrasse-mobile.net\/wp-content\/uploads\/2024\/02\/REAL-SABOURAULT-PISCINE-2.jpg","width":2000,"height":1500,"caption":"DCIM100MEDIADJI_0365.JPG"},{"@type":"BreadcrumbList","@id":"https:\/\/terrasse-mobile.net\/terrasse-mobile-sur-mesure\/configurations\/terrasse-mobile-deux-parties-asymetriques\/#breadcrumb","itemListElement":[{"@type":"ListItem","position":1,"name":"Accueil","item":"https:\/\/terrasse-mobile.net\/"},{"@type":"ListItem","position":2,"name":"LA TERRASSE MOBILE SUR-MESURE POUR PISCINE","item":"https:\/\/terrasse-mobile.net\/terrasse-mobile-sur-mesure\/"},{"@type":"ListItem","position":3,"name":"LES CONFIGURATIONS DE TERRASSE MOBILE SLIDEDECK","item":"https:\/\/terrasse-mobile.net\/terrasse-mobile-sur-mesure\/configurations\/"},{"@type":"ListItem","position":4,"name":"LA TERRASSE MOBILE EN DEUX PARTIES ASYM\u00c9TRIQUES SUR LA LONGUEUR"}]},{"@type":"WebSite","@id":"https:\/\/terrasse-mobile.net\/#website","url":"https:\/\/terrasse-mobile.net\/","name":"Slidedeck","description":"Terra\u00e7os m\u00f3veis constru\u00eddos \u00e0 medida na regi\u00e3o parisiense","publisher":{"@id":"https:\/\/terrasse-mobile.net\/#organization"},"potentialAction":[{"@type":"SearchAction","target":{"@type":"EntryPoint","urlTemplate":"https:\/\/terrasse-mobile.net\/?s={search_term_string}"},"query-input":{"@type":"PropertyValueSpecification","valueRequired":true,"valueName":"search_term_string"}}],"inLanguage":"pt-PT"},{"@type":"Organization","@id":"https:\/\/terrasse-mobile.net\/#organization","name":"Slidedeck","url":"https:\/\/terrasse-mobile.net\/","logo":{"@type":"ImageObject","inLanguage":"pt-PT","@id":"https:\/\/terrasse-mobile.net\/#\/schema\/logo\/image\/","url":"https:\/\/terrasse-mobile.net\/wp-content\/uploads\/2024\/01\/logo-slidedeck.jpg","contentUrl":"https:\/\/terrasse-mobile.net\/wp-content\/uploads\/2024\/01\/logo-slidedeck.jpg","width":2000,"height":1103,"caption":"Slidedeck"},"image":{"@id":"https:\/\/terrasse-mobile.net\/#\/schema\/logo\/image\/"}}]}},"_links":{"self":[{"href":"https:\/\/terrasse-mobile.net\/pt\/wp-json\/wp\/v2\/pages\/5553","targetHints":{"allow":["GET"]}}],"collection":[{"href":"https:\/\/terrasse-mobile.net\/pt\/wp-json\/wp\/v2\/pages"}],"about":[{"href":"https:\/\/terrasse-mobile.net\/pt\/wp-json\/wp\/v2\/types\/page"}],"author":[{"embeddable":true,"href":"https:\/\/terrasse-mobile.net\/pt\/wp-json\/wp\/v2\/users\/1"}],"replies":[{"embeddable":true,"href":"https:\/\/terrasse-mobile.net\/pt\/wp-json\/wp\/v2\/comments?post=5553"}],"version-history":[{"count":10,"href":"https:\/\/terrasse-mobile.net\/pt\/wp-json\/wp\/v2\/pages\/5553\/revisions"}],"predecessor-version":[{"id":7287,"href":"https:\/\/terrasse-mobile.net\/pt\/wp-json\/wp\/v2\/pages\/5553\/revisions\/7287"}],"up":[{"embeddable":true,"href":"https:\/\/terrasse-mobile.net\/pt\/wp-json\/wp\/v2\/pages\/5532"}],"wp:featuredmedia":[{"embeddable":true,"href":"https:\/\/terrasse-mobile.net\/pt\/wp-json\/wp\/v2\/media\/3640"}],"wp:attachment":[{"href":"https:\/\/terrasse-mobile.net\/pt\/wp-json\/wp\/v2\/media?parent=5553"}],"wp:term":[{"taxonomy":"folder","embeddable":true,"href":"https:\/\/terrasse-mobile.net\/pt\/wp-json\/wp\/v2\/folder?post=5553"}],"curies":[{"name":"wp","href":"https:\/\/api.w.org\/{rel}","templated":true}]}}