{"id":5582,"date":"2024-10-02T14:45:31","date_gmt":"2024-10-02T12:45:50","guid":{"rendered":"https:\/\/terrasse-mobile.net\/?page_id=5582"},"modified":"2025-10-08T14:35:43","modified_gmt":"2025-10-08T12:35:43","slug":"construcao-de-terraco-deslizante-para-piscina","status":"publish","type":"page","link":"https:\/\/terrasse-mobile.net\/pt\/slidedeck\/realisations\/construction-terrasse-coulissante-piscine\/","title":{"rendered":"Cria\u00e7\u00e3o de um terra\u00e7o m\u00f3vel no cora\u00e7\u00e3o da cidade"},"content":{"rendered":"<div class=\"wp-block-columns is-layout-flex wp-container-core-columns-is-layout-9d6595d7 wp-block-columns-is-layout-flex\">\n<div class=\"wp-block-column is-layout-flow wp-block-column-is-layout-flow\">\n<p><\/p>\n\n\n\n<p>Cri\u00e1mos um belo espa\u00e7o exterior composto por uma piscina com o seu deck m\u00f3vel e um grande deck em madeira ex\u00f3tica a condizer com o deck deslizante.  A piscina proporciona uma agrad\u00e1vel zona de nata\u00e7\u00e3o mesmo em frente ao terra\u00e7o. Quando a piscina n\u00e3o est\u00e1 a ser utilizada, o terra\u00e7o cobre a piscina e prolonga o terra\u00e7o do jardim. A piscina, o deck subaqu\u00e1tico e a escada s\u00e3o revestidos com uma membrana de PVC refor\u00e7ado de cor antracite, extremamente resistente e com um aspeto contempor\u00e2neo.<\/p>\n<\/div>\n\n\n\n<div class=\"wp-block-column is-layout-flow wp-block-column-is-layout-flow\">\n<figure class=\"wp-block-image size-full\"><img decoding=\"async\" width=\"700\" height=\"462\" src=\"https:\/\/terrasse-mobile.net\/wp-content\/uploads\/2024\/01\/REAL-SABOURAULT-PISCINE-2-2.jpg\" alt=\"piscina com terra\u00e7o m\u00f3vel\" class=\"wp-image-2175\" srcset=\"https:\/\/terrasse-mobile.net\/wp-content\/uploads\/2024\/01\/REAL-SABOURAULT-PISCINE-2-2.jpg 700w, https:\/\/terrasse-mobile.net\/wp-content\/uploads\/2024\/01\/REAL-SABOURAULT-PISCINE-2-2-300x198.jpg 300w\" sizes=\"(max-width: 700px) 100vw, 700px\" \/><\/figure>\n<\/div>\n<\/div>\n\n\n\n<h2 class=\"wp-block-heading has-text-align-center\">Instala\u00e7\u00e3o de um terra\u00e7o e de um deck amov\u00edveis e renova\u00e7\u00e3o da piscina<\/h2>\n\n\n\n<p class=\"has-text-align-center\">Aqui est\u00e1 uma fotografia geral da piscina com o terra\u00e7o deslizante (\u00e0 esquerda). A zona da piscina integra-se perfeitamente neste pequeno jardim com deck de madeira e relvado.<\/p>\n\n\n\n<div class=\"wp-block-columns is-layout-flex wp-container-core-columns-is-layout-9d6595d7 wp-block-columns-is-layout-flex\">\n<div class=\"wp-block-column is-layout-flow wp-block-column-is-layout-flow\">\n<figure class=\"wp-block-image size-full\"><img decoding=\"async\" width=\"700\" height=\"464\" src=\"https:\/\/terrasse-mobile.net\/wp-content\/uploads\/2024\/01\/REAL-SABOURAULT-PISCINE-1-1.jpg\" alt=\"terra\u00e7o m\u00f3vel\" class=\"wp-image-2177\" srcset=\"https:\/\/terrasse-mobile.net\/wp-content\/uploads\/2024\/01\/REAL-SABOURAULT-PISCINE-1-1.jpg 700w, https:\/\/terrasse-mobile.net\/wp-content\/uploads\/2024\/01\/REAL-SABOURAULT-PISCINE-1-1-300x199.jpg 300w\" sizes=\"(max-width: 700px) 100vw, 700px\" \/><\/figure>\n\n\n\n<p>Nesta fotografia, a zona da piscina est\u00e1 conclu\u00edda, faltando apenas a \u00e1gua para desfrutar da piscina.<\/p>\n<\/div>\n\n\n\n<div class=\"wp-block-column is-layout-flow wp-block-column-is-layout-flow\">\n<figure class=\"wp-block-image size-full\"><img decoding=\"async\" width=\"700\" height=\"464\" src=\"https:\/\/terrasse-mobile.net\/wp-content\/uploads\/2024\/01\/REAL-SABOURAULT-1.jpg\" alt=\"decks de madeira cumaru\" class=\"wp-image-2178\" srcset=\"https:\/\/terrasse-mobile.net\/wp-content\/uploads\/2024\/01\/REAL-SABOURAULT-1.jpg 700w, https:\/\/terrasse-mobile.net\/wp-content\/uploads\/2024\/01\/REAL-SABOURAULT-1-300x199.jpg 300w\" sizes=\"(max-width: 700px) 100vw, 700px\" \/><\/figure>\n\n\n\n<p>Aqui, o magn\u00edfico terra\u00e7o da piscina acaba de ser conclu\u00eddo. A piscina est\u00e1 tamb\u00e9m pronta para receber a membrana de PVC refor\u00e7ado.&nbsp;&nbsp;<\/p>\n<\/div>\n<\/div>\n\n\n\n<h2 class=\"wp-block-heading has-text-align-center\">Um terra\u00e7o m\u00f3vel no cora\u00e7\u00e3o da cidade<\/h2>\n\n\n\n<div class=\"wp-block-columns is-layout-flex wp-container-core-columns-is-layout-9d6595d7 wp-block-columns-is-layout-flex\">\n<div class=\"wp-block-column is-layout-flow wp-block-column-is-layout-flow\">\n<p><img decoding=\"async\" sizes=\"(max-width: 700px) 100vw, 700px\" srcset=\"https:\/\/terrasse-mobile.net\/wp-content\/uploads\/2024\/01\/REAL-SABOURAULT-4.jpg 700w, https:\/\/terrasse-mobile.net\/wp-content\/uploads\/2024\/01\/REAL-SABOURAULT-4-300x199.jpg 300w\" width=\"700\" height=\"464\" src=\"https:\/\/terrasse-mobile.net\/wp-content\/uploads\/2024\/01\/REAL-SABOURAULT-4.jpg\" alt=\"\"><br>Bela vista para o novo terra\u00e7o de madeira.<br><\/p>\n\n\n\n<figure class=\"wp-block-image size-full\"><img decoding=\"async\" width=\"700\" height=\"462\" src=\"https:\/\/terrasse-mobile.net\/wp-content\/uploads\/2024\/01\/REAL-SABOURAULT-PISCINE-2-2.jpg\" alt=\"piscina com terra\u00e7o m\u00f3vel\" class=\"wp-image-2175\" srcset=\"https:\/\/terrasse-mobile.net\/wp-content\/uploads\/2024\/01\/REAL-SABOURAULT-PISCINE-2-2.jpg 700w, https:\/\/terrasse-mobile.net\/wp-content\/uploads\/2024\/01\/REAL-SABOURAULT-PISCINE-2-2-300x198.jpg 300w\" sizes=\"(max-width: 700px) 100vw, 700px\" \/><\/figure>\n\n\n\n<p>O terra\u00e7o m\u00f3vel \u00e9 coberto com t\u00e1buas de madeira.  O deck \u00e9 f\u00e1cil de manusear pelos adultos.<\/p>\n<\/div>\n\n\n\n<div class=\"wp-block-column is-layout-flow wp-block-column-is-layout-flow\">\n<figure class=\"wp-block-image size-full\"><img decoding=\"async\" width=\"700\" height=\"464\" src=\"https:\/\/terrasse-mobile.net\/wp-content\/uploads\/2024\/01\/REAL-SABOURAULT-STRUCTUREjpg.jpg\" alt=\"base sob a placa de base m\u00f3vel\" class=\"wp-image-2180\" srcset=\"https:\/\/terrasse-mobile.net\/wp-content\/uploads\/2024\/01\/REAL-SABOURAULT-STRUCTUREjpg.jpg 700w, https:\/\/terrasse-mobile.net\/wp-content\/uploads\/2024\/01\/REAL-SABOURAULT-STRUCTUREjpg-300x199.jpg 300w\" sizes=\"(max-width: 700px) 100vw, 700px\" \/><\/figure>\n\n\n\n<p>Aqui est\u00e1 a estrutura do deck m\u00f3vel que vamos cobrir com t\u00e1buas de madeira.<\/p>\n\n\n\n<figure class=\"wp-block-image size-full\"><img decoding=\"async\" width=\"700\" height=\"464\" src=\"https:\/\/terrasse-mobile.net\/wp-content\/uploads\/2024\/01\/REAL-SABOURAULT-CONSTRUCTION-1.jpg\" alt=\"\" class=\"wp-image-2181\" srcset=\"https:\/\/terrasse-mobile.net\/wp-content\/uploads\/2024\/01\/REAL-SABOURAULT-CONSTRUCTION-1.jpg 700w, https:\/\/terrasse-mobile.net\/wp-content\/uploads\/2024\/01\/REAL-SABOURAULT-CONSTRUCTION-1-300x199.jpg 300w\" sizes=\"(max-width: 700px) 100vw, 700px\" \/><\/figure>\n\n\n\n<p>Esta \u00e9 a estrutura dupla sobre a qual coloc\u00e1mos o deck de madeira \u00e0 volta da piscina.<\/p>\n<\/div>\n<\/div>\n\n\n\n<h2 class=\"wp-block-heading has-text-align-center\">Criar um terra\u00e7o na cidade<\/h2>\n\n\n\n<div class=\"wp-block-columns is-layout-flex wp-container-core-columns-is-layout-9d6595d7 wp-block-columns-is-layout-flex\">\n<div class=\"wp-block-column is-layout-flow wp-block-column-is-layout-flow\">\n<p><img decoding=\"async\" sizes=\"(max-width: 700px) 100vw, 700px\" srcset=\"https:\/\/terrasse-mobile.net\/wp-content\/uploads\/2024\/01\/REAL-SABOURAULT-5.jpg 700w, https:\/\/terrasse-mobile.net\/wp-content\/uploads\/2024\/01\/REAL-SABOURAULT-5-300x199.jpg 300w\" width=\"700\" height=\"464\" src=\"https:\/\/terrasse-mobile.net\/wp-content\/uploads\/2024\/01\/REAL-SABOURAULT-5.jpg\" alt=\"\"><br>Aqui est\u00e1 outra fotografia do terra\u00e7o de madeira. As escadas e os degraus s\u00e3o revestidos com deck de madeira ex\u00f3tica (Padouk) para combinar com o terra\u00e7o. Tamb\u00e9m instal\u00e1mos um corrim\u00e3o de a\u00e7o inoxid\u00e1vel no topo do terra\u00e7o para proteger a \u00e1rea de refei\u00e7\u00f5es.<br><br><img decoding=\"async\" sizes=\"(max-width: 700px) 100vw, 700px\" srcset=\"https:\/\/terrasse-mobile.net\/wp-content\/uploads\/2024\/01\/REAL-SABOURAULT-PISCINE-2-2.jpg 700w, https:\/\/terrasse-mobile.net\/wp-content\/uploads\/2024\/01\/REAL-SABOURAULT-PISCINE-2-2-300x198.jpg 300w\" width=\"700\" height=\"462\" src=\"https:\/\/terrasse-mobile.net\/wp-content\/uploads\/2024\/01\/REAL-SABOURAULT-PISCINE-2-2.jpg\" alt=\"piscina com terra\u00e7o m\u00f3vel\"><br>Outra fotografia da zona da piscina.<\/p>\n<\/div>\n\n\n\n<div class=\"wp-block-column is-layout-flow wp-block-column-is-layout-flow\">\n<figure class=\"wp-block-image size-full\"><img decoding=\"async\" width=\"700\" height=\"464\" src=\"https:\/\/terrasse-mobile.net\/wp-content\/uploads\/2024\/01\/REAL-SABOURAULT-2.jpg\" alt=\"\" class=\"wp-image-2183\" srcset=\"https:\/\/terrasse-mobile.net\/wp-content\/uploads\/2024\/01\/REAL-SABOURAULT-2.jpg 700w, https:\/\/terrasse-mobile.net\/wp-content\/uploads\/2024\/01\/REAL-SABOURAULT-2-300x199.jpg 300w\" sizes=\"(max-width: 700px) 100vw, 700px\" \/><\/figure>\n\n\n\n<p>Esta \u00e9 a cor do terra\u00e7o ao fim de algum tempo.<\/p>\n<\/div>\n<\/div>\n\n\n\n<p><\/p>","protected":false},"excerpt":{"rendered":"<p>Nous avons r\u00e9alis\u00e9 un tr\u00e8s bel espace ext\u00e9rieur \u00a0compos\u00e9 \u00a0d&rsquo;une piscine avec sa terrasse mobile et une grande terrasse en bois exotique assorti \u00e0 la terrasse coulissante.\u00a0\u00a0La piscine offre un espace de baignade agr\u00e9able juste devant la terrasse d&rsquo;agr\u00e9ment. Lorsque la piscine n&rsquo;est pas en service, la terrasse recouvre la piscine et permet d&rsquo;agrandir la&#8230;<\/p>","protected":false},"author":1,"featured_media":3640,"parent":5631,"menu_order":14,"comment_status":"closed","ping_status":"closed","template":"","meta":{"_kad_post_transparent":"","_kad_post_title":"","_kad_post_layout":"","_kad_post_sidebar_id":"","_kad_post_content_style":"","_kad_post_vertical_padding":"","_kad_post_feature":"","_kad_post_feature_position":"","_kad_post_header":false,"_kad_post_footer":false,"_kad_post_classname":"","footnotes":""},"folder":[],"class_list":["post-5582","page","type-page","status-publish","has-post-thumbnail","hentry"],"yoast_head":"<!-- This site is optimized with the Yoast SEO plugin v27.4 - https:\/\/yoast.com\/product\/yoast-seo-wordpress\/ -->\n<title>R\u00e9alisation de terrasse coulissante pour piscine en coeur de ville<\/title>\n<meta name=\"description\" content=\"Cette terrasse mobile de piscine est un v\u00e9ritable espace suppl\u00e9mentaire pour le jardin de cette maison en coeur de ville.\" \/>\n<meta name=\"robots\" content=\"index, follow, max-snippet:-1, max-image-preview:large, max-video-preview:-1\" \/>\n<link rel=\"canonical\" href=\"https:\/\/terrasse-mobile.net\/pt\/deck-deslizante\/realizacoes\/construcao-de-terraco-deslizante-para-piscina\/\" \/>\n<meta property=\"og:locale\" content=\"pt_PT\" \/>\n<meta property=\"og:type\" content=\"article\" \/>\n<meta property=\"og:title\" content=\"R\u00e9alisation de terrasse coulissante pour piscine en coeur de ville\" \/>\n<meta property=\"og:description\" content=\"Cette terrasse mobile de piscine est un v\u00e9ritable espace suppl\u00e9mentaire pour le jardin de cette maison en coeur de ville.\" \/>\n<meta property=\"og:url\" content=\"https:\/\/terrasse-mobile.net\/pt\/deck-deslizante\/realizacoes\/construcao-de-terraco-deslizante-para-piscina\/\" \/>\n<meta property=\"og:site_name\" content=\"Terrasse mobile\" \/>\n<meta property=\"article:modified_time\" content=\"2025-10-08T12:35:43+00:00\" \/>\n<meta property=\"og:image\" content=\"https:\/\/terrasse-mobile.net\/wp-content\/uploads\/2024\/02\/REAL-SABOURAULT-PISCINE-2.jpg\" \/>\n\t<meta property=\"og:image:width\" content=\"2000\" \/>\n\t<meta property=\"og:image:height\" content=\"1500\" \/>\n\t<meta property=\"og:image:type\" content=\"image\/jpeg\" \/>\n<meta name=\"twitter:card\" content=\"summary_large_image\" \/>\n<meta name=\"twitter:label1\" content=\"Tempo estimado de leitura\" \/>\n\t<meta name=\"twitter:data1\" content=\"4 minutos\" \/>\n<script type=\"application\/ld+json\" class=\"yoast-schema-graph\">{\"@context\":\"https:\\\/\\\/schema.org\",\"@graph\":[{\"@type\":\"WebPage\",\"@id\":\"https:\\\/\\\/terrasse-mobile.net\\\/slidedeck\\\/realisations\\\/construction-terrasse-coulissante-piscine\\\/\",\"url\":\"https:\\\/\\\/terrasse-mobile.net\\\/slidedeck\\\/realisations\\\/construction-terrasse-coulissante-piscine\\\/\",\"name\":\"R\u00e9alisation de terrasse coulissante pour piscine en coeur de ville\",\"isPartOf\":{\"@id\":\"https:\\\/\\\/terrasse-mobile.net\\\/#website\"},\"primaryImageOfPage\":{\"@id\":\"https:\\\/\\\/terrasse-mobile.net\\\/slidedeck\\\/realisations\\\/construction-terrasse-coulissante-piscine\\\/#primaryimage\"},\"image\":{\"@id\":\"https:\\\/\\\/terrasse-mobile.net\\\/slidedeck\\\/realisations\\\/construction-terrasse-coulissante-piscine\\\/#primaryimage\"},\"thumbnailUrl\":\"https:\\\/\\\/terrasse-mobile.net\\\/wp-content\\\/uploads\\\/2024\\\/02\\\/REAL-SABOURAULT-PISCINE-2.jpg\",\"datePublished\":\"2024-10-02T12:45:50+00:00\",\"dateModified\":\"2025-10-08T12:35:43+00:00\",\"description\":\"Cette terrasse mobile de piscine est un v\u00e9ritable espace suppl\u00e9mentaire pour le jardin de cette maison en coeur de ville.\",\"breadcrumb\":{\"@id\":\"https:\\\/\\\/terrasse-mobile.net\\\/slidedeck\\\/realisations\\\/construction-terrasse-coulissante-piscine\\\/#breadcrumb\"},\"inLanguage\":\"pt-PT\",\"potentialAction\":[{\"@type\":\"ReadAction\",\"target\":[\"https:\\\/\\\/terrasse-mobile.net\\\/slidedeck\\\/realisations\\\/construction-terrasse-coulissante-piscine\\\/\"]}]},{\"@type\":\"ImageObject\",\"inLanguage\":\"pt-PT\",\"@id\":\"https:\\\/\\\/terrasse-mobile.net\\\/slidedeck\\\/realisations\\\/construction-terrasse-coulissante-piscine\\\/#primaryimage\",\"url\":\"https:\\\/\\\/terrasse-mobile.net\\\/wp-content\\\/uploads\\\/2024\\\/02\\\/REAL-SABOURAULT-PISCINE-2.jpg\",\"contentUrl\":\"https:\\\/\\\/terrasse-mobile.net\\\/wp-content\\\/uploads\\\/2024\\\/02\\\/REAL-SABOURAULT-PISCINE-2.jpg\",\"width\":2000,\"height\":1500,\"caption\":\"DCIM100MEDIADJI_0365.JPG\"},{\"@type\":\"BreadcrumbList\",\"@id\":\"https:\\\/\\\/terrasse-mobile.net\\\/slidedeck\\\/realisations\\\/construction-terrasse-coulissante-piscine\\\/#breadcrumb\",\"itemListElement\":[{\"@type\":\"ListItem\",\"position\":1,\"name\":\"Accueil\",\"item\":\"https:\\\/\\\/terrasse-mobile.net\\\/\"},{\"@type\":\"ListItem\",\"position\":2,\"name\":\"SLIDEDECK\",\"item\":\"https:\\\/\\\/terrasse-mobile.net\\\/slidedeck\\\/\"},{\"@type\":\"ListItem\",\"position\":3,\"name\":\"NOS R\u00c9ALISATIONS DE TERRASSE MOBILE SLIDEDECK\",\"item\":\"https:\\\/\\\/terrasse-mobile.net\\\/slidedeck\\\/realisations\\\/\"},{\"@type\":\"ListItem\",\"position\":4,\"name\":\"R\u00e9alisation de terrasse mobile en coeur de ville\"}]},{\"@type\":\"WebSite\",\"@id\":\"https:\\\/\\\/terrasse-mobile.net\\\/#website\",\"url\":\"https:\\\/\\\/terrasse-mobile.net\\\/\",\"name\":\"Slidedeck\",\"description\":\"Construction sur mesure de terrasses mobiles en \u00cele-de-France\",\"publisher\":{\"@id\":\"https:\\\/\\\/terrasse-mobile.net\\\/#organization\"},\"potentialAction\":[{\"@type\":\"SearchAction\",\"target\":{\"@type\":\"EntryPoint\",\"urlTemplate\":\"https:\\\/\\\/terrasse-mobile.net\\\/?s={search_term_string}\"},\"query-input\":{\"@type\":\"PropertyValueSpecification\",\"valueRequired\":true,\"valueName\":\"search_term_string\"}}],\"inLanguage\":\"pt-PT\"},{\"@type\":\"Organization\",\"@id\":\"https:\\\/\\\/terrasse-mobile.net\\\/#organization\",\"name\":\"Slidedeck\",\"url\":\"https:\\\/\\\/terrasse-mobile.net\\\/\",\"logo\":{\"@type\":\"ImageObject\",\"inLanguage\":\"pt-PT\",\"@id\":\"https:\\\/\\\/terrasse-mobile.net\\\/#\\\/schema\\\/logo\\\/image\\\/\",\"url\":\"https:\\\/\\\/terrasse-mobile.net\\\/wp-content\\\/uploads\\\/2024\\\/01\\\/logo-slidedeck.jpg\",\"contentUrl\":\"https:\\\/\\\/terrasse-mobile.net\\\/wp-content\\\/uploads\\\/2024\\\/01\\\/logo-slidedeck.jpg\",\"width\":2000,\"height\":1103,\"caption\":\"Slidedeck\"},\"image\":{\"@id\":\"https:\\\/\\\/terrasse-mobile.net\\\/#\\\/schema\\\/logo\\\/image\\\/\"}}]}<\/script>\n<!-- \/ Yoast SEO plugin. -->","yoast_head_json":{"title":"Terra\u00e7o deslizante para piscina no cora\u00e7\u00e3o da cidade","description":"Este terra\u00e7o m\u00f3vel com piscina \u00e9 uma verdadeira adi\u00e7\u00e3o ao jardim desta casa no cora\u00e7\u00e3o da cidade.","robots":{"index":"index","follow":"follow","max-snippet":"max-snippet:-1","max-image-preview":"max-image-preview:large","max-video-preview":"max-video-preview:-1"},"canonical":"https:\/\/terrasse-mobile.net\/pt\/deck-deslizante\/realizacoes\/construcao-de-terraco-deslizante-para-piscina\/","og_locale":"pt_PT","og_type":"article","og_title":"R\u00e9alisation de terrasse coulissante pour piscine en coeur de ville","og_description":"Cette terrasse mobile de piscine est un v\u00e9ritable espace suppl\u00e9mentaire pour le jardin de cette maison en coeur de ville.","og_url":"https:\/\/terrasse-mobile.net\/pt\/deck-deslizante\/realizacoes\/construcao-de-terraco-deslizante-para-piscina\/","og_site_name":"Terrasse mobile","article_modified_time":"2025-10-08T12:35:43+00:00","og_image":[{"width":2000,"height":1500,"url":"https:\/\/terrasse-mobile.net\/wp-content\/uploads\/2024\/02\/REAL-SABOURAULT-PISCINE-2.jpg","type":"image\/jpeg"}],"twitter_card":"summary_large_image","twitter_misc":{"Tempo estimado de leitura":"4 minutos"},"schema":{"@context":"https:\/\/schema.org","@graph":[{"@type":"WebPage","@id":"https:\/\/terrasse-mobile.net\/slidedeck\/realisations\/construction-terrasse-coulissante-piscine\/","url":"https:\/\/terrasse-mobile.net\/slidedeck\/realisations\/construction-terrasse-coulissante-piscine\/","name":"Terra\u00e7o deslizante para piscina no cora\u00e7\u00e3o da cidade","isPartOf":{"@id":"https:\/\/terrasse-mobile.net\/#website"},"primaryImageOfPage":{"@id":"https:\/\/terrasse-mobile.net\/slidedeck\/realisations\/construction-terrasse-coulissante-piscine\/#primaryimage"},"image":{"@id":"https:\/\/terrasse-mobile.net\/slidedeck\/realisations\/construction-terrasse-coulissante-piscine\/#primaryimage"},"thumbnailUrl":"https:\/\/terrasse-mobile.net\/wp-content\/uploads\/2024\/02\/REAL-SABOURAULT-PISCINE-2.jpg","datePublished":"2024-10-02T12:45:50+00:00","dateModified":"2025-10-08T12:35:43+00:00","description":"Este terra\u00e7o m\u00f3vel com piscina \u00e9 uma verdadeira adi\u00e7\u00e3o ao jardim desta casa no cora\u00e7\u00e3o da cidade.","breadcrumb":{"@id":"https:\/\/terrasse-mobile.net\/slidedeck\/realisations\/construction-terrasse-coulissante-piscine\/#breadcrumb"},"inLanguage":"pt-PT","potentialAction":[{"@type":"ReadAction","target":["https:\/\/terrasse-mobile.net\/slidedeck\/realisations\/construction-terrasse-coulissante-piscine\/"]}]},{"@type":"ImageObject","inLanguage":"pt-PT","@id":"https:\/\/terrasse-mobile.net\/slidedeck\/realisations\/construction-terrasse-coulissante-piscine\/#primaryimage","url":"https:\/\/terrasse-mobile.net\/wp-content\/uploads\/2024\/02\/REAL-SABOURAULT-PISCINE-2.jpg","contentUrl":"https:\/\/terrasse-mobile.net\/wp-content\/uploads\/2024\/02\/REAL-SABOURAULT-PISCINE-2.jpg","width":2000,"height":1500,"caption":"DCIM100MEDIADJI_0365.JPG"},{"@type":"BreadcrumbList","@id":"https:\/\/terrasse-mobile.net\/slidedeck\/realisations\/construction-terrasse-coulissante-piscine\/#breadcrumb","itemListElement":[{"@type":"ListItem","position":1,"name":"Accueil","item":"https:\/\/terrasse-mobile.net\/"},{"@type":"ListItem","position":2,"name":"SLIDEDECK","item":"https:\/\/terrasse-mobile.net\/slidedeck\/"},{"@type":"ListItem","position":3,"name":"NOS R\u00c9ALISATIONS DE TERRASSE MOBILE SLIDEDECK","item":"https:\/\/terrasse-mobile.net\/slidedeck\/realisations\/"},{"@type":"ListItem","position":4,"name":"R\u00e9alisation de terrasse mobile en coeur de ville"}]},{"@type":"WebSite","@id":"https:\/\/terrasse-mobile.net\/#website","url":"https:\/\/terrasse-mobile.net\/","name":"Slidedeck","description":"Terra\u00e7os m\u00f3veis constru\u00eddos \u00e0 medida na regi\u00e3o parisiense","publisher":{"@id":"https:\/\/terrasse-mobile.net\/#organization"},"potentialAction":[{"@type":"SearchAction","target":{"@type":"EntryPoint","urlTemplate":"https:\/\/terrasse-mobile.net\/?s={search_term_string}"},"query-input":{"@type":"PropertyValueSpecification","valueRequired":true,"valueName":"search_term_string"}}],"inLanguage":"pt-PT"},{"@type":"Organization","@id":"https:\/\/terrasse-mobile.net\/#organization","name":"Slidedeck","url":"https:\/\/terrasse-mobile.net\/","logo":{"@type":"ImageObject","inLanguage":"pt-PT","@id":"https:\/\/terrasse-mobile.net\/#\/schema\/logo\/image\/","url":"https:\/\/terrasse-mobile.net\/wp-content\/uploads\/2024\/01\/logo-slidedeck.jpg","contentUrl":"https:\/\/terrasse-mobile.net\/wp-content\/uploads\/2024\/01\/logo-slidedeck.jpg","width":2000,"height":1103,"caption":"Slidedeck"},"image":{"@id":"https:\/\/terrasse-mobile.net\/#\/schema\/logo\/image\/"}}]}},"_links":{"self":[{"href":"https:\/\/terrasse-mobile.net\/pt\/wp-json\/wp\/v2\/pages\/5582","targetHints":{"allow":["GET"]}}],"collection":[{"href":"https:\/\/terrasse-mobile.net\/pt\/wp-json\/wp\/v2\/pages"}],"about":[{"href":"https:\/\/terrasse-mobile.net\/pt\/wp-json\/wp\/v2\/types\/page"}],"author":[{"embeddable":true,"href":"https:\/\/terrasse-mobile.net\/pt\/wp-json\/wp\/v2\/users\/1"}],"replies":[{"embeddable":true,"href":"https:\/\/terrasse-mobile.net\/pt\/wp-json\/wp\/v2\/comments?post=5582"}],"version-history":[{"count":8,"href":"https:\/\/terrasse-mobile.net\/pt\/wp-json\/wp\/v2\/pages\/5582\/revisions"}],"predecessor-version":[{"id":6581,"href":"https:\/\/terrasse-mobile.net\/pt\/wp-json\/wp\/v2\/pages\/5582\/revisions\/6581"}],"up":[{"embeddable":true,"href":"https:\/\/terrasse-mobile.net\/pt\/wp-json\/wp\/v2\/pages\/5631"}],"wp:featuredmedia":[{"embeddable":true,"href":"https:\/\/terrasse-mobile.net\/pt\/wp-json\/wp\/v2\/media\/3640"}],"wp:attachment":[{"href":"https:\/\/terrasse-mobile.net\/pt\/wp-json\/wp\/v2\/media?parent=5582"}],"wp:term":[{"taxonomy":"folder","embeddable":true,"href":"https:\/\/terrasse-mobile.net\/pt\/wp-json\/wp\/v2\/folder?post=5582"}],"curies":[{"name":"wp","href":"https:\/\/api.w.org\/{rel}","templated":true}]}}