{"id":5588,"date":"2024-10-02T14:45:25","date_gmt":"2024-10-02T12:45:25","guid":{"rendered":"https:\/\/terrasse-mobile.net\/?page_id=5588"},"modified":"2025-10-08T14:35:43","modified_gmt":"2025-10-08T12:35:43","slug":"terraco-deslizante-com-10-anos-de-garantia","status":"publish","type":"page","link":"https:\/\/terrasse-mobile.net\/pt\/slidedeck\/installation-entretien\/terrasse-coulissante-garantie-10-ans\/","title":{"rendered":"O SEU TERRA\u00c7O M\u00d3VEL INSTALADO POR PROFISSIONAIS"},"content":{"rendered":"<p>O seu deck de piscina m\u00f3vel SlideDeck pode ser instalado pelos nossos profissionais. Aqui est\u00e1 um v\u00eddeo que explica a instala\u00e7\u00e3o DETALHADA do deck m\u00f3vel SlideDeck.<\/p>\n\n\n\n<div class=\"wp-block-group\"><div class=\"wp-block-group__inner-container is-layout-constrained wp-block-group-is-layout-constrained\">\n<div class=\"wp-block-columns is-layout-flex wp-container-core-columns-is-layout-9d6595d7 wp-block-columns-is-layout-flex\">\n<div class=\"wp-block-column is-layout-flow wp-block-column-is-layout-flow\">\n<figure class=\"wp-block-embed is-type-video is-provider-vimeo wp-block-embed-vimeo wp-embed-aspect-16-9 wp-has-aspect-ratio\"><div class=\"wp-block-embed__wrapper\">\n<iframe title=\"APRESENTA\u00c7\u00c3O EM V\u00cdDEO DO SLIDEDECK DE CONSTRU\u00c7\u00c3O\" src=\"https:\/\/player.vimeo.com\/video\/932896465?dnt=1&amp;app_id=122963\" width=\"720\" height=\"405\" frameborder=\"0\" allow=\"autoplay; fullscreen; picture-in-picture; clipboard-write\"><\/iframe>\n<\/div><\/figure>\n<\/div>\n\n\n\n<div class=\"wp-block-column is-layout-flow wp-block-column-is-layout-flow\">\n<h2 class=\"wp-block-heading\">Instala\u00e7\u00e3o do terra\u00e7o mmobile pelas equipas Piscine Nature<\/h2>\n\n\n\n<p>SlideDeck foi concebido e desenvolvido pelas equipas de Piscine Nature, com sede em Chatou, em Yvelines. Podemos instalar o seu terra\u00e7o m\u00f3vel em toda a regi\u00e3o da Ile-de-France (nos departamentos 77, 78, 91, 92, 93, 94, 95 e 75). Para instalar o terra\u00e7o m\u00f3vel SlideDeck, \u00e9 necess\u00e1rio criar primeiro a pista. Este pode ser um terra\u00e7o de madeira ou de azulejos \u00e0 volta da piscina.<\/p>\n\n\n\n<p>Se o terra\u00e7o m\u00f3vel for deslocado sobre uma zona de terreno natural, normalmente em dire\u00e7\u00e3o ao jardim, ser\u00e1 necess\u00e1rio criar pistas para permitir que a piscina se desloque sem problemas. Em geral, estas pistas s\u00e3o criadas sob a forma de uma \u00absoleira\u00bb. Trata-se de uma pequena parede de bet\u00e3o que pode ser revestida com um deck ou com azulejos. As calhas de rolamento s\u00e3o instaladas nesta soleira para garantir um movimento fi\u00e1vel. Estas soleiras podem ser instaladas pelo seu pedreiro.&nbsp;<\/p>\n<\/div>\n<\/div>\n<\/div><\/div>\n\n\n\n<p>Podemos, naturalmente, tratar de toda a instala\u00e7\u00e3o por si, ou seja<\/p>\n\n\n\n<ul class=\"wp-block-list\">\n<li>Instalar as longarinas (e esperar que sequem), cobrir as longarinas com pavimento ou t\u00e1buas de deck<\/li>\n\n\n\n<li>Entregar o terra\u00e7o m\u00f3vel e construir a estrutura<\/li>\n\n\n\n<li>Instalar o revestimento: t\u00e1buas de deck em madeira ex\u00f3tica, comp\u00f3sito ou outros materiais.<\/li>\n\n\n\n<li>Finalmente, podemos instalar a motoriza\u00e7\u00e3o.<\/li>\n<\/ul>\n\n\n\n<p>Os nossos peritos est\u00e3o \u00e0 disposi\u00e7\u00e3o para realizar os trabalhos com os mais elevados padr\u00f5es de qualidade e dentro dos prazos.<\/p>\n\n\n\n<div class=\"wp-block-group\"><div class=\"wp-block-group__inner-container is-layout-constrained wp-block-group-is-layout-constrained\">\n<div class=\"wp-block-columns is-layout-flex wp-container-core-columns-is-layout-9d6595d7 wp-block-columns-is-layout-flex\">\n<div class=\"wp-block-column is-layout-flow wp-block-column-is-layout-flow\">\n<h2 class=\"wp-block-heading\">Um terra\u00e7o m\u00f3vel para a piscina <br>fora da regi\u00e3o parisiense?<\/h2>\n\n\n\n<p>Se estiver fora da regi\u00e3o parisiense, ou se o seu terra\u00e7o m\u00f3vel tiver sido instalado por um construtor de piscinas, podemos entregar o nosso kit pronto a montar aos profissionais da sua escolha. Neste caso, a montagem pode ser efectuada pelo artes\u00e3o que trabalha para si. O nosso apoio t\u00e9cnico garante que a instala\u00e7\u00e3o seja efectuada nas melhores condi\u00e7\u00f5es poss\u00edveis.<\/p>\n\n\n\n<div class=\"wp-block-buttons is-content-justification-center is-layout-flex wp-container-core-buttons-is-layout-16018d1d wp-block-buttons-is-layout-flex\">\n<div class=\"wp-block-button has-custom-font-size is-style-fill has-small-font-size\"><a class=\"wp-block-button__link has-white-color has-text-color has-background has-link-color wp-element-button\" href=\"https:\/\/terrasse-mobile.net\/pt\/esplanada-movel-por-medida\/modelos\/\" style=\"background-color:#3579a4\">DESCUBRA A GAMA SLIDEDECK DE TERRA\u00c7OS M\u00d3VEIS<\/a><\/div>\n<\/div>\n<\/div>\n\n\n\n<div class=\"wp-block-column is-layout-flow wp-block-column-is-layout-flow\">\n<figure class=\"wp-block-image size-full\"><img decoding=\"async\" width=\"743\" height=\"492\" src=\"https:\/\/terrasse-mobile.net\/wp-content\/uploads\/2024\/04\/SLIDEDECK-BERTAGNE00004.jpg\" alt=\"TERRA\u00c7O M\u00d3VEL COM PISCINA\" class=\"wp-image-4991\" style=\"aspect-ratio:3\/2;object-fit:cover\" srcset=\"https:\/\/terrasse-mobile.net\/wp-content\/uploads\/2024\/04\/SLIDEDECK-BERTAGNE00004.jpg 743w, https:\/\/terrasse-mobile.net\/wp-content\/uploads\/2024\/04\/SLIDEDECK-BERTAGNE00004-300x199.jpg 300w\" sizes=\"(max-width: 743px) 100vw, 743px\" \/><\/figure>\n<\/div>\n<\/div>\n<\/div><\/div>","protected":false},"excerpt":{"rendered":"<p>Votre terrasse mobile pour piscine SlideDeck peut \u00eatre install\u00e9e par nos professionnels. Voici une vid\u00e9o expliquant l&rsquo;installation D\u00c9TAILL\u00c9E de la terrasse mobile SlideDeck. Installation de la terrasse mmobile par les \u00e9quipes Piscine Nature SlideDeck a \u00e9t\u00e9 con\u00e7u et d\u00e9velopp\u00e9 par les \u00e9quipes de Piscine Nature, install\u00e9 \u00e0 Chatou dans les Yvelines. Nous sommes en mesure&#8230;<\/p>","protected":false},"author":1,"featured_media":3640,"parent":5585,"menu_order":16,"comment_status":"closed","ping_status":"closed","template":"","meta":{"_kad_post_transparent":"","_kad_post_title":"","_kad_post_layout":"","_kad_post_sidebar_id":"","_kad_post_content_style":"","_kad_post_vertical_padding":"","_kad_post_feature":"","_kad_post_feature_position":"","_kad_post_header":false,"_kad_post_footer":false,"_kad_post_classname":"","footnotes":""},"folder":[],"class_list":["post-5588","page","type-page","status-publish","has-post-thumbnail","hentry"],"yoast_head":"<!-- This site is optimized with the Yoast SEO plugin v27.5 - https:\/\/yoast.com\/product\/yoast-seo-wordpress\/ -->\n<title>Installation de la terrasse mobile de piscine par des professionnels<\/title>\n<meta name=\"description\" content=\"L&#039;\u00e9quipe SlideDeck est constitu\u00e9e de professionnels de la piscine et de la terrasse mobile. Nous nous ferons un plaisir de vous l&#039;installer.\" \/>\n<meta name=\"robots\" content=\"index, follow, max-snippet:-1, max-image-preview:large, max-video-preview:-1\" \/>\n<link rel=\"canonical\" href=\"https:\/\/terrasse-mobile.net\/pt\/deck-deslizante\/manutencao-da-instalacao\/terraco-deslizante-com-10-anos-de-garantia\/\" \/>\n<meta property=\"og:locale\" content=\"pt_PT\" \/>\n<meta property=\"og:type\" content=\"article\" \/>\n<meta property=\"og:title\" content=\"Installation de la terrasse mobile de piscine par des professionnels\" \/>\n<meta property=\"og:description\" content=\"L&#039;\u00e9quipe SlideDeck est constitu\u00e9e de professionnels de la piscine et de la terrasse mobile. Nous nous ferons un plaisir de vous l&#039;installer.\" \/>\n<meta property=\"og:url\" content=\"https:\/\/terrasse-mobile.net\/pt\/deck-deslizante\/manutencao-da-instalacao\/terraco-deslizante-com-10-anos-de-garantia\/\" \/>\n<meta property=\"og:site_name\" content=\"Terrasse mobile\" \/>\n<meta property=\"article:modified_time\" content=\"2025-10-08T12:35:43+00:00\" \/>\n<meta property=\"og:image\" content=\"https:\/\/terrasse-mobile.net\/wp-content\/uploads\/2024\/02\/REAL-SABOURAULT-PISCINE-2.jpg\" \/>\n\t<meta property=\"og:image:width\" content=\"2000\" \/>\n\t<meta property=\"og:image:height\" content=\"1500\" \/>\n\t<meta property=\"og:image:type\" content=\"image\/jpeg\" \/>\n<meta name=\"twitter:card\" content=\"summary_large_image\" \/>\n<meta name=\"twitter:label1\" content=\"Tempo estimado de leitura\" \/>\n\t<meta name=\"twitter:data1\" content=\"3 minutos\" \/>\n<script type=\"application\/ld+json\" class=\"yoast-schema-graph\">{\"@context\":\"https:\\\/\\\/schema.org\",\"@graph\":[{\"@type\":\"WebPage\",\"@id\":\"https:\\\/\\\/terrasse-mobile.net\\\/slidedeck\\\/installation-entretien\\\/terrasse-coulissante-garantie-10-ans\\\/\",\"url\":\"https:\\\/\\\/terrasse-mobile.net\\\/slidedeck\\\/installation-entretien\\\/terrasse-coulissante-garantie-10-ans\\\/\",\"name\":\"Installation de la terrasse mobile de piscine par des professionnels\",\"isPartOf\":{\"@id\":\"https:\\\/\\\/terrasse-mobile.net\\\/#website\"},\"primaryImageOfPage\":{\"@id\":\"https:\\\/\\\/terrasse-mobile.net\\\/slidedeck\\\/installation-entretien\\\/terrasse-coulissante-garantie-10-ans\\\/#primaryimage\"},\"image\":{\"@id\":\"https:\\\/\\\/terrasse-mobile.net\\\/slidedeck\\\/installation-entretien\\\/terrasse-coulissante-garantie-10-ans\\\/#primaryimage\"},\"thumbnailUrl\":\"https:\\\/\\\/terrasse-mobile.net\\\/wp-content\\\/uploads\\\/2024\\\/02\\\/REAL-SABOURAULT-PISCINE-2.jpg\",\"datePublished\":\"2024-10-02T12:45:25+00:00\",\"dateModified\":\"2025-10-08T12:35:43+00:00\",\"description\":\"L'\u00e9quipe SlideDeck est constitu\u00e9e de professionnels de la piscine et de la terrasse mobile. Nous nous ferons un plaisir de vous l'installer.\",\"breadcrumb\":{\"@id\":\"https:\\\/\\\/terrasse-mobile.net\\\/slidedeck\\\/installation-entretien\\\/terrasse-coulissante-garantie-10-ans\\\/#breadcrumb\"},\"inLanguage\":\"pt-PT\",\"potentialAction\":[{\"@type\":\"ReadAction\",\"target\":[\"https:\\\/\\\/terrasse-mobile.net\\\/slidedeck\\\/installation-entretien\\\/terrasse-coulissante-garantie-10-ans\\\/\"]}]},{\"@type\":\"ImageObject\",\"inLanguage\":\"pt-PT\",\"@id\":\"https:\\\/\\\/terrasse-mobile.net\\\/slidedeck\\\/installation-entretien\\\/terrasse-coulissante-garantie-10-ans\\\/#primaryimage\",\"url\":\"https:\\\/\\\/terrasse-mobile.net\\\/wp-content\\\/uploads\\\/2024\\\/02\\\/REAL-SABOURAULT-PISCINE-2.jpg\",\"contentUrl\":\"https:\\\/\\\/terrasse-mobile.net\\\/wp-content\\\/uploads\\\/2024\\\/02\\\/REAL-SABOURAULT-PISCINE-2.jpg\",\"width\":2000,\"height\":1500,\"caption\":\"DCIM100MEDIADJI_0365.JPG\"},{\"@type\":\"BreadcrumbList\",\"@id\":\"https:\\\/\\\/terrasse-mobile.net\\\/slidedeck\\\/installation-entretien\\\/terrasse-coulissante-garantie-10-ans\\\/#breadcrumb\",\"itemListElement\":[{\"@type\":\"ListItem\",\"position\":1,\"name\":\"Accueil\",\"item\":\"https:\\\/\\\/terrasse-mobile.net\\\/\"},{\"@type\":\"ListItem\",\"position\":2,\"name\":\"SLIDEDECK\",\"item\":\"https:\\\/\\\/terrasse-mobile.net\\\/slidedeck\\\/\"},{\"@type\":\"ListItem\",\"position\":3,\"name\":\"INSTALLATION DE LA TERRASSE MOBILE SLIDEDECK\",\"item\":\"https:\\\/\\\/terrasse-mobile.net\\\/slidedeck\\\/installation-entretien\\\/\"},{\"@type\":\"ListItem\",\"position\":4,\"name\":\"VOTRE TERRASSE MOBILE INSTALL\u00c9E PAR DES PROFESSIONNELS\"}]},{\"@type\":\"WebSite\",\"@id\":\"https:\\\/\\\/terrasse-mobile.net\\\/#website\",\"url\":\"https:\\\/\\\/terrasse-mobile.net\\\/\",\"name\":\"Slidedeck\",\"description\":\"Construction sur mesure de terrasses mobiles en \u00cele-de-France\",\"publisher\":{\"@id\":\"https:\\\/\\\/terrasse-mobile.net\\\/#organization\"},\"potentialAction\":[{\"@type\":\"SearchAction\",\"target\":{\"@type\":\"EntryPoint\",\"urlTemplate\":\"https:\\\/\\\/terrasse-mobile.net\\\/?s={search_term_string}\"},\"query-input\":{\"@type\":\"PropertyValueSpecification\",\"valueRequired\":true,\"valueName\":\"search_term_string\"}}],\"inLanguage\":\"pt-PT\"},{\"@type\":\"Organization\",\"@id\":\"https:\\\/\\\/terrasse-mobile.net\\\/#organization\",\"name\":\"Slidedeck\",\"url\":\"https:\\\/\\\/terrasse-mobile.net\\\/\",\"logo\":{\"@type\":\"ImageObject\",\"inLanguage\":\"pt-PT\",\"@id\":\"https:\\\/\\\/terrasse-mobile.net\\\/#\\\/schema\\\/logo\\\/image\\\/\",\"url\":\"https:\\\/\\\/terrasse-mobile.net\\\/wp-content\\\/uploads\\\/2024\\\/01\\\/logo-slidedeck.jpg\",\"contentUrl\":\"https:\\\/\\\/terrasse-mobile.net\\\/wp-content\\\/uploads\\\/2024\\\/01\\\/logo-slidedeck.jpg\",\"width\":2000,\"height\":1103,\"caption\":\"Slidedeck\"},\"image\":{\"@id\":\"https:\\\/\\\/terrasse-mobile.net\\\/#\\\/schema\\\/logo\\\/image\\\/\"}}]}<\/script>\n<!-- \/ Yoast SEO plugin. -->","yoast_head_json":{"title":"Instala\u00e7\u00e3o profissional de decks m\u00f3veis para piscinas","description":"A equipa SlideDeck \u00e9 composta por profissionais de piscinas e de decks m\u00f3veis. Teremos todo o gosto em instal\u00e1-lo por si.","robots":{"index":"index","follow":"follow","max-snippet":"max-snippet:-1","max-image-preview":"max-image-preview:large","max-video-preview":"max-video-preview:-1"},"canonical":"https:\/\/terrasse-mobile.net\/pt\/deck-deslizante\/manutencao-da-instalacao\/terraco-deslizante-com-10-anos-de-garantia\/","og_locale":"pt_PT","og_type":"article","og_title":"Installation de la terrasse mobile de piscine par des professionnels","og_description":"L'\u00e9quipe SlideDeck est constitu\u00e9e de professionnels de la piscine et de la terrasse mobile. Nous nous ferons un plaisir de vous l'installer.","og_url":"https:\/\/terrasse-mobile.net\/pt\/deck-deslizante\/manutencao-da-instalacao\/terraco-deslizante-com-10-anos-de-garantia\/","og_site_name":"Terrasse mobile","article_modified_time":"2025-10-08T12:35:43+00:00","og_image":[{"width":2000,"height":1500,"url":"https:\/\/terrasse-mobile.net\/wp-content\/uploads\/2024\/02\/REAL-SABOURAULT-PISCINE-2.jpg","type":"image\/jpeg"}],"twitter_card":"summary_large_image","twitter_misc":{"Tempo estimado de leitura":"3 minutos"},"schema":{"@context":"https:\/\/schema.org","@graph":[{"@type":"WebPage","@id":"https:\/\/terrasse-mobile.net\/slidedeck\/installation-entretien\/terrasse-coulissante-garantie-10-ans\/","url":"https:\/\/terrasse-mobile.net\/slidedeck\/installation-entretien\/terrasse-coulissante-garantie-10-ans\/","name":"Instala\u00e7\u00e3o profissional de decks m\u00f3veis para piscinas","isPartOf":{"@id":"https:\/\/terrasse-mobile.net\/#website"},"primaryImageOfPage":{"@id":"https:\/\/terrasse-mobile.net\/slidedeck\/installation-entretien\/terrasse-coulissante-garantie-10-ans\/#primaryimage"},"image":{"@id":"https:\/\/terrasse-mobile.net\/slidedeck\/installation-entretien\/terrasse-coulissante-garantie-10-ans\/#primaryimage"},"thumbnailUrl":"https:\/\/terrasse-mobile.net\/wp-content\/uploads\/2024\/02\/REAL-SABOURAULT-PISCINE-2.jpg","datePublished":"2024-10-02T12:45:25+00:00","dateModified":"2025-10-08T12:35:43+00:00","description":"A equipa SlideDeck \u00e9 composta por profissionais de piscinas e de decks m\u00f3veis. Teremos todo o gosto em instal\u00e1-lo por si.","breadcrumb":{"@id":"https:\/\/terrasse-mobile.net\/slidedeck\/installation-entretien\/terrasse-coulissante-garantie-10-ans\/#breadcrumb"},"inLanguage":"pt-PT","potentialAction":[{"@type":"ReadAction","target":["https:\/\/terrasse-mobile.net\/slidedeck\/installation-entretien\/terrasse-coulissante-garantie-10-ans\/"]}]},{"@type":"ImageObject","inLanguage":"pt-PT","@id":"https:\/\/terrasse-mobile.net\/slidedeck\/installation-entretien\/terrasse-coulissante-garantie-10-ans\/#primaryimage","url":"https:\/\/terrasse-mobile.net\/wp-content\/uploads\/2024\/02\/REAL-SABOURAULT-PISCINE-2.jpg","contentUrl":"https:\/\/terrasse-mobile.net\/wp-content\/uploads\/2024\/02\/REAL-SABOURAULT-PISCINE-2.jpg","width":2000,"height":1500,"caption":"DCIM100MEDIADJI_0365.JPG"},{"@type":"BreadcrumbList","@id":"https:\/\/terrasse-mobile.net\/slidedeck\/installation-entretien\/terrasse-coulissante-garantie-10-ans\/#breadcrumb","itemListElement":[{"@type":"ListItem","position":1,"name":"Accueil","item":"https:\/\/terrasse-mobile.net\/"},{"@type":"ListItem","position":2,"name":"SLIDEDECK","item":"https:\/\/terrasse-mobile.net\/slidedeck\/"},{"@type":"ListItem","position":3,"name":"INSTALLATION DE LA TERRASSE MOBILE SLIDEDECK","item":"https:\/\/terrasse-mobile.net\/slidedeck\/installation-entretien\/"},{"@type":"ListItem","position":4,"name":"VOTRE TERRASSE MOBILE INSTALL\u00c9E PAR DES PROFESSIONNELS"}]},{"@type":"WebSite","@id":"https:\/\/terrasse-mobile.net\/#website","url":"https:\/\/terrasse-mobile.net\/","name":"Slidedeck","description":"Terra\u00e7os m\u00f3veis constru\u00eddos \u00e0 medida na regi\u00e3o parisiense","publisher":{"@id":"https:\/\/terrasse-mobile.net\/#organization"},"potentialAction":[{"@type":"SearchAction","target":{"@type":"EntryPoint","urlTemplate":"https:\/\/terrasse-mobile.net\/?s={search_term_string}"},"query-input":{"@type":"PropertyValueSpecification","valueRequired":true,"valueName":"search_term_string"}}],"inLanguage":"pt-PT"},{"@type":"Organization","@id":"https:\/\/terrasse-mobile.net\/#organization","name":"Slidedeck","url":"https:\/\/terrasse-mobile.net\/","logo":{"@type":"ImageObject","inLanguage":"pt-PT","@id":"https:\/\/terrasse-mobile.net\/#\/schema\/logo\/image\/","url":"https:\/\/terrasse-mobile.net\/wp-content\/uploads\/2024\/01\/logo-slidedeck.jpg","contentUrl":"https:\/\/terrasse-mobile.net\/wp-content\/uploads\/2024\/01\/logo-slidedeck.jpg","width":2000,"height":1103,"caption":"Slidedeck"},"image":{"@id":"https:\/\/terrasse-mobile.net\/#\/schema\/logo\/image\/"}}]}},"_links":{"self":[{"href":"https:\/\/terrasse-mobile.net\/pt\/wp-json\/wp\/v2\/pages\/5588","targetHints":{"allow":["GET"]}}],"collection":[{"href":"https:\/\/terrasse-mobile.net\/pt\/wp-json\/wp\/v2\/pages"}],"about":[{"href":"https:\/\/terrasse-mobile.net\/pt\/wp-json\/wp\/v2\/types\/page"}],"author":[{"embeddable":true,"href":"https:\/\/terrasse-mobile.net\/pt\/wp-json\/wp\/v2\/users\/1"}],"replies":[{"embeddable":true,"href":"https:\/\/terrasse-mobile.net\/pt\/wp-json\/wp\/v2\/comments?post=5588"}],"version-history":[{"count":10,"href":"https:\/\/terrasse-mobile.net\/pt\/wp-json\/wp\/v2\/pages\/5588\/revisions"}],"predecessor-version":[{"id":6792,"href":"https:\/\/terrasse-mobile.net\/pt\/wp-json\/wp\/v2\/pages\/5588\/revisions\/6792"}],"up":[{"embeddable":true,"href":"https:\/\/terrasse-mobile.net\/pt\/wp-json\/wp\/v2\/pages\/5585"}],"wp:featuredmedia":[{"embeddable":true,"href":"https:\/\/terrasse-mobile.net\/pt\/wp-json\/wp\/v2\/media\/3640"}],"wp:attachment":[{"href":"https:\/\/terrasse-mobile.net\/pt\/wp-json\/wp\/v2\/media?parent=5588"}],"wp:term":[{"taxonomy":"folder","embeddable":true,"href":"https:\/\/terrasse-mobile.net\/pt\/wp-json\/wp\/v2\/folder?post=5588"}],"curies":[{"name":"wp","href":"https:\/\/api.w.org\/{rel}","templated":true}]}}