{"id":5603,"date":"2024-10-02T14:45:09","date_gmt":"2024-10-02T12:45:09","guid":{"rendered":"https:\/\/terrasse-mobile.net\/?page_id=5603"},"modified":"2025-11-25T15:44:48","modified_gmt":"2025-11-25T14:44:48","slug":"manutencao-de-terracos-deslizantes","status":"publish","type":"page","link":"https:\/\/terrasse-mobile.net\/pt\/slidedeck\/installation-entretien\/entretien-terrasse-coulissante\/","title":{"rendered":"MANUTEN\u00c7\u00c3O DO SEU TERRA\u00c7O M\u00d3VEL SLIDEDECK"},"content":{"rendered":"<div class=\"wp-block-group\"><div class=\"wp-block-group__inner-container is-layout-constrained wp-block-group-is-layout-constrained\">\n<div class=\"wp-block-columns is-layout-flex wp-container-core-columns-is-layout-9d6595d7 wp-block-columns-is-layout-flex\">\n<div class=\"wp-block-column is-layout-flow wp-block-column-is-layout-flow\">\n<h2 class=\"wp-block-heading\">Materiais ideais para decks m\u00f3veis <br>a sua piscina<\/h2>\n\n\n\n<p>A estrutura do terra\u00e7o m\u00f3vel SlideDeck \u00e9 feita de materiais de alta qualidade, como o a\u00e7o inoxid\u00e1vel e o alum\u00ednio. S\u00e3o eternamente dur\u00e1veis, mecanicamente fortes e, naturalmente, perfeitamente resistentes \u00e0 corros\u00e3o. Do mesmo modo, os acess\u00f3rios (rod\u00edzios, motoriza\u00e7\u00e3o, fixa\u00e7\u00f5es) s\u00e3o igualmente fabricados em a\u00e7o inoxid\u00e1vel, para que todo o terra\u00e7o m\u00f3vel seja compat\u00edvel com as normas de alta qualidade. O seu terra\u00e7o m\u00f3vel para piscina manter-se-\u00e1 em perfeitas condi\u00e7\u00f5es durante, pelo menos, 40 anos, sem precisar de ser substitu\u00eddo ou reparado.<\/p>\n<\/div>\n\n\n\n<div class=\"wp-block-column is-layout-flow wp-block-column-is-layout-flow\">\n<figure class=\"wp-block-image size-full\"><img decoding=\"async\" width=\"743\" height=\"560\" src=\"https:\/\/terrasse-mobile.net\/wp-content\/uploads\/2024\/01\/SLIDEDECK-GAZON-SYNTHETIQUE00002-1.jpeg\" alt=\"RELVA SINT\u00c9TICA PARA TERRA\u00c7OS M\u00d3VEIS\" class=\"wp-image-1968\" style=\"aspect-ratio:3\/2;object-fit:cover\" srcset=\"https:\/\/terrasse-mobile.net\/wp-content\/uploads\/2024\/01\/SLIDEDECK-GAZON-SYNTHETIQUE00002-1.jpeg 743w, https:\/\/terrasse-mobile.net\/wp-content\/uploads\/2024\/01\/SLIDEDECK-GAZON-SYNTHETIQUE00002-1-300x226.jpeg 300w\" sizes=\"(max-width: 743px) 100vw, 743px\" \/><\/figure>\n<\/div>\n<\/div>\n<\/div><\/div>\n\n\n\n<h2 class=\"wp-block-heading has-text-align-center\">Revestimentos de f\u00e1cil manuten\u00e7\u00e3o para terra\u00e7os m\u00f3veis<\/h2>\n\n\n\n<p class=\"has-text-align-center\">Oferecemos uma gama de revestimentos para o seu terra\u00e7o m\u00f3vel SlideDeck: deck de madeira ex\u00f3tica, deck de madeira comp\u00f3sita, deck de alum\u00ednio, relva sint\u00e9tica, folha de pedra, etc. Todos estes revestimentos s\u00e3o perfeitamente resistentes \u00e0 chuva, \u00e0 neve, \u00e0 geada, aos raios UV e, evidentemente, \u00e0 \u00e1gua clorada. Gra\u00e7as \u00e0s qualidades t\u00e9cnicas dos nossos revestimentos, podemos garantir que o seu terra\u00e7o m\u00f3vel conservar\u00e1 o seu aspeto durante muitos e muitos anos, sem necessidade de qualquer manuten\u00e7\u00e3o especial para al\u00e9m de uma ligeira varredura com uma escova duas vezes por ano e de um ligeiro jato de \u00e1gua com uma m\u00e1quina de limpeza a alta press\u00e3o. O deck m\u00f3vel SlideDeck \u00e9 altamente absorvente, o que torna a limpeza r\u00e1pida e f\u00e1cil. Uma simples varredura ou um enxaguamento com \u00e1gua e sab\u00e3o \u00e9 normalmente tudo o que \u00e9 necess\u00e1rio para remover a sujidade, o p\u00f3 e os detritos.&nbsp;<\/p>\n\n\n\n<p><br><\/p>\n\n\n\n<div class=\"wp-block-group\"><div class=\"wp-block-group__inner-container is-layout-constrained wp-block-group-is-layout-constrained\">\n<div class=\"wp-block-columns is-layout-flex wp-container-core-columns-is-layout-9d6595d7 wp-block-columns-is-layout-flex\">\n<div class=\"wp-block-column is-layout-flow wp-block-column-is-layout-flow\">\n<figure class=\"wp-block-image size-full\"><img decoding=\"async\" width=\"700\" height=\"465\" src=\"https:\/\/terrasse-mobile.net\/wp-content\/uploads\/2024\/02\/REAL-DUTHION-PISCINE2-copie-1.jpg\" alt=\"Terra\u00e7o m\u00f3vel SlideDeck\" class=\"wp-image-3580\" style=\"aspect-ratio:3\/2;object-fit:cover\" srcset=\"https:\/\/terrasse-mobile.net\/wp-content\/uploads\/2024\/02\/REAL-DUTHION-PISCINE2-copie-1.jpg 700w, https:\/\/terrasse-mobile.net\/wp-content\/uploads\/2024\/02\/REAL-DUTHION-PISCINE2-copie-1-300x199.jpg 300w\" sizes=\"(max-width: 700px) 100vw, 700px\" \/><\/figure>\n<\/div>\n\n\n\n<div class=\"wp-block-column is-layout-flow wp-block-column-is-layout-flow\">\n<h2 class=\"wp-block-heading\">Um terra\u00e7o m\u00f3vel que durar\u00e1 40 anos<\/h2>\n\n\n\n<p>O deck de piscina m\u00f3vel SlideDeck \u00e9 extremamente resistente, tanto do ponto de vista mec\u00e2nico como em termos de dura\u00e7\u00e3o de vida. Ao escolher o SlideDeck, ter\u00e1 a tranquilidade de um investimento fi\u00e1vel e duradouro para os pr\u00f3ximos 40 anos.<\/p>\n\n\n\n<div class=\"wp-block-buttons is-content-justification-center is-layout-flex wp-container-core-buttons-is-layout-16018d1d wp-block-buttons-is-layout-flex\">\n<div class=\"wp-block-button is-style-fill\"><a class=\"wp-block-button__link has-white-color has-text-color has-background has-link-color has-small-font-size has-custom-font-size wp-element-button\" href=\"https:\/\/terrasse-mobile.net\/pt\/esplanada-movel-por-medida\/opcoes\/\" style=\"background-color:#3579a4\">DESCUBRA AS OP\u00c7\u00d5ES PARA A ESPLANADA M\u00d3VEL SLIDEDECK<\/a><\/div>\n<\/div>\n<\/div>\n<\/div>\n\n\n\n<h2 class=\"wp-block-heading\"><\/h2>\n<\/div><\/div>","protected":false},"excerpt":{"rendered":"<p>Des mat\u00e9riaux id\u00e9als pour la terrasse mobile de votre piscine La structure de la terrasse mobile SlideDeck est con\u00e7ue \u00e0 partir de mat\u00e9riaux de haute qualit\u00e9, tels que l&rsquo;acier inoxydable et l\u2019aluminium. Ils sont \u00e9ternellement durables, r\u00e9sistants m\u00e9caniquement et bien entendu parfaitement r\u00e9sistants \u00e0 la corrosion . De m\u00eame, les accessoires (roulettes, motorisation, pi\u00e8ces de&#8230;<\/p>","protected":false},"author":1,"featured_media":3640,"parent":5585,"menu_order":19,"comment_status":"closed","ping_status":"closed","template":"","meta":{"_kad_post_transparent":"","_kad_post_title":"","_kad_post_layout":"","_kad_post_sidebar_id":"","_kad_post_content_style":"","_kad_post_vertical_padding":"","_kad_post_feature":"","_kad_post_feature_position":"","_kad_post_header":false,"_kad_post_footer":false,"_kad_post_classname":"","footnotes":""},"folder":[],"class_list":["post-5603","page","type-page","status-publish","has-post-thumbnail","hentry"],"yoast_head":"<!-- This site is optimized with the Yoast SEO plugin v27.3 - https:\/\/yoast.com\/product\/yoast-seo-wordpress\/ -->\n<title>L&#039;entretien d&#039;une terrasse coulissante de piscine<\/title>\n<meta name=\"description\" content=\"L&#039;entretien de la terrasse mobile de votre piscine n&#039;est pas compliqu\u00e9. Tout d\u00e9pend du rev\u00eatement que vous avez choisi !\" \/>\n<meta name=\"robots\" content=\"index, follow, max-snippet:-1, max-image-preview:large, max-video-preview:-1\" \/>\n<link rel=\"canonical\" href=\"https:\/\/terrasse-mobile.net\/pt\/deck-deslizante\/manutencao-da-instalacao\/manutencao-de-terracos-deslizantes\/\" \/>\n<meta property=\"og:locale\" content=\"pt_PT\" \/>\n<meta property=\"og:type\" content=\"article\" \/>\n<meta property=\"og:title\" content=\"L&#039;entretien d&#039;une terrasse coulissante de piscine\" \/>\n<meta property=\"og:description\" content=\"L&#039;entretien de la terrasse mobile de votre piscine n&#039;est pas compliqu\u00e9. Tout d\u00e9pend du rev\u00eatement que vous avez choisi !\" \/>\n<meta property=\"og:url\" content=\"https:\/\/terrasse-mobile.net\/pt\/deck-deslizante\/manutencao-da-instalacao\/manutencao-de-terracos-deslizantes\/\" \/>\n<meta property=\"og:site_name\" content=\"Terrasse mobile\" \/>\n<meta property=\"article:modified_time\" content=\"2025-11-25T14:44:48+00:00\" \/>\n<meta property=\"og:image\" content=\"https:\/\/terrasse-mobile.net\/wp-content\/uploads\/2024\/02\/REAL-SABOURAULT-PISCINE-2.jpg\" \/>\n\t<meta property=\"og:image:width\" content=\"2000\" \/>\n\t<meta property=\"og:image:height\" content=\"1500\" \/>\n\t<meta property=\"og:image:type\" content=\"image\/jpeg\" \/>\n<meta name=\"twitter:card\" content=\"summary_large_image\" \/>\n<meta name=\"twitter:label1\" content=\"Tempo estimado de leitura\" \/>\n\t<meta name=\"twitter:data1\" content=\"3 minutos\" \/>\n<script type=\"application\/ld+json\" class=\"yoast-schema-graph\">{\"@context\":\"https:\\\/\\\/schema.org\",\"@graph\":[{\"@type\":\"WebPage\",\"@id\":\"https:\\\/\\\/terrasse-mobile.net\\\/slidedeck\\\/installation-entretien\\\/entretien-terrasse-coulissante\\\/\",\"url\":\"https:\\\/\\\/terrasse-mobile.net\\\/slidedeck\\\/installation-entretien\\\/entretien-terrasse-coulissante\\\/\",\"name\":\"L'entretien d'une terrasse coulissante de piscine\",\"isPartOf\":{\"@id\":\"https:\\\/\\\/terrasse-mobile.net\\\/#website\"},\"primaryImageOfPage\":{\"@id\":\"https:\\\/\\\/terrasse-mobile.net\\\/slidedeck\\\/installation-entretien\\\/entretien-terrasse-coulissante\\\/#primaryimage\"},\"image\":{\"@id\":\"https:\\\/\\\/terrasse-mobile.net\\\/slidedeck\\\/installation-entretien\\\/entretien-terrasse-coulissante\\\/#primaryimage\"},\"thumbnailUrl\":\"https:\\\/\\\/terrasse-mobile.net\\\/wp-content\\\/uploads\\\/2024\\\/02\\\/REAL-SABOURAULT-PISCINE-2.jpg\",\"datePublished\":\"2024-10-02T12:45:09+00:00\",\"dateModified\":\"2025-11-25T14:44:48+00:00\",\"description\":\"L'entretien de la terrasse mobile de votre piscine n'est pas compliqu\u00e9. Tout d\u00e9pend du rev\u00eatement que vous avez choisi !\",\"breadcrumb\":{\"@id\":\"https:\\\/\\\/terrasse-mobile.net\\\/slidedeck\\\/installation-entretien\\\/entretien-terrasse-coulissante\\\/#breadcrumb\"},\"inLanguage\":\"pt-PT\",\"potentialAction\":[{\"@type\":\"ReadAction\",\"target\":[\"https:\\\/\\\/terrasse-mobile.net\\\/slidedeck\\\/installation-entretien\\\/entretien-terrasse-coulissante\\\/\"]}]},{\"@type\":\"ImageObject\",\"inLanguage\":\"pt-PT\",\"@id\":\"https:\\\/\\\/terrasse-mobile.net\\\/slidedeck\\\/installation-entretien\\\/entretien-terrasse-coulissante\\\/#primaryimage\",\"url\":\"https:\\\/\\\/terrasse-mobile.net\\\/wp-content\\\/uploads\\\/2024\\\/02\\\/REAL-SABOURAULT-PISCINE-2.jpg\",\"contentUrl\":\"https:\\\/\\\/terrasse-mobile.net\\\/wp-content\\\/uploads\\\/2024\\\/02\\\/REAL-SABOURAULT-PISCINE-2.jpg\",\"width\":2000,\"height\":1500,\"caption\":\"DCIM100MEDIADJI_0365.JPG\"},{\"@type\":\"BreadcrumbList\",\"@id\":\"https:\\\/\\\/terrasse-mobile.net\\\/slidedeck\\\/installation-entretien\\\/entretien-terrasse-coulissante\\\/#breadcrumb\",\"itemListElement\":[{\"@type\":\"ListItem\",\"position\":1,\"name\":\"Accueil\",\"item\":\"https:\\\/\\\/terrasse-mobile.net\\\/\"},{\"@type\":\"ListItem\",\"position\":2,\"name\":\"SLIDEDECK\",\"item\":\"https:\\\/\\\/terrasse-mobile.net\\\/slidedeck\\\/\"},{\"@type\":\"ListItem\",\"position\":3,\"name\":\"INSTALLATION DE LA TERRASSE MOBILE SLIDEDECK\",\"item\":\"https:\\\/\\\/terrasse-mobile.net\\\/slidedeck\\\/installation-entretien\\\/\"},{\"@type\":\"ListItem\",\"position\":4,\"name\":\"L&rsquo;ENTRETIEN DE VOTRE TERRASSE MOBILE SLIDEDECK\"}]},{\"@type\":\"WebSite\",\"@id\":\"https:\\\/\\\/terrasse-mobile.net\\\/#website\",\"url\":\"https:\\\/\\\/terrasse-mobile.net\\\/\",\"name\":\"Slidedeck\",\"description\":\"Construction sur mesure de terrasses mobiles en \u00cele-de-France\",\"publisher\":{\"@id\":\"https:\\\/\\\/terrasse-mobile.net\\\/#organization\"},\"potentialAction\":[{\"@type\":\"SearchAction\",\"target\":{\"@type\":\"EntryPoint\",\"urlTemplate\":\"https:\\\/\\\/terrasse-mobile.net\\\/?s={search_term_string}\"},\"query-input\":{\"@type\":\"PropertyValueSpecification\",\"valueRequired\":true,\"valueName\":\"search_term_string\"}}],\"inLanguage\":\"pt-PT\"},{\"@type\":\"Organization\",\"@id\":\"https:\\\/\\\/terrasse-mobile.net\\\/#organization\",\"name\":\"Slidedeck\",\"url\":\"https:\\\/\\\/terrasse-mobile.net\\\/\",\"logo\":{\"@type\":\"ImageObject\",\"inLanguage\":\"pt-PT\",\"@id\":\"https:\\\/\\\/terrasse-mobile.net\\\/#\\\/schema\\\/logo\\\/image\\\/\",\"url\":\"https:\\\/\\\/terrasse-mobile.net\\\/wp-content\\\/uploads\\\/2024\\\/01\\\/logo-slidedeck.jpg\",\"contentUrl\":\"https:\\\/\\\/terrasse-mobile.net\\\/wp-content\\\/uploads\\\/2024\\\/01\\\/logo-slidedeck.jpg\",\"width\":2000,\"height\":1103,\"caption\":\"Slidedeck\"},\"image\":{\"@id\":\"https:\\\/\\\/terrasse-mobile.net\\\/#\\\/schema\\\/logo\\\/image\\\/\"}}]}<\/script>\n<!-- \/ Yoast SEO plugin. -->","yoast_head_json":{"title":"Manuten\u00e7\u00e3o de um deck de piscina deslizante","description":"A manuten\u00e7\u00e3o do seu deck de piscina m\u00f3vel n\u00e3o \u00e9 complicada. Tudo depende da superf\u00edcie que escolher!","robots":{"index":"index","follow":"follow","max-snippet":"max-snippet:-1","max-image-preview":"max-image-preview:large","max-video-preview":"max-video-preview:-1"},"canonical":"https:\/\/terrasse-mobile.net\/pt\/deck-deslizante\/manutencao-da-instalacao\/manutencao-de-terracos-deslizantes\/","og_locale":"pt_PT","og_type":"article","og_title":"L'entretien d'une terrasse coulissante de piscine","og_description":"L'entretien de la terrasse mobile de votre piscine n'est pas compliqu\u00e9. Tout d\u00e9pend du rev\u00eatement que vous avez choisi !","og_url":"https:\/\/terrasse-mobile.net\/pt\/deck-deslizante\/manutencao-da-instalacao\/manutencao-de-terracos-deslizantes\/","og_site_name":"Terrasse mobile","article_modified_time":"2025-11-25T14:44:48+00:00","og_image":[{"width":2000,"height":1500,"url":"https:\/\/terrasse-mobile.net\/wp-content\/uploads\/2024\/02\/REAL-SABOURAULT-PISCINE-2.jpg","type":"image\/jpeg"}],"twitter_card":"summary_large_image","twitter_misc":{"Tempo estimado de leitura":"3 minutos"},"schema":{"@context":"https:\/\/schema.org","@graph":[{"@type":"WebPage","@id":"https:\/\/terrasse-mobile.net\/slidedeck\/installation-entretien\/entretien-terrasse-coulissante\/","url":"https:\/\/terrasse-mobile.net\/slidedeck\/installation-entretien\/entretien-terrasse-coulissante\/","name":"Manuten\u00e7\u00e3o de um deck de piscina deslizante","isPartOf":{"@id":"https:\/\/terrasse-mobile.net\/#website"},"primaryImageOfPage":{"@id":"https:\/\/terrasse-mobile.net\/slidedeck\/installation-entretien\/entretien-terrasse-coulissante\/#primaryimage"},"image":{"@id":"https:\/\/terrasse-mobile.net\/slidedeck\/installation-entretien\/entretien-terrasse-coulissante\/#primaryimage"},"thumbnailUrl":"https:\/\/terrasse-mobile.net\/wp-content\/uploads\/2024\/02\/REAL-SABOURAULT-PISCINE-2.jpg","datePublished":"2024-10-02T12:45:09+00:00","dateModified":"2025-11-25T14:44:48+00:00","description":"A manuten\u00e7\u00e3o do seu deck de piscina m\u00f3vel n\u00e3o \u00e9 complicada. Tudo depende da superf\u00edcie que escolher!","breadcrumb":{"@id":"https:\/\/terrasse-mobile.net\/slidedeck\/installation-entretien\/entretien-terrasse-coulissante\/#breadcrumb"},"inLanguage":"pt-PT","potentialAction":[{"@type":"ReadAction","target":["https:\/\/terrasse-mobile.net\/slidedeck\/installation-entretien\/entretien-terrasse-coulissante\/"]}]},{"@type":"ImageObject","inLanguage":"pt-PT","@id":"https:\/\/terrasse-mobile.net\/slidedeck\/installation-entretien\/entretien-terrasse-coulissante\/#primaryimage","url":"https:\/\/terrasse-mobile.net\/wp-content\/uploads\/2024\/02\/REAL-SABOURAULT-PISCINE-2.jpg","contentUrl":"https:\/\/terrasse-mobile.net\/wp-content\/uploads\/2024\/02\/REAL-SABOURAULT-PISCINE-2.jpg","width":2000,"height":1500,"caption":"DCIM100MEDIADJI_0365.JPG"},{"@type":"BreadcrumbList","@id":"https:\/\/terrasse-mobile.net\/slidedeck\/installation-entretien\/entretien-terrasse-coulissante\/#breadcrumb","itemListElement":[{"@type":"ListItem","position":1,"name":"Accueil","item":"https:\/\/terrasse-mobile.net\/"},{"@type":"ListItem","position":2,"name":"SLIDEDECK","item":"https:\/\/terrasse-mobile.net\/slidedeck\/"},{"@type":"ListItem","position":3,"name":"INSTALLATION DE LA TERRASSE MOBILE SLIDEDECK","item":"https:\/\/terrasse-mobile.net\/slidedeck\/installation-entretien\/"},{"@type":"ListItem","position":4,"name":"L&rsquo;ENTRETIEN DE VOTRE TERRASSE MOBILE SLIDEDECK"}]},{"@type":"WebSite","@id":"https:\/\/terrasse-mobile.net\/#website","url":"https:\/\/terrasse-mobile.net\/","name":"Slidedeck","description":"Terra\u00e7os m\u00f3veis constru\u00eddos \u00e0 medida na regi\u00e3o parisiense","publisher":{"@id":"https:\/\/terrasse-mobile.net\/#organization"},"potentialAction":[{"@type":"SearchAction","target":{"@type":"EntryPoint","urlTemplate":"https:\/\/terrasse-mobile.net\/?s={search_term_string}"},"query-input":{"@type":"PropertyValueSpecification","valueRequired":true,"valueName":"search_term_string"}}],"inLanguage":"pt-PT"},{"@type":"Organization","@id":"https:\/\/terrasse-mobile.net\/#organization","name":"Slidedeck","url":"https:\/\/terrasse-mobile.net\/","logo":{"@type":"ImageObject","inLanguage":"pt-PT","@id":"https:\/\/terrasse-mobile.net\/#\/schema\/logo\/image\/","url":"https:\/\/terrasse-mobile.net\/wp-content\/uploads\/2024\/01\/logo-slidedeck.jpg","contentUrl":"https:\/\/terrasse-mobile.net\/wp-content\/uploads\/2024\/01\/logo-slidedeck.jpg","width":2000,"height":1103,"caption":"Slidedeck"},"image":{"@id":"https:\/\/terrasse-mobile.net\/#\/schema\/logo\/image\/"}}]}},"_links":{"self":[{"href":"https:\/\/terrasse-mobile.net\/pt\/wp-json\/wp\/v2\/pages\/5603","targetHints":{"allow":["GET"]}}],"collection":[{"href":"https:\/\/terrasse-mobile.net\/pt\/wp-json\/wp\/v2\/pages"}],"about":[{"href":"https:\/\/terrasse-mobile.net\/pt\/wp-json\/wp\/v2\/types\/page"}],"author":[{"embeddable":true,"href":"https:\/\/terrasse-mobile.net\/pt\/wp-json\/wp\/v2\/users\/1"}],"replies":[{"embeddable":true,"href":"https:\/\/terrasse-mobile.net\/pt\/wp-json\/wp\/v2\/comments?post=5603"}],"version-history":[{"count":7,"href":"https:\/\/terrasse-mobile.net\/pt\/wp-json\/wp\/v2\/pages\/5603\/revisions"}],"predecessor-version":[{"id":7277,"href":"https:\/\/terrasse-mobile.net\/pt\/wp-json\/wp\/v2\/pages\/5603\/revisions\/7277"}],"up":[{"embeddable":true,"href":"https:\/\/terrasse-mobile.net\/pt\/wp-json\/wp\/v2\/pages\/5585"}],"wp:featuredmedia":[{"embeddable":true,"href":"https:\/\/terrasse-mobile.net\/pt\/wp-json\/wp\/v2\/media\/3640"}],"wp:attachment":[{"href":"https:\/\/terrasse-mobile.net\/pt\/wp-json\/wp\/v2\/media?parent=5603"}],"wp:term":[{"taxonomy":"folder","embeddable":true,"href":"https:\/\/terrasse-mobile.net\/pt\/wp-json\/wp\/v2\/folder?post=5603"}],"curies":[{"name":"wp","href":"https:\/\/api.w.org\/{rel}","templated":true}]}}