{"id":5620,"date":"2024-10-02T14:44:31","date_gmt":"2024-10-02T12:44:45","guid":{"rendered":"https:\/\/terrasse-mobile.net\/?page_id=5620"},"modified":"2025-11-25T16:35:55","modified_gmt":"2025-11-25T15:35:55","slug":"coberturas-deslizantes-para-piscinas","status":"publish","type":"page","link":"https:\/\/terrasse-mobile.net\/pt\/protections-piscine\/abris-coulissants-pour-piscine\/","title":{"rendered":"CERCAS PARA PISCINAS"},"content":{"rendered":"<div class=\"wp-block-group\"><div class=\"wp-block-group__inner-container is-layout-constrained wp-block-group-is-layout-constrained\">\n<div class=\"wp-block-columns is-layout-flex wp-container-core-columns-is-layout-9d6595d7 wp-block-columns-is-layout-flex\">\n<div class=\"wp-block-column is-layout-flow wp-block-column-is-layout-flow\">\n<h2 class=\"wp-block-heading\">O recinto ideal para a piscina<\/h2>\n\n\n\n<p>Um recinto de piscina \u00e9 um elemento de <strong style=\"font-size: 16px;\">seguran\u00e7a<\/strong> e <strong style=\"font-size: 16px;\">conforto<\/strong> para piscinas enterradas ou parcialmente enterradas. Existem v\u00e1rios tipos de cercas para piscinas: rectas, arredondadas, estrutura de madeira, pain\u00e9is de plexiglas, m\u00f3dulos deslizantes... Fa\u00e7a a sua escolha em fun\u00e7\u00e3o das suas necessidades e desejos.&nbsp;<\/p>\n\n\n\n<p>Uma cobertura de piscina prolonga a \u00e9poca da piscina (mais ou menos em fun\u00e7\u00e3o da altura da cobertura) <strong>aumenta a temperatura da \u00e1gua e do ar<\/strong>, de forma simples e gratuita.<\/p>\n\n\n\n<p>Uma cobertura para piscina \u00e9 ideal para quem quer desfrutar da sua piscina independentemente das condi\u00e7\u00f5es climat\u00e9ricas. Quer seja baixa, m\u00e9dia ou alta, uma cobertura de piscina protege o acesso \u00e0 piscina e constitui uma barreira contra o sol. <strong>Prote\u00e7\u00e3o UV<\/strong>. A nossa gama de modelos oferece-lhe uma grande variedade de op\u00e7\u00f5es para encontrar o modelo certo para si.&nbsp;<\/p>\n<\/div>\n\n\n\n<div class=\"wp-block-column is-layout-flow wp-block-column-is-layout-flow\">\n<figure class=\"wp-block-image size-full\"><img decoding=\"async\" width=\"600\" height=\"397\" src=\"https:\/\/terrasse-mobile.net\/wp-content\/uploads\/2024\/02\/Abris-piscine-Nature-07-copie.png\" alt=\"Fotografia da cobertura da piscina\" class=\"wp-image-3626\" style=\"aspect-ratio:3\/2;object-fit:cover\" srcset=\"https:\/\/terrasse-mobile.net\/wp-content\/uploads\/2024\/02\/Abris-piscine-Nature-07-copie.png 600w, https:\/\/terrasse-mobile.net\/wp-content\/uploads\/2024\/02\/Abris-piscine-Nature-07-copie-300x199.png 300w\" sizes=\"(max-width: 600px) 100vw, 600px\" \/><\/figure>\n<\/div>\n<\/div>\n<\/div><\/div>\n\n\n\n<p class=\"has-text-align-center\">Opt\u00e1mos por trabalhar com um l\u00edder de mercado, <strong>Aquacomet<\/strong>. As suas cercas para piscinas s\u00e3o fabricadas por pessoal altamente qualificado e experiente, com mais de 20 anos de experi\u00eancia, utilizando tecnologias avan\u00e7adas. A Aquacomet orgulha-se de manter a tradi\u00e7\u00e3o artesanal. A nossa gama de cerramentos para piscinas permite-lhe encontrar facilmente o cerramento para piscinas ideal para si. <strong>a estrutura correta para a sua casa e jardim<\/strong>, em termos de cor e design.<\/p>\n\n\n\n<div class=\"wp-block-group\"><div class=\"wp-block-group__inner-container is-layout-constrained wp-block-group-is-layout-constrained\">\n<div class=\"wp-block-columns is-layout-flex wp-container-core-columns-is-layout-9d6595d7 wp-block-columns-is-layout-flex\">\n<div class=\"wp-block-column is-layout-flow wp-block-column-is-layout-flow\">\n<figure class=\"wp-block-image size-full\"><img decoding=\"async\" width=\"765\" height=\"574\" src=\"https:\/\/terrasse-mobile.net\/wp-content\/uploads\/2024\/02\/Abris-piscine-Nature-027.jpg\" alt=\"cercas especiais para piscinas\" class=\"wp-image-2361\" style=\"aspect-ratio:3\/2;object-fit:cover\" srcset=\"https:\/\/terrasse-mobile.net\/wp-content\/uploads\/2024\/02\/Abris-piscine-Nature-027.jpg 765w, https:\/\/terrasse-mobile.net\/wp-content\/uploads\/2024\/02\/Abris-piscine-Nature-027-300x225.jpg 300w\" sizes=\"(max-width: 765px) 100vw, 765px\" \/><\/figure>\n<\/div>\n\n\n\n<div class=\"wp-block-column is-layout-flow wp-block-column-is-layout-flow\">\n<h2 class=\"wp-block-heading\">Um recinto de piscina preserva a qualidade da \u00e1gua<\/h2>\n\n\n\n<p>Cobrir a sua piscina evita que as folhas mortas, o p\u00f3 e os insectos se depositem na \u00e1gua e interfiram com a nata\u00e7\u00e3o. Uma cobertura de piscina \u00e9 um <strong style=\"font-size: 16px;\">um verdadeiro escudo<\/strong> que lhe permite ter um <strong style=\"font-size: 16px;\">\u00e1gua limpa<\/strong> e <strong style=\"font-size: 16px;\">pr\u00f3prio<\/strong> em qualquer altura do ano. \u00c9 uma verdadeira vantagem que lhe permite dedicar <strong style=\"font-size: 16px;\">menos tempo e esfor\u00e7o gastos na manuten\u00e7\u00e3o<\/strong> da sua piscina, mantendo a \u00e1gua l\u00edmpida e azul, independentemente das condi\u00e7\u00f5es climat\u00e9ricas.<\/p>\n\n\n\n<h2 class=\"wp-block-heading\">Uma cobertura de piscina mant\u00e9m a piscina quente<\/h2>\n\n\n\n<p>&nbsp;Uma cobertura de piscina tem a vantagem de manter a \u00e1gua da sua piscina \u00e0 temperatura correta, o que \u00e9 mais dif\u00edcil com uma piscina aberta no solo. Isolamento t\u00e9rmico <strong>evitar<\/strong> <strong>em<\/strong> <strong>efeito<\/strong> <strong>a<\/strong> <strong>perdas de calor<\/strong>, Isto deve-se ao facto de o ar por cima da piscina ficar confinado a um pequeno espa\u00e7o. Esta cobertura pode tamb\u00e9m ajudar a poupar alguns graus gra\u00e7as a um efeito de estufa. A cobertura para piscina oferece um conforto apreci\u00e1vel, permitindo poupar dinheiro. <strong>poupan\u00e7a de energia<\/strong> quando o outono chegar.<\/p>\n<\/div>\n<\/div>\n\n\n\n<div class=\"wp-block-group\"><div class=\"wp-block-group__inner-container is-layout-constrained wp-block-group-is-layout-constrained\">\n<div class=\"wp-block-columns is-layout-flex wp-container-core-columns-is-layout-9d6595d7 wp-block-columns-is-layout-flex\">\n<div class=\"wp-block-column is-layout-flow wp-block-column-is-layout-flow\">\n<h2 class=\"wp-block-heading\">Um recinto de piscina significa menos evapora\u00e7\u00e3o<\/h2>\n\n\n\n<p>Uma piscina ao ar livre perde uma percentagem significativa do seu volume de \u00e1gua todos os anos, devido \u00e0 evapora\u00e7\u00e3o do sol e do vento. Visitar <strong style=\"color: var( --e-global-color-b28222d ); font-family: var( --e-global-typography-690289a-font-family ), Sans-serif; font-size: var( --e-global-typography-690289a-font-size ); letter-spacing: var( --e-global-typography-690289a-letter-spacing ); word-spacing: var( --e-global-typography-690289a-word-spacing );\">proteger a sua piscina das correntes de ar<\/strong> e raios gra\u00e7as a um <strong style=\"color: var( --e-global-color-b28222d ); font-family: var( --e-global-typography-690289a-font-family ), Sans-serif; font-size: var( --e-global-typography-690289a-font-size ); letter-spacing: var( --e-global-typography-690289a-letter-spacing ); word-spacing: var( --e-global-typography-690289a-word-spacing );\">Filtro UV<\/strong>, Isto significa que pode limitar a perda de \u00e1gua e a evapora\u00e7\u00e3o, o que se traduz em poupan\u00e7as reais na sua fatura de \u00e1gua a longo prazo.<\/p>\n\n\n\n<p><\/p>\n\n\n\n<div class=\"wp-block-buttons is-content-justification-center is-layout-flex wp-container-core-buttons-is-layout-16018d1d wp-block-buttons-is-layout-flex\">\n<div class=\"wp-block-button is-style-fill\"><a class=\"wp-block-button__link has-white-color has-text-color has-background has-link-color has-small-font-size has-custom-font-size wp-element-button\" href=\"https:\/\/piscines.oxatis.com\/abris-piscine-de-qualit%C3%A9.htm\" style=\"background-color:#3579a4\">SABER MAIS SOBRE AS CERCAS PARA PISCINAS<\/a><\/div>\n<\/div>\n<\/div>\n\n\n\n<div class=\"wp-block-column is-layout-flow wp-block-column-is-layout-flow\">\n<figure class=\"wp-block-image size-full\"><img decoding=\"async\" width=\"1000\" height=\"667\" src=\"https:\/\/terrasse-mobile.net\/wp-content\/uploads\/2024\/02\/Abris-piscine-Nature-043-1.jpg\" alt=\"Vista nocturna de uma piscina com uma divis\u00f3ria de correr aberta\" class=\"wp-image-3720\" style=\"aspect-ratio:3\/2;object-fit:cover\" srcset=\"https:\/\/terrasse-mobile.net\/wp-content\/uploads\/2024\/02\/Abris-piscine-Nature-043-1.jpg 1000w, https:\/\/terrasse-mobile.net\/wp-content\/uploads\/2024\/02\/Abris-piscine-Nature-043-1-300x200.jpg 300w, https:\/\/terrasse-mobile.net\/wp-content\/uploads\/2024\/02\/Abris-piscine-Nature-043-1-768x512.jpg 768w\" sizes=\"(max-width: 1000px) 100vw, 1000px\" \/><\/figure>\n<\/div>\n<\/div>\n<\/div><\/div>\n\n\n\n<p><\/p>\n<\/div><\/div>\n\n\n\n<p><a href=\"https:\/\/piscines.oxatis.com\/types-abris-piscine.htm\"><br><\/a><\/p>","protected":false},"excerpt":{"rendered":"<p>Les abris id\u00e9als pour piscine Un abri de piscine est un \u00e9l\u00e9ment de s\u00e9curit\u00e9 et de confort pour les piscines creus\u00e9es ou partiellement creus\u00e9es. Les types d\u2019abris de piscine sont nombreux : droit, arrondi, structure en bois, vitres en plexiglas, modules coulissants\u2026 Faites votre choix selon vos besoins et envies.&nbsp; L\u2019abri de piscine permet de&#8230;<\/p>","protected":false},"author":1,"featured_media":3640,"parent":5610,"menu_order":61,"comment_status":"closed","ping_status":"closed","template":"","meta":{"_kad_post_transparent":"","_kad_post_title":"","_kad_post_layout":"","_kad_post_sidebar_id":"","_kad_post_content_style":"","_kad_post_vertical_padding":"","_kad_post_feature":"","_kad_post_feature_position":"","_kad_post_header":false,"_kad_post_footer":false,"_kad_post_classname":"","footnotes":""},"folder":[],"class_list":["post-5620","page","type-page","status-publish","has-post-thumbnail","hentry"],"yoast_head":"<!-- This site is optimized with the Yoast SEO plugin v27.5 - https:\/\/yoast.com\/product\/yoast-seo-wordpress\/ -->\n<title>L&#039;abri couilssant pour piscine<\/title>\n<meta name=\"description\" content=\"Les abris coulissants permettent de prot\u00e9ger le bassin de la piscine, mais \u00e9galement de cr\u00e9er un espace prot\u00e9g\u00e9 tout autour du bassin.\" \/>\n<meta name=\"robots\" content=\"index, follow, max-snippet:-1, max-image-preview:large, max-video-preview:-1\" \/>\n<link rel=\"canonical\" href=\"https:\/\/terrasse-mobile.net\/pt\/coberturas-para-piscinas\/coberturas-deslizantes-para-piscinas\/\" \/>\n<meta property=\"og:locale\" content=\"pt_PT\" \/>\n<meta property=\"og:type\" content=\"article\" \/>\n<meta property=\"og:title\" content=\"L&#039;abri couilssant pour piscine\" \/>\n<meta property=\"og:description\" content=\"Les abris coulissants permettent de prot\u00e9ger le bassin de la piscine, mais \u00e9galement de cr\u00e9er un espace prot\u00e9g\u00e9 tout autour du bassin.\" \/>\n<meta property=\"og:url\" content=\"https:\/\/terrasse-mobile.net\/pt\/coberturas-para-piscinas\/coberturas-deslizantes-para-piscinas\/\" \/>\n<meta property=\"og:site_name\" content=\"Terrasse mobile\" \/>\n<meta property=\"article:modified_time\" content=\"2025-11-25T15:35:55+00:00\" \/>\n<meta property=\"og:image\" content=\"https:\/\/terrasse-mobile.net\/wp-content\/uploads\/2024\/02\/REAL-SABOURAULT-PISCINE-2.jpg\" \/>\n\t<meta property=\"og:image:width\" content=\"2000\" \/>\n\t<meta property=\"og:image:height\" content=\"1500\" \/>\n\t<meta property=\"og:image:type\" content=\"image\/jpeg\" \/>\n<meta name=\"twitter:card\" content=\"summary_large_image\" \/>\n<meta name=\"twitter:label1\" content=\"Tempo estimado de leitura\" \/>\n\t<meta name=\"twitter:data1\" content=\"4 minutos\" \/>\n<script type=\"application\/ld+json\" class=\"yoast-schema-graph\">{\"@context\":\"https:\\\/\\\/schema.org\",\"@graph\":[{\"@type\":\"WebPage\",\"@id\":\"https:\\\/\\\/terrasse-mobile.net\\\/protections-piscine\\\/abris-coulissants-pour-piscine\\\/\",\"url\":\"https:\\\/\\\/terrasse-mobile.net\\\/protections-piscine\\\/abris-coulissants-pour-piscine\\\/\",\"name\":\"L'abri couilssant pour piscine\",\"isPartOf\":{\"@id\":\"https:\\\/\\\/terrasse-mobile.net\\\/#website\"},\"primaryImageOfPage\":{\"@id\":\"https:\\\/\\\/terrasse-mobile.net\\\/protections-piscine\\\/abris-coulissants-pour-piscine\\\/#primaryimage\"},\"image\":{\"@id\":\"https:\\\/\\\/terrasse-mobile.net\\\/protections-piscine\\\/abris-coulissants-pour-piscine\\\/#primaryimage\"},\"thumbnailUrl\":\"https:\\\/\\\/terrasse-mobile.net\\\/wp-content\\\/uploads\\\/2024\\\/02\\\/REAL-SABOURAULT-PISCINE-2.jpg\",\"datePublished\":\"2024-10-02T12:44:45+00:00\",\"dateModified\":\"2025-11-25T15:35:55+00:00\",\"description\":\"Les abris coulissants permettent de prot\u00e9ger le bassin de la piscine, mais \u00e9galement de cr\u00e9er un espace prot\u00e9g\u00e9 tout autour du bassin.\",\"breadcrumb\":{\"@id\":\"https:\\\/\\\/terrasse-mobile.net\\\/protections-piscine\\\/abris-coulissants-pour-piscine\\\/#breadcrumb\"},\"inLanguage\":\"pt-PT\",\"potentialAction\":[{\"@type\":\"ReadAction\",\"target\":[\"https:\\\/\\\/terrasse-mobile.net\\\/protections-piscine\\\/abris-coulissants-pour-piscine\\\/\"]}]},{\"@type\":\"ImageObject\",\"inLanguage\":\"pt-PT\",\"@id\":\"https:\\\/\\\/terrasse-mobile.net\\\/protections-piscine\\\/abris-coulissants-pour-piscine\\\/#primaryimage\",\"url\":\"https:\\\/\\\/terrasse-mobile.net\\\/wp-content\\\/uploads\\\/2024\\\/02\\\/REAL-SABOURAULT-PISCINE-2.jpg\",\"contentUrl\":\"https:\\\/\\\/terrasse-mobile.net\\\/wp-content\\\/uploads\\\/2024\\\/02\\\/REAL-SABOURAULT-PISCINE-2.jpg\",\"width\":2000,\"height\":1500,\"caption\":\"DCIM100MEDIADJI_0365.JPG\"},{\"@type\":\"BreadcrumbList\",\"@id\":\"https:\\\/\\\/terrasse-mobile.net\\\/protections-piscine\\\/abris-coulissants-pour-piscine\\\/#breadcrumb\",\"itemListElement\":[{\"@type\":\"ListItem\",\"position\":1,\"name\":\"Accueil\",\"item\":\"https:\\\/\\\/terrasse-mobile.net\\\/\"},{\"@type\":\"ListItem\",\"position\":2,\"name\":\"LES AUTRES SOLUTIONS DE PROTECTION\",\"item\":\"https:\\\/\\\/terrasse-mobile.net\\\/protections-piscine\\\/\"},{\"@type\":\"ListItem\",\"position\":3,\"name\":\"LES ABRIS POUR PISCINE\"}]},{\"@type\":\"WebSite\",\"@id\":\"https:\\\/\\\/terrasse-mobile.net\\\/#website\",\"url\":\"https:\\\/\\\/terrasse-mobile.net\\\/\",\"name\":\"Slidedeck\",\"description\":\"Construction sur mesure de terrasses mobiles en \u00cele-de-France\",\"publisher\":{\"@id\":\"https:\\\/\\\/terrasse-mobile.net\\\/#organization\"},\"potentialAction\":[{\"@type\":\"SearchAction\",\"target\":{\"@type\":\"EntryPoint\",\"urlTemplate\":\"https:\\\/\\\/terrasse-mobile.net\\\/?s={search_term_string}\"},\"query-input\":{\"@type\":\"PropertyValueSpecification\",\"valueRequired\":true,\"valueName\":\"search_term_string\"}}],\"inLanguage\":\"pt-PT\"},{\"@type\":\"Organization\",\"@id\":\"https:\\\/\\\/terrasse-mobile.net\\\/#organization\",\"name\":\"Slidedeck\",\"url\":\"https:\\\/\\\/terrasse-mobile.net\\\/\",\"logo\":{\"@type\":\"ImageObject\",\"inLanguage\":\"pt-PT\",\"@id\":\"https:\\\/\\\/terrasse-mobile.net\\\/#\\\/schema\\\/logo\\\/image\\\/\",\"url\":\"https:\\\/\\\/terrasse-mobile.net\\\/wp-content\\\/uploads\\\/2024\\\/01\\\/logo-slidedeck.jpg\",\"contentUrl\":\"https:\\\/\\\/terrasse-mobile.net\\\/wp-content\\\/uploads\\\/2024\\\/01\\\/logo-slidedeck.jpg\",\"width\":2000,\"height\":1103,\"caption\":\"Slidedeck\"},\"image\":{\"@id\":\"https:\\\/\\\/terrasse-mobile.net\\\/#\\\/schema\\\/logo\\\/image\\\/\"}}]}<\/script>\n<!-- \/ Yoast SEO plugin. -->","yoast_head_json":{"title":"Recinto de piscina almofadado","description":"Os resguardos de correr n\u00e3o s\u00f3 protegem a piscina, como tamb\u00e9m criam uma \u00e1rea protegida \u00e0 sua volta.","robots":{"index":"index","follow":"follow","max-snippet":"max-snippet:-1","max-image-preview":"max-image-preview:large","max-video-preview":"max-video-preview:-1"},"canonical":"https:\/\/terrasse-mobile.net\/pt\/coberturas-para-piscinas\/coberturas-deslizantes-para-piscinas\/","og_locale":"pt_PT","og_type":"article","og_title":"L'abri couilssant pour piscine","og_description":"Les abris coulissants permettent de prot\u00e9ger le bassin de la piscine, mais \u00e9galement de cr\u00e9er un espace prot\u00e9g\u00e9 tout autour du bassin.","og_url":"https:\/\/terrasse-mobile.net\/pt\/coberturas-para-piscinas\/coberturas-deslizantes-para-piscinas\/","og_site_name":"Terrasse mobile","article_modified_time":"2025-11-25T15:35:55+00:00","og_image":[{"width":2000,"height":1500,"url":"https:\/\/terrasse-mobile.net\/wp-content\/uploads\/2024\/02\/REAL-SABOURAULT-PISCINE-2.jpg","type":"image\/jpeg"}],"twitter_card":"summary_large_image","twitter_misc":{"Tempo estimado de leitura":"4 minutos"},"schema":{"@context":"https:\/\/schema.org","@graph":[{"@type":"WebPage","@id":"https:\/\/terrasse-mobile.net\/protections-piscine\/abris-coulissants-pour-piscine\/","url":"https:\/\/terrasse-mobile.net\/protections-piscine\/abris-coulissants-pour-piscine\/","name":"Recinto de piscina almofadado","isPartOf":{"@id":"https:\/\/terrasse-mobile.net\/#website"},"primaryImageOfPage":{"@id":"https:\/\/terrasse-mobile.net\/protections-piscine\/abris-coulissants-pour-piscine\/#primaryimage"},"image":{"@id":"https:\/\/terrasse-mobile.net\/protections-piscine\/abris-coulissants-pour-piscine\/#primaryimage"},"thumbnailUrl":"https:\/\/terrasse-mobile.net\/wp-content\/uploads\/2024\/02\/REAL-SABOURAULT-PISCINE-2.jpg","datePublished":"2024-10-02T12:44:45+00:00","dateModified":"2025-11-25T15:35:55+00:00","description":"Os resguardos de correr n\u00e3o s\u00f3 protegem a piscina, como tamb\u00e9m criam uma \u00e1rea protegida \u00e0 sua volta.","breadcrumb":{"@id":"https:\/\/terrasse-mobile.net\/protections-piscine\/abris-coulissants-pour-piscine\/#breadcrumb"},"inLanguage":"pt-PT","potentialAction":[{"@type":"ReadAction","target":["https:\/\/terrasse-mobile.net\/protections-piscine\/abris-coulissants-pour-piscine\/"]}]},{"@type":"ImageObject","inLanguage":"pt-PT","@id":"https:\/\/terrasse-mobile.net\/protections-piscine\/abris-coulissants-pour-piscine\/#primaryimage","url":"https:\/\/terrasse-mobile.net\/wp-content\/uploads\/2024\/02\/REAL-SABOURAULT-PISCINE-2.jpg","contentUrl":"https:\/\/terrasse-mobile.net\/wp-content\/uploads\/2024\/02\/REAL-SABOURAULT-PISCINE-2.jpg","width":2000,"height":1500,"caption":"DCIM100MEDIADJI_0365.JPG"},{"@type":"BreadcrumbList","@id":"https:\/\/terrasse-mobile.net\/protections-piscine\/abris-coulissants-pour-piscine\/#breadcrumb","itemListElement":[{"@type":"ListItem","position":1,"name":"Accueil","item":"https:\/\/terrasse-mobile.net\/"},{"@type":"ListItem","position":2,"name":"LES AUTRES SOLUTIONS DE PROTECTION","item":"https:\/\/terrasse-mobile.net\/protections-piscine\/"},{"@type":"ListItem","position":3,"name":"LES ABRIS POUR PISCINE"}]},{"@type":"WebSite","@id":"https:\/\/terrasse-mobile.net\/#website","url":"https:\/\/terrasse-mobile.net\/","name":"Slidedeck","description":"Terra\u00e7os m\u00f3veis constru\u00eddos \u00e0 medida na regi\u00e3o parisiense","publisher":{"@id":"https:\/\/terrasse-mobile.net\/#organization"},"potentialAction":[{"@type":"SearchAction","target":{"@type":"EntryPoint","urlTemplate":"https:\/\/terrasse-mobile.net\/?s={search_term_string}"},"query-input":{"@type":"PropertyValueSpecification","valueRequired":true,"valueName":"search_term_string"}}],"inLanguage":"pt-PT"},{"@type":"Organization","@id":"https:\/\/terrasse-mobile.net\/#organization","name":"Slidedeck","url":"https:\/\/terrasse-mobile.net\/","logo":{"@type":"ImageObject","inLanguage":"pt-PT","@id":"https:\/\/terrasse-mobile.net\/#\/schema\/logo\/image\/","url":"https:\/\/terrasse-mobile.net\/wp-content\/uploads\/2024\/01\/logo-slidedeck.jpg","contentUrl":"https:\/\/terrasse-mobile.net\/wp-content\/uploads\/2024\/01\/logo-slidedeck.jpg","width":2000,"height":1103,"caption":"Slidedeck"},"image":{"@id":"https:\/\/terrasse-mobile.net\/#\/schema\/logo\/image\/"}}]}},"_links":{"self":[{"href":"https:\/\/terrasse-mobile.net\/pt\/wp-json\/wp\/v2\/pages\/5620","targetHints":{"allow":["GET"]}}],"collection":[{"href":"https:\/\/terrasse-mobile.net\/pt\/wp-json\/wp\/v2\/pages"}],"about":[{"href":"https:\/\/terrasse-mobile.net\/pt\/wp-json\/wp\/v2\/types\/page"}],"author":[{"embeddable":true,"href":"https:\/\/terrasse-mobile.net\/pt\/wp-json\/wp\/v2\/users\/1"}],"replies":[{"embeddable":true,"href":"https:\/\/terrasse-mobile.net\/pt\/wp-json\/wp\/v2\/comments?post=5620"}],"version-history":[{"count":9,"href":"https:\/\/terrasse-mobile.net\/pt\/wp-json\/wp\/v2\/pages\/5620\/revisions"}],"predecessor-version":[{"id":7323,"href":"https:\/\/terrasse-mobile.net\/pt\/wp-json\/wp\/v2\/pages\/5620\/revisions\/7323"}],"up":[{"embeddable":true,"href":"https:\/\/terrasse-mobile.net\/pt\/wp-json\/wp\/v2\/pages\/5610"}],"wp:featuredmedia":[{"embeddable":true,"href":"https:\/\/terrasse-mobile.net\/pt\/wp-json\/wp\/v2\/media\/3640"}],"wp:attachment":[{"href":"https:\/\/terrasse-mobile.net\/pt\/wp-json\/wp\/v2\/media?parent=5620"}],"wp:term":[{"taxonomy":"folder","embeddable":true,"href":"https:\/\/terrasse-mobile.net\/pt\/wp-json\/wp\/v2\/folder?post=5620"}],"curies":[{"name":"wp","href":"https:\/\/api.w.org\/{rel}","templated":true}]}}