{"id":5624,"date":"2024-10-02T14:44:31","date_gmt":"2024-10-02T12:44:31","guid":{"rendered":"https:\/\/terrasse-mobile.net\/?page_id=5624"},"modified":"2025-11-25T16:35:52","modified_gmt":"2025-11-25T15:35:52","slug":"persiana-submersivel-para-piscina","status":"publish","type":"page","link":"https:\/\/terrasse-mobile.net\/pt\/protections-piscine\/volet-immerge-piscine\/","title":{"rendered":"PERSIANAS SUBMERS\u00cdVEIS PARA PISCINAS"},"content":{"rendered":"<div class=\"wp-block-group\"><div class=\"wp-block-group__inner-container is-layout-constrained wp-block-group-is-layout-constrained\">\n<div class=\"wp-block-columns is-layout-flex wp-container-core-columns-is-layout-9d6595d7 wp-block-columns-is-layout-flex\">\n<div class=\"wp-block-column is-layout-flow wp-block-column-is-layout-flow\">\n<h2 class=\"wp-block-heading\">Descubra as nossas persianas submers\u00edveis para proteger a sua piscina<\/h2>\n\n\n\n<p>A cobertura submers\u00edvel \u00e9 uma excelente alternativa \u00e0 cobertura m\u00f3vel se o seu objetivo for proteger a \u00e1gua da sua piscina. Tamb\u00e9m chamada de cortina de piscina, a cobertura submers\u00edvel permite uma prote\u00e7\u00e3o eficaz da \u00e1gua da sua piscina. Na posi\u00e7\u00e3o aberta, a cobertura \u00e9 enrolada em torno de um eixo met\u00e1lico localizado numa caixa de bet\u00e3o armado. Para fechar a piscina, basta ativar o mecanismo (eletr\u00f3nico ou manual) para fechar a cobertura submers\u00edvel.&nbsp;<\/p>\n\n\n\n<p>Descubra tamb\u00e9m o sistema ultra inovador Autofix. O Autofix permite bloquear a persiana submersa gra\u00e7as a um sistema de \u00edmanes. Na verdade, os \u00edmanes, localizados na extremidade da persiana, prendem-se a uma membrana met\u00e1lica que fica oculta atr\u00e1s da membrana de PVC.<\/p>\n\n\n\n<p>Descubra agora mesmo as vantagens que a cobertura submers\u00edvel oferece para a sua piscina...<\/p>\n<\/div>\n\n\n\n<div class=\"wp-block-column is-layout-flow wp-block-column-is-layout-flow\">\n<figure class=\"wp-block-image size-full\"><img decoding=\"async\" width=\"600\" height=\"397\" src=\"https:\/\/terrasse-mobile.net\/wp-content\/uploads\/2024\/02\/REA-BEAUGRAND-VOLET-00009.jpg\" alt=\"cobertura submersa para piscina\" class=\"wp-image-2387\" style=\"aspect-ratio:3\/2;object-fit:cover\" srcset=\"https:\/\/terrasse-mobile.net\/wp-content\/uploads\/2024\/02\/REA-BEAUGRAND-VOLET-00009.jpg 600w, https:\/\/terrasse-mobile.net\/wp-content\/uploads\/2024\/02\/REA-BEAUGRAND-VOLET-00009-300x199.jpg 300w\" sizes=\"(max-width: 600px) 100vw, 600px\" \/><\/figure>\n<\/div>\n<\/div>\n<\/div><\/div>\n\n\n\n<div class=\"wp-block-group\"><div class=\"wp-block-group__inner-container is-layout-constrained wp-block-group-is-layout-constrained\">\n<div class=\"wp-block-columns is-layout-flex wp-container-core-columns-is-layout-9d6595d7 wp-block-columns-is-layout-flex\">\n<div class=\"wp-block-column is-layout-flow wp-block-column-is-layout-flow\">\n<figure class=\"wp-block-image size-full\"><img decoding=\"async\" width=\"600\" height=\"397\" src=\"https:\/\/terrasse-mobile.net\/wp-content\/uploads\/2024\/02\/REA-BEAUGRAND-VOLET-00007.jpg\" alt=\"tampa submers\u00edvel para piscina\" class=\"wp-image-2388\" style=\"aspect-ratio:3\/2;object-fit:cover\" srcset=\"https:\/\/terrasse-mobile.net\/wp-content\/uploads\/2024\/02\/REA-BEAUGRAND-VOLET-00007.jpg 600w, https:\/\/terrasse-mobile.net\/wp-content\/uploads\/2024\/02\/REA-BEAUGRAND-VOLET-00007-300x199.jpg 300w\" sizes=\"(max-width: 600px) 100vw, 600px\" \/><\/figure>\n<\/div>\n\n\n\n<div class=\"wp-block-column is-layout-flow wp-block-column-is-layout-flow\">\n<h2 class=\"wp-block-heading\">Descubra as nossas persianas submers\u00edveis para proteger a sua piscina<\/h2>\n\n\n\n<p>Esta cobertura espec\u00edfica protege a \u00e1gua da piscina contra sujeira e poeira, facilitando assim a manuten\u00e7\u00e3o da qualidade da \u00e1gua. A cobertura submersa tamb\u00e9m simplifica a manuten\u00e7\u00e3o da piscina (no entanto, \u00e9 obrigat\u00f3rio verificar o estado da piscina e continuar a tratar a \u00e1gua).<\/p>\n\n\n\n<h2 class=\"wp-block-heading\">Redu\u00e7\u00e3o da evapora\u00e7\u00e3o da \u00e1gua da sua piscina<\/h2>\n\n\n\n<p>Gra\u00e7as \u00e0 sua estanqueidade, a tampa submersa limita significativamente a evapora\u00e7\u00e3o da \u00e1gua, contribuindo assim para uma gest\u00e3o mais respons\u00e1vel do consumo de \u00e1gua.<\/p>\n<\/div>\n<\/div>\n<\/div><\/div>\n\n\n\n<h2 class=\"wp-block-heading\"><\/h2>\n\n\n\n<div class=\"wp-block-group\"><div class=\"wp-block-group__inner-container is-layout-constrained wp-block-group-is-layout-constrained\">\n<div class=\"wp-block-columns is-layout-flex wp-container-core-columns-is-layout-9d6595d7 wp-block-columns-is-layout-flex\">\n<div class=\"wp-block-column is-layout-flow wp-block-column-is-layout-flow\">\n<h2 class=\"wp-block-heading\">Manuten\u00e7\u00e3o da temperatura da \u00e1gua da sua piscina<\/h2>\n\n\n\n<p>Manter a temperatura ideal da \u00e1gua da piscina pode ser dif\u00edcil, especialmente durante as esta\u00e7\u00f5es intermedi\u00e1rias. A cobertura retr\u00e1til conserva o calor da \u00e1gua e at\u00e9 contribui para o seu aquecimento, gra\u00e7as ao efeito de estufa que cria.<\/p>\n\n\n\n<h2 class=\"wp-block-heading\">A est\u00e9tica da sua piscina \u00e9 preservada<\/h2>\n\n\n\n<p>As nossas persianas submers\u00edveis est\u00e3o dispon\u00edveis numa variedade de cores e materiais para se adaptarem a todos os estilos. Os modelos submers\u00edveis ou integrados distinguem-se pela sua discri\u00e7\u00e3o e design elegante.<\/p>\n\n\n\n<div class=\"wp-block-buttons is-layout-flex wp-block-buttons-is-layout-flex\">\n<div class=\"wp-block-button is-style-outline is-style-outline--1\"><a class=\"wp-block-button__link has-small-font-size has-custom-font-size wp-element-button\" href=\"https:\/\/piscines.oxatis.com\/volet-immerge-pour-piscine-a-debordement.htm\">DESCUBRA UMA INSTALA\u00c7\u00c3O DE ESTOR SUBMERG\u00cdVEL PARA PISCINAS NATURAIS<\/a><\/div>\n<\/div>\n<\/div>\n\n\n\n<div class=\"wp-block-column is-layout-flow wp-block-column-is-layout-flow\">\n<figure class=\"wp-block-image size-full\"><img decoding=\"async\" width=\"600\" height=\"397\" src=\"https:\/\/terrasse-mobile.net\/wp-content\/uploads\/2024\/02\/REA-BEAUGRAND-VOLET-00005.jpg\" alt=\"Persiana submersa fechada\" class=\"wp-image-2406\" style=\"aspect-ratio:3\/2;object-fit:cover\" srcset=\"https:\/\/terrasse-mobile.net\/wp-content\/uploads\/2024\/02\/REA-BEAUGRAND-VOLET-00005.jpg 600w, https:\/\/terrasse-mobile.net\/wp-content\/uploads\/2024\/02\/REA-BEAUGRAND-VOLET-00005-300x199.jpg 300w\" sizes=\"(max-width: 600px) 100vw, 600px\" \/><\/figure>\n<\/div>\n<\/div>\n<\/div><\/div>","protected":false},"excerpt":{"rendered":"<p>D\u00e9couvrez nos volets immerg\u00e9s pour prot\u00e9ger votre piscine\u200b Le volet immerg\u00e9 est une excellente variante de la terrasse mobile si votre objectif est de prot\u00e9ger l&rsquo;eau de votre piscine. Aussi appel\u00e9 rideau de piscine, le volet immerg\u00e9 permet une protection efficace de l&rsquo;eau de votre piscine. En position ouverte, le volet est enroul\u00e9 autour d&rsquo;un&#8230;<\/p>","protected":false},"author":1,"featured_media":3640,"parent":5610,"menu_order":62,"comment_status":"closed","ping_status":"closed","template":"","meta":{"_kad_post_transparent":"","_kad_post_title":"","_kad_post_layout":"","_kad_post_sidebar_id":"","_kad_post_content_style":"","_kad_post_vertical_padding":"","_kad_post_feature":"","_kad_post_feature_position":"","_kad_post_header":false,"_kad_post_footer":false,"_kad_post_classname":"","footnotes":""},"folder":[],"class_list":["post-5624","page","type-page","status-publish","has-post-thumbnail","hentry"],"yoast_head":"<!-- This site is optimized with the Yoast SEO plugin v27.3 - https:\/\/yoast.com\/product\/yoast-seo-wordpress\/ -->\n<title>Le volet immerg\u00e9 pour piscine<\/title>\n<meta name=\"description\" content=\"Les volets immerg\u00e9s en polyur\u00e9thane sont une solution de protection de piscine aussi discr\u00e8te qu&#039;esth\u00e9tique.\" \/>\n<meta name=\"robots\" content=\"index, follow, max-snippet:-1, max-image-preview:large, max-video-preview:-1\" \/>\n<link rel=\"canonical\" href=\"https:\/\/terrasse-mobile.net\/pt\/coberturas-para-piscinas\/persiana-submersivel-para-piscina\/\" \/>\n<meta property=\"og:locale\" content=\"pt_PT\" \/>\n<meta property=\"og:type\" content=\"article\" \/>\n<meta property=\"og:title\" content=\"Le volet immerg\u00e9 pour piscine\" \/>\n<meta property=\"og:description\" content=\"Les volets immerg\u00e9s en polyur\u00e9thane sont une solution de protection de piscine aussi discr\u00e8te qu&#039;esth\u00e9tique.\" \/>\n<meta property=\"og:url\" content=\"https:\/\/terrasse-mobile.net\/pt\/coberturas-para-piscinas\/persiana-submersivel-para-piscina\/\" \/>\n<meta property=\"og:site_name\" content=\"Terrasse mobile\" \/>\n<meta property=\"article:modified_time\" content=\"2025-11-25T15:35:52+00:00\" \/>\n<meta property=\"og:image\" content=\"https:\/\/terrasse-mobile.net\/wp-content\/uploads\/2024\/02\/REAL-SABOURAULT-PISCINE-2.jpg\" \/>\n\t<meta property=\"og:image:width\" content=\"2000\" \/>\n\t<meta property=\"og:image:height\" content=\"1500\" \/>\n\t<meta property=\"og:image:type\" content=\"image\/jpeg\" \/>\n<meta name=\"twitter:card\" content=\"summary_large_image\" \/>\n<meta name=\"twitter:label1\" content=\"Tempo estimado de leitura\" \/>\n\t<meta name=\"twitter:data1\" content=\"3 minutos\" \/>\n<script type=\"application\/ld+json\" class=\"yoast-schema-graph\">{\"@context\":\"https:\\\/\\\/schema.org\",\"@graph\":[{\"@type\":\"WebPage\",\"@id\":\"https:\\\/\\\/terrasse-mobile.net\\\/protections-piscine\\\/volet-immerge-piscine\\\/\",\"url\":\"https:\\\/\\\/terrasse-mobile.net\\\/protections-piscine\\\/volet-immerge-piscine\\\/\",\"name\":\"Le volet immerg\u00e9 pour piscine\",\"isPartOf\":{\"@id\":\"https:\\\/\\\/terrasse-mobile.net\\\/#website\"},\"primaryImageOfPage\":{\"@id\":\"https:\\\/\\\/terrasse-mobile.net\\\/protections-piscine\\\/volet-immerge-piscine\\\/#primaryimage\"},\"image\":{\"@id\":\"https:\\\/\\\/terrasse-mobile.net\\\/protections-piscine\\\/volet-immerge-piscine\\\/#primaryimage\"},\"thumbnailUrl\":\"https:\\\/\\\/terrasse-mobile.net\\\/wp-content\\\/uploads\\\/2024\\\/02\\\/REAL-SABOURAULT-PISCINE-2.jpg\",\"datePublished\":\"2024-10-02T12:44:31+00:00\",\"dateModified\":\"2025-11-25T15:35:52+00:00\",\"description\":\"Les volets immerg\u00e9s en polyur\u00e9thane sont une solution de protection de piscine aussi discr\u00e8te qu'esth\u00e9tique.\",\"breadcrumb\":{\"@id\":\"https:\\\/\\\/terrasse-mobile.net\\\/protections-piscine\\\/volet-immerge-piscine\\\/#breadcrumb\"},\"inLanguage\":\"pt-PT\",\"potentialAction\":[{\"@type\":\"ReadAction\",\"target\":[\"https:\\\/\\\/terrasse-mobile.net\\\/protections-piscine\\\/volet-immerge-piscine\\\/\"]}]},{\"@type\":\"ImageObject\",\"inLanguage\":\"pt-PT\",\"@id\":\"https:\\\/\\\/terrasse-mobile.net\\\/protections-piscine\\\/volet-immerge-piscine\\\/#primaryimage\",\"url\":\"https:\\\/\\\/terrasse-mobile.net\\\/wp-content\\\/uploads\\\/2024\\\/02\\\/REAL-SABOURAULT-PISCINE-2.jpg\",\"contentUrl\":\"https:\\\/\\\/terrasse-mobile.net\\\/wp-content\\\/uploads\\\/2024\\\/02\\\/REAL-SABOURAULT-PISCINE-2.jpg\",\"width\":2000,\"height\":1500,\"caption\":\"DCIM100MEDIADJI_0365.JPG\"},{\"@type\":\"BreadcrumbList\",\"@id\":\"https:\\\/\\\/terrasse-mobile.net\\\/protections-piscine\\\/volet-immerge-piscine\\\/#breadcrumb\",\"itemListElement\":[{\"@type\":\"ListItem\",\"position\":1,\"name\":\"Accueil\",\"item\":\"https:\\\/\\\/terrasse-mobile.net\\\/\"},{\"@type\":\"ListItem\",\"position\":2,\"name\":\"LES AUTRES SOLUTIONS DE PROTECTION\",\"item\":\"https:\\\/\\\/terrasse-mobile.net\\\/protections-piscine\\\/\"},{\"@type\":\"ListItem\",\"position\":3,\"name\":\"LES VOLETS IMMERG\u00c9S POUR PISCINE\"}]},{\"@type\":\"WebSite\",\"@id\":\"https:\\\/\\\/terrasse-mobile.net\\\/#website\",\"url\":\"https:\\\/\\\/terrasse-mobile.net\\\/\",\"name\":\"Slidedeck\",\"description\":\"Construction sur mesure de terrasses mobiles en \u00cele-de-France\",\"publisher\":{\"@id\":\"https:\\\/\\\/terrasse-mobile.net\\\/#organization\"},\"potentialAction\":[{\"@type\":\"SearchAction\",\"target\":{\"@type\":\"EntryPoint\",\"urlTemplate\":\"https:\\\/\\\/terrasse-mobile.net\\\/?s={search_term_string}\"},\"query-input\":{\"@type\":\"PropertyValueSpecification\",\"valueRequired\":true,\"valueName\":\"search_term_string\"}}],\"inLanguage\":\"pt-PT\"},{\"@type\":\"Organization\",\"@id\":\"https:\\\/\\\/terrasse-mobile.net\\\/#organization\",\"name\":\"Slidedeck\",\"url\":\"https:\\\/\\\/terrasse-mobile.net\\\/\",\"logo\":{\"@type\":\"ImageObject\",\"inLanguage\":\"pt-PT\",\"@id\":\"https:\\\/\\\/terrasse-mobile.net\\\/#\\\/schema\\\/logo\\\/image\\\/\",\"url\":\"https:\\\/\\\/terrasse-mobile.net\\\/wp-content\\\/uploads\\\/2024\\\/01\\\/logo-slidedeck.jpg\",\"contentUrl\":\"https:\\\/\\\/terrasse-mobile.net\\\/wp-content\\\/uploads\\\/2024\\\/01\\\/logo-slidedeck.jpg\",\"width\":2000,\"height\":1103,\"caption\":\"Slidedeck\"},\"image\":{\"@id\":\"https:\\\/\\\/terrasse-mobile.net\\\/#\\\/schema\\\/logo\\\/image\\\/\"}}]}<\/script>\n<!-- \/ Yoast SEO plugin. -->","yoast_head_json":{"title":"A cobertura submersa da piscina","description":"As persianas submers\u00edveis em poliuretano s\u00e3o uma solu\u00e7\u00e3o de prote\u00e7\u00e3o para piscinas t\u00e3o discreta quanto est\u00e9tica.","robots":{"index":"index","follow":"follow","max-snippet":"max-snippet:-1","max-image-preview":"max-image-preview:large","max-video-preview":"max-video-preview:-1"},"canonical":"https:\/\/terrasse-mobile.net\/pt\/coberturas-para-piscinas\/persiana-submersivel-para-piscina\/","og_locale":"pt_PT","og_type":"article","og_title":"Le volet immerg\u00e9 pour piscine","og_description":"Les volets immerg\u00e9s en polyur\u00e9thane sont une solution de protection de piscine aussi discr\u00e8te qu'esth\u00e9tique.","og_url":"https:\/\/terrasse-mobile.net\/pt\/coberturas-para-piscinas\/persiana-submersivel-para-piscina\/","og_site_name":"Terrasse mobile","article_modified_time":"2025-11-25T15:35:52+00:00","og_image":[{"width":2000,"height":1500,"url":"https:\/\/terrasse-mobile.net\/wp-content\/uploads\/2024\/02\/REAL-SABOURAULT-PISCINE-2.jpg","type":"image\/jpeg"}],"twitter_card":"summary_large_image","twitter_misc":{"Tempo estimado de leitura":"3 minutos"},"schema":{"@context":"https:\/\/schema.org","@graph":[{"@type":"WebPage","@id":"https:\/\/terrasse-mobile.net\/protections-piscine\/volet-immerge-piscine\/","url":"https:\/\/terrasse-mobile.net\/protections-piscine\/volet-immerge-piscine\/","name":"A cobertura submersa da piscina","isPartOf":{"@id":"https:\/\/terrasse-mobile.net\/#website"},"primaryImageOfPage":{"@id":"https:\/\/terrasse-mobile.net\/protections-piscine\/volet-immerge-piscine\/#primaryimage"},"image":{"@id":"https:\/\/terrasse-mobile.net\/protections-piscine\/volet-immerge-piscine\/#primaryimage"},"thumbnailUrl":"https:\/\/terrasse-mobile.net\/wp-content\/uploads\/2024\/02\/REAL-SABOURAULT-PISCINE-2.jpg","datePublished":"2024-10-02T12:44:31+00:00","dateModified":"2025-11-25T15:35:52+00:00","description":"As persianas submers\u00edveis em poliuretano s\u00e3o uma solu\u00e7\u00e3o de prote\u00e7\u00e3o para piscinas t\u00e3o discreta quanto est\u00e9tica.","breadcrumb":{"@id":"https:\/\/terrasse-mobile.net\/protections-piscine\/volet-immerge-piscine\/#breadcrumb"},"inLanguage":"pt-PT","potentialAction":[{"@type":"ReadAction","target":["https:\/\/terrasse-mobile.net\/protections-piscine\/volet-immerge-piscine\/"]}]},{"@type":"ImageObject","inLanguage":"pt-PT","@id":"https:\/\/terrasse-mobile.net\/protections-piscine\/volet-immerge-piscine\/#primaryimage","url":"https:\/\/terrasse-mobile.net\/wp-content\/uploads\/2024\/02\/REAL-SABOURAULT-PISCINE-2.jpg","contentUrl":"https:\/\/terrasse-mobile.net\/wp-content\/uploads\/2024\/02\/REAL-SABOURAULT-PISCINE-2.jpg","width":2000,"height":1500,"caption":"DCIM100MEDIADJI_0365.JPG"},{"@type":"BreadcrumbList","@id":"https:\/\/terrasse-mobile.net\/protections-piscine\/volet-immerge-piscine\/#breadcrumb","itemListElement":[{"@type":"ListItem","position":1,"name":"Accueil","item":"https:\/\/terrasse-mobile.net\/"},{"@type":"ListItem","position":2,"name":"LES AUTRES SOLUTIONS DE PROTECTION","item":"https:\/\/terrasse-mobile.net\/protections-piscine\/"},{"@type":"ListItem","position":3,"name":"LES VOLETS IMMERG\u00c9S POUR PISCINE"}]},{"@type":"WebSite","@id":"https:\/\/terrasse-mobile.net\/#website","url":"https:\/\/terrasse-mobile.net\/","name":"Slidedeck","description":"Terra\u00e7os m\u00f3veis constru\u00eddos \u00e0 medida na regi\u00e3o parisiense","publisher":{"@id":"https:\/\/terrasse-mobile.net\/#organization"},"potentialAction":[{"@type":"SearchAction","target":{"@type":"EntryPoint","urlTemplate":"https:\/\/terrasse-mobile.net\/?s={search_term_string}"},"query-input":{"@type":"PropertyValueSpecification","valueRequired":true,"valueName":"search_term_string"}}],"inLanguage":"pt-PT"},{"@type":"Organization","@id":"https:\/\/terrasse-mobile.net\/#organization","name":"Slidedeck","url":"https:\/\/terrasse-mobile.net\/","logo":{"@type":"ImageObject","inLanguage":"pt-PT","@id":"https:\/\/terrasse-mobile.net\/#\/schema\/logo\/image\/","url":"https:\/\/terrasse-mobile.net\/wp-content\/uploads\/2024\/01\/logo-slidedeck.jpg","contentUrl":"https:\/\/terrasse-mobile.net\/wp-content\/uploads\/2024\/01\/logo-slidedeck.jpg","width":2000,"height":1103,"caption":"Slidedeck"},"image":{"@id":"https:\/\/terrasse-mobile.net\/#\/schema\/logo\/image\/"}}]}},"_links":{"self":[{"href":"https:\/\/terrasse-mobile.net\/pt\/wp-json\/wp\/v2\/pages\/5624","targetHints":{"allow":["GET"]}}],"collection":[{"href":"https:\/\/terrasse-mobile.net\/pt\/wp-json\/wp\/v2\/pages"}],"about":[{"href":"https:\/\/terrasse-mobile.net\/pt\/wp-json\/wp\/v2\/types\/page"}],"author":[{"embeddable":true,"href":"https:\/\/terrasse-mobile.net\/pt\/wp-json\/wp\/v2\/users\/1"}],"replies":[{"embeddable":true,"href":"https:\/\/terrasse-mobile.net\/pt\/wp-json\/wp\/v2\/comments?post=5624"}],"version-history":[{"count":10,"href":"https:\/\/terrasse-mobile.net\/pt\/wp-json\/wp\/v2\/pages\/5624\/revisions"}],"predecessor-version":[{"id":7322,"href":"https:\/\/terrasse-mobile.net\/pt\/wp-json\/wp\/v2\/pages\/5624\/revisions\/7322"}],"up":[{"embeddable":true,"href":"https:\/\/terrasse-mobile.net\/pt\/wp-json\/wp\/v2\/pages\/5610"}],"wp:featuredmedia":[{"embeddable":true,"href":"https:\/\/terrasse-mobile.net\/pt\/wp-json\/wp\/v2\/media\/3640"}],"wp:attachment":[{"href":"https:\/\/terrasse-mobile.net\/pt\/wp-json\/wp\/v2\/media?parent=5624"}],"wp:term":[{"taxonomy":"folder","embeddable":true,"href":"https:\/\/terrasse-mobile.net\/pt\/wp-json\/wp\/v2\/folder?post=5624"}],"curies":[{"name":"wp","href":"https:\/\/api.w.org\/{rel}","templated":true}]}}