{"id":5657,"date":"2024-10-02T14:49:31","date_gmt":"2024-10-02T12:49:07","guid":{"rendered":"https:\/\/terrasse-mobile.net\/?page_id=5657"},"modified":"2025-10-08T11:17:17","modified_gmt":"2025-10-08T09:17:17","slug":"habillage-terrasse-mobile-piscine-bois-exotique-afrormosia","status":"publish","type":"page","link":"https:\/\/terrasse-mobile.net\/pt\/revetements\/bois-exotique\/habillage-terrasse-mobile-piscine-bois-exotique-afrormosia\/","title":{"rendered":"LAMES DE TERRASSE EN AFRORMOSIA POUR TERRASSE MOBILE"},"content":{"rendered":"<p><strong>Afrormosia<\/strong>&nbsp;\u00e9 uma das madeiras mais bonitas que pode encontrar para criar um quarto muito especial,&nbsp;<strong>terra\u00e7o m\u00f3vel muito bonito<\/strong>.<br>\u00c9 uma madeira extraordin\u00e1ria, com um gr\u00e3o muito fino, uma longa&nbsp;<strong>cor magn\u00edfica<\/strong>, A Afrormosia \u00e9 tamb\u00e9m conhecida como a \u00abteca\".\u00ab\u00a0<strong>Teca africana<\/strong>\u00a0\u00bbImpropriamente. N\u00e3o \u00e9 teca, mas tem todas as carater\u00edsticas da teca, tanto est\u00e9ticas, como acab\u00e1mos de ver, mas tamb\u00e9m t\u00e9cnicas, com a mesma dura\u00e7\u00e3o de vida (50-60 anos...), a mesma densidade, um&nbsp;<strong>estabilidade not\u00e1vel.<\/strong><\/p>\n\n\n\n<div class=\"wp-block-group\"><div class=\"wp-block-group__inner-container is-layout-constrained wp-block-group-is-layout-constrained\">\n<div class=\"wp-block-columns is-layout-flex wp-container-core-columns-is-layout-9d6595d7 wp-block-columns-is-layout-flex\">\n<div class=\"wp-block-column is-layout-flow wp-block-column-is-layout-flow\">\n<h2 class=\"wp-block-heading\">Carater\u00edsticas das t\u00e1buas m\u00f3veis para deck da Afrormosia<\/h2>\n\n\n\n<ul class=\"wp-block-list\">\n<li>- \u00c9 muito <b>sustent\u00e1vel<\/b>. Tem uma dura\u00e7\u00e3o de vida superior a 40 anos. <\/li>\n\n\n\n<li>- \u00c9 muito <b>est\u00e1vel<\/b> Se instaladas corretamente, as t\u00e1buas de Afrormosia n\u00e3o se deformam, n\u00e3o se curvam nem se deformam.<\/li>\n\n\n\n<li>- O seu aspeto \u00e9 muito <b>regular<\/b>, com belos veios.<\/li>\n\n\n\n<li>- As nossas t\u00e1buas est\u00e3o dispon\u00edveis em sec\u00e7\u00f5es standard de 21 x 145 mm, em comprimentos de 3 a 4 metros.<\/li>\n\n\n\n<li>- As nossas pranchas para decks m\u00f3veis est\u00e3o sempre dispon\u00edveis <b>suave<\/b>, com cantos arredondados. N\u00e3o provocam lascas e n\u00e3o s\u00e3o escorregadias.<\/li>\n\n\n\n<li>- As l\u00e2minas de Afrormosia n\u00e3o necessitam de <b>sem manuten\u00e7\u00e3o especial<\/b>, A \u00fanica manuten\u00e7\u00e3o necess\u00e1ria \u00e9 uma varredura anual com um produto de limpeza.<\/li>\n<\/ul>\n<\/div>\n\n\n\n<div class=\"wp-block-column is-layout-flow wp-block-column-is-layout-flow\">\n<figure class=\"wp-block-image size-full\"><img decoding=\"async\" width=\"500\" height=\"331\" src=\"https:\/\/terrasse-mobile.net\/wp-content\/uploads\/2024\/03\/REAL-REC-LEGER-1.jpg\" alt=\"afromosia terra\u00e7o da piscina\" class=\"wp-image-4549\" style=\"aspect-ratio:3\/2;object-fit:cover\" srcset=\"https:\/\/terrasse-mobile.net\/wp-content\/uploads\/2024\/03\/REAL-REC-LEGER-1.jpg 500w, https:\/\/terrasse-mobile.net\/wp-content\/uploads\/2024\/03\/REAL-REC-LEGER-1-300x199.jpg 300w\" sizes=\"(max-width: 500px) 100vw, 500px\" \/><\/figure>\n<\/div>\n<\/div>\n<\/div><\/div>\n\n\n\n<p><br><\/p>\n\n\n\n<div class=\"wp-block-group\"><div class=\"wp-block-group__inner-container is-layout-constrained wp-block-group-is-layout-constrained\">\n<div class=\"wp-block-columns is-layout-flex wp-container-core-columns-is-layout-9d6595d7 wp-block-columns-is-layout-flex\">\n<div class=\"wp-block-column is-layout-flow wp-block-column-is-layout-flow\">\n<figure class=\"wp-block-image size-full\"><img decoding=\"async\" width=\"500\" height=\"331\" src=\"https:\/\/terrasse-mobile.net\/wp-content\/uploads\/2024\/03\/REAL-REC-LEGER-2.jpg\" alt=\"piscina afrormosia terra\u00e7o\" class=\"wp-image-4550\" style=\"aspect-ratio:3\/2;object-fit:cover\" srcset=\"https:\/\/terrasse-mobile.net\/wp-content\/uploads\/2024\/03\/REAL-REC-LEGER-2.jpg 500w, https:\/\/terrasse-mobile.net\/wp-content\/uploads\/2024\/03\/REAL-REC-LEGER-2-300x199.jpg 300w\" sizes=\"(max-width: 500px) 100vw, 500px\" \/><\/figure>\n<\/div>\n\n\n\n<div class=\"wp-block-column is-layout-flow wp-block-column-is-layout-flow\">\n<h2 class=\"wp-block-heading\">A Afrormosia \u00e9 ideal para um terra\u00e7o m\u00f3vel excecional<\/h2>\n\n\n\n<p>Cette essence est plus ch\u00e8re que le Cumaru, du fait de sa raret\u00e9, et PAS du fait de qualit\u00e9s techniques sup\u00e9rieures.&nbsp; L&rsquo;Afrormosia est aussi durable, aussi stable, aussi solide que le Cumaru, mais il est plus cher car plus rare.L&rsquo;Afrormosia est aussi appel\u00e9 Assamela. C&rsquo;est un bois d&rsquo;Afrique de l\u2019Ouest ou Afrique centrale qui pousse dans plusieurs pays (Cameroun, Congo, C\u00f4te d&rsquo;Ivoire, Ghana, RDC&#8230;). Dans chaque pays africain, cet arbre porte un nom diff\u00e9rent !<\/p>\n\n\n\n<p><\/p>\n<\/div>\n<\/div>\n<\/div><\/div>\n\n\n\n<p class=\"has-text-align-center\">A Afrormosia \u00e9 uma madeira muito agrad\u00e1vel de trabalhar, com um cheiro agrad\u00e1vel.<\/p>\n\n\n\n<p class=\"has-text-align-center\">\u00c9 obviamente a nossa gasolina preferida.<\/p>\n\n\n\n<div class=\"wp-block-buttons is-content-justification-center is-layout-flex wp-container-core-buttons-is-layout-16018d1d wp-block-buttons-is-layout-flex\">\n<div class=\"wp-block-button has-custom-font-size is-style-outline has-small-font-size is-style-outline--1\"><a class=\"wp-block-button__link wp-element-button\" href=\"https:\/\/terrasse-mobile.net\/pt\/esplanada-movel-por-medida\/modelos\/\">DESCOBRIR OS MODELOS<\/a><\/div>\n<\/div>","protected":false},"excerpt":{"rendered":"<p>L&rsquo;afrormosia&nbsp;est l&rsquo;une des plus belles essences qu&rsquo;on puisse trouver pour r\u00e9aliser une tr\u00e8s,&nbsp;tr\u00e8s belle terrasse mobile.C&rsquo;est une essence extraordinaire, avec un grain tr\u00e8s fin, une&nbsp;magnifique couleur, un veinage tr\u00e8s r\u00e9gulier avec une large flamme, qui ressemble au teck.L&rsquo;Afrormosia est aussi appel\u00e9 le \u00ab\u00a0Teck d&rsquo;Afrique\u00a0\u00bb ; improprement. Ce n&rsquo;est pas du Teck, mais il en a&#8230;<\/p>","protected":false},"author":1,"featured_media":3640,"parent":5501,"menu_order":47,"comment_status":"closed","ping_status":"closed","template":"","meta":{"_kad_post_transparent":"","_kad_post_title":"","_kad_post_layout":"","_kad_post_sidebar_id":"","_kad_post_content_style":"","_kad_post_vertical_padding":"","_kad_post_feature":"","_kad_post_feature_position":"","_kad_post_header":false,"_kad_post_footer":false,"_kad_post_classname":"","footnotes":""},"folder":[],"class_list":["post-5657","page","type-page","status-publish","has-post-thumbnail","hentry"],"yoast_head":"<!-- This site is optimized with the Yoast SEO plugin v27.4 - https:\/\/yoast.com\/product\/yoast-seo-wordpress\/ -->\n<title>Habillage de terrasse mobile de piscine en lames d&#039;Afrormosia<\/title>\n<meta name=\"description\" content=\"La terrasse mobile pour piscine SlideDeck peut \u00eatre habill\u00e9e avec de belles lames en bois exotique Afrormosia.\" \/>\n<meta name=\"robots\" content=\"index, follow, max-snippet:-1, max-image-preview:large, max-video-preview:-1\" \/>\n<link rel=\"canonical\" href=\"https:\/\/terrasse-mobile.net\/pt\/revestimentos\/madeira-exotica\/habillage-terrasse-mobile-piscine-bois-exotique-afrormosia\/\" \/>\n<meta property=\"og:locale\" content=\"pt_PT\" \/>\n<meta property=\"og:type\" content=\"article\" \/>\n<meta property=\"og:title\" content=\"Habillage de terrasse mobile de piscine en lames d&#039;Afrormosia\" \/>\n<meta property=\"og:description\" content=\"La terrasse mobile pour piscine SlideDeck peut \u00eatre habill\u00e9e avec de belles lames en bois exotique Afrormosia.\" \/>\n<meta property=\"og:url\" content=\"https:\/\/terrasse-mobile.net\/pt\/revestimentos\/madeira-exotica\/habillage-terrasse-mobile-piscine-bois-exotique-afrormosia\/\" \/>\n<meta property=\"og:site_name\" content=\"Terrasse mobile\" \/>\n<meta property=\"article:modified_time\" content=\"2025-10-08T09:17:17+00:00\" \/>\n<meta property=\"og:image\" content=\"https:\/\/terrasse-mobile.net\/wp-content\/uploads\/2024\/02\/REAL-SABOURAULT-PISCINE-2.jpg\" \/>\n\t<meta property=\"og:image:width\" content=\"2000\" \/>\n\t<meta property=\"og:image:height\" content=\"1500\" \/>\n\t<meta property=\"og:image:type\" content=\"image\/jpeg\" \/>\n<meta name=\"twitter:card\" content=\"summary_large_image\" \/>\n<meta name=\"twitter:label1\" content=\"Tempo estimado de leitura\" \/>\n\t<meta name=\"twitter:data1\" content=\"3 minutos\" \/>\n<script type=\"application\/ld+json\" class=\"yoast-schema-graph\">{\"@context\":\"https:\\\/\\\/schema.org\",\"@graph\":[{\"@type\":\"WebPage\",\"@id\":\"https:\\\/\\\/terrasse-mobile.net\\\/revetements\\\/bois-exotique\\\/habillage-terrasse-mobile-piscine-bois-exotique-afrormosia\\\/\",\"url\":\"https:\\\/\\\/terrasse-mobile.net\\\/revetements\\\/bois-exotique\\\/habillage-terrasse-mobile-piscine-bois-exotique-afrormosia\\\/\",\"name\":\"Habillage de terrasse mobile de piscine en lames d'Afrormosia\",\"isPartOf\":{\"@id\":\"https:\\\/\\\/terrasse-mobile.net\\\/#website\"},\"primaryImageOfPage\":{\"@id\":\"https:\\\/\\\/terrasse-mobile.net\\\/revetements\\\/bois-exotique\\\/habillage-terrasse-mobile-piscine-bois-exotique-afrormosia\\\/#primaryimage\"},\"image\":{\"@id\":\"https:\\\/\\\/terrasse-mobile.net\\\/revetements\\\/bois-exotique\\\/habillage-terrasse-mobile-piscine-bois-exotique-afrormosia\\\/#primaryimage\"},\"thumbnailUrl\":\"https:\\\/\\\/terrasse-mobile.net\\\/wp-content\\\/uploads\\\/2024\\\/02\\\/REAL-SABOURAULT-PISCINE-2.jpg\",\"datePublished\":\"2024-10-02T12:49:07+00:00\",\"dateModified\":\"2025-10-08T09:17:17+00:00\",\"description\":\"La terrasse mobile pour piscine SlideDeck peut \u00eatre habill\u00e9e avec de belles lames en bois exotique Afrormosia.\",\"breadcrumb\":{\"@id\":\"https:\\\/\\\/terrasse-mobile.net\\\/revetements\\\/bois-exotique\\\/habillage-terrasse-mobile-piscine-bois-exotique-afrormosia\\\/#breadcrumb\"},\"inLanguage\":\"pt-PT\",\"potentialAction\":[{\"@type\":\"ReadAction\",\"target\":[\"https:\\\/\\\/terrasse-mobile.net\\\/revetements\\\/bois-exotique\\\/habillage-terrasse-mobile-piscine-bois-exotique-afrormosia\\\/\"]}]},{\"@type\":\"ImageObject\",\"inLanguage\":\"pt-PT\",\"@id\":\"https:\\\/\\\/terrasse-mobile.net\\\/revetements\\\/bois-exotique\\\/habillage-terrasse-mobile-piscine-bois-exotique-afrormosia\\\/#primaryimage\",\"url\":\"https:\\\/\\\/terrasse-mobile.net\\\/wp-content\\\/uploads\\\/2024\\\/02\\\/REAL-SABOURAULT-PISCINE-2.jpg\",\"contentUrl\":\"https:\\\/\\\/terrasse-mobile.net\\\/wp-content\\\/uploads\\\/2024\\\/02\\\/REAL-SABOURAULT-PISCINE-2.jpg\",\"width\":2000,\"height\":1500,\"caption\":\"DCIM100MEDIADJI_0365.JPG\"},{\"@type\":\"BreadcrumbList\",\"@id\":\"https:\\\/\\\/terrasse-mobile.net\\\/revetements\\\/bois-exotique\\\/habillage-terrasse-mobile-piscine-bois-exotique-afrormosia\\\/#breadcrumb\",\"itemListElement\":[{\"@type\":\"ListItem\",\"position\":1,\"name\":\"Accueil\",\"item\":\"https:\\\/\\\/terrasse-mobile.net\\\/\"},{\"@type\":\"ListItem\",\"position\":2,\"name\":\"LES REV\u00caTEMENTS POUR TERRASSE MOBILE SLIDEDECK\",\"item\":\"https:\\\/\\\/terrasse-mobile.net\\\/revetements\\\/\"},{\"@type\":\"ListItem\",\"position\":3,\"name\":\"LES BOIS EXOTIQUES POUR TERRASSE MOBILE\",\"item\":\"https:\\\/\\\/terrasse-mobile.net\\\/revetements\\\/bois-exotique\\\/\"},{\"@type\":\"ListItem\",\"position\":4,\"name\":\"LAMES DE TERRASSE EN AFRORMOSIA POUR TERRASSE MOBILE\"}]},{\"@type\":\"WebSite\",\"@id\":\"https:\\\/\\\/terrasse-mobile.net\\\/#website\",\"url\":\"https:\\\/\\\/terrasse-mobile.net\\\/\",\"name\":\"Slidedeck\",\"description\":\"Construction sur mesure de terrasses mobiles en \u00cele-de-France\",\"publisher\":{\"@id\":\"https:\\\/\\\/terrasse-mobile.net\\\/#organization\"},\"potentialAction\":[{\"@type\":\"SearchAction\",\"target\":{\"@type\":\"EntryPoint\",\"urlTemplate\":\"https:\\\/\\\/terrasse-mobile.net\\\/?s={search_term_string}\"},\"query-input\":{\"@type\":\"PropertyValueSpecification\",\"valueRequired\":true,\"valueName\":\"search_term_string\"}}],\"inLanguage\":\"pt-PT\"},{\"@type\":\"Organization\",\"@id\":\"https:\\\/\\\/terrasse-mobile.net\\\/#organization\",\"name\":\"Slidedeck\",\"url\":\"https:\\\/\\\/terrasse-mobile.net\\\/\",\"logo\":{\"@type\":\"ImageObject\",\"inLanguage\":\"pt-PT\",\"@id\":\"https:\\\/\\\/terrasse-mobile.net\\\/#\\\/schema\\\/logo\\\/image\\\/\",\"url\":\"https:\\\/\\\/terrasse-mobile.net\\\/wp-content\\\/uploads\\\/2024\\\/01\\\/logo-slidedeck.jpg\",\"contentUrl\":\"https:\\\/\\\/terrasse-mobile.net\\\/wp-content\\\/uploads\\\/2024\\\/01\\\/logo-slidedeck.jpg\",\"width\":2000,\"height\":1103,\"caption\":\"Slidedeck\"},\"image\":{\"@id\":\"https:\\\/\\\/terrasse-mobile.net\\\/#\\\/schema\\\/logo\\\/image\\\/\"}}]}<\/script>\n<!-- \/ Yoast SEO plugin. -->","yoast_head_json":{"title":"Habillage de terrasse mobile de piscine en lames d'Afrormosia","description":"La terrasse mobile pour piscine SlideDeck peut \u00eatre habill\u00e9e avec de belles lames en bois exotique Afrormosia.","robots":{"index":"index","follow":"follow","max-snippet":"max-snippet:-1","max-image-preview":"max-image-preview:large","max-video-preview":"max-video-preview:-1"},"canonical":"https:\/\/terrasse-mobile.net\/pt\/revestimentos\/madeira-exotica\/habillage-terrasse-mobile-piscine-bois-exotique-afrormosia\/","og_locale":"pt_PT","og_type":"article","og_title":"Habillage de terrasse mobile de piscine en lames d'Afrormosia","og_description":"La terrasse mobile pour piscine SlideDeck peut \u00eatre habill\u00e9e avec de belles lames en bois exotique Afrormosia.","og_url":"https:\/\/terrasse-mobile.net\/pt\/revestimentos\/madeira-exotica\/habillage-terrasse-mobile-piscine-bois-exotique-afrormosia\/","og_site_name":"Terrasse mobile","article_modified_time":"2025-10-08T09:17:17+00:00","og_image":[{"width":2000,"height":1500,"url":"https:\/\/terrasse-mobile.net\/wp-content\/uploads\/2024\/02\/REAL-SABOURAULT-PISCINE-2.jpg","type":"image\/jpeg"}],"twitter_card":"summary_large_image","twitter_misc":{"Tempo estimado de leitura":"3 minutos"},"schema":{"@context":"https:\/\/schema.org","@graph":[{"@type":"WebPage","@id":"https:\/\/terrasse-mobile.net\/revetements\/bois-exotique\/habillage-terrasse-mobile-piscine-bois-exotique-afrormosia\/","url":"https:\/\/terrasse-mobile.net\/revetements\/bois-exotique\/habillage-terrasse-mobile-piscine-bois-exotique-afrormosia\/","name":"Habillage de terrasse mobile de piscine en lames d'Afrormosia","isPartOf":{"@id":"https:\/\/terrasse-mobile.net\/#website"},"primaryImageOfPage":{"@id":"https:\/\/terrasse-mobile.net\/revetements\/bois-exotique\/habillage-terrasse-mobile-piscine-bois-exotique-afrormosia\/#primaryimage"},"image":{"@id":"https:\/\/terrasse-mobile.net\/revetements\/bois-exotique\/habillage-terrasse-mobile-piscine-bois-exotique-afrormosia\/#primaryimage"},"thumbnailUrl":"https:\/\/terrasse-mobile.net\/wp-content\/uploads\/2024\/02\/REAL-SABOURAULT-PISCINE-2.jpg","datePublished":"2024-10-02T12:49:07+00:00","dateModified":"2025-10-08T09:17:17+00:00","description":"La terrasse mobile pour piscine SlideDeck peut \u00eatre habill\u00e9e avec de belles lames en bois exotique Afrormosia.","breadcrumb":{"@id":"https:\/\/terrasse-mobile.net\/revetements\/bois-exotique\/habillage-terrasse-mobile-piscine-bois-exotique-afrormosia\/#breadcrumb"},"inLanguage":"pt-PT","potentialAction":[{"@type":"ReadAction","target":["https:\/\/terrasse-mobile.net\/revetements\/bois-exotique\/habillage-terrasse-mobile-piscine-bois-exotique-afrormosia\/"]}]},{"@type":"ImageObject","inLanguage":"pt-PT","@id":"https:\/\/terrasse-mobile.net\/revetements\/bois-exotique\/habillage-terrasse-mobile-piscine-bois-exotique-afrormosia\/#primaryimage","url":"https:\/\/terrasse-mobile.net\/wp-content\/uploads\/2024\/02\/REAL-SABOURAULT-PISCINE-2.jpg","contentUrl":"https:\/\/terrasse-mobile.net\/wp-content\/uploads\/2024\/02\/REAL-SABOURAULT-PISCINE-2.jpg","width":2000,"height":1500,"caption":"DCIM100MEDIADJI_0365.JPG"},{"@type":"BreadcrumbList","@id":"https:\/\/terrasse-mobile.net\/revetements\/bois-exotique\/habillage-terrasse-mobile-piscine-bois-exotique-afrormosia\/#breadcrumb","itemListElement":[{"@type":"ListItem","position":1,"name":"Accueil","item":"https:\/\/terrasse-mobile.net\/"},{"@type":"ListItem","position":2,"name":"LES REV\u00caTEMENTS POUR TERRASSE MOBILE SLIDEDECK","item":"https:\/\/terrasse-mobile.net\/revetements\/"},{"@type":"ListItem","position":3,"name":"LES BOIS EXOTIQUES POUR TERRASSE MOBILE","item":"https:\/\/terrasse-mobile.net\/revetements\/bois-exotique\/"},{"@type":"ListItem","position":4,"name":"LAMES DE TERRASSE EN AFRORMOSIA POUR TERRASSE MOBILE"}]},{"@type":"WebSite","@id":"https:\/\/terrasse-mobile.net\/#website","url":"https:\/\/terrasse-mobile.net\/","name":"Slidedeck","description":"Terra\u00e7os m\u00f3veis constru\u00eddos \u00e0 medida na regi\u00e3o parisiense","publisher":{"@id":"https:\/\/terrasse-mobile.net\/#organization"},"potentialAction":[{"@type":"SearchAction","target":{"@type":"EntryPoint","urlTemplate":"https:\/\/terrasse-mobile.net\/?s={search_term_string}"},"query-input":{"@type":"PropertyValueSpecification","valueRequired":true,"valueName":"search_term_string"}}],"inLanguage":"pt-PT"},{"@type":"Organization","@id":"https:\/\/terrasse-mobile.net\/#organization","name":"Slidedeck","url":"https:\/\/terrasse-mobile.net\/","logo":{"@type":"ImageObject","inLanguage":"pt-PT","@id":"https:\/\/terrasse-mobile.net\/#\/schema\/logo\/image\/","url":"https:\/\/terrasse-mobile.net\/wp-content\/uploads\/2024\/01\/logo-slidedeck.jpg","contentUrl":"https:\/\/terrasse-mobile.net\/wp-content\/uploads\/2024\/01\/logo-slidedeck.jpg","width":2000,"height":1103,"caption":"Slidedeck"},"image":{"@id":"https:\/\/terrasse-mobile.net\/#\/schema\/logo\/image\/"}}]}},"_links":{"self":[{"href":"https:\/\/terrasse-mobile.net\/pt\/wp-json\/wp\/v2\/pages\/5657","targetHints":{"allow":["GET"]}}],"collection":[{"href":"https:\/\/terrasse-mobile.net\/pt\/wp-json\/wp\/v2\/pages"}],"about":[{"href":"https:\/\/terrasse-mobile.net\/pt\/wp-json\/wp\/v2\/types\/page"}],"author":[{"embeddable":true,"href":"https:\/\/terrasse-mobile.net\/pt\/wp-json\/wp\/v2\/users\/1"}],"replies":[{"embeddable":true,"href":"https:\/\/terrasse-mobile.net\/pt\/wp-json\/wp\/v2\/comments?post=5657"}],"version-history":[{"count":5,"href":"https:\/\/terrasse-mobile.net\/pt\/wp-json\/wp\/v2\/pages\/5657\/revisions"}],"predecessor-version":[{"id":6155,"href":"https:\/\/terrasse-mobile.net\/pt\/wp-json\/wp\/v2\/pages\/5657\/revisions\/6155"}],"up":[{"embeddable":true,"href":"https:\/\/terrasse-mobile.net\/pt\/wp-json\/wp\/v2\/pages\/5501"}],"wp:featuredmedia":[{"embeddable":true,"href":"https:\/\/terrasse-mobile.net\/pt\/wp-json\/wp\/v2\/media\/3640"}],"wp:attachment":[{"href":"https:\/\/terrasse-mobile.net\/pt\/wp-json\/wp\/v2\/media?parent=5657"}],"wp:term":[{"taxonomy":"folder","embeddable":true,"href":"https:\/\/terrasse-mobile.net\/pt\/wp-json\/wp\/v2\/folder?post=5657"}],"curies":[{"name":"wp","href":"https:\/\/api.w.org\/{rel}","templated":true}]}}