{"id":5664,"date":"2024-10-02T14:48:31","date_gmt":"2024-10-02T12:48:50","guid":{"rendered":"https:\/\/terrasse-mobile.net\/?page_id=5664"},"modified":"2025-11-25T16:22:17","modified_gmt":"2025-11-25T15:22:17","slug":"terraco-movel-de-madeira-kebony","status":"publish","type":"page","link":"https:\/\/terrasse-mobile.net\/pt\/revetements\/bois-exotique\/terrasse-mobile-bois-kebony\/","title":{"rendered":"T\u00c1BUAS DE DECK KEBONY PARA DECKS M\u00d3VEIS"},"content":{"rendered":"<p><em>As t\u00e1buas de Kebony para decks m\u00f3veis s\u00e3o ideais. Mais leves, s\u00e3o mais f\u00e1ceis de transportar, instalar ...<\/em><\/p>\n\n\n\n<h2 class=\"wp-block-heading\">T\u00e1buas de deck m\u00f3veis altamente dur\u00e1veis<\/h2>\n\n\n\n<p>As t\u00e1buas de deck Kebony foram concebidas para combinar a beleza natural com a durabilidade. Fabricadas a partir de madeiras dur\u00e1veis e tratadas com uma tecnologia patenteada que as torna mais resistentes \u00e0s intemp\u00e9ries e aos insectos, as t\u00e1buas Kebony s\u00e3o uma solu\u00e7\u00e3o elegante e pr\u00e1tica para o seu espa\u00e7o exterior.<br>Com uma gama de cores naturais que combinam com todos os estilos de decora\u00e7\u00e3o exterior e uma manuten\u00e7\u00e3o m\u00ednima, as placas de deck Kebony s\u00e3o uma op\u00e7\u00e3o segura e fi\u00e1vel para o seu projeto de deck m\u00f3vel.<br><\/p>\n\n\n\n<div class=\"wp-block-group\"><div class=\"wp-block-group__inner-container is-layout-constrained wp-block-group-is-layout-constrained\">\n<div class=\"wp-block-columns is-layout-flex wp-container-core-columns-is-layout-9d6595d7 wp-block-columns-is-layout-flex\">\n<div class=\"wp-block-column is-layout-flow wp-block-column-is-layout-flow\">\n<h2 class=\"wp-block-heading\">T\u00e1buas de Kebony para deck: t\u00e1buas para um deck m\u00f3vel muito atrativo<\/h2>\n\n\n\n<p>O deck Kebony foi concebido para combinar a beleza natural com a durabilidade. Fabricadas a partir de madeiras dur\u00e1veis e tratadas com uma tecnologia patenteada que as torna mais resistentes \u00e0s intemp\u00e9ries e aos insectos, as t\u00e1buas de deck m\u00f3veis Kebony s\u00e3o uma solu\u00e7\u00e3o elegante e pr\u00e1tica para o seu espa\u00e7o exterior.<br>Com uma gama de cores naturais para combinar com todos os estilos de decora\u00e7\u00e3o exterior e uma manuten\u00e7\u00e3o m\u00ednima, o deck Kebony \u00e9 uma op\u00e7\u00e3o segura e fi\u00e1vel para o seu projeto de terra\u00e7o de ripas.<\/p>\n\n\n\n<p>As r\u00e9guas de deck m\u00f3veis Kebony oferecem uma alternativa ecol\u00f3gica e est\u00e9tica. S\u00e3o fabricadas a partir de madeira sustent\u00e1vel certificada e tratadas com tecnologia patenteada amiga do ambiente, oferecendo uma vida \u00fatil mais longa.<\/p>\n<\/div>\n\n\n\n<div class=\"wp-block-column is-layout-flow wp-block-column-is-layout-flow\">\n<figure class=\"wp-block-image size-full\"><img decoding=\"async\" width=\"400\" height=\"267\" src=\"https:\/\/terrasse-mobile.net\/wp-content\/uploads\/2024\/01\/real-kebony-ledge-mountain-deck-9.jpeg\" alt=\"Piscina com deck em Kebony\" class=\"wp-image-1934\" style=\"aspect-ratio:3\/2;object-fit:cover\" srcset=\"https:\/\/terrasse-mobile.net\/wp-content\/uploads\/2024\/01\/real-kebony-ledge-mountain-deck-9.jpeg 400w, https:\/\/terrasse-mobile.net\/wp-content\/uploads\/2024\/01\/real-kebony-ledge-mountain-deck-9-300x200.jpeg 300w\" sizes=\"(max-width: 400px) 100vw, 400px\" \/><\/figure>\n<\/div>\n<\/div>\n<\/div><\/div>\n\n\n\n<p class=\"has-text-align-center\">Dispon\u00edveis numa gama de tons naturais, as t\u00e1buas Kebony para decks m\u00f3veis oferecem uma beleza quente e natural que complementa qualquer estilo de decora\u00e7\u00e3o exterior.<\/p>\n\n\n\n<div class=\"wp-block-group\"><div class=\"wp-block-group__inner-container is-layout-constrained wp-block-group-is-layout-constrained\">\n<div class=\"wp-block-columns is-layout-flex wp-container-core-columns-is-layout-9d6595d7 wp-block-columns-is-layout-flex\">\n<div class=\"wp-block-column is-layout-flow wp-block-column-is-layout-flow\">\n<figure class=\"wp-block-image size-full\"><img decoding=\"async\" width=\"1024\" height=\"768\" src=\"https:\/\/terrasse-mobile.net\/wp-content\/uploads\/2024\/01\/2226_Medium-Kebony-Clear-Home.jpg\" alt=\"deck de madeira composta kebony\" class=\"wp-image-1933\" style=\"aspect-ratio:3\/2;object-fit:cover\" srcset=\"https:\/\/terrasse-mobile.net\/wp-content\/uploads\/2024\/01\/2226_Medium-Kebony-Clear-Home.jpg 1024w, https:\/\/terrasse-mobile.net\/wp-content\/uploads\/2024\/01\/2226_Medium-Kebony-Clear-Home-300x225.jpg 300w, https:\/\/terrasse-mobile.net\/wp-content\/uploads\/2024\/01\/2226_Medium-Kebony-Clear-Home-768x576.jpg 768w\" sizes=\"(max-width: 1024px) 100vw, 1024px\" \/><\/figure>\n<\/div>\n\n\n\n<div class=\"wp-block-column is-layout-flow wp-block-column-is-layout-flow\">\n<h2 class=\"wp-block-heading\">Porqu\u00ea escolher as t\u00e1buas de deck Kebony?<\/h2>\n\n\n\n<p>As t\u00e1buas de deck m\u00f3veis Kebony s\u00e3o feitas de madeira sustent\u00e1vel certificada e tratada com tecnologia patenteada.<br>As t\u00e1buas de deck Kebony est\u00e3o dispon\u00edveis numa gama de tons naturais, oferecendo uma beleza quente e natural que complementa qualquer estilo de decora\u00e7\u00e3o exterior.<br>Com uma manuten\u00e7\u00e3o m\u00ednima e uma resist\u00eancia acrescida, as t\u00e1buas de deck deslizantes Kebony s\u00e3o uma op\u00e7\u00e3o segura e fi\u00e1vel para o seu projeto de deck.<\/p>\n\n\n\n<div class=\"wp-block-buttons is-content-justification-center is-layout-flex wp-container-core-buttons-is-layout-16018d1d wp-block-buttons-is-layout-flex\">\n<div class=\"wp-block-button is-style-fill\"><a class=\"wp-block-button__link has-white-color has-text-color has-background has-link-color has-small-font-size has-custom-font-size wp-element-button\" href=\"https:\/\/terrasse-mobile.net\/pt\/esplanada-movel-por-medida\/configuracoes\/\" style=\"background-color:#3579a4\">Descubra as configura\u00e7\u00f5es do SlideDeck<\/a><\/div>\n<\/div>\n<\/div>\n<\/div>\n<\/div><\/div>\n\n\n\n<p><\/p>","protected":false},"excerpt":{"rendered":"<p>Les lames Kebony pour terrasse mobile sont id\u00e9ales. Plus l\u00e9g\u00e8res, et donc plus faciles \u00e0 transporter, \u00e0 installer \u2026 Des lames de terrasse mobile de grande durabilit\u00e9 Les lames de terrasse Kebony sont con\u00e7ues pour allier beaut\u00e9 naturelle et durabilit\u00e9. Fabriqu\u00e9es \u00e0 partir de bois durables et trait\u00e9s avec une technologie brevet\u00e9e qui les rend&#8230;<\/p>","protected":false},"author":1,"featured_media":3640,"parent":5501,"menu_order":49,"comment_status":"closed","ping_status":"closed","template":"","meta":{"_kad_post_transparent":"","_kad_post_title":"","_kad_post_layout":"","_kad_post_sidebar_id":"","_kad_post_content_style":"","_kad_post_vertical_padding":"","_kad_post_feature":"","_kad_post_feature_position":"","_kad_post_header":false,"_kad_post_footer":false,"_kad_post_classname":"","footnotes":""},"folder":[],"class_list":["post-5664","page","type-page","status-publish","has-post-thumbnail","hentry"],"yoast_head":"<!-- This site is optimized with the Yoast SEO plugin v27.3 - https:\/\/yoast.com\/product\/yoast-seo-wordpress\/ -->\n<title>Habiller sa terrasse mobile SlideDeck avec du bois Kebony<\/title>\n<meta name=\"description\" content=\"La terrasse mobile pour piscine SlideDeck peut \u00eatre habill\u00e9e avec de belles lames en bois Kebony.\" \/>\n<meta name=\"robots\" content=\"index, follow, max-snippet:-1, max-image-preview:large, max-video-preview:-1\" \/>\n<link rel=\"canonical\" href=\"https:\/\/terrasse-mobile.net\/pt\/revestimentos\/madeira-exotica\/terraco-movel-de-madeira-kebony\/\" \/>\n<meta property=\"og:locale\" content=\"pt_PT\" \/>\n<meta property=\"og:type\" content=\"article\" \/>\n<meta property=\"og:title\" content=\"Habiller sa terrasse mobile SlideDeck avec du bois Kebony\" \/>\n<meta property=\"og:description\" content=\"La terrasse mobile pour piscine SlideDeck peut \u00eatre habill\u00e9e avec de belles lames en bois Kebony.\" \/>\n<meta property=\"og:url\" content=\"https:\/\/terrasse-mobile.net\/pt\/revestimentos\/madeira-exotica\/terraco-movel-de-madeira-kebony\/\" \/>\n<meta property=\"og:site_name\" content=\"Terrasse mobile\" \/>\n<meta property=\"article:modified_time\" content=\"2025-11-25T15:22:17+00:00\" \/>\n<meta property=\"og:image\" content=\"https:\/\/terrasse-mobile.net\/wp-content\/uploads\/2024\/02\/REAL-SABOURAULT-PISCINE-2.jpg\" \/>\n\t<meta property=\"og:image:width\" content=\"2000\" \/>\n\t<meta property=\"og:image:height\" content=\"1500\" \/>\n\t<meta property=\"og:image:type\" content=\"image\/jpeg\" \/>\n<meta name=\"twitter:card\" content=\"summary_large_image\" \/>\n<meta name=\"twitter:label1\" content=\"Tempo estimado de leitura\" \/>\n\t<meta name=\"twitter:data1\" content=\"3 minutos\" \/>\n<script type=\"application\/ld+json\" class=\"yoast-schema-graph\">{\"@context\":\"https:\\\/\\\/schema.org\",\"@graph\":[{\"@type\":\"WebPage\",\"@id\":\"https:\\\/\\\/terrasse-mobile.net\\\/revetements\\\/bois-exotique\\\/terrasse-mobile-bois-kebony\\\/\",\"url\":\"https:\\\/\\\/terrasse-mobile.net\\\/revetements\\\/bois-exotique\\\/terrasse-mobile-bois-kebony\\\/\",\"name\":\"Habiller sa terrasse mobile SlideDeck avec du bois Kebony\",\"isPartOf\":{\"@id\":\"https:\\\/\\\/terrasse-mobile.net\\\/#website\"},\"primaryImageOfPage\":{\"@id\":\"https:\\\/\\\/terrasse-mobile.net\\\/revetements\\\/bois-exotique\\\/terrasse-mobile-bois-kebony\\\/#primaryimage\"},\"image\":{\"@id\":\"https:\\\/\\\/terrasse-mobile.net\\\/revetements\\\/bois-exotique\\\/terrasse-mobile-bois-kebony\\\/#primaryimage\"},\"thumbnailUrl\":\"https:\\\/\\\/terrasse-mobile.net\\\/wp-content\\\/uploads\\\/2024\\\/02\\\/REAL-SABOURAULT-PISCINE-2.jpg\",\"datePublished\":\"2024-10-02T12:48:50+00:00\",\"dateModified\":\"2025-11-25T15:22:17+00:00\",\"description\":\"La terrasse mobile pour piscine SlideDeck peut \u00eatre habill\u00e9e avec de belles lames en bois Kebony.\",\"breadcrumb\":{\"@id\":\"https:\\\/\\\/terrasse-mobile.net\\\/revetements\\\/bois-exotique\\\/terrasse-mobile-bois-kebony\\\/#breadcrumb\"},\"inLanguage\":\"pt-PT\",\"potentialAction\":[{\"@type\":\"ReadAction\",\"target\":[\"https:\\\/\\\/terrasse-mobile.net\\\/revetements\\\/bois-exotique\\\/terrasse-mobile-bois-kebony\\\/\"]}]},{\"@type\":\"ImageObject\",\"inLanguage\":\"pt-PT\",\"@id\":\"https:\\\/\\\/terrasse-mobile.net\\\/revetements\\\/bois-exotique\\\/terrasse-mobile-bois-kebony\\\/#primaryimage\",\"url\":\"https:\\\/\\\/terrasse-mobile.net\\\/wp-content\\\/uploads\\\/2024\\\/02\\\/REAL-SABOURAULT-PISCINE-2.jpg\",\"contentUrl\":\"https:\\\/\\\/terrasse-mobile.net\\\/wp-content\\\/uploads\\\/2024\\\/02\\\/REAL-SABOURAULT-PISCINE-2.jpg\",\"width\":2000,\"height\":1500,\"caption\":\"DCIM100MEDIADJI_0365.JPG\"},{\"@type\":\"BreadcrumbList\",\"@id\":\"https:\\\/\\\/terrasse-mobile.net\\\/revetements\\\/bois-exotique\\\/terrasse-mobile-bois-kebony\\\/#breadcrumb\",\"itemListElement\":[{\"@type\":\"ListItem\",\"position\":1,\"name\":\"Accueil\",\"item\":\"https:\\\/\\\/terrasse-mobile.net\\\/\"},{\"@type\":\"ListItem\",\"position\":2,\"name\":\"LES REV\u00caTEMENTS POUR TERRASSE MOBILE SLIDEDECK\",\"item\":\"https:\\\/\\\/terrasse-mobile.net\\\/revetements\\\/\"},{\"@type\":\"ListItem\",\"position\":3,\"name\":\"LES BOIS EXOTIQUES POUR TERRASSE MOBILE\",\"item\":\"https:\\\/\\\/terrasse-mobile.net\\\/revetements\\\/bois-exotique\\\/\"},{\"@type\":\"ListItem\",\"position\":4,\"name\":\"LAMES DE TERRASSE EN KEBONY POUR TERRASSE MOBILE\"}]},{\"@type\":\"WebSite\",\"@id\":\"https:\\\/\\\/terrasse-mobile.net\\\/#website\",\"url\":\"https:\\\/\\\/terrasse-mobile.net\\\/\",\"name\":\"Slidedeck\",\"description\":\"Construction sur mesure de terrasses mobiles en \u00cele-de-France\",\"publisher\":{\"@id\":\"https:\\\/\\\/terrasse-mobile.net\\\/#organization\"},\"potentialAction\":[{\"@type\":\"SearchAction\",\"target\":{\"@type\":\"EntryPoint\",\"urlTemplate\":\"https:\\\/\\\/terrasse-mobile.net\\\/?s={search_term_string}\"},\"query-input\":{\"@type\":\"PropertyValueSpecification\",\"valueRequired\":true,\"valueName\":\"search_term_string\"}}],\"inLanguage\":\"pt-PT\"},{\"@type\":\"Organization\",\"@id\":\"https:\\\/\\\/terrasse-mobile.net\\\/#organization\",\"name\":\"Slidedeck\",\"url\":\"https:\\\/\\\/terrasse-mobile.net\\\/\",\"logo\":{\"@type\":\"ImageObject\",\"inLanguage\":\"pt-PT\",\"@id\":\"https:\\\/\\\/terrasse-mobile.net\\\/#\\\/schema\\\/logo\\\/image\\\/\",\"url\":\"https:\\\/\\\/terrasse-mobile.net\\\/wp-content\\\/uploads\\\/2024\\\/01\\\/logo-slidedeck.jpg\",\"contentUrl\":\"https:\\\/\\\/terrasse-mobile.net\\\/wp-content\\\/uploads\\\/2024\\\/01\\\/logo-slidedeck.jpg\",\"width\":2000,\"height\":1103,\"caption\":\"Slidedeck\"},\"image\":{\"@id\":\"https:\\\/\\\/terrasse-mobile.net\\\/#\\\/schema\\\/logo\\\/image\\\/\"}}]}<\/script>\n<!-- \/ Yoast SEO plugin. -->","yoast_head_json":{"title":"Cubra o seu deck m\u00f3vel SlideDeck com madeira Kebony","description":"O deck de piscina m\u00f3vel SlideDeck pode ser acabado com belas ripas de madeira Kebony.","robots":{"index":"index","follow":"follow","max-snippet":"max-snippet:-1","max-image-preview":"max-image-preview:large","max-video-preview":"max-video-preview:-1"},"canonical":"https:\/\/terrasse-mobile.net\/pt\/revestimentos\/madeira-exotica\/terraco-movel-de-madeira-kebony\/","og_locale":"pt_PT","og_type":"article","og_title":"Habiller sa terrasse mobile SlideDeck avec du bois Kebony","og_description":"La terrasse mobile pour piscine SlideDeck peut \u00eatre habill\u00e9e avec de belles lames en bois Kebony.","og_url":"https:\/\/terrasse-mobile.net\/pt\/revestimentos\/madeira-exotica\/terraco-movel-de-madeira-kebony\/","og_site_name":"Terrasse mobile","article_modified_time":"2025-11-25T15:22:17+00:00","og_image":[{"width":2000,"height":1500,"url":"https:\/\/terrasse-mobile.net\/wp-content\/uploads\/2024\/02\/REAL-SABOURAULT-PISCINE-2.jpg","type":"image\/jpeg"}],"twitter_card":"summary_large_image","twitter_misc":{"Tempo estimado de leitura":"3 minutos"},"schema":{"@context":"https:\/\/schema.org","@graph":[{"@type":"WebPage","@id":"https:\/\/terrasse-mobile.net\/revetements\/bois-exotique\/terrasse-mobile-bois-kebony\/","url":"https:\/\/terrasse-mobile.net\/revetements\/bois-exotique\/terrasse-mobile-bois-kebony\/","name":"Cubra o seu deck m\u00f3vel SlideDeck com madeira Kebony","isPartOf":{"@id":"https:\/\/terrasse-mobile.net\/#website"},"primaryImageOfPage":{"@id":"https:\/\/terrasse-mobile.net\/revetements\/bois-exotique\/terrasse-mobile-bois-kebony\/#primaryimage"},"image":{"@id":"https:\/\/terrasse-mobile.net\/revetements\/bois-exotique\/terrasse-mobile-bois-kebony\/#primaryimage"},"thumbnailUrl":"https:\/\/terrasse-mobile.net\/wp-content\/uploads\/2024\/02\/REAL-SABOURAULT-PISCINE-2.jpg","datePublished":"2024-10-02T12:48:50+00:00","dateModified":"2025-11-25T15:22:17+00:00","description":"O deck de piscina m\u00f3vel SlideDeck pode ser acabado com belas ripas de madeira Kebony.","breadcrumb":{"@id":"https:\/\/terrasse-mobile.net\/revetements\/bois-exotique\/terrasse-mobile-bois-kebony\/#breadcrumb"},"inLanguage":"pt-PT","potentialAction":[{"@type":"ReadAction","target":["https:\/\/terrasse-mobile.net\/revetements\/bois-exotique\/terrasse-mobile-bois-kebony\/"]}]},{"@type":"ImageObject","inLanguage":"pt-PT","@id":"https:\/\/terrasse-mobile.net\/revetements\/bois-exotique\/terrasse-mobile-bois-kebony\/#primaryimage","url":"https:\/\/terrasse-mobile.net\/wp-content\/uploads\/2024\/02\/REAL-SABOURAULT-PISCINE-2.jpg","contentUrl":"https:\/\/terrasse-mobile.net\/wp-content\/uploads\/2024\/02\/REAL-SABOURAULT-PISCINE-2.jpg","width":2000,"height":1500,"caption":"DCIM100MEDIADJI_0365.JPG"},{"@type":"BreadcrumbList","@id":"https:\/\/terrasse-mobile.net\/revetements\/bois-exotique\/terrasse-mobile-bois-kebony\/#breadcrumb","itemListElement":[{"@type":"ListItem","position":1,"name":"Accueil","item":"https:\/\/terrasse-mobile.net\/"},{"@type":"ListItem","position":2,"name":"LES REV\u00caTEMENTS POUR TERRASSE MOBILE SLIDEDECK","item":"https:\/\/terrasse-mobile.net\/revetements\/"},{"@type":"ListItem","position":3,"name":"LES BOIS EXOTIQUES POUR TERRASSE MOBILE","item":"https:\/\/terrasse-mobile.net\/revetements\/bois-exotique\/"},{"@type":"ListItem","position":4,"name":"LAMES DE TERRASSE EN KEBONY POUR TERRASSE MOBILE"}]},{"@type":"WebSite","@id":"https:\/\/terrasse-mobile.net\/#website","url":"https:\/\/terrasse-mobile.net\/","name":"Slidedeck","description":"Terra\u00e7os m\u00f3veis constru\u00eddos \u00e0 medida na regi\u00e3o parisiense","publisher":{"@id":"https:\/\/terrasse-mobile.net\/#organization"},"potentialAction":[{"@type":"SearchAction","target":{"@type":"EntryPoint","urlTemplate":"https:\/\/terrasse-mobile.net\/?s={search_term_string}"},"query-input":{"@type":"PropertyValueSpecification","valueRequired":true,"valueName":"search_term_string"}}],"inLanguage":"pt-PT"},{"@type":"Organization","@id":"https:\/\/terrasse-mobile.net\/#organization","name":"Slidedeck","url":"https:\/\/terrasse-mobile.net\/","logo":{"@type":"ImageObject","inLanguage":"pt-PT","@id":"https:\/\/terrasse-mobile.net\/#\/schema\/logo\/image\/","url":"https:\/\/terrasse-mobile.net\/wp-content\/uploads\/2024\/01\/logo-slidedeck.jpg","contentUrl":"https:\/\/terrasse-mobile.net\/wp-content\/uploads\/2024\/01\/logo-slidedeck.jpg","width":2000,"height":1103,"caption":"Slidedeck"},"image":{"@id":"https:\/\/terrasse-mobile.net\/#\/schema\/logo\/image\/"}}]}},"_links":{"self":[{"href":"https:\/\/terrasse-mobile.net\/pt\/wp-json\/wp\/v2\/pages\/5664","targetHints":{"allow":["GET"]}}],"collection":[{"href":"https:\/\/terrasse-mobile.net\/pt\/wp-json\/wp\/v2\/pages"}],"about":[{"href":"https:\/\/terrasse-mobile.net\/pt\/wp-json\/wp\/v2\/types\/page"}],"author":[{"embeddable":true,"href":"https:\/\/terrasse-mobile.net\/pt\/wp-json\/wp\/v2\/users\/1"}],"replies":[{"embeddable":true,"href":"https:\/\/terrasse-mobile.net\/pt\/wp-json\/wp\/v2\/comments?post=5664"}],"version-history":[{"count":7,"href":"https:\/\/terrasse-mobile.net\/pt\/wp-json\/wp\/v2\/pages\/5664\/revisions"}],"predecessor-version":[{"id":7308,"href":"https:\/\/terrasse-mobile.net\/pt\/wp-json\/wp\/v2\/pages\/5664\/revisions\/7308"}],"up":[{"embeddable":true,"href":"https:\/\/terrasse-mobile.net\/pt\/wp-json\/wp\/v2\/pages\/5501"}],"wp:featuredmedia":[{"embeddable":true,"href":"https:\/\/terrasse-mobile.net\/pt\/wp-json\/wp\/v2\/media\/3640"}],"wp:attachment":[{"href":"https:\/\/terrasse-mobile.net\/pt\/wp-json\/wp\/v2\/media?parent=5664"}],"wp:term":[{"taxonomy":"folder","embeddable":true,"href":"https:\/\/terrasse-mobile.net\/pt\/wp-json\/wp\/v2\/folder?post=5664"}],"curies":[{"name":"wp","href":"https:\/\/api.w.org\/{rel}","templated":true}]}}